{"id":973,"date":"2016-02-07T01:06:50","date_gmt":"2016-02-07T00:06:50","guid":{"rendered":"https:\/\/www.primusr.com\/hr\/?page_id=973"},"modified":"2016-03-18T18:59:15","modified_gmt":"2016-03-18T17:59:15","slug":"o-nama","status":"publish","type":"page","link":"https:\/\/www.primusr.com\/hr\/o-nama\/","title":{"rendered":"O nama"},"content":{"rendered":"<div class=\"wpb-content-wrapper\"><p>[vc_row][vc_column][vc_column_text el_class=&#8221;center&#8221;]<\/p>\n<h2>Primus R d.o.o.<\/h2>\n<p>[\/vc_column_text][vc_empty_space height=&#8221;40px&#8221;][vc_row_inner][vc_column_inner width=&#8221;1\/2&#8243;][vc_column_text]Poduze\u0107e <strong>Primus R d.o.o.<\/strong> se bavi s izradom i obnovom povr\u0161ina za hodanje na plovilima iz Flexiteeka, KiwiGripa, Gisatexa te podnih obloga Marine Tuft. Proizvodimo i ugra\u0111ujemo povr\u0161ine za hodanje iz pravog Mianmarskog klasi\u010dnog tik-a, te poliramo plovila. Sva plovila odr\u017eavamo i poliramo s kvalitetnim proizvodima proizvo\u0111a\u010da Allgerini Italija. U na\u0161em poduze\u0107u isto tako po provjerenom metodu proizvodimo povr\u0161ine za hodanje iz Flexiteeka, te pravog tika na terasama i u kupatilima. Isto tako iz epoksid smola izra\u0111ujemo kupa\u010de krmne platforme, te ih oblikujemo uz pomo\u0107 CNC stroja, te CAD CAM programa, te ih presvu\u010demo s gel coatom.<\/p>\n<p>Po\u010deci poduze\u0107a su u 2007. godini, kada smo po\u010deli sudjelovati s poduze\u0107em Harpoon elektronika, nekada\u0161njem zastupniku za Flexiteek na podru\u010dju Slovenije i Hrvatske. U rujnu 2009. godine je poduze\u0107e Primus R d.o.o. preuzelo zastupstvo Flexiteek-a za podru\u010dje Slovenije i Hrvatske. Na sajmu METS Nizozemska smo 2010. godine potpisali ugovor o zastupanju Flexiteek-a i za austrijsko tr\u017ei\u0161te.<\/p>\n<p>U 2012. godini smo pridobili zastupstvo za sve gore navedene dr\u017eave i za proizvode Allegrini i Marine Tuft.<\/p>\n<p>U ovom periodu smo zadovoljili puno klijenata ali nam ni\u0161ta ne bi uspjelo ako ne bi imali takav kolektiv kakav imamo.<\/p>\n<p>Sa \u017earom i elanom dajemo energiju kako bi postigli odre\u0111eni cilj. A to je zadovoljna stranka.[\/vc_column_text][\/vc_column_inner][vc_column_inner width=&#8221;1\/2&#8243;][vc_column_text]<img decoding=\"async\" class=\"alignnone size-full wp-image-130\" src=\"http:\/\/primusr.com\/wp-content\/uploads\/2016\/02\/primusr-sejem.jpg\" alt=\"primusr-sejem\" width=\"580\" height=\"387\" srcset=\"https:\/\/www.primusr.com\/wp-content\/uploads\/2016\/02\/primusr-sejem.jpg 580w, https:\/\/www.primusr.com\/wp-content\/uploads\/2016\/02\/primusr-sejem-300x200.jpg 300w\" sizes=\"(max-width: 580px) 100vw, 580px\" \/>[\/vc_column_text][\/vc_column_inner][\/vc_row_inner][\/vc_column][\/vc_row]<\/p>\n<\/div>","protected":false},"excerpt":{"rendered":"<p>[vc_row][vc_column][vc_column_text el_class=&#8221;center&#8221;] Primus R d.o.o. [\/vc_column_text][vc_empty_space height=&#8221;40px&#8221;][vc_row_inner][vc_column_inner width=&#8221;1\/2&#8243;][vc_column_text]Poduze\u0107e Primus R d.o.o. se bavi s izradom i obnovom povr\u0161ina za hodanje na plovilima iz Flexiteeka, KiwiGripa, Gisatexa te podnih obloga Marine Tuft. Proizvodimo i ugra\u0111ujemo povr\u0161ine za hodanje iz pravog Mianmarskog klasi\u010dnog tik-a, te poliramo plovila. Sva plovila odr\u017eavamo i poliramo s kvalitetnim proizvodima proizvo\u0111a\u010da Allgerini&hellip;<\/p>\n","protected":false},"author":2,"featured_media":1534,"parent":0,"menu_order":0,"comment_status":"closed","ping_status":"closed","template":"","meta":{"footnotes":""},"class_list":["post-973","page","type-page","status-publish","has-post-thumbnail","hentry","description-off"],"yoast_head":"<!-- This site is optimized with the Yoast SEO plugin v27.5 - https:\/\/yoast.com\/product\/yoast-seo-wordpress\/ -->\n<title>O nama - Primus R d.o.o.<\/title>\n<meta name=\"description\" content=\"Primus R d.o.o.\" \/>\n<meta name=\"robots\" content=\"index, follow, max-snippet:-1, max-image-preview:large, max-video-preview:-1\" \/>\n<link rel=\"canonical\" href=\"https:\/\/www.primusr.com\/hr\/o-nama\/\" \/>\n<meta property=\"og:locale\" content=\"hr_HR\" \/>\n<meta property=\"og:type\" content=\"article\" \/>\n<meta property=\"og:title\" content=\"O nama - Primus R d.o.o.\" \/>\n<meta property=\"og:description\" content=\"Primus R d.o.o.\" \/>\n<meta property=\"og:url\" content=\"https:\/\/www.primusr.com\/hr\/o-nama\/\" \/>\n<meta property=\"og:site_name\" content=\"Primus R d.o.o.\" \/>\n<meta property=\"article:publisher\" content=\"https:\/\/www.facebook.com\/primusrdoo\" \/>\n<meta property=\"article:modified_time\" content=\"2016-03-18T17:59:15+00:00\" \/>\n<meta property=\"og:image\" content=\"https:\/\/www.primusr.com\/wp-content\/uploads\/2016\/01\/primusr-marine-logo.png\" \/>\n\t<meta property=\"og:image:width\" content=\"273\" \/>\n\t<meta property=\"og:image:height\" content=\"133\" \/>\n\t<meta property=\"og:image:type\" content=\"image\/png\" \/>\n<meta name=\"twitter:card\" content=\"summary_large_image\" \/>\n<meta name=\"twitter:label1\" content=\"Procijenjeno vrijeme \u010ditanja\" \/>\n\t<meta name=\"twitter:data1\" content=\"1 minuta\" \/>\n<script type=\"application\/ld+json\" class=\"yoast-schema-graph\">{\"@context\":\"https:\\\/\\\/schema.org\",\"@graph\":[{\"@type\":\"WebPage\",\"@id\":\"https:\\\/\\\/www.primusr.com\\\/hr\\\/o-nama\\\/\",\"url\":\"https:\\\/\\\/www.primusr.com\\\/hr\\\/o-nama\\\/\",\"name\":\"O nama - Primus R d.o.o.\",\"isPartOf\":{\"@id\":\"https:\\\/\\\/www.primusr.com\\\/#website\"},\"primaryImageOfPage\":{\"@id\":\"https:\\\/\\\/www.primusr.com\\\/hr\\\/o-nama\\\/#primaryimage\"},\"image\":{\"@id\":\"https:\\\/\\\/www.primusr.com\\\/hr\\\/o-nama\\\/#primaryimage\"},\"thumbnailUrl\":\"https:\\\/\\\/www.primusr.com\\\/wp-content\\\/uploads\\\/2016\\\/01\\\/primusr-marine-logo.png\",\"datePublished\":\"2016-02-07T00:06:50+00:00\",\"dateModified\":\"2016-03-18T17:59:15+00:00\",\"description\":\"Primus R d.o.o.\",\"breadcrumb\":{\"@id\":\"https:\\\/\\\/www.primusr.com\\\/hr\\\/o-nama\\\/#breadcrumb\"},\"inLanguage\":\"hr\",\"potentialAction\":[{\"@type\":\"ReadAction\",\"target\":[\"https:\\\/\\\/www.primusr.com\\\/hr\\\/o-nama\\\/\"]}]},{\"@type\":\"ImageObject\",\"inLanguage\":\"hr\",\"@id\":\"https:\\\/\\\/www.primusr.com\\\/hr\\\/o-nama\\\/#primaryimage\",\"url\":\"https:\\\/\\\/www.primusr.com\\\/wp-content\\\/uploads\\\/2016\\\/01\\\/primusr-marine-logo.png\",\"contentUrl\":\"https:\\\/\\\/www.primusr.com\\\/wp-content\\\/uploads\\\/2016\\\/01\\\/primusr-marine-logo.png\",\"width\":273,\"height\":133},{\"@type\":\"BreadcrumbList\",\"@id\":\"https:\\\/\\\/www.primusr.com\\\/hr\\\/o-nama\\\/#breadcrumb\",\"itemListElement\":[{\"@type\":\"ListItem\",\"position\":1,\"name\":\"Home\",\"item\":\"https:\\\/\\\/www.primusr.com\\\/hr\\\/\"},{\"@type\":\"ListItem\",\"position\":2,\"name\":\"O nama\"}]},{\"@type\":\"WebSite\",\"@id\":\"https:\\\/\\\/www.primusr.com\\\/#website\",\"url\":\"https:\\\/\\\/www.primusr.com\\\/\",\"name\":\"Primus R d.o.o.\",\"description\":\"Nautical Flooring\",\"potentialAction\":[{\"@type\":\"SearchAction\",\"target\":{\"@type\":\"EntryPoint\",\"urlTemplate\":\"https:\\\/\\\/www.primusr.com\\\/?s={search_term_string}\"},\"query-input\":{\"@type\":\"PropertyValueSpecification\",\"valueRequired\":true,\"valueName\":\"search_term_string\"}}],\"inLanguage\":\"hr\"}]}<\/script>\n<!-- \/ Yoast SEO plugin. -->","yoast_head_json":{"title":"O nama - Primus R d.o.o.","description":"Primus R d.o.o.","robots":{"index":"index","follow":"follow","max-snippet":"max-snippet:-1","max-image-preview":"max-image-preview:large","max-video-preview":"max-video-preview:-1"},"canonical":"https:\/\/www.primusr.com\/hr\/o-nama\/","og_locale":"hr_HR","og_type":"article","og_title":"O nama - Primus R d.o.o.","og_description":"Primus R d.o.o.","og_url":"https:\/\/www.primusr.com\/hr\/o-nama\/","og_site_name":"Primus R d.o.o.","article_publisher":"https:\/\/www.facebook.com\/primusrdoo","article_modified_time":"2016-03-18T17:59:15+00:00","og_image":[{"width":273,"height":133,"url":"https:\/\/www.primusr.com\/wp-content\/uploads\/2016\/01\/primusr-marine-logo.png","type":"image\/png"}],"twitter_card":"summary_large_image","twitter_misc":{"Procijenjeno vrijeme \u010ditanja":"1 minuta"},"schema":{"@context":"https:\/\/schema.org","@graph":[{"@type":"WebPage","@id":"https:\/\/www.primusr.com\/hr\/o-nama\/","url":"https:\/\/www.primusr.com\/hr\/o-nama\/","name":"O nama - Primus R d.o.o.","isPartOf":{"@id":"https:\/\/www.primusr.com\/#website"},"primaryImageOfPage":{"@id":"https:\/\/www.primusr.com\/hr\/o-nama\/#primaryimage"},"image":{"@id":"https:\/\/www.primusr.com\/hr\/o-nama\/#primaryimage"},"thumbnailUrl":"https:\/\/www.primusr.com\/wp-content\/uploads\/2016\/01\/primusr-marine-logo.png","datePublished":"2016-02-07T00:06:50+00:00","dateModified":"2016-03-18T17:59:15+00:00","description":"Primus R d.o.o.","breadcrumb":{"@id":"https:\/\/www.primusr.com\/hr\/o-nama\/#breadcrumb"},"inLanguage":"hr","potentialAction":[{"@type":"ReadAction","target":["https:\/\/www.primusr.com\/hr\/o-nama\/"]}]},{"@type":"ImageObject","inLanguage":"hr","@id":"https:\/\/www.primusr.com\/hr\/o-nama\/#primaryimage","url":"https:\/\/www.primusr.com\/wp-content\/uploads\/2016\/01\/primusr-marine-logo.png","contentUrl":"https:\/\/www.primusr.com\/wp-content\/uploads\/2016\/01\/primusr-marine-logo.png","width":273,"height":133},{"@type":"BreadcrumbList","@id":"https:\/\/www.primusr.com\/hr\/o-nama\/#breadcrumb","itemListElement":[{"@type":"ListItem","position":1,"name":"Home","item":"https:\/\/www.primusr.com\/hr\/"},{"@type":"ListItem","position":2,"name":"O nama"}]},{"@type":"WebSite","@id":"https:\/\/www.primusr.com\/#website","url":"https:\/\/www.primusr.com\/","name":"Primus R d.o.o.","description":"Nautical Flooring","potentialAction":[{"@type":"SearchAction","target":{"@type":"EntryPoint","urlTemplate":"https:\/\/www.primusr.com\/?s={search_term_string}"},"query-input":{"@type":"PropertyValueSpecification","valueRequired":true,"valueName":"search_term_string"}}],"inLanguage":"hr"}]}},"_links":{"self":[{"href":"https:\/\/www.primusr.com\/hr\/wp-json\/wp\/v2\/pages\/973","targetHints":{"allow":["GET"]}}],"collection":[{"href":"https:\/\/www.primusr.com\/hr\/wp-json\/wp\/v2\/pages"}],"about":[{"href":"https:\/\/www.primusr.com\/hr\/wp-json\/wp\/v2\/types\/page"}],"author":[{"embeddable":true,"href":"https:\/\/www.primusr.com\/hr\/wp-json\/wp\/v2\/users\/2"}],"replies":[{"embeddable":true,"href":"https:\/\/www.primusr.com\/hr\/wp-json\/wp\/v2\/comments?post=973"}],"version-history":[{"count":0,"href":"https:\/\/www.primusr.com\/hr\/wp-json\/wp\/v2\/pages\/973\/revisions"}],"wp:featuredmedia":[{"embeddable":true,"href":"https:\/\/www.primusr.com\/hr\/wp-json\/wp\/v2\/media\/1534"}],"wp:attachment":[{"href":"https:\/\/www.primusr.com\/hr\/wp-json\/wp\/v2\/media?parent=973"}],"curies":[{"name":"wp","href":"https:\/\/api.w.org\/{rel}","templated":true}]}}