{"id":859,"date":"2016-02-08T13:17:06","date_gmt":"2016-02-08T12:17:06","guid":{"rendered":"https:\/\/www.primusr.com\/hr\/pogoji-poslovanja\/"},"modified":"2016-03-16T17:24:06","modified_gmt":"2016-03-16T16:24:06","slug":"uvjeti-poslovanja","status":"publish","type":"page","link":"https:\/\/www.primusr.com\/hr\/uvjeti-poslovanja\/","title":{"rendered":"Uvjeti poslovanja"},"content":{"rendered":"<p>Molimo da pa\u017eljivo pro\u010ditate ove informacije jer nepoznavanje ponude i op\u0107ih uvjeta poslovanja ne mo\u017ee biti predmet prigovora! U slu\u010daju nejasno\u0107a, molimo da nas nazovete. S veseljem \u0107emo vam pomo\u0107i!<\/p>\n<p>Smatra se, da je kupac upoznat s ovim uvjetima poslovanja i s objavom istih na slu\u017ebenoj web stranici prodava\u010da.<\/p>\n<h2>Op\u0107e:<\/h2>\n<ul>\n<li>Svi sporazumi, ponude i potvrde izme\u0111u klijenta i poduze\u0107a Primus R d.o.o. moraju biti u pismenom obliku. Dodatni usmeni uvjeti nisu va\u017ee\u0107i.<\/li>\n<li>Upozoravamo vas da su zbog prirode proizvoda koje prodajemo, na\u0161i uvjeti poslovanja specifi\u010dni. Ne priznajemo uvjete klijenata druga\u010dije od na\u0161ih, osim u slu\u010daju ako je to posebno dogovoreno u pismenom obliku.<\/li>\n<\/ul>\n<h2>Mjere, ponude i potvrde narud\u017ebi:<\/h2>\n<ol>\n<li>Primus R d.o.o. odgovara za dimenzije Flexiteek-a, tepiha, tikovine, sun\u010dali\u0161ta itd., kada ga klijent naru\u010di, na temelju mjerenja obavljenih od strane na\u0161eg poduze\u0107a. Ukoliko klijent za narud\u017ebu posreduje vlastite mjere, za dimenzije odgovara sam.<\/li>\n<li>Klijent je prilikom mjerenja du\u017ean posredovati sve podatke (visina, du\u017eina, \u0161irina, smjer fuga, vrsta materijala, boja&#8230;) i upozoriti trgovca\/mjeritelja\u00a0 na mogu\u0107e okvire (sakrivena instalacija, vodovod elektri\u010dne instalacije&#8230;) , u suprotnom, klijent je sam du\u017ean snositi tro\u0161kove nastale \u0161tete, klijent\u00a0 snosi tro\u0161kove zastoja monta\u017ee.<\/li>\n<li>Ponuda vrijedi samo za navedene pozicije, koli\u010dine i opise. Prije potvrde narud\u017ebe klijent je du\u017ean provjeriti sve opise, koli\u010dine i vrijednosti. Kasnije nejasno\u0107e prilikom preuzimanja se ne priznaju i ne mogu biti predmet reklamacije.<\/li>\n<li>Ponuda je valjana onoliko dana koliko je navedeno u samoj ponudi. Izdavanjem nove ponude se u potpunosti opoziva prija\u0161nja ponuda.<\/li>\n<li>Sve skice prikazuju unutra\u0161njost osim ako nije navedeno druga\u010dije.<\/li>\n<li>Sporedna letvica nije uklju\u010dena u cijenu, ali je sastavni dio elementa.<\/li>\n<li>Pismena potvrda narud\u017ebe, pla\u0107anje avansa ili predra\u010dunske vrijednosti zna\u010di da klijent potvr\u0111uje pravila i narud\u017ebu, sla\u017ee se sa svim elementima ponude, prihva\u0107a uvjete pla\u0107anja i izjavljuje da je upoznat sa svim sadr\u017eajima op\u0107ih uvjeta poslovanja. Nepoznavanje ponude i njezinog sadr\u017eaja i mogu\u0107e nejasno\u0107e ne mogu biti uzrok za kasniju reklamaciju.<\/li>\n<li>Promjene su mogu\u0107e najvi\u0161e jedan (1) dan od pismene potvrde narud\u017ebe, pla\u0107anje avansno i isklju\u010divo u pismenom obliku. Sve kasnije promjene se ne priznaju, a poduze\u0107e Primus R d.o.o. ima pravo da za njih dostavi dodatni ra\u010dun kojeg je stranka du\u017ena platiti najkasnije unutar osam (8) dana.<\/li>\n<li>Pridr\u017eavamo pravo na promjene u izradi zbog konstrukcijsko-tehni\u010dkih detalja ili tehni\u010dkih propisa.<\/li>\n<li>Ako druga\u010dije nije navedeno, za navedene podatke jam\u010di klijent, za mjere Primus R d.o.o.<\/li>\n<li>U slu\u010daju narud\u017ebe putem telefona, web obrasca ili elektronske po\u0161te, klijent sam odgovara za eventualne gre\u0161ke. Tro\u0161kove nastale kao posljedice gre\u0161ke snosi sam klijent.<\/li>\n<li>Tro\u0161ak mjerenja na objektu klijenta iznosi\u00a0 50 \u20ac kojeg je klijent du\u017ean platiti po primitku ra\u010duna. U slu\u010daju narud\u017ebe taj tro\u0161ak je ura\u010dunat u cijenu.<\/li>\n<li>Ukoliko klijent u roku od 15 dana od primitka zadnjeg predra\u010duna ne izvr\u0161i pla\u0107anje, smatra se da je od narud\u017ebe odustao.<\/li>\n<\/ol>\n<h2>Cijene i pla\u0107anje<\/h2>\n<ol>\n<li>Primus R d.o.o. pridr\u017eava prava na promjenu cijene u slu\u010daju promjene koli\u010dine, boje, mjere ili druge \u010dinjenice koja je osnova za izra\u010dun cijene.<\/li>\n<li>Popusti se ne zbrajaju. Akcije su izuzete iz popusta.<\/li>\n<li>Cijene vrijede u EUR ako druga\u010dije nije navedeno ili odlu\u010deno.<\/li>\n<li>Naru\u010ditelj pla\u0107anje obavlja samo na transakcijski ra\u010dun poduze\u0107a Primus R d.o.o.<\/li>\n<li>Predstavnici, posrednici, mjeritelji, monta\u017eeri nisu ovla\u0161teni za primanje novca.<\/li>\n<li>Na\u0161i ra\u010duni mogu biti pla\u0107eni kako je navedeno u samom ra\u010dunu odnosno najkasnije u roku osam (8) dana od datuma dostave ra\u010duna ako druga\u010dije nije dogovoreno i potvr\u0111eno s na\u0161e strane.<\/li>\n<li>Ako klijent kasni s pla\u0107anjem ili pla\u0107anje ne mo\u017ee obaviti u slu\u010daju vi\u0161e sile, mo\u017eemo naplatiti zatezne kamate u skladu sa zakonom.<\/li>\n<li>Mjenice ili narud\u017ebenice nisu podloga za narud\u017ebu ili osiguranje pla\u0107anja.<\/li>\n<\/ol>\n<h2>PDV:<\/h2>\n<ol>\n<li>Op\u0107a stopa PDV je 22%<\/li>\n<li>Za ugradnju (stan do 120 m2 i ku\u0107e do 250 m2) je 9,5%<\/li>\n<li>U slu\u010daju da ste porezni obveznik, morate nam posredovati to\u010dne podatke s poreznim brojem ve\u0107 prilikom narud\u017ebe. U suprotnom, ne priznajemo kasnije odbijenice ra\u010duna zbog naknadne promjene podataka.<\/li>\n<\/ol>\n<h2>Uvjeti pla\u0107anja:<\/h2>\n<h3>Maloprodaja:<\/h3>\n<p>Uvjeti pla\u0107anja definiraju se posebno za svakog klijenta.<\/p>\n<p>Navodimo nekoliko varijanti uvjeta pla\u0107anja:<\/p>\n<ol>\n<li>Pla\u0107anje radnim danom unutar osam (8) dana. Osiguranje pla\u0107anja neopozivom bankovnom garancijom.<\/li>\n<li>80% avansno prilikom narud\u017ebe, 20% po zavr\u0161etku monta\u017ee ili otpreme. Klijent je du\u017ean ostatak platiti najkasnije unutar osam (8) dana po zavr\u0161etku rada. U slu\u010daju ka\u0161njenja, klijent je du\u017ean platiti zakonite zatezne kamate.<\/li>\n<li>100% avansno, pri \u010demu klijent dobiva dodatnih 5% popusta.<\/li>\n<\/ol>\n<h3>Veleprodaja:<\/h3>\n<p>Uvjeti pla\u0107anja definiraju se u skladu s Ugovorom o suradnji, druga\u010dije vrijedi 100% predpla\u0107anje.<\/p>\n<h2>Dostava i rok dostave:<\/h2>\n<ol>\n<li>Okvirni rok dostave za standardne proizvode je od 4 do 7 tjedana.<\/li>\n<li>Dostavni rok odlu\u010duje se u odnosu na ponudu. Klijenta \u0107e biti pismenim ili usmenim putem obavije\u0161ten o monta\u017ei, najmanje dva dana prije po\u010detka rada.<\/li>\n<li>Dostavni rok, odlu\u010den s na\u0161e strane, po\u010dinje te\u0107i nakon mjerenja i poja\u0161njenja tehni\u010dkih pitanja, potpisa ugovora i po pla\u0107anju u skladu s uvjetima pla\u0107anja.<\/li>\n<li>U slu\u010daju da se utvrde nedosljednosti elementa, rok dostave se produ\u017euje. U tom slu\u010daju Primus R d.o.o. \u0107e otkloniti nedosljednosti u najkra\u0107em mogu\u0107em roku.<\/li>\n<li>Dostava robe u odre\u0111enim slu\u010dajevima mo\u017ee biti djelomi\u010dna, ali o tome mora kupac biti obavije\u0161ten najmanje jedan dan prije dogovorenog termina.<\/li>\n<li>Klijent je du\u017ean prilikom preuzimanja pregledati robu, utvrditi manjkavosti ili gre\u0161ke i navesti ih na otpremnom listu.<\/li>\n<li>O\u0161te\u0107enje materijala (lom, ogrebotine&#8230;.) se prilikom preuzimanja uzima u obzir samo ukoliko je kupac odmah dao pismenu izjavu. Kasnije nastali lomovi i \u0161tete koje nisu posljedica prijevoza ili monta\u017ee s na\u0161e strane, prouzro\u010deni su od strane tre\u0107e osobe ili je uzrok \u0161tete nepoznat ne mogu biti predmet reklamacije.<\/li>\n<li>Kupac potvr\u0111uje da je roba dostavljena u skladu s ponudom i da je monta\u017ea kvalitetno napravljena. To \u010dini potpisom prilikom preuzimanja (dostavnica) i potpisom na zapisniku monta\u017ee. Time kupac potvr\u0111uje da je Primus R d.o.o. u cijelosti ostvario ponudu\/ugovor\u00a0 time pridobio prava koja iz toga proizlaze.<\/li>\n<\/ol>\n<h2>Otpremanje robe i prijenos rizika<\/h2>\n<ol>\n<li>Proizvode spremne za otpremanje mora klijent\/kupac preuzeti u roku od 8 dana od primanja pismene obavijesti trgovca da su proizvodi spremni u skladi\u0161tu za preuzimanje. Pismenom obavijesti smatra se elektronska po\u0161ta, faks ili obi\u010dna po\u0161ta.<\/li>\n<li>U koliko klijent\/kupac naru\u010dene proizvode ne preuzme u navedenom roku ili ne dopu\u0161ta monta\u017eu, trgovac \u0107e zara\u010dunati tro\u0161kove skladi\u0161tenja koji iznose 0,1% vrijednosti naru\u010denih proizvoda po danu. Odgovornost za robu prijelazi na klijenta\/kupca.<\/li>\n<li>Kupac je du\u017ean preuzete proizvode pregledati na uobi\u010dajen na\u010din ili ih dati na pregled, te u slu\u010daju o\u010diglednih gre\u0161aka pismeno obavijestiti trgovca u roku od 8 dana od preuzimanja proizvoda, trgovac je obvezan otkloniti utvr\u0111ene gre\u0161ke, ukoliko su opravdane.<\/li>\n<\/ol>\n<h2>Zadr\u017eavanje vlasni\u0161tva<\/h2>\n<p>U slu\u010daju da klijent ne postupa u skladu s odredbama ugovora, posebice u slu\u010daju ka\u0161njenja pla\u0107anja, imamo pravo\u00a0 oduzeti robu (vrijedi za sve elemente koji nisu jo\u0161 montirani) bez da time kr\u0161i obveze iz ugovora. U slu\u010daju da zaplijenimo robu, mo\u017eemo i neopozivo otkazati ugovor. Po zaplijeni robe ovla\u0161teni smo unov\u010diti njezinu vrijednost, razliku do pune vrijednosti robe i eventualne prodajne tro\u0161kove zara\u010dunati klijentu.<\/p>\n<h2>Garancija i jamstvo za otklanjanje gre\u0161aka<\/h2>\n<ol>\n<li>Vra\u0107anje proizvoda zbog gre\u0161aka za koje odgovara klijent nije mogu\u0107e.<\/li>\n<li>Ako klijent krivi proizvod ili odstupa od drugih me\u0111usobnih obveza, imamo pravo na povrat svih dodatno nastalih tro\u0161kova.<\/li>\n<li>Garancijski list klijent preuzima po zavr\u0161etku rada s ra\u010dunom.<\/li>\n<li>Svi na\u0161i prodajni proizvodi su u skladu s propisima i standardima nacionalnog i EU zakonodavstva. Na zahtjev klijenta dostavljamo Izjavu o uskla\u0111enosti CE koja dokazuje uskla\u0111enost s EU normativima.<\/li>\n<li>Svaka nestru\u010dna monta\u017ea i neovla\u0161teno popravljanje od strane kupca ili tre\u0107e osobe tijekom trajanja garancije dovodi do neopozivog gubitka prava na garanciju.<\/li>\n<li>Nakon isteka garancije osiguravamo odr\u017eavanje i rezervne dijelove u skladu s va\u017ee\u0107im zakonodavstvom.<\/li>\n<li>\u010ci\u0161\u0107enje i odr\u017eavanje materijala dozvoljeno je sa sredstvima za \u010di\u0161\u0107enje koja je odobrio proizvo\u0111a\u010d. Zbog uporaba sredstava koja nisu potvr\u0111ena od strane proizvo\u0111a\u010da, ne priznaju se reklamacije ni garancija.<\/li>\n<li>Uvjeti za primjenu garancije na strani klijenta je da ispuni svoje obaveze proizvo\u0111a\u010du, da pregleda proizvode po primitku i da pravovremeno i na pravilan na\u010din prilo\u017ei reklamaciju.<\/li>\n<li>Ukoliko roba ima gre\u0161ku za koju smo odgovorni, du\u017eni smo kvar ili manjkavost otkloniti u najkra\u0107em mogu\u0107em roku. U koliko to ne u\u010dinimo u roku, du\u017eni smo postupati u skladu s va\u017ee\u0107im propisima.<\/li>\n<li>Daljnje pritu\u017ebe klijenta su isklju\u010dene osim ako je to uklju\u010deno u sporazum. Nismo odgovorni za \u0161tete nastale same po sebi, za gubitak profita ili druge financijske gubitke koji su krivnja klijenta.<\/li>\n<li>Jam\u010dimo za sve na\u0161e namjerno prouzro\u010dene \u0161tete ili druge velike povr\u0161nosti. Klijent mo\u017ee podnijeti prigovor zbog neizvr\u0161enja ugovora u smislu manjkave garancije svojstava proizvoda.<\/li>\n<\/ol>\n<ul>\n<li>Garancija ne isklju\u010duje prava potro\u0161a\u010da koje proizlaze iz odgovornosti proizvo\u0111a\u010da za gre\u0161ke na robi.<\/li>\n<li>Podru\u010dje primjene garancije je Slovenija.<\/li>\n<\/ul>\n<h2>Reklamacija (primjena garancije)<\/h2>\n<ol>\n<li>Kupac\/klijent mora o gre\u0161kama, na koje se primjenjuje garancija, pismeno obavijestiti trgovca najkasnije u roku od osam (8) dana od otkri\u0107a gre\u0161ke.<\/li>\n<li>Kupac je du\u017ean na zahtjev trgovca, predstavniku trgovca omogu\u0107iti pregled reklamiranih proizvoda.<\/li>\n<li>Predmet reklamacije ne mogu biti manje povr\u0161inske nepravilnost na proizvodu koje ne utje\u010du na funkcionalnost proizvoda i nisu vidljive na udaljenosti ve\u0107oj od 1 m.<\/li>\n<li>Ako se trgovac uvjeri da je reklamacija opravdana, predati \u0107e kupcu prijedlog za rje\u0161enje reklamacije. Na\u010dini rje\u0161enja reklamacije su otklanjanje gre\u0161ke na proizvodu, zamjena proizvoda ili smanjenje cijene i ovisni su o vrsti i stupnju gre\u0161ke odnosno o dogovoru s kupcem\/klijentom.<\/li>\n<li>Zbog zahtjeva na temelju jamstva, kupac\/klijent nema pravo zadr\u017eati isplate koje duguje.<\/li>\n<li>Trgovac ne\u0107e\u00a0 uzeti u obzir reklamacije zbog gre\u0161aka koje su nastale zbog neprimjerene uporabe i odr\u017eavanja proizvoda ili zbog neovla\u0161tene ili nestru\u010dne monta\u017ee. Trgovac mo\u017ee za pojedina\u010dnu vrstu proizvoda tra\u017eiti dodatne uvjete i zahtjeve koji moraju biti ispunjeni od strane kupca\/klijenta, koji su opravdani do primjene reklamacije. Trgovac mora o tome obavijestiti kupca najkasnije prilikom dostave proizvoda.<\/li>\n<li>Kupac\/klijent mora prije monta\u017ee materijala temeljito pregledati proizvodi upozoriti trgovca o manjkavostima proizvoda, materijala.. Ukoliko se materijali, proizvodi ugrade, ne\u0107emo priznati reklamaciju.<\/li>\n<li>Ako je reklamacija opravdana, trgovac je obvezan u najkra\u0107em mogu\u0107em roku odnosno u najkra\u0107em razumnom roku otkloniti manjkavosti.<\/li>\n<\/ol>\n<ul>\n<li>kupec\/klient mora prilo\u017eiti prikladne podatke za identifikaciju dostavljenih proizvoda s detaljnim opisom gre\u0161ke i slikom reklamiranih proizvoda,<\/li>\n<li>reklamaciji mora biti prilo\u017een ra\u010dun i dokaz o pla\u0107anju,<\/li>\n<li>i u slu\u010daju dovr\u0161ene monta\u017ee od strane trgovca ili ovla\u0161tenog montera, kopiju primopredajnog zapisnika o izvr\u0161enoj monta\u017ei.<\/li>\n<li>Kupac mora vratiti reklamirani proizvod ili pojedina\u010dne dijelove na zahtjev trgovca zbog procjene opravdanosti reklamacije. U suprotnom, kupac gubi pravo na reklamaciju.<\/li>\n<\/ul>\n<h2>Upute za monta\u017eu i uvjeti za pru\u017eanje usluga<\/h2>\n<ol>\n<li>Dodatni rad koji nije naveden u ponudi, a nu\u017ean je zbog zavr\u0161etka rada (ru\u0161enje zidova, zidarski rad, letvanje, silikoniziranje, li\u010denje, oblaganje, postavljanje platformi, za\u0161tita profila, uklanjanje klinova itd&#8230;) snosi klijent i dodatno se zara\u010dunava.<\/li>\n<li>Kod ve\u0107ih i te\u017eih elemenata po\u017eeljna je pomo\u0107 klijenta prilikom prijenosa, a ne mo\u017ee biti predmet pla\u0107anja.<\/li>\n<li>Klijent ima du\u017enost prije monta\u017ee monta\u017eerima dostaviti nacrt i slijed dijelova, budu\u0107i da nakon zavr\u0161ene monta\u017ee, kriva monta\u017ea ne mo\u017ee biti predmet reklamacije. Tako nastale tro\u0161kove snosi klijent.<\/li>\n<li>Klijent mora prije po\u010detka monta\u017ee ukloniti sve okvire koji bi smetali monta\u017ei. Mora osigurati i odvoz elemenata do objekta, stepenice i pristup druge vrste, te dovod elektri\u010dne energije (220V). Mora se pobrinuti za za\u0161titu ljudi, materijala i radnog okoli\u0161a. Prilikom monta\u017ee koja traje du\u017ee vrijeme, prostor za pohranu oru\u0111a mora biti pod klju\u010dem.<\/li>\n<li>Klijent mora biti prisutan na objektu prije i po zavr\u0161etku monta\u017ee.<\/li>\n<li>Po zavr\u0161etku rada, klijent mora preuzeti elemente, u suprotnom se podrazumijeva da je roba preuzeta od strane klijenta bez gre\u0161aka i primjedbi.<\/li>\n<li>Ne izvodimo elektri\u010dne instalacije i priklju\u010divanje. Klijent se mora za to sam pobrinuti.<\/li>\n<\/ol>\n<h2>Za\u0161tita osobnih podataka<\/h2>\n<p>Trgovac se obvezuje na za\u0161titu osobnih podataka klijenta\/kupca. Trgovac \u0107e osobne podatke koristiti samo sa ispunjavanje narud\u017ebe.<\/p>\n<h2>Ostale va\u017ene odluke<\/h2>\n<p>Sastavni dio op\u0107ih uvjeta su upute trgovca za pravilnu ugradnju, uporabu, odr\u017eavanje i \u010di\u0161\u0107enje proizvoda.<\/p>\n<h2>Rje\u0161avanje sporova<\/h2>\n<p>Ukoliko u ugovoru odnosno potvrdi nije druga\u010dije odlu\u010deno, za rje\u0161avanje sporova nadle\u017ean je sud u Ljubljani.<\/p>\n<p>&nbsp;<\/p>\n<p>&nbsp;<\/p>\n<p>Op\u0107i uvjeti poslovanja vrijede od 26.11.2014. i javno su dostupni na web stranici www.primusr.com.<\/p>\n","protected":false},"excerpt":{"rendered":"<p>Molimo da pa\u017eljivo pro\u010ditate ove informacije jer nepoznavanje ponude i op\u0107ih uvjeta poslovanja ne mo\u017ee biti predmet prigovora! U slu\u010daju nejasno\u0107a, molimo da nas nazovete. S veseljem \u0107emo vam pomo\u0107i! Smatra se, da je kupac upoznat s ovim uvjetima poslovanja i s objavom istih na slu\u017ebenoj web stranici prodava\u010da. Op\u0107e: Svi sporazumi, ponude i potvrde&hellip;<\/p>\n","protected":false},"author":2,"featured_media":0,"parent":0,"menu_order":0,"comment_status":"closed","ping_status":"closed","template":"","meta":{"footnotes":""},"class_list":["post-859","page","type-page","status-publish","hentry","description-off"],"yoast_head":"<!-- This site is optimized with the Yoast SEO plugin v27.5 - https:\/\/yoast.com\/product\/yoast-seo-wordpress\/ -->\n<title>Uvjeti poslovanja - Primus R d.o.o.<\/title>\n<meta name=\"description\" content=\"Uvjeti poslovanja www.primusr.com.\" \/>\n<meta name=\"robots\" content=\"index, follow, max-snippet:-1, max-image-preview:large, max-video-preview:-1\" \/>\n<link rel=\"canonical\" href=\"https:\/\/www.primusr.com\/hr\/uvjeti-poslovanja\/\" \/>\n<meta property=\"og:locale\" content=\"hr_HR\" \/>\n<meta property=\"og:type\" content=\"article\" \/>\n<meta property=\"og:title\" content=\"Uvjeti poslovanja - Primus R d.o.o.\" \/>\n<meta property=\"og:description\" content=\"Uvjeti poslovanja www.primusr.com.\" \/>\n<meta property=\"og:url\" content=\"https:\/\/www.primusr.com\/hr\/uvjeti-poslovanja\/\" \/>\n<meta property=\"og:site_name\" content=\"Primus R d.o.o.\" \/>\n<meta property=\"article:publisher\" content=\"https:\/\/www.facebook.com\/primusrdoo\" \/>\n<meta property=\"article:modified_time\" content=\"2016-03-16T16:24:06+00:00\" \/>\n<meta name=\"twitter:card\" content=\"summary_large_image\" \/>\n<meta name=\"twitter:label1\" content=\"Procijenjeno vrijeme \u010ditanja\" \/>\n\t<meta name=\"twitter:data1\" content=\"11 minuta\" \/>\n<script type=\"application\/ld+json\" class=\"yoast-schema-graph\">{\"@context\":\"https:\\\/\\\/schema.org\",\"@graph\":[{\"@type\":\"WebPage\",\"@id\":\"https:\\\/\\\/www.primusr.com\\\/hr\\\/uvjeti-poslovanja\\\/\",\"url\":\"https:\\\/\\\/www.primusr.com\\\/hr\\\/uvjeti-poslovanja\\\/\",\"name\":\"Uvjeti poslovanja - Primus R d.o.o.\",\"isPartOf\":{\"@id\":\"https:\\\/\\\/www.primusr.com\\\/#website\"},\"datePublished\":\"2016-02-08T12:17:06+00:00\",\"dateModified\":\"2016-03-16T16:24:06+00:00\",\"description\":\"Uvjeti poslovanja www.primusr.com.\",\"breadcrumb\":{\"@id\":\"https:\\\/\\\/www.primusr.com\\\/hr\\\/uvjeti-poslovanja\\\/#breadcrumb\"},\"inLanguage\":\"hr\",\"potentialAction\":[{\"@type\":\"ReadAction\",\"target\":[\"https:\\\/\\\/www.primusr.com\\\/hr\\\/uvjeti-poslovanja\\\/\"]}]},{\"@type\":\"BreadcrumbList\",\"@id\":\"https:\\\/\\\/www.primusr.com\\\/hr\\\/uvjeti-poslovanja\\\/#breadcrumb\",\"itemListElement\":[{\"@type\":\"ListItem\",\"position\":1,\"name\":\"Home\",\"item\":\"https:\\\/\\\/www.primusr.com\\\/hr\\\/\"},{\"@type\":\"ListItem\",\"position\":2,\"name\":\"Uvjeti poslovanja\"}]},{\"@type\":\"WebSite\",\"@id\":\"https:\\\/\\\/www.primusr.com\\\/#website\",\"url\":\"https:\\\/\\\/www.primusr.com\\\/\",\"name\":\"Primus R d.o.o.\",\"description\":\"Nautical Flooring\",\"potentialAction\":[{\"@type\":\"SearchAction\",\"target\":{\"@type\":\"EntryPoint\",\"urlTemplate\":\"https:\\\/\\\/www.primusr.com\\\/?s={search_term_string}\"},\"query-input\":{\"@type\":\"PropertyValueSpecification\",\"valueRequired\":true,\"valueName\":\"search_term_string\"}}],\"inLanguage\":\"hr\"}]}<\/script>\n<!-- \/ Yoast SEO plugin. -->","yoast_head_json":{"title":"Uvjeti poslovanja - Primus R d.o.o.","description":"Uvjeti poslovanja www.primusr.com.","robots":{"index":"index","follow":"follow","max-snippet":"max-snippet:-1","max-image-preview":"max-image-preview:large","max-video-preview":"max-video-preview:-1"},"canonical":"https:\/\/www.primusr.com\/hr\/uvjeti-poslovanja\/","og_locale":"hr_HR","og_type":"article","og_title":"Uvjeti poslovanja - Primus R d.o.o.","og_description":"Uvjeti poslovanja www.primusr.com.","og_url":"https:\/\/www.primusr.com\/hr\/uvjeti-poslovanja\/","og_site_name":"Primus R d.o.o.","article_publisher":"https:\/\/www.facebook.com\/primusrdoo","article_modified_time":"2016-03-16T16:24:06+00:00","twitter_card":"summary_large_image","twitter_misc":{"Procijenjeno vrijeme \u010ditanja":"11 minuta"},"schema":{"@context":"https:\/\/schema.org","@graph":[{"@type":"WebPage","@id":"https:\/\/www.primusr.com\/hr\/uvjeti-poslovanja\/","url":"https:\/\/www.primusr.com\/hr\/uvjeti-poslovanja\/","name":"Uvjeti poslovanja - Primus R d.o.o.","isPartOf":{"@id":"https:\/\/www.primusr.com\/#website"},"datePublished":"2016-02-08T12:17:06+00:00","dateModified":"2016-03-16T16:24:06+00:00","description":"Uvjeti poslovanja www.primusr.com.","breadcrumb":{"@id":"https:\/\/www.primusr.com\/hr\/uvjeti-poslovanja\/#breadcrumb"},"inLanguage":"hr","potentialAction":[{"@type":"ReadAction","target":["https:\/\/www.primusr.com\/hr\/uvjeti-poslovanja\/"]}]},{"@type":"BreadcrumbList","@id":"https:\/\/www.primusr.com\/hr\/uvjeti-poslovanja\/#breadcrumb","itemListElement":[{"@type":"ListItem","position":1,"name":"Home","item":"https:\/\/www.primusr.com\/hr\/"},{"@type":"ListItem","position":2,"name":"Uvjeti poslovanja"}]},{"@type":"WebSite","@id":"https:\/\/www.primusr.com\/#website","url":"https:\/\/www.primusr.com\/","name":"Primus R d.o.o.","description":"Nautical Flooring","potentialAction":[{"@type":"SearchAction","target":{"@type":"EntryPoint","urlTemplate":"https:\/\/www.primusr.com\/?s={search_term_string}"},"query-input":{"@type":"PropertyValueSpecification","valueRequired":true,"valueName":"search_term_string"}}],"inLanguage":"hr"}]}},"_links":{"self":[{"href":"https:\/\/www.primusr.com\/hr\/wp-json\/wp\/v2\/pages\/859","targetHints":{"allow":["GET"]}}],"collection":[{"href":"https:\/\/www.primusr.com\/hr\/wp-json\/wp\/v2\/pages"}],"about":[{"href":"https:\/\/www.primusr.com\/hr\/wp-json\/wp\/v2\/types\/page"}],"author":[{"embeddable":true,"href":"https:\/\/www.primusr.com\/hr\/wp-json\/wp\/v2\/users\/2"}],"replies":[{"embeddable":true,"href":"https:\/\/www.primusr.com\/hr\/wp-json\/wp\/v2\/comments?post=859"}],"version-history":[{"count":0,"href":"https:\/\/www.primusr.com\/hr\/wp-json\/wp\/v2\/pages\/859\/revisions"}],"wp:attachment":[{"href":"https:\/\/www.primusr.com\/hr\/wp-json\/wp\/v2\/media?parent=859"}],"curies":[{"name":"wp","href":"https:\/\/api.w.org\/{rel}","templated":true}]}}