{"id":845,"date":"2016-02-08T13:15:20","date_gmt":"2016-02-08T12:15:20","guid":{"rendered":"https:\/\/www.primusr.com\/hr\/izjava-o-zasebnosti\/"},"modified":"2016-03-16T17:00:17","modified_gmt":"2016-03-16T16:00:17","slug":"izjava-o-privatnosti","status":"publish","type":"page","link":"https:\/\/www.primusr.com\/hr\/izjava-o-privatnosti\/","title":{"rendered":"Izjava o privatnosti"},"content":{"rendered":"<p>Vlasnik (prikuplja\u010d podataka) web stranice je poduze\u0107e:<\/p>\n<p>Primus R d.o.o.<\/p>\n<p>Gmajnica 24<\/p>\n<p>1218 Komenda<\/p>\n<p>Slovenija<\/p>\n<p>Primus R d.o.o. se obvezuje da \u0107e \u0161tititi va\u0161u privatnost i razvijati tehnologiju koja \u0107e vam omogu\u0107iti sigurno iskustvo.<\/p>\n<p>Ova izjava o privatnosti vrijedi za web stranicu www.primusr.com<\/p>\n<p>Kori\u0161tenjem web stranice www.primusr.com usugla\u0161avate se s na\u010dinom uporabe podataka koji su opisani u ovoj izjavi.<\/p>\n<h2>Prikupljanje osobnih podataka<\/h2>\n<p>Na web stranici www.primusr.com\u00a0 prikupljamo sljede\u0107e osobne podatke:<\/p>\n<ul>\n<li>ime i prezime<\/li>\n<li>va\u0161u adresu<\/li>\n<li>e-mail &#8211; elektroni\u010dku po\u0161tu<\/li>\n<li>telefon ili gsm<\/li>\n<\/ul>\n<p>Podaci se prikupljaju putem obrasca za upit ili narud\u017ebenog obrasca.<\/p>\n<p>Web stranica Primus R d.o.o. mo\u017ee automatski prikupljati neke podatke o strojnoj i programskoj opremi va\u0161eg ra\u010dunala. U te podatke spadaju:<\/p>\n<ul>\n<li>IP adresa<\/li>\n<li>vrsta pretra\u017eiva\u010da<\/li>\n<li>ime domene<\/li>\n<li>vrijeme pristupa<\/li>\n<li>adrese web stranica koje ste pretra\u017eivali na na\u0161oj web stranici<\/li>\n<\/ul>\n<p>Primus R d.o.o.\u00a0 te informacije koristi isklju\u010divo za op\u0107u statistiku pretra\u017eivanja i uporabe web stranice<\/p>\n<h2>Uporaba osobnih podataka<\/h2>\n<p>Primus R d.o.o. prikuplja podatke na web stranici s namjenom da osigura pravilan i kvalitetan rad web stranice i pru\u017eanje cjelokupnih usluga.<\/p>\n<p>Unosom podataka sla\u017eete se da va\u0161e podatke koristimo za sljede\u0107e namjene:<\/p>\n<ul>\n<li>za interna tr\u017ei\u0161na istra\u017eivanja &#8211; istra\u017eivanje tr\u017ei\u0161ta<\/li>\n<li>za obavje\u0161tavanje klijenata o novostima o proizvodima, uslugama, web stranici&#8230;<\/li>\n<\/ul>\n<h2>Sigurnost va\u0161ih osobnih podataka<\/h2>\n<p>Primus R d.o.o. se obvezuje da \u0107e va\u0161e podatke za\u0161tititi u skladu sa Zakonom o za\u0161titi osobnih podataka Va\u0161i podaci \u0107e se koristiti samo za interne namjene i bez va\u0161eg pristanka ih ne\u0107emo posredovati tre\u0107im osobama.<\/p>\n<p>Brisanje podataka iz na\u0161e baze mo\u017ee bilo kada zatra\u017eiti.<\/p>\n<h2>Uporaba kola\u010di\u0107a (eng. cookies)<\/h2>\n<p>Kola\u010di\u0107i su tekstualne datoteke koje automatski na va\u0161e ra\u010dunalo pohraniti web poslu\u017eitelj. Kola\u010di\u0107i ne sadr\u017ee podatke pomo\u0107u kojih se mo\u017ee utvrditi va\u0161 identitet. Pomo\u0107u kola\u010di\u0107a, poslu\u017eitelj utvr\u0111uje da ste se vratili na web stranicu \u0161to mo\u017eemo iskoristiti za prilago\u0111avanje web stranice korisniku.<\/p>\n<p>Ve\u0107ina pretra\u017eiva\u010da automatski sprema kola\u010di\u0107e, ukoliko ih ne \u017eelite pohraniti ili \u017eelite obavijest prije pohrane kola\u010di\u0107a, to mo\u017eete prilagoditi u postavkama pretra\u017eiva\u010da.<\/p>\n<p>&nbsp;<\/p>\n<p>&nbsp;<\/p>\n<p>Izjava je posljednji put a\u017eurirana: 26.11.2014<\/p>\n","protected":false},"excerpt":{"rendered":"<p>Vlasnik (prikuplja\u010d podataka) web stranice je poduze\u0107e: Primus R d.o.o. Gmajnica 24 1218 Komenda Slovenija Primus R d.o.o. se obvezuje da \u0107e \u0161tititi va\u0161u privatnost i razvijati tehnologiju koja \u0107e vam omogu\u0107iti sigurno iskustvo. Ova izjava o privatnosti vrijedi za web stranicu www.primusr.com Kori\u0161tenjem web stranice www.primusr.com usugla\u0161avate se s na\u010dinom uporabe podataka koji su&hellip;<\/p>\n","protected":false},"author":2,"featured_media":0,"parent":0,"menu_order":0,"comment_status":"closed","ping_status":"closed","template":"","meta":{"footnotes":""},"class_list":["post-845","page","type-page","status-publish","hentry","description-off"],"yoast_head":"<!-- This site is optimized with the Yoast SEO plugin v27.5 - https:\/\/yoast.com\/product\/yoast-seo-wordpress\/ -->\n<title>Izjava o privatnosti - Primus R d.o.o.<\/title>\n<meta name=\"description\" content=\"Izjava o privatnosti www.primusr.com.\" \/>\n<meta name=\"robots\" content=\"index, follow, max-snippet:-1, max-image-preview:large, max-video-preview:-1\" \/>\n<link rel=\"canonical\" href=\"https:\/\/www.primusr.com\/hr\/izjava-o-privatnosti\/\" \/>\n<meta property=\"og:locale\" content=\"hr_HR\" \/>\n<meta property=\"og:type\" content=\"article\" \/>\n<meta property=\"og:title\" content=\"Izjava o privatnosti - Primus R d.o.o.\" \/>\n<meta property=\"og:description\" content=\"Izjava o privatnosti www.primusr.com.\" \/>\n<meta property=\"og:url\" content=\"https:\/\/www.primusr.com\/hr\/izjava-o-privatnosti\/\" \/>\n<meta property=\"og:site_name\" content=\"Primus R d.o.o.\" \/>\n<meta property=\"article:publisher\" content=\"https:\/\/www.facebook.com\/primusrdoo\" \/>\n<meta property=\"article:modified_time\" content=\"2016-03-16T16:00:17+00:00\" \/>\n<meta name=\"twitter:card\" content=\"summary_large_image\" \/>\n<meta name=\"twitter:label1\" content=\"Procijenjeno vrijeme \u010ditanja\" \/>\n\t<meta name=\"twitter:data1\" content=\"2 minute\" \/>\n<script type=\"application\/ld+json\" class=\"yoast-schema-graph\">{\"@context\":\"https:\\\/\\\/schema.org\",\"@graph\":[{\"@type\":\"WebPage\",\"@id\":\"https:\\\/\\\/www.primusr.com\\\/hr\\\/izjava-o-privatnosti\\\/\",\"url\":\"https:\\\/\\\/www.primusr.com\\\/hr\\\/izjava-o-privatnosti\\\/\",\"name\":\"Izjava o privatnosti - Primus R d.o.o.\",\"isPartOf\":{\"@id\":\"https:\\\/\\\/www.primusr.com\\\/#website\"},\"datePublished\":\"2016-02-08T12:15:20+00:00\",\"dateModified\":\"2016-03-16T16:00:17+00:00\",\"description\":\"Izjava o privatnosti www.primusr.com.\",\"breadcrumb\":{\"@id\":\"https:\\\/\\\/www.primusr.com\\\/hr\\\/izjava-o-privatnosti\\\/#breadcrumb\"},\"inLanguage\":\"hr\",\"potentialAction\":[{\"@type\":\"ReadAction\",\"target\":[\"https:\\\/\\\/www.primusr.com\\\/hr\\\/izjava-o-privatnosti\\\/\"]}]},{\"@type\":\"BreadcrumbList\",\"@id\":\"https:\\\/\\\/www.primusr.com\\\/hr\\\/izjava-o-privatnosti\\\/#breadcrumb\",\"itemListElement\":[{\"@type\":\"ListItem\",\"position\":1,\"name\":\"Home\",\"item\":\"https:\\\/\\\/www.primusr.com\\\/hr\\\/\"},{\"@type\":\"ListItem\",\"position\":2,\"name\":\"Izjava o privatnosti\"}]},{\"@type\":\"WebSite\",\"@id\":\"https:\\\/\\\/www.primusr.com\\\/#website\",\"url\":\"https:\\\/\\\/www.primusr.com\\\/\",\"name\":\"Primus R d.o.o.\",\"description\":\"Nautical Flooring\",\"potentialAction\":[{\"@type\":\"SearchAction\",\"target\":{\"@type\":\"EntryPoint\",\"urlTemplate\":\"https:\\\/\\\/www.primusr.com\\\/?s={search_term_string}\"},\"query-input\":{\"@type\":\"PropertyValueSpecification\",\"valueRequired\":true,\"valueName\":\"search_term_string\"}}],\"inLanguage\":\"hr\"}]}<\/script>\n<!-- \/ Yoast SEO plugin. -->","yoast_head_json":{"title":"Izjava o privatnosti - Primus R d.o.o.","description":"Izjava o privatnosti www.primusr.com.","robots":{"index":"index","follow":"follow","max-snippet":"max-snippet:-1","max-image-preview":"max-image-preview:large","max-video-preview":"max-video-preview:-1"},"canonical":"https:\/\/www.primusr.com\/hr\/izjava-o-privatnosti\/","og_locale":"hr_HR","og_type":"article","og_title":"Izjava o privatnosti - Primus R d.o.o.","og_description":"Izjava o privatnosti www.primusr.com.","og_url":"https:\/\/www.primusr.com\/hr\/izjava-o-privatnosti\/","og_site_name":"Primus R d.o.o.","article_publisher":"https:\/\/www.facebook.com\/primusrdoo","article_modified_time":"2016-03-16T16:00:17+00:00","twitter_card":"summary_large_image","twitter_misc":{"Procijenjeno vrijeme \u010ditanja":"2 minute"},"schema":{"@context":"https:\/\/schema.org","@graph":[{"@type":"WebPage","@id":"https:\/\/www.primusr.com\/hr\/izjava-o-privatnosti\/","url":"https:\/\/www.primusr.com\/hr\/izjava-o-privatnosti\/","name":"Izjava o privatnosti - Primus R d.o.o.","isPartOf":{"@id":"https:\/\/www.primusr.com\/#website"},"datePublished":"2016-02-08T12:15:20+00:00","dateModified":"2016-03-16T16:00:17+00:00","description":"Izjava o privatnosti www.primusr.com.","breadcrumb":{"@id":"https:\/\/www.primusr.com\/hr\/izjava-o-privatnosti\/#breadcrumb"},"inLanguage":"hr","potentialAction":[{"@type":"ReadAction","target":["https:\/\/www.primusr.com\/hr\/izjava-o-privatnosti\/"]}]},{"@type":"BreadcrumbList","@id":"https:\/\/www.primusr.com\/hr\/izjava-o-privatnosti\/#breadcrumb","itemListElement":[{"@type":"ListItem","position":1,"name":"Home","item":"https:\/\/www.primusr.com\/hr\/"},{"@type":"ListItem","position":2,"name":"Izjava o privatnosti"}]},{"@type":"WebSite","@id":"https:\/\/www.primusr.com\/#website","url":"https:\/\/www.primusr.com\/","name":"Primus R d.o.o.","description":"Nautical Flooring","potentialAction":[{"@type":"SearchAction","target":{"@type":"EntryPoint","urlTemplate":"https:\/\/www.primusr.com\/?s={search_term_string}"},"query-input":{"@type":"PropertyValueSpecification","valueRequired":true,"valueName":"search_term_string"}}],"inLanguage":"hr"}]}},"_links":{"self":[{"href":"https:\/\/www.primusr.com\/hr\/wp-json\/wp\/v2\/pages\/845","targetHints":{"allow":["GET"]}}],"collection":[{"href":"https:\/\/www.primusr.com\/hr\/wp-json\/wp\/v2\/pages"}],"about":[{"href":"https:\/\/www.primusr.com\/hr\/wp-json\/wp\/v2\/types\/page"}],"author":[{"embeddable":true,"href":"https:\/\/www.primusr.com\/hr\/wp-json\/wp\/v2\/users\/2"}],"replies":[{"embeddable":true,"href":"https:\/\/www.primusr.com\/hr\/wp-json\/wp\/v2\/comments?post=845"}],"version-history":[{"count":0,"href":"https:\/\/www.primusr.com\/hr\/wp-json\/wp\/v2\/pages\/845\/revisions"}],"wp:attachment":[{"href":"https:\/\/www.primusr.com\/hr\/wp-json\/wp\/v2\/media?parent=845"}],"curies":[{"name":"wp","href":"https:\/\/api.w.org\/{rel}","templated":true}]}}