{"id":819,"date":"2015-12-29T20:50:26","date_gmt":"2015-12-29T19:50:26","guid":{"rendered":"https:\/\/www.primusr.com\/hr\/domov\/"},"modified":"2017-06-02T18:01:34","modified_gmt":"2017-06-02T16:01:34","slug":"domov","status":"publish","type":"page","link":"https:\/\/www.primusr.com\/hr\/","title":{"rendered":"Domov"},"content":{"rendered":"<div class=\"wpb-content-wrapper\"><p>[vc_row type=&#8221;3&#8243; margin_top=&#8221;-49px&#8221; padding_top=&#8221;0&#8243; padding_bottom=&#8221;0&#8243; bg_repeat=&#8221;repeat&#8221; bg_cover=&#8221;true&#8221; bg_attachment=&#8221;true&#8221; el_class=&#8221;center&#8221; css=&#8221;.vc_custom_1456440029847{margin-bottom: 0px !important;}&#8221;][vc_column][vc_empty_space height=&#8221;90px&#8221;][vc_column_text]<\/p>\n<h1>Dobro do\u0161li na stanice Primusa R!<\/h1>\n<p>[\/vc_column_text][vc_empty_space height=&#8221;30px&#8221;][vc_column_text el_class=&#8221;text-vecji&#8221;]Mi smo poduze\u0107e koje se bavi svime \u0161to obuhva\u0107a pojam &#8216;nautika&#8217;. Specijalisti smo za sve vrste podnih povr\u0161ina, prirodnih i umjetnih uklju\u010duju\u0107i tepihe, pored toga izra\u0111ujemo prohodne povr\u0161ine za terase, okolice bazena i prilago\u0111avamo se jedinstvenim narud\u017ebama.<br \/>\nNa\u0161 prodajni program obuhva\u0107a ve\u0107inu potrep\u0161tina za rad u nautici, bavimo se i prodajom CNC strojeva.[\/vc_column_text][vc_empty_space height=&#8221;90px&#8221;][\/vc_column][\/vc_row][vc_row el_class=&#8221;glavne-panoge&#8221;][vc_column width=&#8221;1\/3&#8243;][vc_empty_space height=&#8221;70px&#8221;][vc_column_text el_class=&#8221;panoga-button center&#8221;]<style type=\"text\/css\">#dt-btn-1 {color: #3b8ced;border-color: #3b8ced;}#dt-btn-1 > .text-wrap * {color: #3b8ced;}#dt-btn-1:hover {color: #fff;background: #3b8ced;border-color: #3b8ced;}#dt-btn-1:hover > .text-wrap * {color: #fff;}<\/style><a href=\"\/hr\/nautika\/\" class=\"btn-shortcode dt-btn outline-bg-btn custom-btn-color custom-btn-hover-color fadeIn animate-element animation-builder\" id=\"dt-btn-1\"><span><h2>Nautika<\/h2><\/span><\/a>[\/vc_column_text][vc_empty_space height=&#8221;20px&#8221;][vc_row_inner][vc_column_inner width=&#8221;1\/2&#8243;][vc_column_text]<\/p>\n<div class=\"panoga-div\">\n<ul class=\"image-arrow bullet-top\"><\/p>\n<div><a href=\"\/hr\/nautika\/umjetne-povrsine-za-hodanje\/flexiteek\/\"><li><div class=\"wf-table\">\n<div><img decoding=\"async\" src=\"\/wp-content\/uploads\/2016\/02\/flexiteek-circle.png\" class=\"list-img\" alt=\"List item image\" \/><\/div>\n<div>Flexiteek<\/div>\n<\/div>\n<\/li><\/a><\/div>\n<div><a href=\"\/hr\/nautika\/umjetne-povrsine-za-hodanje\/p-deck\/\"><li><div class=\"wf-table\">\n<div><img decoding=\"async\" src=\"\/wp-content\/uploads\/2016\/02\/p-deck-circle.png\" class=\"list-img\" alt=\"List item image\" \/><\/div>\n<div>P deck<\/div>\n<\/div>\n<\/li><\/a><\/div>\n<div><a href=\"\/hr\/nautika\/tikovina\/\"><li><div class=\"wf-table\">\n<div><img decoding=\"async\" src=\"\/wp-content\/uploads\/2016\/02\/tikovina-circle.png\" class=\"list-img\" alt=\"List item image\" \/><\/div>\n<div>Tikovina<\/div>\n<\/div>\n<\/li><\/a><\/div>\n<div><a href=\"\/hr\/nautika\/pasarele\/\"><li><div class=\"wf-table\">\n<div><img decoding=\"async\" src=\"\/wp-content\/uploads\/2016\/02\/pasarela-circle.png\" class=\"list-img\" alt=\"List item image\" \/><\/div>\n<div>Pasarele<\/div>\n<\/div>\n<\/li><\/a><\/div>\n<p><\/ul>\n<\/div>\n<p>[\/vc_column_text][\/vc_column_inner][vc_column_inner width=&#8221;1\/2&#8243;][vc_column_text]<\/p>\n<div class=\"panoga-div\">\n<ul class=\"image-arrow bullet-top\"><\/p>\n<div><a href=\"\/hr\/nautika\/umjetne-povrsine-za-hodanje\/corkline\/\"><li><div class=\"wf-table\">\n<div><img decoding=\"async\" src=\"\/wp-content\/uploads\/2016\/02\/cork-line-circle.png\" class=\"list-img\" alt=\"List item image\" \/><\/div>\n<div>Corkline<\/div>\n<\/div>\n<\/li><\/a><\/div>\n<div><a href=\"\/hr\/nautika\/tepisi\/\"><li><div class=\"wf-table\">\n<div><img decoding=\"async\" src=\"\/wp-content\/uploads\/2016\/02\/marine-tuft-circle.png\" class=\"list-img\" alt=\"List item image\" \/><\/div>\n<div>Tepisi<\/div>\n<\/div>\n<\/li><\/a><\/div>\n<div><a href=\"\/hr\/nautika\/krmne-platforme\/\"><li><div class=\"wf-table\">\n<div><img decoding=\"async\" src=\"\/wp-content\/uploads\/2016\/02\/kopalna-ploscad-circle.png\" class=\"list-img\" alt=\"List item image\" \/><\/div>\n<div>Krmne platforme<\/div>\n<\/div>\n<\/li><\/a><\/div>\n<p><\/ul>\n<\/div>\n<p>[\/vc_column_text][\/vc_column_inner][\/vc_row_inner][\/vc_column][vc_column width=&#8221;1\/3&#8243; css=&#8221;.vc_custom_1455632102149{margin-right: 5px !important;margin-left: 5px !important;}&#8221;][vc_empty_space height=&#8221;70px&#8221;][vc_column_text el_class=&#8221;panoga-button center&#8221;]<style type=\"text\/css\">#dt-btn-2 {color: #3b8ced;border-color: #3b8ced;}#dt-btn-2 > .text-wrap * {color: #3b8ced;}#dt-btn-2:hover {color: #fff;background: #3b8ced;border-color: #3b8ced;}#dt-btn-2:hover > .text-wrap * {color: #fff;}<\/style><a href=\"\/hr\/proizvodi-od-tikovine\/\" class=\"btn-shortcode dt-btn outline-bg-btn custom-btn-color custom-btn-hover-color fadeIn animate-element animation-builder\" id=\"dt-btn-2\"><span><h2>Proizvodi od\u00a0tikovine<\/h2><\/span><\/a>[\/vc_column_text][vc_empty_space height=&#8221;20px&#8221;][vc_row_inner el_class=&#8221;srednja-panoga&#8221;][vc_column_inner width=&#8221;1\/2&#8243;][vc_column_text]<\/p>\n<div class=\"panoga-div\">\n<ul class=\"image-arrow bullet-top\"><\/p>\n<div><a href=\"\/hr\/proizvodi-od-tikovine\/terase-i-bazeni\/\"><li><div class=\"wf-table\">\n<div><img decoding=\"async\" src=\"\/wp-content\/uploads\/2016\/02\/bazen-circle.png\" class=\"list-img\" alt=\"List item image\" \/><\/div>\n<div>Terase i bazeni<\/div>\n<\/div>\n<\/li><\/a><\/div>\n<p><\/ul>\n<\/div>\n<p>[\/vc_column_text][\/vc_column_inner][vc_column_inner width=&#8221;1\/2&#8243;][vc_column_text]<\/p>\n<div class=\"panoga-div\">\n<ul class=\"image-arrow bullet-top\"><\/p>\n<div><a href=\"\/hr\/proizvodi-od-tikovine\/namjestaj\/\"><li><div class=\"wf-table\">\n<div><img decoding=\"async\" src=\"\/wp-content\/uploads\/2016\/02\/pohistvo-circle.png\" class=\"list-img\" alt=\"List item image\" \/><\/div>\n<div>Namje\u0161taj<\/div>\n<\/div>\n<\/li><\/a><\/div>\n<p><\/ul>\n<\/div>\n<p>[\/vc_column_text][\/vc_column_inner][\/vc_row_inner][\/vc_column][vc_column width=&#8221;1\/3&#8243;][vc_empty_space height=&#8221;70px&#8221;][vc_column_text el_class=&#8221;panoga-button center&#8221;]<style type=\"text\/css\">#dt-btn-3 {color: #3b8ced;border-color: #3b8ced;}#dt-btn-3 > .text-wrap * {color: #3b8ced;}#dt-btn-3:hover {color: #fff;background: #3b8ced;border-color: #3b8ced;}#dt-btn-3:hover > .text-wrap * {color: #fff;}<\/style><a href=\"#\" class=\"btn-shortcode dt-btn outline-bg-btn custom-btn-color custom-btn-hover-color fadeIn animate-element animation-builder\" id=\"dt-btn-3\"><span><h2>Ostalo<\/h2><\/span><\/a>[\/vc_column_text][vc_empty_space height=&#8221;20px&#8221;][vc_row_inner][vc_column_inner width=&#8221;1\/2&#8243;][vc_column_text]<\/p>\n<div class=\"panoga-div\">\n<ul class=\"image-arrow bullet-top\"><\/p>\n<div><a href=\"\/navtika\/protizdrsni-premazi\/\" target=\"_blank\" rel=\"noopener noreferrer\"><li><div class=\"wf-table\">\n<div><img decoding=\"async\" src=\"\/wp-content\/uploads\/2015\/12\/gripelast-circle.png\" class=\"list-img\" alt=\"List item image\" \/><\/div>\n<div>Protizdrsni premazi<\/div>\n<\/div>\n<\/li><\/a><\/div>\n<div><a href=\"\/navtika\/mantus-sidra\/\" target=\"_blank\" rel=\"noopener noreferrer\"><li><div class=\"wf-table\">\n<div><img decoding=\"async\" src=\"\/wp-content\/uploads\/2017\/06\/anchor-circle.png\" class=\"list-img\" alt=\"List item image\" \/><\/div>\n<div>Sidra<\/div>\n<\/div>\n<\/li><\/a><\/div>\n<p><\/ul>\n<\/div>\n<p>[\/vc_column_text][\/vc_column_inner][vc_column_inner width=&#8221;1\/2&#8243;][vc_column_text]<\/p>\n<div class=\"panoga-div\">\n<ul class=\"image-arrow bullet-top\"><\/p>\n<div><a href=\"\/navtika\/nastavljivi-sedezi-lezalniki\/\" target=\"_blank\" rel=\"noopener noreferrer\"><li><div class=\"wf-table\">\n<div><img decoding=\"async\" src=\"\/wp-content\/uploads\/2015\/12\/sedezi-circle.png\" class=\"list-img\" alt=\"List item image\" \/><\/div>\n<div>Sede\u017ei in le\u017ealniki<\/div>\n<\/div>\n<\/li><\/a><\/div>\n<p><\/ul>\n<\/div>\n<p>[\/vc_column_text][\/vc_column_inner][\/vc_row_inner][\/vc_column][\/vc_row][vc_row][vc_column][vc_empty_space height=&#8221;70px&#8221;][\/vc_column][\/vc_row][vc_row type=&#8221;2&#8243; margin_top=&#8221;0&#8243; padding_top=&#8221;0&#8243; padding_bottom=&#8221;0&#8243; css=&#8221;.vc_custom_1456621556507{margin-bottom: -50px !important;}&#8221; el_class=&#8221;novice-row&#8221;][vc_column][vc_empty_space height=&#8221;80px&#8221;][vc_column_text el_class=&#8221;center&#8221;]<\/p>\n<h2>Novosti<\/h2>\n<p>[\/vc_column_text][vc_empty_space height=&#8221;30px&#8221;]<section class=\"items-grid wf-container round-images\"><div class=\"wf-cell wf-1-3\"><article class=\"post-format-standard\"><div class=\"mini-post-img\"><a class=\"alignleft post-rollover no-avatar\" href=\"https:\/\/www.primusr.com\/hr\/sejmi\/\"  style=\"width:60px; height: 60px;\" aria-label=\"Post image\"><\/a><\/div><div class=\"post-content\"><a href=\"https:\/\/www.primusr.com\/hr\/sejmi\/\">Sejmi<\/a><br \/><time class=\"text-secondary\" datetime=\"2018-02-25T16:23:22+01:00\">25. velja\u010de 2018.<\/time><\/div><\/article><\/div><div class=\"wf-cell wf-1-3\"><article class=\"post-format-standard\"><div class=\"mini-post-img\"><a class=\"alignleft post-rollover layzr-bg\" href=\"https:\/\/www.primusr.com\/hr\/boat-show-tulln-2016\/\" aria-label=\"Post image\"><img decoding=\"async\" class=\"preload-me lazy-load aspect\" src=\"data:image\/svg+xml,%3Csvg%20xmlns%3D&#39;http%3A%2F%2Fwww.w3.org%2F2000%2Fsvg&#39;%20viewBox%3D&#39;0%200%2060%2060&#39;%2F%3E\" data-src=\"https:\/\/www.primusr.com\/wp-content\/uploads\/2016\/02\/boat-show-tulln-2016-60x60.jpg\" data-srcset=\"https:\/\/www.primusr.com\/wp-content\/uploads\/2016\/02\/boat-show-tulln-2016-60x60.jpg 60w, https:\/\/www.primusr.com\/wp-content\/uploads\/2016\/02\/boat-show-tulln-2016-120x120.jpg 120w\" loading=\"eager\" style=\"--ratio: 60 \/ 60\" sizes=\"(max-width: 60px) 100vw, 60px\" width=\"60\" height=\"60\"  alt=\"\" \/><\/a><\/div><div class=\"post-content\"><a href=\"https:\/\/www.primusr.com\/hr\/boat-show-tulln-2016\/\">Boat Show Tulln 2016 &#8211; 3.3 \u2013 6.3<\/a><br \/><time class=\"text-secondary\" datetime=\"2016-02-27T21:43:13+01:00\">27. velja\u010de 2016.<\/time><\/div><\/article><\/div><div class=\"wf-cell wf-1-3\"><article class=\"post-format-standard\"><div class=\"mini-post-img\"><a class=\"alignleft post-rollover layzr-bg\" href=\"https:\/\/www.primusr.com\/hr\/zagreb-boat-show-2016\/\" aria-label=\"Post image\"><img decoding=\"async\" class=\"preload-me lazy-load aspect\" src=\"data:image\/svg+xml,%3Csvg%20xmlns%3D&#39;http%3A%2F%2Fwww.w3.org%2F2000%2Fsvg&#39;%20viewBox%3D&#39;0%200%2060%2060&#39;%2F%3E\" data-src=\"https:\/\/www.primusr.com\/wp-content\/uploads\/2016\/02\/boat-show-zagreb-2016-60x60.jpg\" data-srcset=\"https:\/\/www.primusr.com\/wp-content\/uploads\/2016\/02\/boat-show-zagreb-2016-60x60.jpg 60w, https:\/\/www.primusr.com\/wp-content\/uploads\/2016\/02\/boat-show-zagreb-2016-120x120.jpg 120w\" loading=\"eager\" style=\"--ratio: 60 \/ 60\" sizes=\"(max-width: 60px) 100vw, 60px\" width=\"60\" height=\"60\"  alt=\"\" \/><\/a><\/div><div class=\"post-content\"><a href=\"https:\/\/www.primusr.com\/hr\/zagreb-boat-show-2016\/\">Zagreb Boat Show 2016 &#8211; 17.2 \u2013 21.2<\/a><br \/><time class=\"text-secondary\" datetime=\"2016-02-17T13:33:51+01:00\">17. velja\u010de 2016.<\/time><\/div><\/article><\/div><\/section>[vc_empty_space height=&#8221;80px&#8221;][\/vc_column][\/vc_row][vc_row type=&#8221;1&#8243; margin_top=&#8221;0&#8243; margin_bottom=&#8221;0&#8243; padding_top=&#8221;0&#8243; padding_bottom=&#8221;0&#8243;][vc_column][vc_empty_space height=&#8221;60px&#8221;][vc_row_inner][vc_column_inner width=&#8221;1\/2&#8243;][vc_column_text]<\/p>\n<h2>Nautika<\/h2>\n<p>[\/vc_column_text][vc_empty_space height=&#8221;20px&#8221;][vc_column_text]Sve \u0161to obuhva\u0107a pojam <strong>nautika<\/strong> na jednom mjestu. Prohodne povr\u0161ine, tepisi, sun\u010dali\u0161ta&#8230; Sve za va\u0161e plovilo![\/vc_column_text][vc_empty_space height=&#8221;20px&#8221;][vc_btn title=&#8221;Nautika&#8221; style=&#8221;outline&#8221; color=&#8221;primary&#8221; size=&#8221;sm&#8221; link=&#8221;url:%2Fhr%2Fnautika%2F||&#8221;][\/vc_column_inner][vc_column_inner width=&#8221;1\/2&#8243;][vc_column_text]<img decoding=\"async\" class=\"alignnone size-medium wp-image-752\" src=\"https:\/\/www.primusr.com\/wp-content\/uploads\/2015\/12\/navtika-p.jpg\" alt=\"navtika-p\" width=\"300\" height=\"300\" srcset=\"https:\/\/www.primusr.com\/wp-content\/uploads\/2015\/12\/navtika-p.jpg 300w, https:\/\/www.primusr.com\/wp-content\/uploads\/2015\/12\/navtika-p-150x150.jpg 150w\" sizes=\"(max-width: 300px) 100vw, 300px\" \/>[\/vc_column_text][\/vc_column_inner][\/vc_row_inner][vc_empty_space height=&#8221;60px&#8221;][\/vc_column][\/vc_row][vc_row][vc_column][vc_empty_space height=&#8221;60px&#8221;][vc_row_inner][vc_column_inner el_class=&#8221;center&#8221; width=&#8221;1\/2&#8243;][vc_column_text]<img decoding=\"async\" class=\"alignnone size-medium wp-image-756\" src=\"https:\/\/www.primusr.com\/wp-content\/uploads\/2015\/12\/terase-bazeni-p.jpg\" alt=\"terase-bazeni-p\" width=\"300\" height=\"300\" srcset=\"https:\/\/www.primusr.com\/wp-content\/uploads\/2015\/12\/terase-bazeni-p.jpg 300w, https:\/\/www.primusr.com\/wp-content\/uploads\/2015\/12\/terase-bazeni-p-150x150.jpg 150w\" sizes=\"(max-width: 300px) 100vw, 300px\" \/>[\/vc_column_text][\/vc_column_inner][vc_column_inner width=&#8221;1\/2&#8243;][vc_column_text]<\/p>\n<h2>Proizvodi od tikovine<\/h2>\n<p>[\/vc_column_text][vc_empty_space height=&#8221;20px&#8221;][vc_column_text]Od <strong>tikovine<\/strong> izra\u0111ujemo razne dodatke kao \u0161to su kuhinje u kokpitu, izra\u0111ujemo re\u0161etke pasarel, obnavljamo i mijenjamo fuge na palubama od tikovine. Od tikovine izra\u0111ujemo i prohodne povr\u0161ine.[\/vc_column_text][vc_empty_space height=&#8221;20px&#8221;][vc_btn title=&#8221;Proizvodi od tikovine&#8221; style=&#8221;outline&#8221; color=&#8221;primary&#8221; size=&#8221;sm&#8221; link=&#8221;url:%2Fhr%2Fproizvodi-od-tikovine%2F||&#8221;][\/vc_column_inner][\/vc_row_inner][vc_empty_space height=&#8221;60px&#8221;][\/vc_column][\/vc_row]<\/p>\n<\/div>","protected":false},"excerpt":{"rendered":"<p>[vc_row type=&#8221;3&#8243; margin_top=&#8221;-49px&#8221; padding_top=&#8221;0&#8243; padding_bottom=&#8221;0&#8243; bg_repeat=&#8221;repeat&#8221; bg_cover=&#8221;true&#8221; bg_attachment=&#8221;true&#8221; el_class=&#8221;center&#8221; css=&#8221;.vc_custom_1456440029847{margin-bottom: 0px !important;}&#8221;][vc_column][vc_empty_space height=&#8221;90px&#8221;][vc_column_text] Dobro do\u0161li na stanice Primusa R! [\/vc_column_text][vc_empty_space height=&#8221;30px&#8221;][vc_column_text el_class=&#8221;text-vecji&#8221;]Mi smo poduze\u0107e koje se bavi svime \u0161to obuhva\u0107a pojam &#8216;nautika&#8217;. Specijalisti smo za sve vrste podnih povr\u0161ina, prirodnih i umjetnih uklju\u010duju\u0107i tepihe, pored toga izra\u0111ujemo prohodne povr\u0161ine za terase, okolice bazena i prilago\u0111avamo&hellip;<\/p>\n","protected":false},"author":2,"featured_media":1534,"parent":0,"menu_order":0,"comment_status":"closed","ping_status":"closed","template":"","meta":{"footnotes":""},"class_list":["post-819","page","type-page","status-publish","has-post-thumbnail","hentry","description-off"],"yoast_head":"<!-- This site is optimized with the Yoast SEO plugin v27.5 - https:\/\/yoast.com\/product\/yoast-seo-wordpress\/ -->\n<title>Primus R d.o.o.<\/title>\n<meta name=\"description\" content=\"Mi smo poduze\u0107e koje se bavi nautikom. Specijalisti smo za sve vrste prohodnih povr\u0161ina, prirodnih i umjetnih uklju\u010duju\u0107i tepihe.\" \/>\n<meta name=\"robots\" content=\"index, follow, max-snippet:-1, max-image-preview:large, max-video-preview:-1\" \/>\n<link rel=\"canonical\" href=\"https:\/\/www.primusr.com\/hr\/\" \/>\n<meta property=\"og:locale\" content=\"hr_HR\" \/>\n<meta property=\"og:type\" content=\"article\" \/>\n<meta property=\"og:title\" content=\"Primus R d.o.o.\" \/>\n<meta property=\"og:description\" content=\"Mi smo poduze\u0107e koje se bavi nautikom. Specijalisti smo za sve vrste prohodnih povr\u0161ina, prirodnih i umjetnih uklju\u010duju\u0107i tepihe.\" \/>\n<meta property=\"og:url\" content=\"https:\/\/www.primusr.com\/hr\/\" \/>\n<meta property=\"og:site_name\" content=\"Primus R d.o.o.\" \/>\n<meta property=\"article:publisher\" content=\"https:\/\/www.facebook.com\/primusrdoo\" \/>\n<meta property=\"article:modified_time\" content=\"2017-06-02T16:01:34+00:00\" \/>\n<meta property=\"og:image\" content=\"https:\/\/www.primusr.com\/wp-content\/uploads\/2016\/01\/primusr-marine-logo.png\" \/>\n\t<meta property=\"og:image:width\" content=\"273\" \/>\n\t<meta property=\"og:image:height\" content=\"133\" \/>\n\t<meta property=\"og:image:type\" content=\"image\/png\" \/>\n<meta name=\"twitter:card\" content=\"summary_large_image\" \/>\n<meta name=\"twitter:label1\" content=\"Procijenjeno vrijeme \u010ditanja\" \/>\n\t<meta name=\"twitter:data1\" content=\"5 minuta\" \/>\n<script type=\"application\/ld+json\" class=\"yoast-schema-graph\">{\"@context\":\"https:\\\/\\\/schema.org\",\"@graph\":[{\"@type\":\"WebPage\",\"@id\":\"https:\\\/\\\/www.primusr.com\\\/hr\\\/\",\"url\":\"https:\\\/\\\/www.primusr.com\\\/hr\\\/\",\"name\":\"Primus R d.o.o.\",\"isPartOf\":{\"@id\":\"https:\\\/\\\/www.primusr.com\\\/#website\"},\"primaryImageOfPage\":{\"@id\":\"https:\\\/\\\/www.primusr.com\\\/hr\\\/#primaryimage\"},\"image\":{\"@id\":\"https:\\\/\\\/www.primusr.com\\\/hr\\\/#primaryimage\"},\"thumbnailUrl\":\"https:\\\/\\\/www.primusr.com\\\/wp-content\\\/uploads\\\/2016\\\/01\\\/primusr-marine-logo.png\",\"datePublished\":\"2015-12-29T19:50:26+00:00\",\"dateModified\":\"2017-06-02T16:01:34+00:00\",\"description\":\"Mi smo poduze\u0107e koje se bavi nautikom. Specijalisti smo za sve vrste prohodnih povr\u0161ina, prirodnih i umjetnih uklju\u010duju\u0107i tepihe.\",\"breadcrumb\":{\"@id\":\"https:\\\/\\\/www.primusr.com\\\/hr\\\/#breadcrumb\"},\"inLanguage\":\"hr\",\"potentialAction\":[{\"@type\":\"ReadAction\",\"target\":[\"https:\\\/\\\/www.primusr.com\\\/hr\\\/\"]}]},{\"@type\":\"ImageObject\",\"inLanguage\":\"hr\",\"@id\":\"https:\\\/\\\/www.primusr.com\\\/hr\\\/#primaryimage\",\"url\":\"https:\\\/\\\/www.primusr.com\\\/wp-content\\\/uploads\\\/2016\\\/01\\\/primusr-marine-logo.png\",\"contentUrl\":\"https:\\\/\\\/www.primusr.com\\\/wp-content\\\/uploads\\\/2016\\\/01\\\/primusr-marine-logo.png\",\"width\":273,\"height\":133},{\"@type\":\"BreadcrumbList\",\"@id\":\"https:\\\/\\\/www.primusr.com\\\/hr\\\/#breadcrumb\",\"itemListElement\":[{\"@type\":\"ListItem\",\"position\":1,\"name\":\"Home\",\"item\":\"https:\\\/\\\/www.primusr.com\\\/hr\\\/\"},{\"@type\":\"ListItem\",\"position\":2,\"name\":\"Domov\"}]},{\"@type\":\"WebSite\",\"@id\":\"https:\\\/\\\/www.primusr.com\\\/#website\",\"url\":\"https:\\\/\\\/www.primusr.com\\\/\",\"name\":\"Primus R d.o.o.\",\"description\":\"Nautical Flooring\",\"potentialAction\":[{\"@type\":\"SearchAction\",\"target\":{\"@type\":\"EntryPoint\",\"urlTemplate\":\"https:\\\/\\\/www.primusr.com\\\/?s={search_term_string}\"},\"query-input\":{\"@type\":\"PropertyValueSpecification\",\"valueRequired\":true,\"valueName\":\"search_term_string\"}}],\"inLanguage\":\"hr\"}]}<\/script>\n<!-- \/ Yoast SEO plugin. -->","yoast_head_json":{"title":"Primus R d.o.o.","description":"Mi smo poduze\u0107e koje se bavi nautikom. Specijalisti smo za sve vrste prohodnih povr\u0161ina, prirodnih i umjetnih uklju\u010duju\u0107i tepihe.","robots":{"index":"index","follow":"follow","max-snippet":"max-snippet:-1","max-image-preview":"max-image-preview:large","max-video-preview":"max-video-preview:-1"},"canonical":"https:\/\/www.primusr.com\/hr\/","og_locale":"hr_HR","og_type":"article","og_title":"Primus R d.o.o.","og_description":"Mi smo poduze\u0107e koje se bavi nautikom. Specijalisti smo za sve vrste prohodnih povr\u0161ina, prirodnih i umjetnih uklju\u010duju\u0107i tepihe.","og_url":"https:\/\/www.primusr.com\/hr\/","og_site_name":"Primus R d.o.o.","article_publisher":"https:\/\/www.facebook.com\/primusrdoo","article_modified_time":"2017-06-02T16:01:34+00:00","og_image":[{"width":273,"height":133,"url":"https:\/\/www.primusr.com\/wp-content\/uploads\/2016\/01\/primusr-marine-logo.png","type":"image\/png"}],"twitter_card":"summary_large_image","twitter_misc":{"Procijenjeno vrijeme \u010ditanja":"5 minuta"},"schema":{"@context":"https:\/\/schema.org","@graph":[{"@type":"WebPage","@id":"https:\/\/www.primusr.com\/hr\/","url":"https:\/\/www.primusr.com\/hr\/","name":"Primus R d.o.o.","isPartOf":{"@id":"https:\/\/www.primusr.com\/#website"},"primaryImageOfPage":{"@id":"https:\/\/www.primusr.com\/hr\/#primaryimage"},"image":{"@id":"https:\/\/www.primusr.com\/hr\/#primaryimage"},"thumbnailUrl":"https:\/\/www.primusr.com\/wp-content\/uploads\/2016\/01\/primusr-marine-logo.png","datePublished":"2015-12-29T19:50:26+00:00","dateModified":"2017-06-02T16:01:34+00:00","description":"Mi smo poduze\u0107e koje se bavi nautikom. Specijalisti smo za sve vrste prohodnih povr\u0161ina, prirodnih i umjetnih uklju\u010duju\u0107i tepihe.","breadcrumb":{"@id":"https:\/\/www.primusr.com\/hr\/#breadcrumb"},"inLanguage":"hr","potentialAction":[{"@type":"ReadAction","target":["https:\/\/www.primusr.com\/hr\/"]}]},{"@type":"ImageObject","inLanguage":"hr","@id":"https:\/\/www.primusr.com\/hr\/#primaryimage","url":"https:\/\/www.primusr.com\/wp-content\/uploads\/2016\/01\/primusr-marine-logo.png","contentUrl":"https:\/\/www.primusr.com\/wp-content\/uploads\/2016\/01\/primusr-marine-logo.png","width":273,"height":133},{"@type":"BreadcrumbList","@id":"https:\/\/www.primusr.com\/hr\/#breadcrumb","itemListElement":[{"@type":"ListItem","position":1,"name":"Home","item":"https:\/\/www.primusr.com\/hr\/"},{"@type":"ListItem","position":2,"name":"Domov"}]},{"@type":"WebSite","@id":"https:\/\/www.primusr.com\/#website","url":"https:\/\/www.primusr.com\/","name":"Primus R d.o.o.","description":"Nautical Flooring","potentialAction":[{"@type":"SearchAction","target":{"@type":"EntryPoint","urlTemplate":"https:\/\/www.primusr.com\/?s={search_term_string}"},"query-input":{"@type":"PropertyValueSpecification","valueRequired":true,"valueName":"search_term_string"}}],"inLanguage":"hr"}]}},"_links":{"self":[{"href":"https:\/\/www.primusr.com\/hr\/wp-json\/wp\/v2\/pages\/819","targetHints":{"allow":["GET"]}}],"collection":[{"href":"https:\/\/www.primusr.com\/hr\/wp-json\/wp\/v2\/pages"}],"about":[{"href":"https:\/\/www.primusr.com\/hr\/wp-json\/wp\/v2\/types\/page"}],"author":[{"embeddable":true,"href":"https:\/\/www.primusr.com\/hr\/wp-json\/wp\/v2\/users\/2"}],"replies":[{"embeddable":true,"href":"https:\/\/www.primusr.com\/hr\/wp-json\/wp\/v2\/comments?post=819"}],"version-history":[{"count":0,"href":"https:\/\/www.primusr.com\/hr\/wp-json\/wp\/v2\/pages\/819\/revisions"}],"wp:featuredmedia":[{"embeddable":true,"href":"https:\/\/www.primusr.com\/hr\/wp-json\/wp\/v2\/media\/1534"}],"wp:attachment":[{"href":"https:\/\/www.primusr.com\/hr\/wp-json\/wp\/v2\/media?parent=819"}],"curies":[{"name":"wp","href":"https:\/\/api.w.org\/{rel}","templated":true}]}}