{"id":1200,"date":"2016-01-31T14:44:34","date_gmt":"2016-01-31T13:44:34","guid":{"rendered":"https:\/\/www.primusr.com\/hr\/nautika\/umjetne-povrsine-za-hodanje\/corkline\/"},"modified":"2016-03-29T20:22:06","modified_gmt":"2016-03-29T18:22:06","slug":"corkline","status":"publish","type":"page","link":"https:\/\/www.primusr.com\/hr\/nautika\/umjetne-povrsine-za-hodanje\/corkline\/","title":{"rendered":"Corkline"},"content":{"rendered":"<div class=\"wpb-content-wrapper\"><p>[vc_row][vc_column][vc_column_text el_class=&#8221;center&#8221;]<\/p>\n<h2><span lang=\"HR\">Corkline &#8211; moderan materijal na prirodnoj osnovi s prednostima tehnolo\u0161kih inovacija<\/span><\/h2>\n<p>[\/vc_column_text][vc_empty_space height=&#8221;40px&#8221;][vc_row_inner][vc_column_inner width=&#8221;1\/2&#8243;][vc_column_text]Corkline donosi potpuno novu dimenziju, namijenjen je za uporabu na otvorenom. Zahvaljuju\u0107i visokoj kvaliteti, u kombinaciji zrnastog pluta, Corkline \u0107e o\u010duvati \u017eivahnosti i toplinu prirodnih materijala s iznimnim tehni\u010dkim svojstvima.<\/p>\n<p>Otporan je na:<\/p>\n<ul>\n<li>atmosferske uvjete<\/li>\n<li>masno\u0107e<\/li>\n<li>klizanje<\/li>\n<li>udarce<\/li>\n<li>pritiske<\/li>\n<li>ogrebotine<\/li>\n<li>poderotine<\/li>\n<li>mrlje<\/li>\n<\/ul>\n<p>Corkline je posebno izra\u0111en za ugradnju na vanjskim i unutra\u0161njim povr\u0161inama na svim vrstama plovila, ba\u0161 zbog toga je primjeren za druge povr\u0161ine koje zahtijevaju monta\u017eu na podru\u010djima koji su izlo\u017eeni vremenskim uvjetima (na primjer vanjske terase itd.). Predstavlja odli\u010dnu, jeftiniju alternativu za tikovinu.<\/p>\n<p>Uzmite u obzir da je za prirodne materijale zna\u010dajka gubitak boje odnosno odsjaja zbog utjecaja sunca. Taj u\u010dinak mo\u017eete izbje\u0107i odnosno sprije\u010diti premazom povr\u0161ine tikovim uljem. Taj postupak osigurava dugoro\u010dno svje\u017e i prirodan izgled tla Corkline.[\/vc_column_text][\/vc_column_inner][vc_column_inner width=&#8221;1\/2&#8243;]<div class=\"wf-container dt-gallery-container dt-photos-shortcode loading-effect-none iso-container\" data-padding=\"2px\" data-cur-page=\"1\" data-width=\"150px\" data-columns=\"3\" data-pretty-share=\"facebook,twitter,pinterest,linkedin\"><div class=\"wf-cell iso-item\" data-post-id=\"1807\" data-date=\"2016-02-15T13:21:11+01:00\" data-name=\"corkline-9\">\n<article class=\"post post-1807 attachment type-attachment status-inherit hentry no-img description-off\">\n\n\t<figure class=\"rollover-project links-hovers-disabled\">\n\t<a href=\"https:\/\/www.primusr.com\/wp-content\/uploads\/2016\/02\/corkline-9.jpg\" class=\"rollover rollover-zoom dt-pswp-item layzr-bg\" title=\"corkline-9\" data-dt-img-description=\"\"  data-large_image_width=\"578\" data-large_image_height = \"600\"  data-dt-location=\"https:\/\/www.primusr.com\/hr\/album\/corkline\/corkline-9-2\/\" ><img fetchpriority=\"high\" decoding=\"async\" class=\"preload-me iso-lazy-load aspect\" src=\"data:image\/svg+xml,%3Csvg%20xmlns%3D&#39;http%3A%2F%2Fwww.w3.org%2F2000%2Fsvg&#39;%20viewBox%3D&#39;0%200%20225%20234&#39;%2F%3E\" data-src=\"https:\/\/www.primusr.com\/wp-content\/uploads\/2016\/02\/corkline-9-225x234.jpg\" data-srcset=\"https:\/\/www.primusr.com\/wp-content\/uploads\/2016\/02\/corkline-9-225x234.jpg 225w, https:\/\/www.primusr.com\/wp-content\/uploads\/2016\/02\/corkline-9-450x468.jpg 450w\" loading=\"eager\" style=\"--ratio: 225 \/ 234\" sizes=\"(max-width: 225px) 100vw, 225px\" alt=\"\" width=\"225\" height=\"234\"  \/><\/a>\t<\/figure>\n<\/article>\n\n<\/div><div class=\"wf-cell iso-item\" data-post-id=\"1810\" data-date=\"2016-02-15T13:21:15+01:00\" data-name=\"corkline-1\">\n<article class=\"post post-1810 attachment type-attachment status-inherit hentry no-img description-off\">\n\n\t<figure class=\"rollover-project links-hovers-disabled\">\n\t<a href=\"https:\/\/www.primusr.com\/wp-content\/uploads\/2016\/02\/corkline-1.jpg\" class=\"rollover rollover-zoom dt-pswp-item layzr-bg\" title=\"corkline-1\" data-dt-img-description=\"\"  data-large_image_width=\"800\" data-large_image_height = \"600\"  data-dt-location=\"https:\/\/www.primusr.com\/hr\/album\/corkline\/corkline-1-2\/\" ><img decoding=\"async\" class=\"preload-me iso-lazy-load aspect\" src=\"data:image\/svg+xml,%3Csvg%20xmlns%3D&#39;http%3A%2F%2Fwww.w3.org%2F2000%2Fsvg&#39;%20viewBox%3D&#39;0%200%20225%20169&#39;%2F%3E\" data-src=\"https:\/\/www.primusr.com\/wp-content\/uploads\/2016\/02\/corkline-1-225x169.jpg\" data-srcset=\"https:\/\/www.primusr.com\/wp-content\/uploads\/2016\/02\/corkline-1-225x169.jpg 225w, https:\/\/www.primusr.com\/wp-content\/uploads\/2016\/02\/corkline-1-450x338.jpg 450w\" loading=\"eager\" style=\"--ratio: 225 \/ 169\" sizes=\"(max-width: 225px) 100vw, 225px\" alt=\"\" width=\"225\" height=\"169\"  \/><\/a>\t<\/figure>\n<\/article>\n\n<\/div><div class=\"wf-cell iso-item\" data-post-id=\"1813\" data-date=\"2016-02-15T13:21:19+01:00\" data-name=\"corkline-2\">\n<article class=\"post post-1813 attachment type-attachment status-inherit hentry no-img description-off\">\n\n\t<figure class=\"rollover-project links-hovers-disabled\">\n\t<a href=\"https:\/\/www.primusr.com\/wp-content\/uploads\/2016\/02\/corkline-2.jpg\" class=\"rollover rollover-zoom dt-pswp-item layzr-bg\" title=\"corkline-2\" data-dt-img-description=\"\"  data-large_image_width=\"800\" data-large_image_height = \"600\"  data-dt-location=\"https:\/\/www.primusr.com\/hr\/album\/corkline\/corkline-2-2\/\" ><img decoding=\"async\" class=\"preload-me iso-lazy-load aspect\" src=\"data:image\/svg+xml,%3Csvg%20xmlns%3D&#39;http%3A%2F%2Fwww.w3.org%2F2000%2Fsvg&#39;%20viewBox%3D&#39;0%200%20225%20169&#39;%2F%3E\" data-src=\"https:\/\/www.primusr.com\/wp-content\/uploads\/2016\/02\/corkline-2-225x169.jpg\" data-srcset=\"https:\/\/www.primusr.com\/wp-content\/uploads\/2016\/02\/corkline-2-225x169.jpg 225w, https:\/\/www.primusr.com\/wp-content\/uploads\/2016\/02\/corkline-2-450x338.jpg 450w\" loading=\"eager\" style=\"--ratio: 225 \/ 169\" sizes=\"(max-width: 225px) 100vw, 225px\" alt=\"\" width=\"225\" height=\"169\"  \/><\/a>\t<\/figure>\n<\/article>\n\n<\/div><div class=\"wf-cell iso-item\" data-post-id=\"1816\" data-date=\"2016-02-15T13:21:22+01:00\" data-name=\"corkline-3\">\n<article class=\"post post-1816 attachment type-attachment status-inherit hentry no-img description-off\">\n\n\t<figure class=\"rollover-project links-hovers-disabled\">\n\t<a href=\"https:\/\/www.primusr.com\/wp-content\/uploads\/2016\/02\/corkline-3.jpg\" class=\"rollover rollover-zoom dt-pswp-item layzr-bg\" title=\"corkline-3\" data-dt-img-description=\"\"  data-large_image_width=\"800\" data-large_image_height = \"600\"  data-dt-location=\"https:\/\/www.primusr.com\/hr\/album\/corkline\/corkline-3-2\/\" ><img decoding=\"async\" class=\"preload-me iso-lazy-load aspect\" src=\"data:image\/svg+xml,%3Csvg%20xmlns%3D&#39;http%3A%2F%2Fwww.w3.org%2F2000%2Fsvg&#39;%20viewBox%3D&#39;0%200%20225%20169&#39;%2F%3E\" data-src=\"https:\/\/www.primusr.com\/wp-content\/uploads\/2016\/02\/corkline-3-225x169.jpg\" data-srcset=\"https:\/\/www.primusr.com\/wp-content\/uploads\/2016\/02\/corkline-3-225x169.jpg 225w, https:\/\/www.primusr.com\/wp-content\/uploads\/2016\/02\/corkline-3-450x338.jpg 450w\" loading=\"eager\" style=\"--ratio: 225 \/ 169\" sizes=\"(max-width: 225px) 100vw, 225px\" alt=\"\" width=\"225\" height=\"169\"  \/><\/a>\t<\/figure>\n<\/article>\n\n<\/div><div class=\"wf-cell iso-item\" data-post-id=\"1819\" data-date=\"2016-02-15T13:21:26+01:00\" data-name=\"corkline-4\">\n<article class=\"post post-1819 attachment type-attachment status-inherit hentry no-img description-off\">\n\n\t<figure class=\"rollover-project links-hovers-disabled\">\n\t<a href=\"https:\/\/www.primusr.com\/wp-content\/uploads\/2016\/02\/corkline-4.jpg\" class=\"rollover rollover-zoom dt-pswp-item layzr-bg\" title=\"corkline-4\" data-dt-img-description=\"\"  data-large_image_width=\"800\" data-large_image_height = \"600\"  data-dt-location=\"https:\/\/www.primusr.com\/hr\/album\/corkline\/corkline-4-2\/\" ><img decoding=\"async\" class=\"preload-me iso-lazy-load aspect\" src=\"data:image\/svg+xml,%3Csvg%20xmlns%3D&#39;http%3A%2F%2Fwww.w3.org%2F2000%2Fsvg&#39;%20viewBox%3D&#39;0%200%20225%20169&#39;%2F%3E\" data-src=\"https:\/\/www.primusr.com\/wp-content\/uploads\/2016\/02\/corkline-4-225x169.jpg\" data-srcset=\"https:\/\/www.primusr.com\/wp-content\/uploads\/2016\/02\/corkline-4-225x169.jpg 225w, https:\/\/www.primusr.com\/wp-content\/uploads\/2016\/02\/corkline-4-450x338.jpg 450w\" loading=\"eager\" style=\"--ratio: 225 \/ 169\" sizes=\"(max-width: 225px) 100vw, 225px\" alt=\"\" width=\"225\" height=\"169\"  \/><\/a>\t<\/figure>\n<\/article>\n\n<\/div><div class=\"wf-cell iso-item\" data-post-id=\"1822\" data-date=\"2016-02-15T13:21:30+01:00\" data-name=\"corkline-5\">\n<article class=\"post post-1822 attachment type-attachment status-inherit hentry no-img description-off\">\n\n\t<figure class=\"rollover-project links-hovers-disabled\">\n\t<a href=\"https:\/\/www.primusr.com\/wp-content\/uploads\/2016\/02\/corkline-5.jpg\" class=\"rollover rollover-zoom dt-pswp-item layzr-bg\" title=\"corkline-5\" data-dt-img-description=\"\"  data-large_image_width=\"800\" data-large_image_height = \"600\"  data-dt-location=\"https:\/\/www.primusr.com\/hr\/album\/corkline\/corkline-5-2\/\" ><img decoding=\"async\" class=\"preload-me iso-lazy-load aspect\" src=\"data:image\/svg+xml,%3Csvg%20xmlns%3D&#39;http%3A%2F%2Fwww.w3.org%2F2000%2Fsvg&#39;%20viewBox%3D&#39;0%200%20225%20169&#39;%2F%3E\" data-src=\"https:\/\/www.primusr.com\/wp-content\/uploads\/2016\/02\/corkline-5-225x169.jpg\" data-srcset=\"https:\/\/www.primusr.com\/wp-content\/uploads\/2016\/02\/corkline-5-225x169.jpg 225w, https:\/\/www.primusr.com\/wp-content\/uploads\/2016\/02\/corkline-5-450x338.jpg 450w\" loading=\"eager\" style=\"--ratio: 225 \/ 169\" sizes=\"(max-width: 225px) 100vw, 225px\" alt=\"\" width=\"225\" height=\"169\"  \/><\/a>\t<\/figure>\n<\/article>\n\n<\/div><div class=\"wf-cell iso-item\" data-post-id=\"1825\" data-date=\"2016-02-15T13:21:33+01:00\" data-name=\"corkline-6\">\n<article class=\"post post-1825 attachment type-attachment status-inherit hentry no-img description-off\">\n\n\t<figure class=\"rollover-project links-hovers-disabled\">\n\t<a href=\"https:\/\/www.primusr.com\/wp-content\/uploads\/2016\/02\/corkline-6.jpg\" class=\"rollover rollover-zoom dt-pswp-item layzr-bg\" title=\"corkline-6\" data-dt-img-description=\"\"  data-large_image_width=\"800\" data-large_image_height = \"600\"  data-dt-location=\"https:\/\/www.primusr.com\/hr\/album\/corkline\/corkline-6-2\/\" ><img decoding=\"async\" class=\"preload-me iso-lazy-load aspect\" src=\"data:image\/svg+xml,%3Csvg%20xmlns%3D&#39;http%3A%2F%2Fwww.w3.org%2F2000%2Fsvg&#39;%20viewBox%3D&#39;0%200%20225%20169&#39;%2F%3E\" data-src=\"https:\/\/www.primusr.com\/wp-content\/uploads\/2016\/02\/corkline-6-225x169.jpg\" data-srcset=\"https:\/\/www.primusr.com\/wp-content\/uploads\/2016\/02\/corkline-6-225x169.jpg 225w, https:\/\/www.primusr.com\/wp-content\/uploads\/2016\/02\/corkline-6-450x338.jpg 450w\" loading=\"eager\" style=\"--ratio: 225 \/ 169\" sizes=\"(max-width: 225px) 100vw, 225px\" alt=\"\" width=\"225\" height=\"169\"  \/><\/a>\t<\/figure>\n<\/article>\n\n<\/div><div class=\"wf-cell iso-item\" data-post-id=\"1828\" data-date=\"2016-02-15T13:21:37+01:00\" data-name=\"corkline-7\">\n<article class=\"post post-1828 attachment type-attachment status-inherit hentry no-img description-off\">\n\n\t<figure class=\"rollover-project links-hovers-disabled\">\n\t<a href=\"https:\/\/www.primusr.com\/wp-content\/uploads\/2016\/02\/corkline-7.jpg\" class=\"rollover rollover-zoom dt-pswp-item layzr-bg\" title=\"corkline-7\" data-dt-img-description=\"\"  data-large_image_width=\"800\" data-large_image_height = \"600\"  data-dt-location=\"https:\/\/www.primusr.com\/hr\/album\/corkline\/corkline-7-2\/\" ><img decoding=\"async\" class=\"preload-me iso-lazy-load aspect\" src=\"data:image\/svg+xml,%3Csvg%20xmlns%3D&#39;http%3A%2F%2Fwww.w3.org%2F2000%2Fsvg&#39;%20viewBox%3D&#39;0%200%20225%20169&#39;%2F%3E\" data-src=\"https:\/\/www.primusr.com\/wp-content\/uploads\/2016\/02\/corkline-7-225x169.jpg\" data-srcset=\"https:\/\/www.primusr.com\/wp-content\/uploads\/2016\/02\/corkline-7-225x169.jpg 225w, https:\/\/www.primusr.com\/wp-content\/uploads\/2016\/02\/corkline-7-450x338.jpg 450w\" loading=\"eager\" style=\"--ratio: 225 \/ 169\" sizes=\"(max-width: 225px) 100vw, 225px\" alt=\"\" width=\"225\" height=\"169\"  \/><\/a>\t<\/figure>\n<\/article>\n\n<\/div><div class=\"wf-cell iso-item\" data-post-id=\"1831\" data-date=\"2016-02-15T13:21:41+01:00\" data-name=\"corkline-8\">\n<article class=\"post post-1831 attachment type-attachment status-inherit hentry no-img description-off\">\n\n\t<figure class=\"rollover-project links-hovers-disabled\">\n\t<a href=\"https:\/\/www.primusr.com\/wp-content\/uploads\/2016\/02\/corkline-8.jpg\" class=\"rollover rollover-zoom dt-pswp-item layzr-bg\" title=\"corkline-8\" data-dt-img-description=\"\"  data-large_image_width=\"800\" data-large_image_height = \"600\"  data-dt-location=\"https:\/\/www.primusr.com\/hr\/album\/corkline\/corkline-8-2\/\" ><img decoding=\"async\" class=\"preload-me iso-lazy-load aspect\" src=\"data:image\/svg+xml,%3Csvg%20xmlns%3D&#39;http%3A%2F%2Fwww.w3.org%2F2000%2Fsvg&#39;%20viewBox%3D&#39;0%200%20225%20169&#39;%2F%3E\" data-src=\"https:\/\/www.primusr.com\/wp-content\/uploads\/2016\/02\/corkline-8-225x169.jpg\" data-srcset=\"https:\/\/www.primusr.com\/wp-content\/uploads\/2016\/02\/corkline-8-225x169.jpg 225w, https:\/\/www.primusr.com\/wp-content\/uploads\/2016\/02\/corkline-8-450x338.jpg 450w\" loading=\"eager\" style=\"--ratio: 225 \/ 169\" sizes=\"(max-width: 225px) 100vw, 225px\" alt=\"\" width=\"225\" height=\"169\"  \/><\/a>\t<\/figure>\n<\/article>\n\n<\/div><\/div>[\/vc_column_inner][\/vc_row_inner][\/vc_column][\/vc_row][vc_row][vc_column][vc_empty_space height=&#8221;80px&#8221;][vc_column_text el_class=&#8221;center&#8221;]<\/p>\n<h2>Imate pitanje?<\/h2>\n<p>Za bilo kakva pitanja mo\u017eete nas bilo kada kontaktirati. Mo\u017eete koristiti donji obrazac.[\/vc_column_text][vc_empty_space height=&#8221;40px&#8221;]\n<div class=\"wpcf7 no-js\" id=\"wpcf7-f119-o1\" lang=\"sl-SI\" dir=\"ltr\" data-wpcf7-id=\"119\">\n<div class=\"screen-reader-response\"><p role=\"status\" aria-live=\"polite\" aria-atomic=\"true\"><\/p> <ul><\/ul><\/div>\n<form action=\"\/hr\/wp-json\/wp\/v2\/pages\/1200#wpcf7-f119-o1\" method=\"post\" class=\"wpcf7-form init\" aria-label=\"Contact form\" novalidate=\"novalidate\" data-status=\"init\">\n<fieldset class=\"hidden-fields-container\"><input type=\"hidden\" name=\"_wpcf7\" value=\"119\" \/><input type=\"hidden\" name=\"_wpcf7_version\" value=\"6.1.5\" \/><input type=\"hidden\" name=\"_wpcf7_locale\" value=\"sl_SI\" \/><input type=\"hidden\" name=\"_wpcf7_unit_tag\" value=\"wpcf7-f119-o1\" \/><input type=\"hidden\" name=\"_wpcf7_container_post\" value=\"0\" \/><input type=\"hidden\" name=\"_wpcf7_posted_data_hash\" value=\"\" \/><input type=\"hidden\" name=\"_wpcf7_recaptcha_response\" value=\"\" \/>\n<\/fieldset>\n<p>Va\u0161e ime *<br \/>\n<span class=\"wpcf7-form-control-wrap\" data-name=\"your-name\"><input size=\"40\" maxlength=\"400\" class=\"wpcf7-form-control wpcf7-text wpcf7-validates-as-required\" aria-required=\"true\" aria-invalid=\"false\" value=\"\" type=\"text\" name=\"your-name\" \/><\/span>\n<\/p>\n<p>Va\u0161 e-mail *<br \/>\n<span class=\"wpcf7-form-control-wrap\" data-name=\"your-email\"><input size=\"40\" maxlength=\"400\" class=\"wpcf7-form-control wpcf7-email wpcf7-validates-as-required wpcf7-text wpcf7-validates-as-email\" aria-required=\"true\" aria-invalid=\"false\" value=\"\" type=\"email\" name=\"your-email\" \/><\/span>\n<\/p>\n<p>Zadeva *<br \/>\n<span class=\"wpcf7-form-control-wrap\" data-name=\"your-subject\"><input size=\"40\" maxlength=\"400\" class=\"wpcf7-form-control wpcf7-text wpcf7-validates-as-required\" aria-required=\"true\" aria-invalid=\"false\" value=\"\" type=\"text\" name=\"your-subject\" \/><\/span>\n<\/p>\n<p>Sporo\u010dilo *<br \/>\n<span class=\"wpcf7-form-control-wrap\" data-name=\"your-message\"><textarea cols=\"40\" rows=\"10\" maxlength=\"2000\" class=\"wpcf7-form-control wpcf7-textarea wpcf7-validates-as-required\" aria-required=\"true\" aria-invalid=\"false\" name=\"your-message\"><\/textarea><\/span>\n<\/p>\n<p><input class=\"wpcf7-form-control wpcf7-submit has-spinner\" type=\"submit\" value=\"Po\u0161lji\" \/>\n<\/p><div class=\"wpcf7-response-output\" aria-hidden=\"true\"><\/div>\n<\/form>\n<\/div>\n[\/vc_column][\/vc_row]<\/p>\n<\/div>","protected":false},"excerpt":{"rendered":"<p>[vc_row][vc_column][vc_column_text el_class=&#8221;center&#8221;] Corkline &#8211; moderan materijal na prirodnoj osnovi s prednostima tehnolo\u0161kih inovacija [\/vc_column_text][vc_empty_space height=&#8221;40px&#8221;][vc_row_inner][vc_column_inner width=&#8221;1\/2&#8243;][vc_column_text]Corkline donosi potpuno novu dimenziju, namijenjen je za uporabu na otvorenom. Zahvaljuju\u0107i visokoj kvaliteti, u kombinaciji zrnastog pluta, Corkline \u0107e o\u010duvati \u017eivahnosti i toplinu prirodnih materijala s iznimnim tehni\u010dkim svojstvima. Otporan je na: atmosferske uvjete masno\u0107e klizanje udarce pritiske ogrebotine&hellip;<\/p>\n","protected":false},"author":2,"featured_media":0,"parent":1157,"menu_order":0,"comment_status":"closed","ping_status":"closed","template":"","meta":{"footnotes":""},"class_list":["post-1200","page","type-page","status-publish","hentry","description-off"],"yoast_head":"<!-- This site is optimized with the Yoast SEO plugin v27.4 - https:\/\/yoast.com\/product\/yoast-seo-wordpress\/ -->\n<title>Corkline - moderan materijal na prirodnoj osnovi.<\/title>\n<meta name=\"description\" content=\"Corkline je umjetna prohodna povr\u0161ina na bazi pluta, posebno izra\u0111ena za sve vrste povr\u0161ina na plovilima, ba\u0161 zbog toga je primjeren i za druge povr\u0161ine.\" \/>\n<meta name=\"robots\" content=\"index, follow, max-snippet:-1, max-image-preview:large, max-video-preview:-1\" \/>\n<link rel=\"canonical\" href=\"https:\/\/www.primusr.com\/hr\/nautika\/umjetne-povrsine-za-hodanje\/corkline\/\" \/>\n<meta property=\"og:locale\" content=\"hr_HR\" \/>\n<meta property=\"og:type\" content=\"article\" \/>\n<meta property=\"og:title\" content=\"Corkline - moderan materijal na prirodnoj osnovi.\" \/>\n<meta property=\"og:description\" content=\"Corkline je umjetna prohodna povr\u0161ina na bazi pluta, posebno izra\u0111ena za sve vrste povr\u0161ina na plovilima, ba\u0161 zbog toga je primjeren i za druge povr\u0161ine.\" \/>\n<meta property=\"og:url\" content=\"https:\/\/www.primusr.com\/hr\/nautika\/umjetne-povrsine-za-hodanje\/corkline\/\" \/>\n<meta property=\"og:site_name\" content=\"Primus R d.o.o.\" \/>\n<meta property=\"article:publisher\" content=\"https:\/\/www.facebook.com\/primusrdoo\" \/>\n<meta property=\"article:modified_time\" content=\"2016-03-29T18:22:06+00:00\" \/>\n<meta name=\"twitter:card\" content=\"summary_large_image\" \/>\n<meta name=\"twitter:label1\" content=\"Procijenjeno vrijeme \u010ditanja\" \/>\n\t<meta name=\"twitter:data1\" content=\"1 minuta\" \/>\n<script type=\"application\/ld+json\" class=\"yoast-schema-graph\">{\"@context\":\"https:\\\/\\\/schema.org\",\"@graph\":[{\"@type\":\"WebPage\",\"@id\":\"https:\\\/\\\/www.primusr.com\\\/hr\\\/nautika\\\/umjetne-povrsine-za-hodanje\\\/corkline\\\/\",\"url\":\"https:\\\/\\\/www.primusr.com\\\/hr\\\/nautika\\\/umjetne-povrsine-za-hodanje\\\/corkline\\\/\",\"name\":\"Corkline - moderan materijal na prirodnoj osnovi.\",\"isPartOf\":{\"@id\":\"https:\\\/\\\/www.primusr.com\\\/#website\"},\"datePublished\":\"2016-01-31T13:44:34+00:00\",\"dateModified\":\"2016-03-29T18:22:06+00:00\",\"description\":\"Corkline je umjetna prohodna povr\u0161ina na bazi pluta, posebno izra\u0111ena za sve vrste povr\u0161ina na plovilima, ba\u0161 zbog toga je primjeren i za druge povr\u0161ine.\",\"breadcrumb\":{\"@id\":\"https:\\\/\\\/www.primusr.com\\\/hr\\\/nautika\\\/umjetne-povrsine-za-hodanje\\\/corkline\\\/#breadcrumb\"},\"inLanguage\":\"hr\",\"potentialAction\":[{\"@type\":\"ReadAction\",\"target\":[\"https:\\\/\\\/www.primusr.com\\\/hr\\\/nautika\\\/umjetne-povrsine-za-hodanje\\\/corkline\\\/\"]}]},{\"@type\":\"BreadcrumbList\",\"@id\":\"https:\\\/\\\/www.primusr.com\\\/hr\\\/nautika\\\/umjetne-povrsine-za-hodanje\\\/corkline\\\/#breadcrumb\",\"itemListElement\":[{\"@type\":\"ListItem\",\"position\":1,\"name\":\"Home\",\"item\":\"https:\\\/\\\/www.primusr.com\\\/hr\\\/\"},{\"@type\":\"ListItem\",\"position\":2,\"name\":\"Nautika\",\"item\":\"https:\\\/\\\/www.primusr.com\\\/hr\\\/nautika\\\/\"},{\"@type\":\"ListItem\",\"position\":3,\"name\":\"Umjetne povr\u0161ine za hodanje\",\"item\":\"https:\\\/\\\/www.primusr.com\\\/hr\\\/nautika\\\/umjetne-povrsine-za-hodanje\\\/\"},{\"@type\":\"ListItem\",\"position\":4,\"name\":\"Corkline\"}]},{\"@type\":\"WebSite\",\"@id\":\"https:\\\/\\\/www.primusr.com\\\/#website\",\"url\":\"https:\\\/\\\/www.primusr.com\\\/\",\"name\":\"Primus R d.o.o.\",\"description\":\"Nautical Flooring\",\"potentialAction\":[{\"@type\":\"SearchAction\",\"target\":{\"@type\":\"EntryPoint\",\"urlTemplate\":\"https:\\\/\\\/www.primusr.com\\\/?s={search_term_string}\"},\"query-input\":{\"@type\":\"PropertyValueSpecification\",\"valueRequired\":true,\"valueName\":\"search_term_string\"}}],\"inLanguage\":\"hr\"}]}<\/script>\n<!-- \/ Yoast SEO plugin. -->","yoast_head_json":{"title":"Corkline - moderan materijal na prirodnoj osnovi.","description":"Corkline je umjetna prohodna povr\u0161ina na bazi pluta, posebno izra\u0111ena za sve vrste povr\u0161ina na plovilima, ba\u0161 zbog toga je primjeren i za druge povr\u0161ine.","robots":{"index":"index","follow":"follow","max-snippet":"max-snippet:-1","max-image-preview":"max-image-preview:large","max-video-preview":"max-video-preview:-1"},"canonical":"https:\/\/www.primusr.com\/hr\/nautika\/umjetne-povrsine-za-hodanje\/corkline\/","og_locale":"hr_HR","og_type":"article","og_title":"Corkline - moderan materijal na prirodnoj osnovi.","og_description":"Corkline je umjetna prohodna povr\u0161ina na bazi pluta, posebno izra\u0111ena za sve vrste povr\u0161ina na plovilima, ba\u0161 zbog toga je primjeren i za druge povr\u0161ine.","og_url":"https:\/\/www.primusr.com\/hr\/nautika\/umjetne-povrsine-za-hodanje\/corkline\/","og_site_name":"Primus R d.o.o.","article_publisher":"https:\/\/www.facebook.com\/primusrdoo","article_modified_time":"2016-03-29T18:22:06+00:00","twitter_card":"summary_large_image","twitter_misc":{"Procijenjeno vrijeme \u010ditanja":"1 minuta"},"schema":{"@context":"https:\/\/schema.org","@graph":[{"@type":"WebPage","@id":"https:\/\/www.primusr.com\/hr\/nautika\/umjetne-povrsine-za-hodanje\/corkline\/","url":"https:\/\/www.primusr.com\/hr\/nautika\/umjetne-povrsine-za-hodanje\/corkline\/","name":"Corkline - moderan materijal na prirodnoj osnovi.","isPartOf":{"@id":"https:\/\/www.primusr.com\/#website"},"datePublished":"2016-01-31T13:44:34+00:00","dateModified":"2016-03-29T18:22:06+00:00","description":"Corkline je umjetna prohodna povr\u0161ina na bazi pluta, posebno izra\u0111ena za sve vrste povr\u0161ina na plovilima, ba\u0161 zbog toga je primjeren i za druge povr\u0161ine.","breadcrumb":{"@id":"https:\/\/www.primusr.com\/hr\/nautika\/umjetne-povrsine-za-hodanje\/corkline\/#breadcrumb"},"inLanguage":"hr","potentialAction":[{"@type":"ReadAction","target":["https:\/\/www.primusr.com\/hr\/nautika\/umjetne-povrsine-za-hodanje\/corkline\/"]}]},{"@type":"BreadcrumbList","@id":"https:\/\/www.primusr.com\/hr\/nautika\/umjetne-povrsine-za-hodanje\/corkline\/#breadcrumb","itemListElement":[{"@type":"ListItem","position":1,"name":"Home","item":"https:\/\/www.primusr.com\/hr\/"},{"@type":"ListItem","position":2,"name":"Nautika","item":"https:\/\/www.primusr.com\/hr\/nautika\/"},{"@type":"ListItem","position":3,"name":"Umjetne povr\u0161ine za hodanje","item":"https:\/\/www.primusr.com\/hr\/nautika\/umjetne-povrsine-za-hodanje\/"},{"@type":"ListItem","position":4,"name":"Corkline"}]},{"@type":"WebSite","@id":"https:\/\/www.primusr.com\/#website","url":"https:\/\/www.primusr.com\/","name":"Primus R d.o.o.","description":"Nautical Flooring","potentialAction":[{"@type":"SearchAction","target":{"@type":"EntryPoint","urlTemplate":"https:\/\/www.primusr.com\/?s={search_term_string}"},"query-input":{"@type":"PropertyValueSpecification","valueRequired":true,"valueName":"search_term_string"}}],"inLanguage":"hr"}]}},"_links":{"self":[{"href":"https:\/\/www.primusr.com\/hr\/wp-json\/wp\/v2\/pages\/1200","targetHints":{"allow":["GET"]}}],"collection":[{"href":"https:\/\/www.primusr.com\/hr\/wp-json\/wp\/v2\/pages"}],"about":[{"href":"https:\/\/www.primusr.com\/hr\/wp-json\/wp\/v2\/types\/page"}],"author":[{"embeddable":true,"href":"https:\/\/www.primusr.com\/hr\/wp-json\/wp\/v2\/users\/2"}],"replies":[{"embeddable":true,"href":"https:\/\/www.primusr.com\/hr\/wp-json\/wp\/v2\/comments?post=1200"}],"version-history":[{"count":0,"href":"https:\/\/www.primusr.com\/hr\/wp-json\/wp\/v2\/pages\/1200\/revisions"}],"up":[{"embeddable":true,"href":"https:\/\/www.primusr.com\/hr\/wp-json\/wp\/v2\/pages\/1157"}],"wp:attachment":[{"href":"https:\/\/www.primusr.com\/hr\/wp-json\/wp\/v2\/media?parent=1200"}],"curies":[{"name":"wp","href":"https:\/\/api.w.org\/{rel}","templated":true}]}}