{"id":1157,"date":"2016-02-09T22:02:56","date_gmt":"2016-02-09T21:02:56","guid":{"rendered":"https:\/\/www.primusr.com\/hr\/nautika\/umetne-pohodne-povrsine\/"},"modified":"2016-03-29T19:36:06","modified_gmt":"2016-03-29T17:36:06","slug":"umjetne-povrsine-za-hodanje","status":"publish","type":"page","link":"https:\/\/www.primusr.com\/hr\/nautika\/umjetne-povrsine-za-hodanje\/","title":{"rendered":"Umjetne povr\u0161ine za hodanje"},"content":{"rendered":"<div class=\"wpb-content-wrapper\"><p>[vc_row][vc_column][vc_column_text el_class=&#8221;center&#8221;]<\/p>\n<h2>Umjetni materijali<\/h2>\n<p>[\/vc_column_text][vc_empty_space height=&#8221;20px&#8221;][vc_row_inner el_class=&#8221;glavne-panoge&#8221;][vc_column_inner width=&#8221;1\/3&#8243;][vc_column_text]<\/p>\n<div class=\"panoga-div\">\n<ul class=\"image-arrow bullet-top\"><\/p>\n<div><a href=\"\/hr\/nautika\/umjetne-povrsine-za-hodanje\/flexiteek\/\"><li><div class=\"wf-table\">\n<div><img decoding=\"async\" src=\"\/wp-content\/uploads\/2016\/02\/flexiteek-circle.png\" class=\"list-img\" alt=\"List item image\" \/><\/div>\n<div>Flexiteek<\/div>\n<\/div>\n<\/li><\/a><\/div>\n<p><\/ul>\n<\/div>\n<p>[\/vc_column_text][\/vc_column_inner][vc_column_inner width=&#8221;1\/3&#8243;][vc_column_text]<\/p>\n<div class=\"panoga-div\">\n<ul class=\"image-arrow bullet-top\"><\/p>\n<div><a href=\"\/hr\/nautika\/umjetne-povrsine-za-hodanje\/p-deck\/\"><li><div class=\"wf-table\">\n<div><img decoding=\"async\" src=\"\/wp-content\/uploads\/2016\/02\/p-deck-circle.png\" class=\"list-img\" alt=\"List item image\" \/><\/div>\n<div>P deck<\/div>\n<\/div>\n<\/li><\/a><\/div>\n<p><\/ul>\n<\/div>\n<p>[\/vc_column_text][\/vc_column_inner][vc_column_inner width=&#8221;1\/3&#8243;][vc_column_text]<\/p>\n<div class=\"panoga-div\">\n<ul class=\"image-arrow bullet-top\"><\/p>\n<div><a href=\"\/hr\/nautika\/umjetne-povrsine-za-hodanje\/corkline\/\"><li><div class=\"wf-table\">\n<div><img decoding=\"async\" src=\"\/wp-content\/uploads\/2016\/02\/cork-line-circle.png\" class=\"list-img\" alt=\"List item image\" \/><\/div>\n<div>Corkline<\/div>\n<\/div>\n<\/li><\/a><\/div>\n<p><\/ul>\n<\/div>\n<p>[\/vc_column_text][\/vc_column_inner][\/vc_row_inner][vc_empty_space height=&#8221;80px&#8221;][\/vc_column][\/vc_row][vc_row type=&#8221;1&#8243;][vc_column][vc_empty_space height=&#8221;60px&#8221;][vc_row_inner][vc_column_inner width=&#8221;1\/2&#8243;][vc_column_text]<\/p>\n<h2>Flexiteek<\/h2>\n<p>[\/vc_column_text][vc_empty_space height=&#8221;20px&#8221;][vc_column_text]Flexiteek je izvanredno izdr\u017eljiva prohodna povr\u0161ina, koja prkosi svim vremenskim neprilikama, ne\u0107e posivjeti, ne kli\u017ee i va\u0161em plovilu nudi estetski izgled.<\/p>\n<p>Za sofisticiran izgled va\u0161eg plovila, s dodacima Flexiteek dosti\u017eete ba\u0161 sve. Letvice, zavr\u0161ni rubovi, U profili, T komadi itd&#8230;[\/vc_column_text][vc_empty_space height=&#8221;20px&#8221;][vc_btn title=&#8221;Flexiteek&#8221; style=&#8221;outline&#8221; color=&#8221;primary&#8221; size=&#8221;sm&#8221; link=&#8221;url:%2Fhr%2Fnautika%2Fumjetne-povrsine-za-hodanje%2Fflexiteek%2F||&#8221;][\/vc_column_inner][vc_column_inner width=&#8221;1\/2&#8243;][vc_column_text]<img decoding=\"async\" class=\"alignnone size-medium wp-image-748\" src=\"https:\/\/www.primusr.com\/wp-content\/uploads\/2015\/12\/flexiteek-p.jpg\" alt=\"flexiteek-p\" width=\"300\" height=\"300\" srcset=\"https:\/\/www.primusr.com\/wp-content\/uploads\/2015\/12\/flexiteek-p.jpg 300w, https:\/\/www.primusr.com\/wp-content\/uploads\/2015\/12\/flexiteek-p-150x150.jpg 150w\" sizes=\"(max-width: 300px) 100vw, 300px\" \/>[\/vc_column_text][\/vc_column_inner][\/vc_row_inner][vc_empty_space height=&#8221;60px&#8221;][\/vc_column][\/vc_row][vc_row][vc_column][vc_empty_space height=&#8221;60px&#8221;][vc_row_inner][vc_column_inner width=&#8221;1\/2&#8243;][vc_column_text]<img decoding=\"async\" class=\"alignnone size-medium wp-image-753\" src=\"https:\/\/www.primusr.com\/wp-content\/uploads\/2015\/12\/p-deck-p.jpg\" alt=\"\" width=\"300\" height=\"300\" srcset=\"https:\/\/www.primusr.com\/wp-content\/uploads\/2015\/12\/p-deck-p.jpg 300w, https:\/\/www.primusr.com\/wp-content\/uploads\/2015\/12\/p-deck-p-150x150.jpg 150w\" sizes=\"(max-width: 300px) 100vw, 300px\" \/>[\/vc_column_text][\/vc_column_inner][vc_column_inner width=&#8221;1\/2&#8243;][vc_column_text]<\/p>\n<h2>P deck<\/h2>\n<p>[\/vc_column_text][vc_empty_space height=&#8221;20px&#8221;][vc_column_text]P deck je izdelan iz sinteti\u010dne gumi pene, primeren je za uporabo v zaprtih prostorih in na prostem. Je brez vonja in zagotavlja odli\u010dno toplotno in zvo\u010dno izolacijo.[\/vc_column_text][vc_empty_space height=&#8221;20px&#8221;][vc_btn title=&#8221;P deck&#8221; style=&#8221;outline&#8221; color=&#8221;primary&#8221; size=&#8221;sm&#8221; link=&#8221;url:%2Fhr%2Fnautika%2Fumjetne-povrsine-za-hodanje%2Fp-deck%2F||&#8221;][\/vc_column_inner][\/vc_row_inner][vc_empty_space height=&#8221;60px&#8221;][\/vc_column][\/vc_row][vc_row type=&#8221;1&#8243; margin_bottom=&#8221;-49&#8243;][vc_column][vc_empty_space height=&#8221;60px&#8221;][vc_row_inner][vc_column_inner width=&#8221;1\/2&#8243;][vc_column_text]<\/p>\n<h2>Corkline<\/h2>\n<p>[\/vc_column_text][vc_empty_space height=&#8221;20px&#8221;][vc_column_text]Corkline donosi potpuno novu dimenziju, namijenjen je za uporabu na otvorenom. Zahvaljuju\u0107i visokoj kvaliteti, u kombinaciji zrnastog pluta, Corkline \u0107e o\u010duvati \u017eivahnosti i toplinu prirodnih materijala s iznimnim tehni\u010dkim svojstvima.[\/vc_column_text][vc_empty_space height=&#8221;20px&#8221;][vc_btn title=&#8221;Corkline&#8221; style=&#8221;outline&#8221; color=&#8221;primary&#8221; size=&#8221;sm&#8221; link=&#8221;url:%2Fhr%2Fnautika%2Fumjetne-povrsine-za-hodanje%2Fcorkline%2F||&#8221;][\/vc_column_inner][vc_column_inner el_class=&#8221;center&#8221; width=&#8221;1\/2&#8243;][vc_column_text]<img decoding=\"async\" class=\"alignnone size-medium wp-image-747\" src=\"https:\/\/www.primusr.com\/wp-content\/uploads\/2015\/12\/corkline-p.jpg\" alt=\"corkline-p\" width=\"300\" height=\"300\" srcset=\"https:\/\/www.primusr.com\/wp-content\/uploads\/2015\/12\/corkline-p.jpg 300w, https:\/\/www.primusr.com\/wp-content\/uploads\/2015\/12\/corkline-p-150x150.jpg 150w\" sizes=\"(max-width: 300px) 100vw, 300px\" \/>[\/vc_column_text][\/vc_column_inner][\/vc_row_inner][vc_empty_space height=&#8221;60px&#8221;][\/vc_column][\/vc_row]<\/p>\n<\/div>","protected":false},"excerpt":{"rendered":"<p>[vc_row][vc_column][vc_column_text el_class=&#8221;center&#8221;] Umjetni materijali [\/vc_column_text][vc_empty_space height=&#8221;20px&#8221;][vc_row_inner el_class=&#8221;glavne-panoge&#8221;][vc_column_inner width=&#8221;1\/3&#8243;][vc_column_text] [\/vc_column_text][\/vc_column_inner][vc_column_inner width=&#8221;1\/3&#8243;][vc_column_text] [\/vc_column_text][\/vc_column_inner][vc_column_inner width=&#8221;1\/3&#8243;][vc_column_text] [\/vc_column_text][\/vc_column_inner][\/vc_row_inner][vc_empty_space height=&#8221;80px&#8221;][\/vc_column][\/vc_row][vc_row type=&#8221;1&#8243;][vc_column][vc_empty_space height=&#8221;60px&#8221;][vc_row_inner][vc_column_inner width=&#8221;1\/2&#8243;][vc_column_text] Flexiteek [\/vc_column_text][vc_empty_space height=&#8221;20px&#8221;][vc_column_text]Flexiteek je izvanredno izdr\u017eljiva prohodna povr\u0161ina, koja prkosi svim vremenskim neprilikama, ne\u0107e posivjeti, ne kli\u017ee i va\u0161em plovilu nudi estetski izgled. Za sofisticiran izgled va\u0161eg plovila, s dodacima Flexiteek dosti\u017eete ba\u0161 sve. Letvice, zavr\u0161ni rubovi, U&hellip;<\/p>\n","protected":false},"author":2,"featured_media":0,"parent":1017,"menu_order":0,"comment_status":"closed","ping_status":"closed","template":"","meta":{"footnotes":""},"class_list":["post-1157","page","type-page","status-publish","hentry","description-off"],"yoast_head":"<!-- This site is optimized with the Yoast SEO plugin v27.4 - https:\/\/yoast.com\/product\/yoast-seo-wordpress\/ -->\n<title>Umjetne povr\u0161ine za hodanje - Primus R d.o.o.<\/title>\n<meta name=\"description\" content=\"Umjetne povr\u0161ine za hodanje - Flexiteek, P deck, Corkline\" \/>\n<meta name=\"robots\" content=\"index, follow, max-snippet:-1, max-image-preview:large, max-video-preview:-1\" \/>\n<link rel=\"canonical\" href=\"https:\/\/www.primusr.com\/hr\/nautika\/umjetne-povrsine-za-hodanje\/\" \/>\n<meta property=\"og:locale\" content=\"hr_HR\" \/>\n<meta property=\"og:type\" content=\"article\" \/>\n<meta property=\"og:title\" content=\"Umjetne povr\u0161ine za hodanje - Primus R d.o.o.\" \/>\n<meta property=\"og:description\" content=\"Umjetne povr\u0161ine za hodanje - Flexiteek, P deck, Corkline\" \/>\n<meta property=\"og:url\" content=\"https:\/\/www.primusr.com\/hr\/nautika\/umjetne-povrsine-za-hodanje\/\" \/>\n<meta property=\"og:site_name\" content=\"Primus R d.o.o.\" \/>\n<meta property=\"article:publisher\" content=\"https:\/\/www.facebook.com\/primusrdoo\" \/>\n<meta property=\"article:modified_time\" content=\"2016-03-29T17:36:06+00:00\" \/>\n<meta property=\"og:image\" content=\"https:\/\/www.primusr.com\/wp-content\/uploads\/2015\/12\/flexiteek-p.jpg\" \/>\n<meta name=\"twitter:card\" content=\"summary_large_image\" \/>\n<meta name=\"twitter:label1\" content=\"Procijenjeno vrijeme \u010ditanja\" \/>\n\t<meta name=\"twitter:data1\" content=\"3 minute\" \/>\n<script type=\"application\/ld+json\" class=\"yoast-schema-graph\">{\"@context\":\"https:\\\/\\\/schema.org\",\"@graph\":[{\"@type\":\"WebPage\",\"@id\":\"https:\\\/\\\/www.primusr.com\\\/hr\\\/nautika\\\/umjetne-povrsine-za-hodanje\\\/\",\"url\":\"https:\\\/\\\/www.primusr.com\\\/hr\\\/nautika\\\/umjetne-povrsine-za-hodanje\\\/\",\"name\":\"Umjetne povr\u0161ine za hodanje - Primus R d.o.o.\",\"isPartOf\":{\"@id\":\"https:\\\/\\\/www.primusr.com\\\/#website\"},\"primaryImageOfPage\":{\"@id\":\"https:\\\/\\\/www.primusr.com\\\/hr\\\/nautika\\\/umjetne-povrsine-za-hodanje\\\/#primaryimage\"},\"image\":{\"@id\":\"https:\\\/\\\/www.primusr.com\\\/hr\\\/nautika\\\/umjetne-povrsine-za-hodanje\\\/#primaryimage\"},\"thumbnailUrl\":\"https:\\\/\\\/www.primusr.com\\\/wp-content\\\/uploads\\\/2015\\\/12\\\/flexiteek-p.jpg\",\"datePublished\":\"2016-02-09T21:02:56+00:00\",\"dateModified\":\"2016-03-29T17:36:06+00:00\",\"description\":\"Umjetne povr\u0161ine za hodanje - Flexiteek, P deck, Corkline\",\"breadcrumb\":{\"@id\":\"https:\\\/\\\/www.primusr.com\\\/hr\\\/nautika\\\/umjetne-povrsine-za-hodanje\\\/#breadcrumb\"},\"inLanguage\":\"hr\",\"potentialAction\":[{\"@type\":\"ReadAction\",\"target\":[\"https:\\\/\\\/www.primusr.com\\\/hr\\\/nautika\\\/umjetne-povrsine-za-hodanje\\\/\"]}]},{\"@type\":\"ImageObject\",\"inLanguage\":\"hr\",\"@id\":\"https:\\\/\\\/www.primusr.com\\\/hr\\\/nautika\\\/umjetne-povrsine-za-hodanje\\\/#primaryimage\",\"url\":\"https:\\\/\\\/www.primusr.com\\\/wp-content\\\/uploads\\\/2015\\\/12\\\/flexiteek-p.jpg\",\"contentUrl\":\"https:\\\/\\\/www.primusr.com\\\/wp-content\\\/uploads\\\/2015\\\/12\\\/flexiteek-p.jpg\"},{\"@type\":\"BreadcrumbList\",\"@id\":\"https:\\\/\\\/www.primusr.com\\\/hr\\\/nautika\\\/umjetne-povrsine-za-hodanje\\\/#breadcrumb\",\"itemListElement\":[{\"@type\":\"ListItem\",\"position\":1,\"name\":\"Home\",\"item\":\"https:\\\/\\\/www.primusr.com\\\/hr\\\/\"},{\"@type\":\"ListItem\",\"position\":2,\"name\":\"Nautika\",\"item\":\"https:\\\/\\\/www.primusr.com\\\/hr\\\/nautika\\\/\"},{\"@type\":\"ListItem\",\"position\":3,\"name\":\"Umjetne povr\u0161ine za hodanje\"}]},{\"@type\":\"WebSite\",\"@id\":\"https:\\\/\\\/www.primusr.com\\\/#website\",\"url\":\"https:\\\/\\\/www.primusr.com\\\/\",\"name\":\"Primus R d.o.o.\",\"description\":\"Nautical Flooring\",\"potentialAction\":[{\"@type\":\"SearchAction\",\"target\":{\"@type\":\"EntryPoint\",\"urlTemplate\":\"https:\\\/\\\/www.primusr.com\\\/?s={search_term_string}\"},\"query-input\":{\"@type\":\"PropertyValueSpecification\",\"valueRequired\":true,\"valueName\":\"search_term_string\"}}],\"inLanguage\":\"hr\"}]}<\/script>\n<!-- \/ Yoast SEO plugin. -->","yoast_head_json":{"title":"Umjetne povr\u0161ine za hodanje - Primus R d.o.o.","description":"Umjetne povr\u0161ine za hodanje - Flexiteek, P deck, Corkline","robots":{"index":"index","follow":"follow","max-snippet":"max-snippet:-1","max-image-preview":"max-image-preview:large","max-video-preview":"max-video-preview:-1"},"canonical":"https:\/\/www.primusr.com\/hr\/nautika\/umjetne-povrsine-za-hodanje\/","og_locale":"hr_HR","og_type":"article","og_title":"Umjetne povr\u0161ine za hodanje - Primus R d.o.o.","og_description":"Umjetne povr\u0161ine za hodanje - Flexiteek, P deck, Corkline","og_url":"https:\/\/www.primusr.com\/hr\/nautika\/umjetne-povrsine-za-hodanje\/","og_site_name":"Primus R d.o.o.","article_publisher":"https:\/\/www.facebook.com\/primusrdoo","article_modified_time":"2016-03-29T17:36:06+00:00","og_image":[{"url":"https:\/\/www.primusr.com\/wp-content\/uploads\/2015\/12\/flexiteek-p.jpg","type":"","width":"","height":""}],"twitter_card":"summary_large_image","twitter_misc":{"Procijenjeno vrijeme \u010ditanja":"3 minute"},"schema":{"@context":"https:\/\/schema.org","@graph":[{"@type":"WebPage","@id":"https:\/\/www.primusr.com\/hr\/nautika\/umjetne-povrsine-za-hodanje\/","url":"https:\/\/www.primusr.com\/hr\/nautika\/umjetne-povrsine-za-hodanje\/","name":"Umjetne povr\u0161ine za hodanje - Primus R d.o.o.","isPartOf":{"@id":"https:\/\/www.primusr.com\/#website"},"primaryImageOfPage":{"@id":"https:\/\/www.primusr.com\/hr\/nautika\/umjetne-povrsine-za-hodanje\/#primaryimage"},"image":{"@id":"https:\/\/www.primusr.com\/hr\/nautika\/umjetne-povrsine-za-hodanje\/#primaryimage"},"thumbnailUrl":"https:\/\/www.primusr.com\/wp-content\/uploads\/2015\/12\/flexiteek-p.jpg","datePublished":"2016-02-09T21:02:56+00:00","dateModified":"2016-03-29T17:36:06+00:00","description":"Umjetne povr\u0161ine za hodanje - Flexiteek, P deck, Corkline","breadcrumb":{"@id":"https:\/\/www.primusr.com\/hr\/nautika\/umjetne-povrsine-za-hodanje\/#breadcrumb"},"inLanguage":"hr","potentialAction":[{"@type":"ReadAction","target":["https:\/\/www.primusr.com\/hr\/nautika\/umjetne-povrsine-za-hodanje\/"]}]},{"@type":"ImageObject","inLanguage":"hr","@id":"https:\/\/www.primusr.com\/hr\/nautika\/umjetne-povrsine-za-hodanje\/#primaryimage","url":"https:\/\/www.primusr.com\/wp-content\/uploads\/2015\/12\/flexiteek-p.jpg","contentUrl":"https:\/\/www.primusr.com\/wp-content\/uploads\/2015\/12\/flexiteek-p.jpg"},{"@type":"BreadcrumbList","@id":"https:\/\/www.primusr.com\/hr\/nautika\/umjetne-povrsine-za-hodanje\/#breadcrumb","itemListElement":[{"@type":"ListItem","position":1,"name":"Home","item":"https:\/\/www.primusr.com\/hr\/"},{"@type":"ListItem","position":2,"name":"Nautika","item":"https:\/\/www.primusr.com\/hr\/nautika\/"},{"@type":"ListItem","position":3,"name":"Umjetne povr\u0161ine za hodanje"}]},{"@type":"WebSite","@id":"https:\/\/www.primusr.com\/#website","url":"https:\/\/www.primusr.com\/","name":"Primus R d.o.o.","description":"Nautical Flooring","potentialAction":[{"@type":"SearchAction","target":{"@type":"EntryPoint","urlTemplate":"https:\/\/www.primusr.com\/?s={search_term_string}"},"query-input":{"@type":"PropertyValueSpecification","valueRequired":true,"valueName":"search_term_string"}}],"inLanguage":"hr"}]}},"_links":{"self":[{"href":"https:\/\/www.primusr.com\/hr\/wp-json\/wp\/v2\/pages\/1157","targetHints":{"allow":["GET"]}}],"collection":[{"href":"https:\/\/www.primusr.com\/hr\/wp-json\/wp\/v2\/pages"}],"about":[{"href":"https:\/\/www.primusr.com\/hr\/wp-json\/wp\/v2\/types\/page"}],"author":[{"embeddable":true,"href":"https:\/\/www.primusr.com\/hr\/wp-json\/wp\/v2\/users\/2"}],"replies":[{"embeddable":true,"href":"https:\/\/www.primusr.com\/hr\/wp-json\/wp\/v2\/comments?post=1157"}],"version-history":[{"count":0,"href":"https:\/\/www.primusr.com\/hr\/wp-json\/wp\/v2\/pages\/1157\/revisions"}],"up":[{"embeddable":true,"href":"https:\/\/www.primusr.com\/hr\/wp-json\/wp\/v2\/pages\/1017"}],"wp:attachment":[{"href":"https:\/\/www.primusr.com\/hr\/wp-json\/wp\/v2\/media?parent=1157"}],"curies":[{"name":"wp","href":"https:\/\/api.w.org\/{rel}","templated":true}]}}