{"id":1069,"date":"2016-02-09T20:40:00","date_gmt":"2016-02-09T19:40:00","guid":{"rendered":"https:\/\/www.primusr.com\/hr\/proizvodi-od-tikovine\/pohistvo\/"},"modified":"2016-03-18T18:57:32","modified_gmt":"2016-03-18T17:57:32","slug":"namjestaj","status":"publish","type":"page","link":"https:\/\/www.primusr.com\/hr\/proizvodi-od-tikovine\/namjestaj\/","title":{"rendered":"Namje\u0161taj za uporabu u nautici"},"content":{"rendered":"<div class=\"wpb-content-wrapper\"><p>[vc_row][vc_column][vc_row_inner][vc_column_inner width=&#8221;1\/2&#8243;][vc_column_text]<\/p>\n<h2>Izrada i obnova namje\u0161taja za nautiku<\/h2>\n<p>Po \u017eelji klijenta, izra\u0111ujemo i montiramo namje\u0161taj za nautiku od tikovine ili va\u0161 namje\u0161taj obnavljamo i lakiramo s kvalitetnim PU lakovima AWLWOOD, proizvo\u0111a\u010da AWLGRIP.<\/p>\n<h2>Pjeskarenje<\/h2>\n<p>Na va\u0161u \u017delju Vam mo\u017eemo i pjeskariti namje\u0161taj i drvene dijelove plovila\u00a0 ure\u0111ajem za pjeskarenje.<\/p>\n<p>Pjeskarimo s medijem Garnet, koji se izvrsno iskazao za spomenutu namjenu jer je istro\u0161enost postoje\u0107eg drveta minimalna.<\/p>\n<p>Krajnji izgled i rezultat ovisni su od kvalitete drva va\u0161eg proizvoda.[\/vc_column_text][\/vc_column_inner][vc_column_inner width=&#8221;1\/2&#8243;]<div class=\"wf-container dt-gallery-container dt-photos-shortcode loading-effect-none iso-container\" data-padding=\"2px\" data-cur-page=\"1\" data-width=\"150px\" data-columns=\"3\" data-pretty-share=\"facebook,twitter,pinterest,linkedin\"><div class=\"wf-cell iso-item\" data-post-id=\"1870\" data-date=\"2016-02-29T14:16:33+01:00\" data-name=\"pohistvo-1\">\n<article class=\"post post-1870 attachment type-attachment status-inherit hentry no-img description-off\">\n\n\t<figure class=\"rollover-project links-hovers-disabled\">\n\t<a href=\"https:\/\/www.primusr.com\/wp-content\/uploads\/2016\/02\/pohistvo-1.jpg\" class=\"rollover rollover-zoom dt-pswp-item layzr-bg\" title=\"pohistvo-1\" data-dt-img-description=\"\"  data-large_image_width=\"1900\" data-large_image_height = \"1425\"  data-dt-location=\"https:\/\/www.primusr.com\/hr\/album\/namjestaj\/pohistvo-1-2\/\" ><img decoding=\"async\" class=\"preload-me iso-lazy-load aspect\" src=\"data:image\/svg+xml,%3Csvg%20xmlns%3D&#39;http%3A%2F%2Fwww.w3.org%2F2000%2Fsvg&#39;%20viewBox%3D&#39;0%200%20225%20169&#39;%2F%3E\" data-src=\"https:\/\/www.primusr.com\/wp-content\/uploads\/2016\/02\/pohistvo-1-225x169.jpg\" data-srcset=\"https:\/\/www.primusr.com\/wp-content\/uploads\/2016\/02\/pohistvo-1-225x169.jpg 225w, https:\/\/www.primusr.com\/wp-content\/uploads\/2016\/02\/pohistvo-1-450x338.jpg 450w\" loading=\"eager\" style=\"--ratio: 225 \/ 169\" sizes=\"(max-width: 225px) 100vw, 225px\" alt=\"\" width=\"225\" height=\"169\"  \/><\/a>\t<\/figure>\n<\/article>\n\n<\/div><div class=\"wf-cell iso-item\" data-post-id=\"1873\" data-date=\"2016-02-29T14:16:37+01:00\" data-name=\"pohistvo-2\">\n<article class=\"post post-1873 attachment type-attachment status-inherit hentry no-img description-off\">\n\n\t<figure class=\"rollover-project links-hovers-disabled\">\n\t<a href=\"https:\/\/www.primusr.com\/wp-content\/uploads\/2016\/02\/pohistvo-2.jpg\" class=\"rollover rollover-zoom dt-pswp-item layzr-bg\" title=\"pohistvo-2\" data-dt-img-description=\"\"  data-large_image_width=\"1900\" data-large_image_height = \"2533\"  data-dt-location=\"https:\/\/www.primusr.com\/hr\/album\/namjestaj\/pohistvo-2-2\/\" ><img fetchpriority=\"high\" decoding=\"async\" class=\"preload-me iso-lazy-load aspect\" src=\"data:image\/svg+xml,%3Csvg%20xmlns%3D&#39;http%3A%2F%2Fwww.w3.org%2F2000%2Fsvg&#39;%20viewBox%3D&#39;0%200%20225%20300&#39;%2F%3E\" data-src=\"https:\/\/www.primusr.com\/wp-content\/uploads\/2016\/02\/pohistvo-2-225x300.jpg\" data-srcset=\"https:\/\/www.primusr.com\/wp-content\/uploads\/2016\/02\/pohistvo-2-225x300.jpg 225w, https:\/\/www.primusr.com\/wp-content\/uploads\/2016\/02\/pohistvo-2-450x600.jpg 450w\" loading=\"eager\" style=\"--ratio: 225 \/ 300\" sizes=\"(max-width: 225px) 100vw, 225px\" alt=\"\" width=\"225\" height=\"300\"  \/><\/a>\t<\/figure>\n<\/article>\n\n<\/div><div class=\"wf-cell iso-item\" data-post-id=\"1882\" data-date=\"2016-02-29T14:16:52+01:00\" data-name=\"pohistvo-6\">\n<article class=\"post post-1882 attachment type-attachment status-inherit hentry no-img description-off\">\n\n\t<figure class=\"rollover-project links-hovers-disabled\">\n\t<a href=\"https:\/\/www.primusr.com\/wp-content\/uploads\/2016\/02\/pohistvo-6.jpg\" class=\"rollover rollover-zoom dt-pswp-item layzr-bg\" title=\"pohistvo-6\" data-dt-img-description=\"\"  data-large_image_width=\"952\" data-large_image_height = \"1600\"  data-dt-location=\"https:\/\/www.primusr.com\/hr\/album\/namjestaj\/pohistvo-6-2\/\" ><img decoding=\"async\" class=\"preload-me iso-lazy-load aspect\" src=\"data:image\/svg+xml,%3Csvg%20xmlns%3D&#39;http%3A%2F%2Fwww.w3.org%2F2000%2Fsvg&#39;%20viewBox%3D&#39;0%200%20225%20378&#39;%2F%3E\" data-src=\"https:\/\/www.primusr.com\/wp-content\/uploads\/2016\/02\/pohistvo-6-225x378.jpg\" data-srcset=\"https:\/\/www.primusr.com\/wp-content\/uploads\/2016\/02\/pohistvo-6-225x378.jpg 225w, https:\/\/www.primusr.com\/wp-content\/uploads\/2016\/02\/pohistvo-6-450x756.jpg 450w\" loading=\"eager\" style=\"--ratio: 225 \/ 378\" sizes=\"(max-width: 225px) 100vw, 225px\" alt=\"\" width=\"225\" height=\"378\"  \/><\/a>\t<\/figure>\n<\/article>\n\n<\/div><div class=\"wf-cell iso-item\" data-post-id=\"1876\" data-date=\"2016-02-29T14:16:41+01:00\" data-name=\"pohistvo-3\">\n<article class=\"post post-1876 attachment type-attachment status-inherit hentry no-img description-off\">\n\n\t<figure class=\"rollover-project links-hovers-disabled\">\n\t<a href=\"https:\/\/www.primusr.com\/wp-content\/uploads\/2016\/02\/pohistvo-3.jpg\" class=\"rollover rollover-zoom dt-pswp-item layzr-bg\" title=\"pohistvo-3\" data-dt-img-description=\"\"  data-large_image_width=\"1900\" data-large_image_height = \"1425\"  data-dt-location=\"https:\/\/www.primusr.com\/hr\/album\/namjestaj\/pohistvo-3-2\/\" ><img decoding=\"async\" class=\"preload-me iso-lazy-load aspect\" src=\"data:image\/svg+xml,%3Csvg%20xmlns%3D&#39;http%3A%2F%2Fwww.w3.org%2F2000%2Fsvg&#39;%20viewBox%3D&#39;0%200%20225%20169&#39;%2F%3E\" data-src=\"https:\/\/www.primusr.com\/wp-content\/uploads\/2016\/02\/pohistvo-3-225x169.jpg\" data-srcset=\"https:\/\/www.primusr.com\/wp-content\/uploads\/2016\/02\/pohistvo-3-225x169.jpg 225w, https:\/\/www.primusr.com\/wp-content\/uploads\/2016\/02\/pohistvo-3-450x338.jpg 450w\" loading=\"eager\" style=\"--ratio: 225 \/ 169\" sizes=\"(max-width: 225px) 100vw, 225px\" alt=\"\" width=\"225\" height=\"169\"  \/><\/a>\t<\/figure>\n<\/article>\n\n<\/div><div class=\"wf-cell iso-item\" data-post-id=\"1879\" data-date=\"2016-02-29T14:16:47+01:00\" data-name=\"pohistvo-5\">\n<article class=\"post post-1879 attachment type-attachment status-inherit hentry no-img description-off\">\n\n\t<figure class=\"rollover-project links-hovers-disabled\">\n\t<a href=\"https:\/\/www.primusr.com\/wp-content\/uploads\/2016\/02\/pohistvo-5.jpg\" class=\"rollover rollover-zoom dt-pswp-item layzr-bg\" title=\"pohistvo-5\" data-dt-img-description=\"\"  data-large_image_width=\"1890\" data-large_image_height = \"1734\"  data-dt-location=\"https:\/\/www.primusr.com\/hr\/album\/namjestaj\/pohistvo-5-2\/\" ><img decoding=\"async\" class=\"preload-me iso-lazy-load aspect\" src=\"data:image\/svg+xml,%3Csvg%20xmlns%3D&#39;http%3A%2F%2Fwww.w3.org%2F2000%2Fsvg&#39;%20viewBox%3D&#39;0%200%20225%20206&#39;%2F%3E\" data-src=\"https:\/\/www.primusr.com\/wp-content\/uploads\/2016\/02\/pohistvo-5-225x206.jpg\" data-srcset=\"https:\/\/www.primusr.com\/wp-content\/uploads\/2016\/02\/pohistvo-5-225x206.jpg 225w, https:\/\/www.primusr.com\/wp-content\/uploads\/2016\/02\/pohistvo-5-450x412.jpg 450w\" loading=\"eager\" style=\"--ratio: 225 \/ 206\" sizes=\"(max-width: 225px) 100vw, 225px\" alt=\"\" width=\"225\" height=\"206\"  \/><\/a>\t<\/figure>\n<\/article>\n\n<\/div><\/div>[\/vc_column_inner][\/vc_row_inner][\/vc_column][\/vc_row][vc_row][vc_column][vc_empty_space height=&#8221;80px&#8221;][vc_column_text]<\/p>\n<h2>Imate pitanje?<\/h2>\n<p>Za bilo kakva pitanja mo\u017eete nas bilo kada kontaktirati. Mo\u017eete koristiti donji obrazac.[\/vc_column_text][vc_empty_space height=&#8221;40px&#8221;]\n<div class=\"wpcf7 no-js\" id=\"wpcf7-f119-o1\" lang=\"sl-SI\" dir=\"ltr\" data-wpcf7-id=\"119\">\n<div class=\"screen-reader-response\"><p role=\"status\" aria-live=\"polite\" aria-atomic=\"true\"><\/p> <ul><\/ul><\/div>\n<form action=\"\/hr\/wp-json\/wp\/v2\/pages\/1069#wpcf7-f119-o1\" method=\"post\" class=\"wpcf7-form init\" aria-label=\"Contact form\" novalidate=\"novalidate\" data-status=\"init\">\n<fieldset class=\"hidden-fields-container\"><input type=\"hidden\" name=\"_wpcf7\" value=\"119\" \/><input type=\"hidden\" name=\"_wpcf7_version\" value=\"6.1.5\" \/><input type=\"hidden\" name=\"_wpcf7_locale\" value=\"sl_SI\" \/><input type=\"hidden\" name=\"_wpcf7_unit_tag\" value=\"wpcf7-f119-o1\" \/><input type=\"hidden\" name=\"_wpcf7_container_post\" value=\"0\" \/><input type=\"hidden\" name=\"_wpcf7_posted_data_hash\" value=\"\" \/><input type=\"hidden\" name=\"_wpcf7_recaptcha_response\" value=\"\" \/>\n<\/fieldset>\n<p>Va\u0161e ime *<br \/>\n<span class=\"wpcf7-form-control-wrap\" data-name=\"your-name\"><input size=\"40\" maxlength=\"400\" class=\"wpcf7-form-control wpcf7-text wpcf7-validates-as-required\" aria-required=\"true\" aria-invalid=\"false\" value=\"\" type=\"text\" name=\"your-name\" \/><\/span>\n<\/p>\n<p>Va\u0161 e-mail *<br \/>\n<span class=\"wpcf7-form-control-wrap\" data-name=\"your-email\"><input size=\"40\" maxlength=\"400\" class=\"wpcf7-form-control wpcf7-email wpcf7-validates-as-required wpcf7-text wpcf7-validates-as-email\" aria-required=\"true\" aria-invalid=\"false\" value=\"\" type=\"email\" name=\"your-email\" \/><\/span>\n<\/p>\n<p>Zadeva *<br \/>\n<span class=\"wpcf7-form-control-wrap\" data-name=\"your-subject\"><input size=\"40\" maxlength=\"400\" class=\"wpcf7-form-control wpcf7-text wpcf7-validates-as-required\" aria-required=\"true\" aria-invalid=\"false\" value=\"\" type=\"text\" name=\"your-subject\" \/><\/span>\n<\/p>\n<p>Sporo\u010dilo *<br \/>\n<span class=\"wpcf7-form-control-wrap\" data-name=\"your-message\"><textarea cols=\"40\" rows=\"10\" maxlength=\"2000\" class=\"wpcf7-form-control wpcf7-textarea wpcf7-validates-as-required\" aria-required=\"true\" aria-invalid=\"false\" name=\"your-message\"><\/textarea><\/span>\n<\/p>\n<p><input class=\"wpcf7-form-control wpcf7-submit has-spinner\" type=\"submit\" value=\"Po\u0161lji\" \/>\n<\/p><div class=\"wpcf7-response-output\" aria-hidden=\"true\"><\/div>\n<\/form>\n<\/div>\n[\/vc_column][\/vc_row]<\/p>\n<\/div>","protected":false},"excerpt":{"rendered":"<p>[vc_row][vc_column][vc_row_inner][vc_column_inner width=&#8221;1\/2&#8243;][vc_column_text] Izrada i obnova namje\u0161taja za nautiku Po \u017eelji klijenta, izra\u0111ujemo i montiramo namje\u0161taj za nautiku od tikovine ili va\u0161 namje\u0161taj obnavljamo i lakiramo s kvalitetnim PU lakovima AWLWOOD, proizvo\u0111a\u010da AWLGRIP. Pjeskarenje Na va\u0161u \u017delju Vam mo\u017eemo i pjeskariti namje\u0161taj i drvene dijelove plovila\u00a0 ure\u0111ajem za pjeskarenje. Pjeskarimo s medijem Garnet, koji se izvrsno&hellip;<\/p>\n","protected":false},"author":2,"featured_media":0,"parent":1058,"menu_order":0,"comment_status":"closed","ping_status":"closed","template":"","meta":{"footnotes":""},"class_list":["post-1069","page","type-page","status-publish","hentry","description-off"],"yoast_head":"<!-- This site is optimized with the Yoast SEO plugin v27.5 - https:\/\/yoast.com\/product\/yoast-seo-wordpress\/ -->\n<title>Kvalitetan namje\u0161taj za nautiku po va\u0161im \u017eeljama!<\/title>\n<meta name=\"description\" content=\"Izra\u0111ujemo i montiramo namje\u0161taj za nautiku od tikovine, obnavljamo i lakiramo. Po \u017eelji vam pjeskarimo namje\u0161taj i drvene dijelove.\" \/>\n<meta name=\"robots\" content=\"index, follow, max-snippet:-1, max-image-preview:large, max-video-preview:-1\" \/>\n<link rel=\"canonical\" href=\"https:\/\/www.primusr.com\/hr\/proizvodi-od-tikovine\/namjestaj\/\" \/>\n<meta property=\"og:locale\" content=\"hr_HR\" \/>\n<meta property=\"og:type\" content=\"article\" \/>\n<meta property=\"og:title\" content=\"Kvalitetan namje\u0161taj za nautiku po va\u0161im \u017eeljama!\" \/>\n<meta property=\"og:description\" content=\"Izra\u0111ujemo i montiramo namje\u0161taj za nautiku od tikovine, obnavljamo i lakiramo. Po \u017eelji vam pjeskarimo namje\u0161taj i drvene dijelove.\" \/>\n<meta property=\"og:url\" content=\"https:\/\/www.primusr.com\/hr\/proizvodi-od-tikovine\/namjestaj\/\" \/>\n<meta property=\"og:site_name\" content=\"Primus R d.o.o.\" \/>\n<meta property=\"article:publisher\" content=\"https:\/\/www.facebook.com\/primusrdoo\" \/>\n<meta property=\"article:modified_time\" content=\"2016-03-18T17:57:32+00:00\" \/>\n<meta name=\"twitter:card\" content=\"summary_large_image\" \/>\n<meta name=\"twitter:label1\" content=\"Procijenjeno vrijeme \u010ditanja\" \/>\n\t<meta name=\"twitter:data1\" content=\"1 minuta\" \/>\n<script type=\"application\/ld+json\" class=\"yoast-schema-graph\">{\"@context\":\"https:\\\/\\\/schema.org\",\"@graph\":[{\"@type\":\"WebPage\",\"@id\":\"https:\\\/\\\/www.primusr.com\\\/hr\\\/proizvodi-od-tikovine\\\/namjestaj\\\/\",\"url\":\"https:\\\/\\\/www.primusr.com\\\/hr\\\/proizvodi-od-tikovine\\\/namjestaj\\\/\",\"name\":\"Kvalitetan namje\u0161taj za nautiku po va\u0161im \u017eeljama!\",\"isPartOf\":{\"@id\":\"https:\\\/\\\/www.primusr.com\\\/#website\"},\"datePublished\":\"2016-02-09T19:40:00+00:00\",\"dateModified\":\"2016-03-18T17:57:32+00:00\",\"description\":\"Izra\u0111ujemo i montiramo namje\u0161taj za nautiku od tikovine, obnavljamo i lakiramo. Po \u017eelji vam pjeskarimo namje\u0161taj i drvene dijelove.\",\"breadcrumb\":{\"@id\":\"https:\\\/\\\/www.primusr.com\\\/hr\\\/proizvodi-od-tikovine\\\/namjestaj\\\/#breadcrumb\"},\"inLanguage\":\"hr\",\"potentialAction\":[{\"@type\":\"ReadAction\",\"target\":[\"https:\\\/\\\/www.primusr.com\\\/hr\\\/proizvodi-od-tikovine\\\/namjestaj\\\/\"]}]},{\"@type\":\"BreadcrumbList\",\"@id\":\"https:\\\/\\\/www.primusr.com\\\/hr\\\/proizvodi-od-tikovine\\\/namjestaj\\\/#breadcrumb\",\"itemListElement\":[{\"@type\":\"ListItem\",\"position\":1,\"name\":\"Home\",\"item\":\"https:\\\/\\\/www.primusr.com\\\/hr\\\/\"},{\"@type\":\"ListItem\",\"position\":2,\"name\":\"Proizvodi od tikovine\",\"item\":\"https:\\\/\\\/www.primusr.com\\\/hr\\\/proizvodi-od-tikovine\\\/\"},{\"@type\":\"ListItem\",\"position\":3,\"name\":\"Namje\u0161taj za uporabu u nautici\"}]},{\"@type\":\"WebSite\",\"@id\":\"https:\\\/\\\/www.primusr.com\\\/#website\",\"url\":\"https:\\\/\\\/www.primusr.com\\\/\",\"name\":\"Primus R d.o.o.\",\"description\":\"Nautical Flooring\",\"potentialAction\":[{\"@type\":\"SearchAction\",\"target\":{\"@type\":\"EntryPoint\",\"urlTemplate\":\"https:\\\/\\\/www.primusr.com\\\/?s={search_term_string}\"},\"query-input\":{\"@type\":\"PropertyValueSpecification\",\"valueRequired\":true,\"valueName\":\"search_term_string\"}}],\"inLanguage\":\"hr\"}]}<\/script>\n<!-- \/ Yoast SEO plugin. -->","yoast_head_json":{"title":"Kvalitetan namje\u0161taj za nautiku po va\u0161im \u017eeljama!","description":"Izra\u0111ujemo i montiramo namje\u0161taj za nautiku od tikovine, obnavljamo i lakiramo. Po \u017eelji vam pjeskarimo namje\u0161taj i drvene dijelove.","robots":{"index":"index","follow":"follow","max-snippet":"max-snippet:-1","max-image-preview":"max-image-preview:large","max-video-preview":"max-video-preview:-1"},"canonical":"https:\/\/www.primusr.com\/hr\/proizvodi-od-tikovine\/namjestaj\/","og_locale":"hr_HR","og_type":"article","og_title":"Kvalitetan namje\u0161taj za nautiku po va\u0161im \u017eeljama!","og_description":"Izra\u0111ujemo i montiramo namje\u0161taj za nautiku od tikovine, obnavljamo i lakiramo. Po \u017eelji vam pjeskarimo namje\u0161taj i drvene dijelove.","og_url":"https:\/\/www.primusr.com\/hr\/proizvodi-od-tikovine\/namjestaj\/","og_site_name":"Primus R d.o.o.","article_publisher":"https:\/\/www.facebook.com\/primusrdoo","article_modified_time":"2016-03-18T17:57:32+00:00","twitter_card":"summary_large_image","twitter_misc":{"Procijenjeno vrijeme \u010ditanja":"1 minuta"},"schema":{"@context":"https:\/\/schema.org","@graph":[{"@type":"WebPage","@id":"https:\/\/www.primusr.com\/hr\/proizvodi-od-tikovine\/namjestaj\/","url":"https:\/\/www.primusr.com\/hr\/proizvodi-od-tikovine\/namjestaj\/","name":"Kvalitetan namje\u0161taj za nautiku po va\u0161im \u017eeljama!","isPartOf":{"@id":"https:\/\/www.primusr.com\/#website"},"datePublished":"2016-02-09T19:40:00+00:00","dateModified":"2016-03-18T17:57:32+00:00","description":"Izra\u0111ujemo i montiramo namje\u0161taj za nautiku od tikovine, obnavljamo i lakiramo. Po \u017eelji vam pjeskarimo namje\u0161taj i drvene dijelove.","breadcrumb":{"@id":"https:\/\/www.primusr.com\/hr\/proizvodi-od-tikovine\/namjestaj\/#breadcrumb"},"inLanguage":"hr","potentialAction":[{"@type":"ReadAction","target":["https:\/\/www.primusr.com\/hr\/proizvodi-od-tikovine\/namjestaj\/"]}]},{"@type":"BreadcrumbList","@id":"https:\/\/www.primusr.com\/hr\/proizvodi-od-tikovine\/namjestaj\/#breadcrumb","itemListElement":[{"@type":"ListItem","position":1,"name":"Home","item":"https:\/\/www.primusr.com\/hr\/"},{"@type":"ListItem","position":2,"name":"Proizvodi od tikovine","item":"https:\/\/www.primusr.com\/hr\/proizvodi-od-tikovine\/"},{"@type":"ListItem","position":3,"name":"Namje\u0161taj za uporabu u nautici"}]},{"@type":"WebSite","@id":"https:\/\/www.primusr.com\/#website","url":"https:\/\/www.primusr.com\/","name":"Primus R d.o.o.","description":"Nautical Flooring","potentialAction":[{"@type":"SearchAction","target":{"@type":"EntryPoint","urlTemplate":"https:\/\/www.primusr.com\/?s={search_term_string}"},"query-input":{"@type":"PropertyValueSpecification","valueRequired":true,"valueName":"search_term_string"}}],"inLanguage":"hr"}]}},"_links":{"self":[{"href":"https:\/\/www.primusr.com\/hr\/wp-json\/wp\/v2\/pages\/1069","targetHints":{"allow":["GET"]}}],"collection":[{"href":"https:\/\/www.primusr.com\/hr\/wp-json\/wp\/v2\/pages"}],"about":[{"href":"https:\/\/www.primusr.com\/hr\/wp-json\/wp\/v2\/types\/page"}],"author":[{"embeddable":true,"href":"https:\/\/www.primusr.com\/hr\/wp-json\/wp\/v2\/users\/2"}],"replies":[{"embeddable":true,"href":"https:\/\/www.primusr.com\/hr\/wp-json\/wp\/v2\/comments?post=1069"}],"version-history":[{"count":0,"href":"https:\/\/www.primusr.com\/hr\/wp-json\/wp\/v2\/pages\/1069\/revisions"}],"up":[{"embeddable":true,"href":"https:\/\/www.primusr.com\/hr\/wp-json\/wp\/v2\/pages\/1058"}],"wp:attachment":[{"href":"https:\/\/www.primusr.com\/hr\/wp-json\/wp\/v2\/media?parent=1069"}],"curies":[{"name":"wp","href":"https:\/\/api.w.org\/{rel}","templated":true}]}}