{"id":1049,"date":"2016-02-08T23:55:46","date_gmt":"2016-02-08T22:55:46","guid":{"rendered":"https:\/\/www.primusr.com\/hr\/nautika\/tikovina\/"},"modified":"2016-03-17T20:40:58","modified_gmt":"2016-03-17T19:40:58","slug":"tikovina","status":"publish","type":"page","link":"https:\/\/www.primusr.com\/hr\/nautika\/tikovina\/","title":{"rendered":"Tikovina"},"content":{"rendered":"<div class=\"wpb-content-wrapper\"><p>[vc_row][vc_column][vc_column_text el_class=&#8221;center&#8221;]<\/p>\n<h2><span lang=\"HR\">Tikovina na plovilima<\/span><\/h2>\n<p>[\/vc_column_text][vc_empty_space height=&#8221;40px&#8221;][vc_row_inner][vc_column_inner width=&#8221;1\/2&#8243;][vc_column_text]Tikovina se stolje\u0107ima koristi za izradu paluba, za nju je zna\u010dajna odli\u010dna otpornost od truljenja. Tikovina je lijep materijal, iako neobra\u0111en, treba za\u0161titu. Primjerena za\u0161tita nema samo estetsko zna\u010denje; sprje\u010dava propu\u0161tanje vode koje mo\u017ee prouzro\u010diti veliku \u0161tetu i ostaviti ru\u017ene tragove na trupu, te sprje\u010dava truljenje drveta i stvaranje hr\u0111e na sastavnim metalnim dijelovima.<\/p>\n<p>Za za\u0161titu trebamo vodonepropusne brtvene premaze. Tikova obloga strukturno oja\u010dava donji sloj palube i osigurava dodatnu izolaciju u vru\u0107em i hladnom podneblju,<\/p>\n<p>Svojstva tikovine, kao \u0161to su ulja, masno\u0107a, milovka, smole i poroznost, ovisna su od njezinog izvora i starosti.<\/p>\n<p>Svje\u017ee tikovo drvo je zelenkasto-\u017eute boje, nakon su\u0161enja postane \u017euto-sme\u0111e do tamno sme\u0111e boje. Vidljive su od 2 do 8 mm \u0161iroke tamno sme\u0111e ili crne crte.<\/p>\n<p>Burmanska i kineska tikovina uvijek su tamnije, dok je indonezijska svjetlije boje.<\/p>\n<p>Tikove palube na plovilima izra\u0111ujemo po \u0161ablonskoj tehnici, \u0161to zna\u010di da \u0161ablonu izra\u0111ujemo to\u010dno po \u017eeljenim dimenzijama plovila.<\/p>\n<p>Koristimo samo tikovinu s certifikatom i kvalitetom FSC i FEQ \u0161to zna\u010di da je drvo izrezano u skladu s va\u017ee\u0107im propisima.[\/vc_column_text][\/vc_column_inner][vc_column_inner width=&#8221;1\/2&#8243;]<div class=\"wf-container dt-gallery-container dt-photos-shortcode loading-effect-none iso-container\" data-padding=\"2px\" data-cur-page=\"1\" data-width=\"150px\" data-columns=\"3\" data-pretty-share=\"facebook,twitter,pinterest,linkedin\"><div class=\"wf-cell iso-item\" data-post-id=\"1717\" data-date=\"2016-02-14T23:48:04+01:00\" data-name=\"teak-1\">\n<article class=\"post post-1717 attachment type-attachment status-inherit hentry no-img description-off\">\n\n\t<figure class=\"rollover-project links-hovers-disabled\">\n\t<a href=\"https:\/\/www.primusr.com\/wp-content\/uploads\/2016\/02\/teak-1.jpg\" class=\"rollover rollover-zoom dt-pswp-item layzr-bg\" title=\"teak-1\" data-dt-img-description=\"\"  data-large_image_width=\"1900\" data-large_image_height = \"1208\"  data-dt-location=\"https:\/\/www.primusr.com\/hr\/album\/tikovina\/teak-1-2\/\" ><img decoding=\"async\" class=\"preload-me iso-lazy-load aspect\" src=\"data:image\/svg+xml,%3Csvg%20xmlns%3D&#39;http%3A%2F%2Fwww.w3.org%2F2000%2Fsvg&#39;%20viewBox%3D&#39;0%200%20225%20143&#39;%2F%3E\" data-src=\"https:\/\/www.primusr.com\/wp-content\/uploads\/2016\/02\/teak-1-225x143.jpg\" data-srcset=\"https:\/\/www.primusr.com\/wp-content\/uploads\/2016\/02\/teak-1-225x143.jpg 225w, https:\/\/www.primusr.com\/wp-content\/uploads\/2016\/02\/teak-1-450x286.jpg 450w\" loading=\"eager\" style=\"--ratio: 225 \/ 143\" sizes=\"(max-width: 225px) 100vw, 225px\" alt=\"\" width=\"225\" height=\"143\"  \/><\/a>\t<\/figure>\n<\/article>\n\n<\/div><div class=\"wf-cell iso-item\" data-post-id=\"1720\" data-date=\"2016-02-14T23:48:08+01:00\" data-name=\"teak-2\">\n<article class=\"post post-1720 attachment type-attachment status-inherit hentry no-img description-off\">\n\n\t<figure class=\"rollover-project links-hovers-disabled\">\n\t<a href=\"https:\/\/www.primusr.com\/wp-content\/uploads\/2016\/02\/teak-2.jpg\" class=\"rollover rollover-zoom dt-pswp-item layzr-bg\" title=\"teak-2\" data-dt-img-description=\"\"  data-large_image_width=\"1700\" data-large_image_height = \"1536\"  data-dt-location=\"https:\/\/www.primusr.com\/hr\/album\/tikovina\/teak-2-2\/\" ><img decoding=\"async\" class=\"preload-me iso-lazy-load aspect\" src=\"data:image\/svg+xml,%3Csvg%20xmlns%3D&#39;http%3A%2F%2Fwww.w3.org%2F2000%2Fsvg&#39;%20viewBox%3D&#39;0%200%20225%20203&#39;%2F%3E\" data-src=\"https:\/\/www.primusr.com\/wp-content\/uploads\/2016\/02\/teak-2-225x203.jpg\" data-srcset=\"https:\/\/www.primusr.com\/wp-content\/uploads\/2016\/02\/teak-2-225x203.jpg 225w, https:\/\/www.primusr.com\/wp-content\/uploads\/2016\/02\/teak-2-450x406.jpg 450w\" loading=\"eager\" style=\"--ratio: 225 \/ 203\" sizes=\"(max-width: 225px) 100vw, 225px\" alt=\"\" width=\"225\" height=\"203\"  \/><\/a>\t<\/figure>\n<\/article>\n\n<\/div><div class=\"wf-cell iso-item\" data-post-id=\"1723\" data-date=\"2016-02-14T23:48:12+01:00\" data-name=\"teak-3\">\n<article class=\"post post-1723 attachment type-attachment status-inherit hentry no-img description-off\">\n\n\t<figure class=\"rollover-project links-hovers-disabled\">\n\t<a href=\"https:\/\/www.primusr.com\/wp-content\/uploads\/2016\/02\/teak-3.jpg\" class=\"rollover rollover-zoom dt-pswp-item layzr-bg\" title=\"teak-3\" data-dt-img-description=\"\"  data-large_image_width=\"1900\" data-large_image_height = \"1456\"  data-dt-location=\"https:\/\/www.primusr.com\/hr\/album\/tikovina\/teak-3-2\/\" ><img decoding=\"async\" class=\"preload-me iso-lazy-load aspect\" src=\"data:image\/svg+xml,%3Csvg%20xmlns%3D&#39;http%3A%2F%2Fwww.w3.org%2F2000%2Fsvg&#39;%20viewBox%3D&#39;0%200%20225%20172&#39;%2F%3E\" data-src=\"https:\/\/www.primusr.com\/wp-content\/uploads\/2016\/02\/teak-3-225x172.jpg\" data-srcset=\"https:\/\/www.primusr.com\/wp-content\/uploads\/2016\/02\/teak-3-225x172.jpg 225w, https:\/\/www.primusr.com\/wp-content\/uploads\/2016\/02\/teak-3-450x344.jpg 450w\" loading=\"eager\" style=\"--ratio: 225 \/ 172\" sizes=\"(max-width: 225px) 100vw, 225px\" alt=\"\" width=\"225\" height=\"172\"  \/><\/a>\t<\/figure>\n<\/article>\n\n<\/div><div class=\"wf-cell iso-item\" data-post-id=\"1726\" data-date=\"2016-02-14T23:48:16+01:00\" data-name=\"teak-4\">\n<article class=\"post post-1726 attachment type-attachment status-inherit hentry no-img description-off\">\n\n\t<figure class=\"rollover-project links-hovers-disabled\">\n\t<a href=\"https:\/\/www.primusr.com\/wp-content\/uploads\/2016\/02\/teak-4.jpg\" class=\"rollover rollover-zoom dt-pswp-item layzr-bg\" title=\"teak-4\" data-dt-img-description=\"\"  data-large_image_width=\"1900\" data-large_image_height = \"1425\"  data-dt-location=\"https:\/\/www.primusr.com\/hr\/album\/tikovina\/teak-4-2\/\" ><img decoding=\"async\" class=\"preload-me iso-lazy-load aspect\" src=\"data:image\/svg+xml,%3Csvg%20xmlns%3D&#39;http%3A%2F%2Fwww.w3.org%2F2000%2Fsvg&#39;%20viewBox%3D&#39;0%200%20225%20169&#39;%2F%3E\" data-src=\"https:\/\/www.primusr.com\/wp-content\/uploads\/2016\/02\/teak-4-225x169.jpg\" data-srcset=\"https:\/\/www.primusr.com\/wp-content\/uploads\/2016\/02\/teak-4-225x169.jpg 225w, https:\/\/www.primusr.com\/wp-content\/uploads\/2016\/02\/teak-4-450x338.jpg 450w\" loading=\"eager\" style=\"--ratio: 225 \/ 169\" sizes=\"(max-width: 225px) 100vw, 225px\" alt=\"\" width=\"225\" height=\"169\"  \/><\/a>\t<\/figure>\n<\/article>\n\n<\/div><div class=\"wf-cell iso-item\" data-post-id=\"1729\" data-date=\"2016-02-14T23:48:20+01:00\" data-name=\"teak-5\">\n<article class=\"post post-1729 attachment type-attachment status-inherit hentry no-img description-off\">\n\n\t<figure class=\"rollover-project links-hovers-disabled\">\n\t<a href=\"https:\/\/www.primusr.com\/wp-content\/uploads\/2016\/02\/teak-5.jpg\" class=\"rollover rollover-zoom dt-pswp-item layzr-bg\" title=\"teak-5\" data-dt-img-description=\"\"  data-large_image_width=\"749\" data-large_image_height = \"411\"  data-dt-location=\"https:\/\/www.primusr.com\/hr\/album\/tikovina\/teak-5-2\/\" ><img decoding=\"async\" class=\"preload-me iso-lazy-load aspect\" src=\"data:image\/svg+xml,%3Csvg%20xmlns%3D&#39;http%3A%2F%2Fwww.w3.org%2F2000%2Fsvg&#39;%20viewBox%3D&#39;0%200%20225%20123&#39;%2F%3E\" data-src=\"https:\/\/www.primusr.com\/wp-content\/uploads\/2016\/02\/teak-5-225x123.jpg\" data-srcset=\"https:\/\/www.primusr.com\/wp-content\/uploads\/2016\/02\/teak-5-225x123.jpg 225w, https:\/\/www.primusr.com\/wp-content\/uploads\/2016\/02\/teak-5-450x246.jpg 450w\" loading=\"eager\" style=\"--ratio: 225 \/ 123\" sizes=\"(max-width: 225px) 100vw, 225px\" alt=\"\" width=\"225\" height=\"123\"  \/><\/a>\t<\/figure>\n<\/article>\n\n<\/div><div class=\"wf-cell iso-item\" data-post-id=\"1732\" data-date=\"2016-02-14T23:48:23+01:00\" data-name=\"teak-6\">\n<article class=\"post post-1732 attachment type-attachment status-inherit hentry no-img description-off\">\n\n\t<figure class=\"rollover-project links-hovers-disabled\">\n\t<a href=\"https:\/\/www.primusr.com\/wp-content\/uploads\/2016\/02\/teak-6.jpg\" class=\"rollover rollover-zoom dt-pswp-item layzr-bg\" title=\"teak-6\" data-dt-img-description=\"\"  data-large_image_width=\"1632\" data-large_image_height = \"771\"  data-dt-location=\"https:\/\/www.primusr.com\/hr\/album\/tikovina\/teak-6-2\/\" ><img decoding=\"async\" class=\"preload-me iso-lazy-load aspect\" src=\"data:image\/svg+xml,%3Csvg%20xmlns%3D&#39;http%3A%2F%2Fwww.w3.org%2F2000%2Fsvg&#39;%20viewBox%3D&#39;0%200%20225%20106&#39;%2F%3E\" data-src=\"https:\/\/www.primusr.com\/wp-content\/uploads\/2016\/02\/teak-6-225x106.jpg\" data-srcset=\"https:\/\/www.primusr.com\/wp-content\/uploads\/2016\/02\/teak-6-225x106.jpg 225w, https:\/\/www.primusr.com\/wp-content\/uploads\/2016\/02\/teak-6-450x212.jpg 450w\" loading=\"eager\" style=\"--ratio: 225 \/ 106\" sizes=\"(max-width: 225px) 100vw, 225px\" alt=\"\" width=\"225\" height=\"106\"  \/><\/a>\t<\/figure>\n<\/article>\n\n<\/div><div class=\"wf-cell iso-item\" data-post-id=\"1735\" data-date=\"2016-02-14T23:48:26+01:00\" data-name=\"teak-7\">\n<article class=\"post post-1735 attachment type-attachment status-inherit hentry no-img description-off\">\n\n\t<figure class=\"rollover-project links-hovers-disabled\">\n\t<a href=\"https:\/\/www.primusr.com\/wp-content\/uploads\/2016\/02\/teak-7.jpg\" class=\"rollover rollover-zoom dt-pswp-item layzr-bg\" title=\"teak-7\" data-dt-img-description=\"\"  data-large_image_width=\"749\" data-large_image_height = \"263\"  data-dt-location=\"https:\/\/www.primusr.com\/hr\/album\/tikovina\/teak-7-2\/\" ><img decoding=\"async\" class=\"preload-me iso-lazy-load aspect\" src=\"data:image\/svg+xml,%3Csvg%20xmlns%3D&#39;http%3A%2F%2Fwww.w3.org%2F2000%2Fsvg&#39;%20viewBox%3D&#39;0%200%20225%2079&#39;%2F%3E\" data-src=\"https:\/\/www.primusr.com\/wp-content\/uploads\/2016\/02\/teak-7-225x79.jpg\" data-srcset=\"https:\/\/www.primusr.com\/wp-content\/uploads\/2016\/02\/teak-7-225x79.jpg 225w, https:\/\/www.primusr.com\/wp-content\/uploads\/2016\/02\/teak-7-450x158.jpg 450w\" loading=\"eager\" style=\"--ratio: 225 \/ 79\" sizes=\"(max-width: 225px) 100vw, 225px\" alt=\"\" width=\"225\" height=\"79\"  \/><\/a>\t<\/figure>\n<\/article>\n\n<\/div><div class=\"wf-cell iso-item\" data-post-id=\"1852\" data-date=\"2016-02-21T16:52:01+01:00\" data-name=\"teak-9\">\n<article class=\"post post-1852 attachment type-attachment status-inherit hentry no-img description-off\">\n\n\t<figure class=\"rollover-project links-hovers-disabled\">\n\t<a href=\"https:\/\/www.primusr.com\/wp-content\/uploads\/2016\/02\/teak-9.jpg\" class=\"rollover rollover-zoom dt-pswp-item layzr-bg\" title=\"teak-9\" data-dt-img-description=\"\"  data-large_image_width=\"1900\" data-large_image_height = \"1416\"  data-dt-location=\"https:\/\/www.primusr.com\/hr\/album\/tikovina\/teak-9-2\/\" ><img decoding=\"async\" class=\"preload-me iso-lazy-load aspect\" src=\"data:image\/svg+xml,%3Csvg%20xmlns%3D&#39;http%3A%2F%2Fwww.w3.org%2F2000%2Fsvg&#39;%20viewBox%3D&#39;0%200%20225%20168&#39;%2F%3E\" data-src=\"https:\/\/www.primusr.com\/wp-content\/uploads\/2016\/02\/teak-9-225x168.jpg\" data-srcset=\"https:\/\/www.primusr.com\/wp-content\/uploads\/2016\/02\/teak-9-225x168.jpg 225w, https:\/\/www.primusr.com\/wp-content\/uploads\/2016\/02\/teak-9-450x336.jpg 450w\" loading=\"eager\" style=\"--ratio: 225 \/ 168\" sizes=\"(max-width: 225px) 100vw, 225px\" alt=\"\" width=\"225\" height=\"168\"  \/><\/a>\t<\/figure>\n<\/article>\n\n<\/div><div class=\"wf-cell iso-item\" data-post-id=\"1855\" data-date=\"2016-02-21T16:52:05+01:00\" data-name=\"teak-10\">\n<article class=\"post post-1855 attachment type-attachment status-inherit hentry no-img description-off\">\n\n\t<figure class=\"rollover-project links-hovers-disabled\">\n\t<a href=\"https:\/\/www.primusr.com\/wp-content\/uploads\/2016\/02\/teak-10.jpg\" class=\"rollover rollover-zoom dt-pswp-item layzr-bg\" title=\"teak-10\" data-dt-img-description=\"\"  data-large_image_width=\"1673\" data-large_image_height = \"1900\"  data-dt-location=\"https:\/\/www.primusr.com\/hr\/album\/tikovina\/teak-10-2\/\" ><img fetchpriority=\"high\" decoding=\"async\" class=\"preload-me iso-lazy-load aspect\" src=\"data:image\/svg+xml,%3Csvg%20xmlns%3D&#39;http%3A%2F%2Fwww.w3.org%2F2000%2Fsvg&#39;%20viewBox%3D&#39;0%200%20225%20256&#39;%2F%3E\" data-src=\"https:\/\/www.primusr.com\/wp-content\/uploads\/2016\/02\/teak-10-225x256.jpg\" data-srcset=\"https:\/\/www.primusr.com\/wp-content\/uploads\/2016\/02\/teak-10-225x256.jpg 225w, https:\/\/www.primusr.com\/wp-content\/uploads\/2016\/02\/teak-10-450x512.jpg 450w\" loading=\"eager\" style=\"--ratio: 225 \/ 256\" sizes=\"(max-width: 225px) 100vw, 225px\" alt=\"\" width=\"225\" height=\"256\"  \/><\/a>\t<\/figure>\n<\/article>\n\n<\/div><div class=\"wf-cell iso-item\" data-post-id=\"1738\" data-date=\"2016-02-14T23:48:29+01:00\" data-name=\"teak-8\">\n<article class=\"post post-1738 attachment type-attachment status-inherit hentry no-img description-off\">\n\n\t<figure class=\"rollover-project links-hovers-disabled\">\n\t<a href=\"https:\/\/www.primusr.com\/wp-content\/uploads\/2016\/02\/teak-8.jpg\" class=\"rollover rollover-zoom dt-pswp-item layzr-bg\" title=\"teak-8\" data-dt-img-description=\"\"  data-large_image_width=\"1900\" data-large_image_height = \"1289\"  data-dt-location=\"https:\/\/www.primusr.com\/hr\/album\/tikovina\/teak-8-2\/\" ><img decoding=\"async\" class=\"preload-me iso-lazy-load aspect\" src=\"data:image\/svg+xml,%3Csvg%20xmlns%3D&#39;http%3A%2F%2Fwww.w3.org%2F2000%2Fsvg&#39;%20viewBox%3D&#39;0%200%20225%20153&#39;%2F%3E\" data-src=\"https:\/\/www.primusr.com\/wp-content\/uploads\/2016\/02\/teak-8-225x153.jpg\" data-srcset=\"https:\/\/www.primusr.com\/wp-content\/uploads\/2016\/02\/teak-8-225x153.jpg 225w, https:\/\/www.primusr.com\/wp-content\/uploads\/2016\/02\/teak-8-450x306.jpg 450w\" loading=\"eager\" style=\"--ratio: 225 \/ 153\" sizes=\"(max-width: 225px) 100vw, 225px\" alt=\"\" width=\"225\" height=\"153\"  \/><\/a>\t<\/figure>\n<\/article>\n\n<\/div><\/div>[\/vc_column_inner][\/vc_row_inner][\/vc_column][\/vc_row][vc_row][vc_column][vc_empty_space height=&#8221;80px&#8221;][vc_column_text el_class=&#8221;center&#8221;]<\/p>\n<h2>Imate pitanje?<\/h2>\n<p>Za bilo kakva pitanja mo\u017eete nas bilo kada kontaktirati. Mo\u017eete koristiti donji obrazac.[\/vc_column_text][vc_empty_space height=&#8221;40px&#8221;]\n<div class=\"wpcf7 no-js\" id=\"wpcf7-f119-o1\" lang=\"sl-SI\" dir=\"ltr\" data-wpcf7-id=\"119\">\n<div class=\"screen-reader-response\"><p role=\"status\" aria-live=\"polite\" aria-atomic=\"true\"><\/p> <ul><\/ul><\/div>\n<form action=\"\/hr\/wp-json\/wp\/v2\/pages\/1049#wpcf7-f119-o1\" method=\"post\" class=\"wpcf7-form init\" aria-label=\"Contact form\" novalidate=\"novalidate\" data-status=\"init\">\n<fieldset class=\"hidden-fields-container\"><input type=\"hidden\" name=\"_wpcf7\" value=\"119\" \/><input type=\"hidden\" name=\"_wpcf7_version\" value=\"6.1.5\" \/><input type=\"hidden\" name=\"_wpcf7_locale\" value=\"sl_SI\" \/><input type=\"hidden\" name=\"_wpcf7_unit_tag\" value=\"wpcf7-f119-o1\" \/><input type=\"hidden\" name=\"_wpcf7_container_post\" value=\"0\" \/><input type=\"hidden\" name=\"_wpcf7_posted_data_hash\" value=\"\" \/><input type=\"hidden\" name=\"_wpcf7_recaptcha_response\" value=\"\" \/>\n<\/fieldset>\n<p>Va\u0161e ime *<br \/>\n<span class=\"wpcf7-form-control-wrap\" data-name=\"your-name\"><input size=\"40\" maxlength=\"400\" class=\"wpcf7-form-control wpcf7-text wpcf7-validates-as-required\" aria-required=\"true\" aria-invalid=\"false\" value=\"\" type=\"text\" name=\"your-name\" \/><\/span>\n<\/p>\n<p>Va\u0161 e-mail *<br \/>\n<span class=\"wpcf7-form-control-wrap\" data-name=\"your-email\"><input size=\"40\" maxlength=\"400\" class=\"wpcf7-form-control wpcf7-email wpcf7-validates-as-required wpcf7-text wpcf7-validates-as-email\" aria-required=\"true\" aria-invalid=\"false\" value=\"\" type=\"email\" name=\"your-email\" \/><\/span>\n<\/p>\n<p>Zadeva *<br \/>\n<span class=\"wpcf7-form-control-wrap\" data-name=\"your-subject\"><input size=\"40\" maxlength=\"400\" class=\"wpcf7-form-control wpcf7-text wpcf7-validates-as-required\" aria-required=\"true\" aria-invalid=\"false\" value=\"\" type=\"text\" name=\"your-subject\" \/><\/span>\n<\/p>\n<p>Sporo\u010dilo *<br \/>\n<span class=\"wpcf7-form-control-wrap\" data-name=\"your-message\"><textarea cols=\"40\" rows=\"10\" maxlength=\"2000\" class=\"wpcf7-form-control wpcf7-textarea wpcf7-validates-as-required\" aria-required=\"true\" aria-invalid=\"false\" name=\"your-message\"><\/textarea><\/span>\n<\/p>\n<p><input class=\"wpcf7-form-control wpcf7-submit has-spinner\" type=\"submit\" value=\"Po\u0161lji\" \/>\n<\/p><div class=\"wpcf7-response-output\" aria-hidden=\"true\"><\/div>\n<\/form>\n<\/div>\n[\/vc_column][\/vc_row]<\/p>\n<\/div>","protected":false},"excerpt":{"rendered":"<p>[vc_row][vc_column][vc_column_text el_class=&#8221;center&#8221;] Tikovina na plovilima [\/vc_column_text][vc_empty_space height=&#8221;40px&#8221;][vc_row_inner][vc_column_inner width=&#8221;1\/2&#8243;][vc_column_text]Tikovina se stolje\u0107ima koristi za izradu paluba, za nju je zna\u010dajna odli\u010dna otpornost od truljenja. Tikovina je lijep materijal, iako neobra\u0111en, treba za\u0161titu. Primjerena za\u0161tita nema samo estetsko zna\u010denje; sprje\u010dava propu\u0161tanje vode koje mo\u017ee prouzro\u010diti veliku \u0161tetu i ostaviti ru\u017ene tragove na trupu, te sprje\u010dava truljenje drveta i&hellip;<\/p>\n","protected":false},"author":2,"featured_media":0,"parent":1017,"menu_order":0,"comment_status":"closed","ping_status":"closed","template":"","meta":{"footnotes":""},"class_list":["post-1049","page","type-page","status-publish","hentry","description-off"],"yoast_head":"<!-- This site is optimized with the Yoast SEO plugin v27.5 - https:\/\/yoast.com\/product\/yoast-seo-wordpress\/ -->\n<title>Tikovina - pravi odabir za va\u0161e plovilo.<\/title>\n<meta name=\"description\" content=\"S tikovinom ne mo\u017eete pogrije\u0161iti. Ima lijep izgled, a s pravom za\u0161titom i dugogodi\u0161nju postojanost. Tikovinu izra\u0111ujemo po \u017eeljama kupca.\" \/>\n<meta name=\"robots\" content=\"index, follow, max-snippet:-1, max-image-preview:large, max-video-preview:-1\" \/>\n<link rel=\"canonical\" href=\"https:\/\/www.primusr.com\/hr\/nautika\/tikovina\/\" \/>\n<meta property=\"og:locale\" content=\"hr_HR\" \/>\n<meta property=\"og:type\" content=\"article\" \/>\n<meta property=\"og:title\" content=\"Tikovina - pravi odabir za va\u0161e plovilo.\" \/>\n<meta property=\"og:description\" content=\"S tikovinom ne mo\u017eete pogrije\u0161iti. Ima lijep izgled, a s pravom za\u0161titom i dugogodi\u0161nju postojanost. Tikovinu izra\u0111ujemo po \u017eeljama kupca.\" \/>\n<meta property=\"og:url\" content=\"https:\/\/www.primusr.com\/hr\/nautika\/tikovina\/\" \/>\n<meta property=\"og:site_name\" content=\"Primus R d.o.o.\" \/>\n<meta property=\"article:publisher\" content=\"https:\/\/www.facebook.com\/primusrdoo\" \/>\n<meta property=\"article:modified_time\" content=\"2016-03-17T19:40:58+00:00\" \/>\n<meta name=\"twitter:card\" content=\"summary_large_image\" \/>\n<meta name=\"twitter:label1\" content=\"Procijenjeno vrijeme \u010ditanja\" \/>\n\t<meta name=\"twitter:data1\" content=\"2 minute\" \/>\n<script type=\"application\/ld+json\" class=\"yoast-schema-graph\">{\"@context\":\"https:\\\/\\\/schema.org\",\"@graph\":[{\"@type\":\"WebPage\",\"@id\":\"https:\\\/\\\/www.primusr.com\\\/hr\\\/nautika\\\/tikovina\\\/\",\"url\":\"https:\\\/\\\/www.primusr.com\\\/hr\\\/nautika\\\/tikovina\\\/\",\"name\":\"Tikovina - pravi odabir za va\u0161e plovilo.\",\"isPartOf\":{\"@id\":\"https:\\\/\\\/www.primusr.com\\\/#website\"},\"datePublished\":\"2016-02-08T22:55:46+00:00\",\"dateModified\":\"2016-03-17T19:40:58+00:00\",\"description\":\"S tikovinom ne mo\u017eete pogrije\u0161iti. Ima lijep izgled, a s pravom za\u0161titom i dugogodi\u0161nju postojanost. Tikovinu izra\u0111ujemo po \u017eeljama kupca.\",\"breadcrumb\":{\"@id\":\"https:\\\/\\\/www.primusr.com\\\/hr\\\/nautika\\\/tikovina\\\/#breadcrumb\"},\"inLanguage\":\"hr\",\"potentialAction\":[{\"@type\":\"ReadAction\",\"target\":[\"https:\\\/\\\/www.primusr.com\\\/hr\\\/nautika\\\/tikovina\\\/\"]}]},{\"@type\":\"BreadcrumbList\",\"@id\":\"https:\\\/\\\/www.primusr.com\\\/hr\\\/nautika\\\/tikovina\\\/#breadcrumb\",\"itemListElement\":[{\"@type\":\"ListItem\",\"position\":1,\"name\":\"Home\",\"item\":\"https:\\\/\\\/www.primusr.com\\\/hr\\\/\"},{\"@type\":\"ListItem\",\"position\":2,\"name\":\"Nautika\",\"item\":\"https:\\\/\\\/www.primusr.com\\\/hr\\\/nautika\\\/\"},{\"@type\":\"ListItem\",\"position\":3,\"name\":\"Tikovina\"}]},{\"@type\":\"WebSite\",\"@id\":\"https:\\\/\\\/www.primusr.com\\\/#website\",\"url\":\"https:\\\/\\\/www.primusr.com\\\/\",\"name\":\"Primus R d.o.o.\",\"description\":\"Nautical Flooring\",\"potentialAction\":[{\"@type\":\"SearchAction\",\"target\":{\"@type\":\"EntryPoint\",\"urlTemplate\":\"https:\\\/\\\/www.primusr.com\\\/?s={search_term_string}\"},\"query-input\":{\"@type\":\"PropertyValueSpecification\",\"valueRequired\":true,\"valueName\":\"search_term_string\"}}],\"inLanguage\":\"hr\"}]}<\/script>\n<!-- \/ Yoast SEO plugin. -->","yoast_head_json":{"title":"Tikovina - pravi odabir za va\u0161e plovilo.","description":"S tikovinom ne mo\u017eete pogrije\u0161iti. Ima lijep izgled, a s pravom za\u0161titom i dugogodi\u0161nju postojanost. Tikovinu izra\u0111ujemo po \u017eeljama kupca.","robots":{"index":"index","follow":"follow","max-snippet":"max-snippet:-1","max-image-preview":"max-image-preview:large","max-video-preview":"max-video-preview:-1"},"canonical":"https:\/\/www.primusr.com\/hr\/nautika\/tikovina\/","og_locale":"hr_HR","og_type":"article","og_title":"Tikovina - pravi odabir za va\u0161e plovilo.","og_description":"S tikovinom ne mo\u017eete pogrije\u0161iti. Ima lijep izgled, a s pravom za\u0161titom i dugogodi\u0161nju postojanost. Tikovinu izra\u0111ujemo po \u017eeljama kupca.","og_url":"https:\/\/www.primusr.com\/hr\/nautika\/tikovina\/","og_site_name":"Primus R d.o.o.","article_publisher":"https:\/\/www.facebook.com\/primusrdoo","article_modified_time":"2016-03-17T19:40:58+00:00","twitter_card":"summary_large_image","twitter_misc":{"Procijenjeno vrijeme \u010ditanja":"2 minute"},"schema":{"@context":"https:\/\/schema.org","@graph":[{"@type":"WebPage","@id":"https:\/\/www.primusr.com\/hr\/nautika\/tikovina\/","url":"https:\/\/www.primusr.com\/hr\/nautika\/tikovina\/","name":"Tikovina - pravi odabir za va\u0161e plovilo.","isPartOf":{"@id":"https:\/\/www.primusr.com\/#website"},"datePublished":"2016-02-08T22:55:46+00:00","dateModified":"2016-03-17T19:40:58+00:00","description":"S tikovinom ne mo\u017eete pogrije\u0161iti. Ima lijep izgled, a s pravom za\u0161titom i dugogodi\u0161nju postojanost. Tikovinu izra\u0111ujemo po \u017eeljama kupca.","breadcrumb":{"@id":"https:\/\/www.primusr.com\/hr\/nautika\/tikovina\/#breadcrumb"},"inLanguage":"hr","potentialAction":[{"@type":"ReadAction","target":["https:\/\/www.primusr.com\/hr\/nautika\/tikovina\/"]}]},{"@type":"BreadcrumbList","@id":"https:\/\/www.primusr.com\/hr\/nautika\/tikovina\/#breadcrumb","itemListElement":[{"@type":"ListItem","position":1,"name":"Home","item":"https:\/\/www.primusr.com\/hr\/"},{"@type":"ListItem","position":2,"name":"Nautika","item":"https:\/\/www.primusr.com\/hr\/nautika\/"},{"@type":"ListItem","position":3,"name":"Tikovina"}]},{"@type":"WebSite","@id":"https:\/\/www.primusr.com\/#website","url":"https:\/\/www.primusr.com\/","name":"Primus R d.o.o.","description":"Nautical Flooring","potentialAction":[{"@type":"SearchAction","target":{"@type":"EntryPoint","urlTemplate":"https:\/\/www.primusr.com\/?s={search_term_string}"},"query-input":{"@type":"PropertyValueSpecification","valueRequired":true,"valueName":"search_term_string"}}],"inLanguage":"hr"}]}},"_links":{"self":[{"href":"https:\/\/www.primusr.com\/hr\/wp-json\/wp\/v2\/pages\/1049","targetHints":{"allow":["GET"]}}],"collection":[{"href":"https:\/\/www.primusr.com\/hr\/wp-json\/wp\/v2\/pages"}],"about":[{"href":"https:\/\/www.primusr.com\/hr\/wp-json\/wp\/v2\/types\/page"}],"author":[{"embeddable":true,"href":"https:\/\/www.primusr.com\/hr\/wp-json\/wp\/v2\/users\/2"}],"replies":[{"embeddable":true,"href":"https:\/\/www.primusr.com\/hr\/wp-json\/wp\/v2\/comments?post=1049"}],"version-history":[{"count":0,"href":"https:\/\/www.primusr.com\/hr\/wp-json\/wp\/v2\/pages\/1049\/revisions"}],"up":[{"embeddable":true,"href":"https:\/\/www.primusr.com\/hr\/wp-json\/wp\/v2\/pages\/1017"}],"wp:attachment":[{"href":"https:\/\/www.primusr.com\/hr\/wp-json\/wp\/v2\/media?parent=1049"}],"curies":[{"name":"wp","href":"https:\/\/api.w.org\/{rel}","templated":true}]}}