{"id":1020,"date":"2016-03-17T19:39:09","date_gmt":"2016-03-17T18:39:09","guid":{"rendered":"https:\/\/www.primusr.com\/hr\/?page_id=1020"},"modified":"2016-03-17T20:00:41","modified_gmt":"2016-03-17T19:00:41","slug":"krmne-platforme","status":"publish","type":"page","link":"https:\/\/www.primusr.com\/hr\/nautika\/krmne-platforme\/","title":{"rendered":"Krmne platforme"},"content":{"rendered":"<div class=\"wpb-content-wrapper\"><p>[vc_row][vc_column][vc_column_text el_class=&#8221;center&#8221;]<\/p>\n<h2><span lang=\"HR\">Krmne platforme svih oblika i dimenzija<\/span><\/h2>\n<p>[\/vc_column_text][vc_empty_space height=&#8221;40px&#8221;][vc_row_inner][vc_column_inner width=&#8221;1\/2&#8243;][vc_column_text]Krmne platforme su va\u017ean dio svakog plovila. Pomo\u0107i krmne platforme dobivamo puno novog prostora, jer znamo, da je na plovilima va\u017ean svaki centimetar. Imaju sigurnosnu ulogu jer pokrivaju pogonski dio plovila.<\/p>\n<p>Krmne platforme izra\u0111ujemo od poliesterskih smola i oblikujemo to\u010dno po narud\u017ebi, ve\u0107inom u skladu s dimenzijama plovila ili po \u017eeljama kupaca.<\/p>\n<p>Kao klijent mo\u017eete odabrati izme\u0111u razli\u010ditih boja i mnogo mogu\u0107nosti, kao \u0161to su na primjer ugradnja LED svjetala \/ podvodnih svjetala.<\/p>\n<p>Na krmno platformu Vam na Va\u0161u \u017eelju polo\u017eimo jo\u0161 i prohodnu povr\u0161inu, ina\u010de proizvod od prave tikovine, Flexiteek-a ili P deck-a.<\/p>\n<p>Krmna platforma omogu\u0107uje jednostavan pristup do mora. Stepenice Vam sakrijemo ispod poklopca, da ne smetaju kada nisu u uporabi.[\/vc_column_text][\/vc_column_inner][vc_column_inner width=&#8221;1\/2&#8243;]<div class=\"wf-container dt-gallery-container dt-photos-shortcode loading-effect-none iso-container\" data-padding=\"2px\" data-cur-page=\"1\" data-width=\"120px\" data-columns=\"3\" data-pretty-share=\"facebook,twitter,pinterest,linkedin\"><div class=\"wf-cell iso-item\" data-post-id=\"1630\" data-date=\"2016-02-08T22:12:14+01:00\" data-name=\"kopalna-ploscad-1\">\n<article class=\"post post-1630 attachment type-attachment status-inherit hentry no-img description-off\">\n\n\t<figure class=\"rollover-project links-hovers-disabled\">\n\t<a href=\"https:\/\/www.primusr.com\/wp-content\/uploads\/2016\/02\/kopalna-ploscad-1.jpg\" class=\"rollover rollover-zoom dt-pswp-item layzr-bg\" title=\"kopalna-ploscad-1\" data-dt-img-description=\"\"  data-large_image_width=\"749\" data-large_image_height = \"421\"  data-dt-location=\"https:\/\/www.primusr.com\/hr\/album\/krmne-platforme\/kopalna-ploscad-1-2\/\" ><img decoding=\"async\" class=\"preload-me iso-lazy-load aspect\" src=\"data:image\/svg+xml,%3Csvg%20xmlns%3D&#39;http%3A%2F%2Fwww.w3.org%2F2000%2Fsvg&#39;%20viewBox%3D&#39;0%200%20180%20101&#39;%2F%3E\" data-src=\"https:\/\/www.primusr.com\/wp-content\/uploads\/2016\/02\/kopalna-ploscad-1-180x101.jpg\" data-srcset=\"https:\/\/www.primusr.com\/wp-content\/uploads\/2016\/02\/kopalna-ploscad-1-180x101.jpg 180w, https:\/\/www.primusr.com\/wp-content\/uploads\/2016\/02\/kopalna-ploscad-1-360x202.jpg 360w\" loading=\"eager\" style=\"--ratio: 180 \/ 101\" sizes=\"(max-width: 180px) 100vw, 180px\" alt=\"\" width=\"180\" height=\"101\"  \/><\/a>\t<\/figure>\n<\/article>\n\n<\/div><div class=\"wf-cell iso-item\" data-post-id=\"1642\" data-date=\"2016-02-08T22:26:50+01:00\" data-name=\"kopalna-ploscad-5\">\n<article class=\"post post-1642 attachment type-attachment status-inherit hentry no-img description-off\">\n\n\t<figure class=\"rollover-project links-hovers-disabled\">\n\t<a href=\"https:\/\/www.primusr.com\/wp-content\/uploads\/2016\/02\/kopalna-ploscad-5.jpg\" class=\"rollover rollover-zoom dt-pswp-item layzr-bg\" title=\"kopalna-ploscad-5\" data-dt-img-description=\"\"  data-large_image_width=\"1267\" data-large_image_height = \"1900\"  data-dt-location=\"https:\/\/www.primusr.com\/hr\/album\/krmne-platforme\/kopalna-ploscad-5-2\/\" ><img decoding=\"async\" class=\"preload-me iso-lazy-load aspect\" src=\"data:image\/svg+xml,%3Csvg%20xmlns%3D&#39;http%3A%2F%2Fwww.w3.org%2F2000%2Fsvg&#39;%20viewBox%3D&#39;0%200%20180%20270&#39;%2F%3E\" data-src=\"https:\/\/www.primusr.com\/wp-content\/uploads\/2016\/02\/kopalna-ploscad-5-180x270.jpg\" data-srcset=\"https:\/\/www.primusr.com\/wp-content\/uploads\/2016\/02\/kopalna-ploscad-5-180x270.jpg 180w, https:\/\/www.primusr.com\/wp-content\/uploads\/2016\/02\/kopalna-ploscad-5-360x540.jpg 360w\" loading=\"eager\" style=\"--ratio: 180 \/ 270\" sizes=\"(max-width: 180px) 100vw, 180px\" alt=\"\" width=\"180\" height=\"270\"  \/><\/a>\t<\/figure>\n<\/article>\n\n<\/div><div class=\"wf-cell iso-item\" data-post-id=\"1645\" data-date=\"2016-02-08T22:26:57+01:00\" data-name=\"kopalna-ploscad-4\">\n<article class=\"post post-1645 attachment type-attachment status-inherit hentry no-img description-off\">\n\n\t<figure class=\"rollover-project links-hovers-disabled\">\n\t<a href=\"https:\/\/www.primusr.com\/wp-content\/uploads\/2016\/02\/kopalna-ploscad-4-1.jpg\" class=\"rollover rollover-zoom dt-pswp-item layzr-bg\" title=\"kopalna-ploscad-4\" data-dt-img-description=\"\"  data-large_image_width=\"650\" data-large_image_height = \"541\"  data-dt-location=\"https:\/\/www.primusr.com\/hr\/album\/krmne-platforme\/kopalna-ploscad-4-2-2\/\" ><img decoding=\"async\" class=\"preload-me iso-lazy-load aspect\" src=\"data:image\/svg+xml,%3Csvg%20xmlns%3D&#39;http%3A%2F%2Fwww.w3.org%2F2000%2Fsvg&#39;%20viewBox%3D&#39;0%200%20180%20150&#39;%2F%3E\" data-src=\"https:\/\/www.primusr.com\/wp-content\/uploads\/2016\/02\/kopalna-ploscad-4-1-180x150.jpg\" data-srcset=\"https:\/\/www.primusr.com\/wp-content\/uploads\/2016\/02\/kopalna-ploscad-4-1-180x150.jpg 180w, https:\/\/www.primusr.com\/wp-content\/uploads\/2016\/02\/kopalna-ploscad-4-1-360x300.jpg 360w\" loading=\"eager\" style=\"--ratio: 180 \/ 150\" sizes=\"(max-width: 180px) 100vw, 180px\" alt=\"\" width=\"180\" height=\"150\"  \/><\/a>\t<\/figure>\n<\/article>\n\n<\/div><div class=\"wf-cell iso-item\" data-post-id=\"1633\" data-date=\"2016-02-08T22:12:18+01:00\" data-name=\"kopalna-ploscad-2\">\n<article class=\"post post-1633 attachment type-attachment status-inherit hentry no-img description-off\">\n\n\t<figure class=\"rollover-project links-hovers-disabled\">\n\t<a href=\"https:\/\/www.primusr.com\/wp-content\/uploads\/2016\/02\/kopalna-ploscad-2.jpg\" class=\"rollover rollover-zoom dt-pswp-item layzr-bg\" title=\"kopalna-ploscad-2\" data-dt-img-description=\"\"  data-large_image_width=\"1900\" data-large_image_height = \"1267\"  data-dt-location=\"https:\/\/www.primusr.com\/hr\/album\/krmne-platforme\/kopalna-ploscad-2-2\/\" ><img decoding=\"async\" class=\"preload-me iso-lazy-load aspect\" src=\"data:image\/svg+xml,%3Csvg%20xmlns%3D&#39;http%3A%2F%2Fwww.w3.org%2F2000%2Fsvg&#39;%20viewBox%3D&#39;0%200%20180%20120&#39;%2F%3E\" data-src=\"https:\/\/www.primusr.com\/wp-content\/uploads\/2016\/02\/kopalna-ploscad-2-180x120.jpg\" data-srcset=\"https:\/\/www.primusr.com\/wp-content\/uploads\/2016\/02\/kopalna-ploscad-2-180x120.jpg 180w, https:\/\/www.primusr.com\/wp-content\/uploads\/2016\/02\/kopalna-ploscad-2-360x240.jpg 360w\" loading=\"eager\" style=\"--ratio: 180 \/ 120\" sizes=\"(max-width: 180px) 100vw, 180px\" alt=\"\" width=\"180\" height=\"120\"  \/><\/a>\t<\/figure>\n<\/article>\n\n<\/div><div class=\"wf-cell iso-item\" data-post-id=\"1636\" data-date=\"2016-02-08T22:12:23+01:00\" data-name=\"kopalna-ploscad-3\">\n<article class=\"post post-1636 attachment type-attachment status-inherit hentry no-img description-off\">\n\n\t<figure class=\"rollover-project links-hovers-disabled\">\n\t<a href=\"https:\/\/www.primusr.com\/wp-content\/uploads\/2016\/02\/kopalna-ploscad-3.jpg\" class=\"rollover rollover-zoom dt-pswp-item layzr-bg\" title=\"kopalna-ploscad-3\" data-dt-img-description=\"\"  data-large_image_width=\"1920\" data-large_image_height = \"1200\"  data-dt-location=\"https:\/\/www.primusr.com\/hr\/album\/krmne-platforme\/kopalna-ploscad-3-2\/\" ><img decoding=\"async\" class=\"preload-me iso-lazy-load aspect\" src=\"data:image\/svg+xml,%3Csvg%20xmlns%3D&#39;http%3A%2F%2Fwww.w3.org%2F2000%2Fsvg&#39;%20viewBox%3D&#39;0%200%20180%20113&#39;%2F%3E\" data-src=\"https:\/\/www.primusr.com\/wp-content\/uploads\/2016\/02\/kopalna-ploscad-3-180x113.jpg\" data-srcset=\"https:\/\/www.primusr.com\/wp-content\/uploads\/2016\/02\/kopalna-ploscad-3-180x113.jpg 180w, https:\/\/www.primusr.com\/wp-content\/uploads\/2016\/02\/kopalna-ploscad-3-360x226.jpg 360w\" loading=\"eager\" style=\"--ratio: 180 \/ 113\" sizes=\"(max-width: 180px) 100vw, 180px\" alt=\"\" width=\"180\" height=\"113\"  \/><\/a>\t<\/figure>\n<\/article>\n\n<\/div><\/div>[\/vc_column_inner][\/vc_row_inner][\/vc_column][\/vc_row][vc_row][vc_column][vc_empty_space height=&#8221;80px&#8221;][vc_column_text el_class=&#8221;center&#8221;]<\/p>\n<h2>Imate pitanje?<\/h2>\n<p>Za bilo kakva pitanja mo\u017eete nas bilo kada kontaktirati. Mo\u017eete koristiti donji obrazac.[\/vc_column_text][vc_empty_space height=&#8221;40px&#8221;]\n<div class=\"wpcf7 no-js\" id=\"wpcf7-f119-o1\" lang=\"sl-SI\" dir=\"ltr\" data-wpcf7-id=\"119\">\n<div class=\"screen-reader-response\"><p role=\"status\" aria-live=\"polite\" aria-atomic=\"true\"><\/p> <ul><\/ul><\/div>\n<form action=\"\/hr\/wp-json\/wp\/v2\/pages\/1020#wpcf7-f119-o1\" method=\"post\" class=\"wpcf7-form init\" aria-label=\"Contact form\" novalidate=\"novalidate\" data-status=\"init\">\n<fieldset class=\"hidden-fields-container\"><input type=\"hidden\" name=\"_wpcf7\" value=\"119\" \/><input type=\"hidden\" name=\"_wpcf7_version\" value=\"6.1.5\" \/><input type=\"hidden\" name=\"_wpcf7_locale\" value=\"sl_SI\" \/><input type=\"hidden\" name=\"_wpcf7_unit_tag\" value=\"wpcf7-f119-o1\" \/><input type=\"hidden\" name=\"_wpcf7_container_post\" value=\"0\" \/><input type=\"hidden\" name=\"_wpcf7_posted_data_hash\" value=\"\" \/><input type=\"hidden\" name=\"_wpcf7_recaptcha_response\" value=\"\" \/>\n<\/fieldset>\n<p>Va\u0161e ime *<br \/>\n<span class=\"wpcf7-form-control-wrap\" data-name=\"your-name\"><input size=\"40\" maxlength=\"400\" class=\"wpcf7-form-control wpcf7-text wpcf7-validates-as-required\" aria-required=\"true\" aria-invalid=\"false\" value=\"\" type=\"text\" name=\"your-name\" \/><\/span>\n<\/p>\n<p>Va\u0161 e-mail *<br \/>\n<span class=\"wpcf7-form-control-wrap\" data-name=\"your-email\"><input size=\"40\" maxlength=\"400\" class=\"wpcf7-form-control wpcf7-email wpcf7-validates-as-required wpcf7-text wpcf7-validates-as-email\" aria-required=\"true\" aria-invalid=\"false\" value=\"\" type=\"email\" name=\"your-email\" \/><\/span>\n<\/p>\n<p>Zadeva *<br \/>\n<span class=\"wpcf7-form-control-wrap\" data-name=\"your-subject\"><input size=\"40\" maxlength=\"400\" class=\"wpcf7-form-control wpcf7-text wpcf7-validates-as-required\" aria-required=\"true\" aria-invalid=\"false\" value=\"\" type=\"text\" name=\"your-subject\" \/><\/span>\n<\/p>\n<p>Sporo\u010dilo *<br \/>\n<span class=\"wpcf7-form-control-wrap\" data-name=\"your-message\"><textarea cols=\"40\" rows=\"10\" maxlength=\"2000\" class=\"wpcf7-form-control wpcf7-textarea wpcf7-validates-as-required\" aria-required=\"true\" aria-invalid=\"false\" name=\"your-message\"><\/textarea><\/span>\n<\/p>\n<p><input class=\"wpcf7-form-control wpcf7-submit has-spinner\" type=\"submit\" value=\"Po\u0161lji\" \/>\n<\/p><div class=\"wpcf7-response-output\" aria-hidden=\"true\"><\/div>\n<\/form>\n<\/div>\n[\/vc_column][\/vc_row]<\/p>\n<\/div>","protected":false},"excerpt":{"rendered":"<p>[vc_row][vc_column][vc_column_text el_class=&#8221;center&#8221;] Krmne platforme svih oblika i dimenzija [\/vc_column_text][vc_empty_space height=&#8221;40px&#8221;][vc_row_inner][vc_column_inner width=&#8221;1\/2&#8243;][vc_column_text]Krmne platforme su va\u017ean dio svakog plovila. Pomo\u0107i krmne platforme dobivamo puno novog prostora, jer znamo, da je na plovilima va\u017ean svaki centimetar. Imaju sigurnosnu ulogu jer pokrivaju pogonski dio plovila. Krmne platforme izra\u0111ujemo od poliesterskih smola i oblikujemo to\u010dno po narud\u017ebi, ve\u0107inom u skladu&hellip;<\/p>\n","protected":false},"author":1,"featured_media":0,"parent":1017,"menu_order":0,"comment_status":"closed","ping_status":"closed","template":"","meta":{"footnotes":""},"class_list":["post-1020","page","type-page","status-publish","hentry","description-off"],"yoast_head":"<!-- This site is optimized with the Yoast SEO plugin v27.4 - https:\/\/yoast.com\/product\/yoast-seo-wordpress\/ -->\n<title>Krmne platforme - iskoristite svaki centimetar va\u0161eg plovila!<\/title>\n<meta name=\"description\" content=\"Oblikovanje i izrada krmnih platform po narud\u017ebi i \u017eelji kupca, po \u017eelji s monta\u017eom tikovine ili umjetne prohodne povr\u0161ine.\" \/>\n<meta name=\"robots\" content=\"index, follow, max-snippet:-1, max-image-preview:large, max-video-preview:-1\" \/>\n<link rel=\"canonical\" href=\"https:\/\/www.primusr.com\/hr\/nautika\/krmne-platforme\/\" \/>\n<meta property=\"og:locale\" content=\"hr_HR\" \/>\n<meta property=\"og:type\" content=\"article\" \/>\n<meta property=\"og:title\" content=\"Krmne platforme - iskoristite svaki centimetar va\u0161eg plovila!\" \/>\n<meta property=\"og:description\" content=\"Oblikovanje i izrada krmnih platform po narud\u017ebi i \u017eelji kupca, po \u017eelji s monta\u017eom tikovine ili umjetne prohodne povr\u0161ine.\" \/>\n<meta property=\"og:url\" content=\"https:\/\/www.primusr.com\/hr\/nautika\/krmne-platforme\/\" \/>\n<meta property=\"og:site_name\" content=\"Primus R d.o.o.\" \/>\n<meta property=\"article:publisher\" content=\"https:\/\/www.facebook.com\/primusrdoo\" \/>\n<meta property=\"article:modified_time\" content=\"2016-03-17T19:00:41+00:00\" \/>\n<meta name=\"twitter:card\" content=\"summary_large_image\" \/>\n<meta name=\"twitter:label1\" content=\"Procijenjeno vrijeme \u010ditanja\" \/>\n\t<meta name=\"twitter:data1\" content=\"1 minuta\" \/>\n<script type=\"application\/ld+json\" class=\"yoast-schema-graph\">{\"@context\":\"https:\\\/\\\/schema.org\",\"@graph\":[{\"@type\":\"WebPage\",\"@id\":\"https:\\\/\\\/www.primusr.com\\\/hr\\\/nautika\\\/krmne-platforme\\\/\",\"url\":\"https:\\\/\\\/www.primusr.com\\\/hr\\\/nautika\\\/krmne-platforme\\\/\",\"name\":\"Krmne platforme - iskoristite svaki centimetar va\u0161eg plovila!\",\"isPartOf\":{\"@id\":\"https:\\\/\\\/www.primusr.com\\\/#website\"},\"datePublished\":\"2016-03-17T18:39:09+00:00\",\"dateModified\":\"2016-03-17T19:00:41+00:00\",\"description\":\"Oblikovanje i izrada krmnih platform po narud\u017ebi i \u017eelji kupca, po \u017eelji s monta\u017eom tikovine ili umjetne prohodne povr\u0161ine.\",\"breadcrumb\":{\"@id\":\"https:\\\/\\\/www.primusr.com\\\/hr\\\/nautika\\\/krmne-platforme\\\/#breadcrumb\"},\"inLanguage\":\"hr\",\"potentialAction\":[{\"@type\":\"ReadAction\",\"target\":[\"https:\\\/\\\/www.primusr.com\\\/hr\\\/nautika\\\/krmne-platforme\\\/\"]}]},{\"@type\":\"BreadcrumbList\",\"@id\":\"https:\\\/\\\/www.primusr.com\\\/hr\\\/nautika\\\/krmne-platforme\\\/#breadcrumb\",\"itemListElement\":[{\"@type\":\"ListItem\",\"position\":1,\"name\":\"Home\",\"item\":\"https:\\\/\\\/www.primusr.com\\\/hr\\\/\"},{\"@type\":\"ListItem\",\"position\":2,\"name\":\"Nautika\",\"item\":\"https:\\\/\\\/www.primusr.com\\\/hr\\\/nautika\\\/\"},{\"@type\":\"ListItem\",\"position\":3,\"name\":\"Krmne platforme\"}]},{\"@type\":\"WebSite\",\"@id\":\"https:\\\/\\\/www.primusr.com\\\/#website\",\"url\":\"https:\\\/\\\/www.primusr.com\\\/\",\"name\":\"Primus R d.o.o.\",\"description\":\"Nautical Flooring\",\"potentialAction\":[{\"@type\":\"SearchAction\",\"target\":{\"@type\":\"EntryPoint\",\"urlTemplate\":\"https:\\\/\\\/www.primusr.com\\\/?s={search_term_string}\"},\"query-input\":{\"@type\":\"PropertyValueSpecification\",\"valueRequired\":true,\"valueName\":\"search_term_string\"}}],\"inLanguage\":\"hr\"}]}<\/script>\n<!-- \/ Yoast SEO plugin. -->","yoast_head_json":{"title":"Krmne platforme - iskoristite svaki centimetar va\u0161eg plovila!","description":"Oblikovanje i izrada krmnih platform po narud\u017ebi i \u017eelji kupca, po \u017eelji s monta\u017eom tikovine ili umjetne prohodne povr\u0161ine.","robots":{"index":"index","follow":"follow","max-snippet":"max-snippet:-1","max-image-preview":"max-image-preview:large","max-video-preview":"max-video-preview:-1"},"canonical":"https:\/\/www.primusr.com\/hr\/nautika\/krmne-platforme\/","og_locale":"hr_HR","og_type":"article","og_title":"Krmne platforme - iskoristite svaki centimetar va\u0161eg plovila!","og_description":"Oblikovanje i izrada krmnih platform po narud\u017ebi i \u017eelji kupca, po \u017eelji s monta\u017eom tikovine ili umjetne prohodne povr\u0161ine.","og_url":"https:\/\/www.primusr.com\/hr\/nautika\/krmne-platforme\/","og_site_name":"Primus R d.o.o.","article_publisher":"https:\/\/www.facebook.com\/primusrdoo","article_modified_time":"2016-03-17T19:00:41+00:00","twitter_card":"summary_large_image","twitter_misc":{"Procijenjeno vrijeme \u010ditanja":"1 minuta"},"schema":{"@context":"https:\/\/schema.org","@graph":[{"@type":"WebPage","@id":"https:\/\/www.primusr.com\/hr\/nautika\/krmne-platforme\/","url":"https:\/\/www.primusr.com\/hr\/nautika\/krmne-platforme\/","name":"Krmne platforme - iskoristite svaki centimetar va\u0161eg plovila!","isPartOf":{"@id":"https:\/\/www.primusr.com\/#website"},"datePublished":"2016-03-17T18:39:09+00:00","dateModified":"2016-03-17T19:00:41+00:00","description":"Oblikovanje i izrada krmnih platform po narud\u017ebi i \u017eelji kupca, po \u017eelji s monta\u017eom tikovine ili umjetne prohodne povr\u0161ine.","breadcrumb":{"@id":"https:\/\/www.primusr.com\/hr\/nautika\/krmne-platforme\/#breadcrumb"},"inLanguage":"hr","potentialAction":[{"@type":"ReadAction","target":["https:\/\/www.primusr.com\/hr\/nautika\/krmne-platforme\/"]}]},{"@type":"BreadcrumbList","@id":"https:\/\/www.primusr.com\/hr\/nautika\/krmne-platforme\/#breadcrumb","itemListElement":[{"@type":"ListItem","position":1,"name":"Home","item":"https:\/\/www.primusr.com\/hr\/"},{"@type":"ListItem","position":2,"name":"Nautika","item":"https:\/\/www.primusr.com\/hr\/nautika\/"},{"@type":"ListItem","position":3,"name":"Krmne platforme"}]},{"@type":"WebSite","@id":"https:\/\/www.primusr.com\/#website","url":"https:\/\/www.primusr.com\/","name":"Primus R d.o.o.","description":"Nautical Flooring","potentialAction":[{"@type":"SearchAction","target":{"@type":"EntryPoint","urlTemplate":"https:\/\/www.primusr.com\/?s={search_term_string}"},"query-input":{"@type":"PropertyValueSpecification","valueRequired":true,"valueName":"search_term_string"}}],"inLanguage":"hr"}]}},"_links":{"self":[{"href":"https:\/\/www.primusr.com\/hr\/wp-json\/wp\/v2\/pages\/1020","targetHints":{"allow":["GET"]}}],"collection":[{"href":"https:\/\/www.primusr.com\/hr\/wp-json\/wp\/v2\/pages"}],"about":[{"href":"https:\/\/www.primusr.com\/hr\/wp-json\/wp\/v2\/types\/page"}],"author":[{"embeddable":true,"href":"https:\/\/www.primusr.com\/hr\/wp-json\/wp\/v2\/users\/1"}],"replies":[{"embeddable":true,"href":"https:\/\/www.primusr.com\/hr\/wp-json\/wp\/v2\/comments?post=1020"}],"version-history":[{"count":0,"href":"https:\/\/www.primusr.com\/hr\/wp-json\/wp\/v2\/pages\/1020\/revisions"}],"up":[{"embeddable":true,"href":"https:\/\/www.primusr.com\/hr\/wp-json\/wp\/v2\/pages\/1017"}],"wp:attachment":[{"href":"https:\/\/www.primusr.com\/hr\/wp-json\/wp\/v2\/media?parent=1020"}],"curies":[{"name":"wp","href":"https:\/\/api.w.org\/{rel}","templated":true}]}}