{"id":1017,"date":"2016-03-17T19:31:15","date_gmt":"2016-03-17T18:31:15","guid":{"rendered":"https:\/\/www.primusr.com\/hr\/?page_id=1017"},"modified":"2016-03-29T19:44:24","modified_gmt":"2016-03-29T17:44:24","slug":"nautika","status":"publish","type":"page","link":"https:\/\/www.primusr.com\/hr\/nautika\/","title":{"rendered":"Nautika"},"content":{"rendered":"<div class=\"wpb-content-wrapper\"><p>[vc_row el_class=&#8221;glavne-panoge&#8221;][vc_column width=&#8221;1\/3&#8243;][vc_column_text el_class=&#8221;center&#8221;]<\/p>\n<h2>Umjetni materijali<\/h2>\n<p>[\/vc_column_text][vc_empty_space height=&#8221;20px&#8221;][vc_row_inner][vc_column_inner width=&#8221;1\/2&#8243;][vc_column_text]<\/p>\n<div class=\"panoga-div\">\n<ul class=\"image-arrow bullet-top\"><\/p>\n<div><a href=\"\/hr\/nautika\/umjetne-povrsine-za-hodanje\/flexiteek\/\"><li><div class=\"wf-table\">\n<div><img decoding=\"async\" src=\"\/wp-content\/uploads\/2016\/02\/flexiteek-circle.png\" class=\"list-img\" alt=\"List item image\" \/><\/div>\n<div>Flexiteek<\/div>\n<\/div>\n<\/li><\/a><\/div>\n<div><a href=\"\/hr\/nautika\/umjetne-povrsine-za-hodanje\/corkline\/\"><li><div class=\"wf-table\">\n<div><img decoding=\"async\" src=\"\/wp-content\/uploads\/2016\/02\/cork-line-circle.png\" class=\"list-img\" alt=\"List item image\" \/><\/div>\n<div>Corkline<\/div>\n<\/div>\n<\/li><\/a><\/div>\n<p><\/ul>\n<\/div>\n<p>[\/vc_column_text][\/vc_column_inner][vc_column_inner width=&#8221;1\/2&#8243;][vc_column_text]<\/p>\n<div class=\"panoga-div\">\n<ul class=\"image-arrow bullet-top\"><\/p>\n<div><a href=\"\/hr\/nautika\/umjetne-povrsine-za-hodanje\/p-deck\/\"><li><div class=\"wf-table\">\n<div><img decoding=\"async\" src=\"\/wp-content\/uploads\/2016\/02\/p-deck-circle.png\" class=\"list-img\" alt=\"List item image\" \/><\/div>\n<div>P deck<\/div>\n<\/div>\n<\/li><\/a><\/div>\n<p><\/ul>\n<\/div>\n<p>[\/vc_column_text][\/vc_column_inner][\/vc_row_inner][\/vc_column][vc_column width=&#8221;1\/3&#8243;][vc_column_text el_class=&#8221;center&#8221;]<\/p>\n<h2>Naravni tik<\/h2>\n<p>[\/vc_column_text][vc_empty_space height=&#8221;20px&#8221;][vc_row_inner el_class=&#8221;srednja-panoga&#8221;][vc_column_inner width=&#8221;1\/2&#8243;][vc_column_text]<\/p>\n<div class=\"panoga-div\">\n<ul class=\"image-arrow bullet-top\"><\/p>\n<div><a href=\"\/hr\/nautika\/tikovina\/\"><li><div class=\"wf-table\">\n<div><img decoding=\"async\" src=\"\/wp-content\/uploads\/2016\/02\/tikovina-circle.png\" class=\"list-img\" alt=\"List item image\" \/><\/div>\n<div>Tikovina<\/div>\n<\/div>\n<\/li><\/a><\/div>\n<div><a href=\"\/hr\/nautika\/pasarele\/\"><li><div class=\"wf-table\">\n<div><img decoding=\"async\" src=\"\/wp-content\/uploads\/2016\/02\/pasarela-circle.png\" class=\"list-img\" alt=\"List item image\" \/><\/div>\n<div>Pasarele<\/div>\n<\/div>\n<\/li><\/a><\/div>\n<p><\/ul>\n<\/div>\n<p>[\/vc_column_text][\/vc_column_inner][vc_column_inner width=&#8221;1\/2&#8243;][vc_column_text]<\/p>\n<div class=\"panoga-div\">\n<ul class=\"image-arrow bullet-top\"><\/p>\n<div><a href=\"\/hr\/proizvodi-od-tikovine\/namjestaj\/\"><li><div class=\"wf-table\">\n<div><img decoding=\"async\" src=\"\/wp-content\/uploads\/2016\/02\/pohistvo-circle.png\" class=\"list-img\" alt=\"List item image\" \/><\/div>\n<div>Namje\u0161taj<\/div>\n<\/div>\n<\/li><\/a><\/div>\n<p><\/ul>\n<\/div>\n<p>[\/vc_column_text][\/vc_column_inner][\/vc_row_inner][\/vc_column][vc_column width=&#8221;1\/3&#8243;][vc_column_text el_class=&#8221;center&#8221;]<\/p>\n<h2>Ostalo<\/h2>\n<p>[\/vc_column_text][vc_empty_space height=&#8221;20px&#8221;][vc_row_inner][vc_column_inner width=&#8221;1\/2&#8243;][vc_column_text]<\/p>\n<div class=\"panoga-div\">\n<ul class=\"image-arrow bullet-top\"><\/p>\n<div><a href=\"\/hr\/nautika\/tepisi\/\"><li><div class=\"wf-table\">\n<div><img decoding=\"async\" src=\"\/wp-content\/uploads\/2016\/02\/marine-tuft-circle.png\" class=\"list-img\" alt=\"List item image\" \/><\/div>\n<div>Tepisi<\/div>\n<\/div>\n<\/li><\/a><\/div>\n<p><\/ul>\n<\/div>\n<p>[\/vc_column_text][\/vc_column_inner][vc_column_inner width=&#8221;1\/2&#8243;][vc_column_text]<\/p>\n<div class=\"panoga-div\">\n<ul class=\"image-arrow bullet-top\"><\/p>\n<div><a href=\"\/hr\/nautika\/krmne-platforme\/\"><li><div class=\"wf-table\">\n<div><img decoding=\"async\" src=\"\/wp-content\/uploads\/2016\/02\/kopalna-ploscad-circle.png\" class=\"list-img\" alt=\"List item image\" \/><\/div>\n<div>Krmne platforme<\/div>\n<\/div>\n<\/li><\/a><\/div>\n<p><\/ul>\n<\/div>\n<p>[\/vc_column_text][\/vc_column_inner][\/vc_row_inner][\/vc_column][\/vc_row][vc_row][vc_column][vc_empty_space height=&#8221;80px&#8221;][\/vc_column][\/vc_row][vc_row type=&#8221;1&#8243;][vc_column][vc_empty_space height=&#8221;60px&#8221;][vc_row_inner][vc_column_inner width=&#8221;1\/2&#8243;][vc_column_text]<\/p>\n<h2>Flexiteek<\/h2>\n<p>[\/vc_column_text][vc_empty_space height=&#8221;20px&#8221;][vc_column_text]Flexiteek je izvanredno izdr\u017eljiva prohodna povr\u0161ina, koja prkosi svim vremenskim neprilikama, ne\u0107e posivjeti, ne kli\u017ee i va\u0161em plovilu nudi estetski izgled.<\/p>\n<p>Za sofisticiran izgled va\u0161eg plovila, s dodacima Flexiteek dosti\u017eete ba\u0161 sve. Letvice, zavr\u0161ni rubovi, U profili, T komadi itd&#8230;[\/vc_column_text][vc_empty_space height=&#8221;20px&#8221;][vc_btn title=&#8221;Flexiteek&#8221; style=&#8221;outline&#8221; color=&#8221;primary&#8221; size=&#8221;sm&#8221; link=&#8221;url:%2Fhr%2Fnautika%2Fumjetne-povrsine-za-hodanje%2Fflexiteek%2F||&#8221;][\/vc_column_inner][vc_column_inner width=&#8221;1\/2&#8243;][vc_column_text]<img decoding=\"async\" class=\"alignnone size-medium wp-image-748\" src=\"https:\/\/www.primusr.com\/wp-content\/uploads\/2015\/12\/flexiteek-p.jpg\" alt=\"flexiteek-p\" width=\"300\" height=\"300\" srcset=\"https:\/\/www.primusr.com\/wp-content\/uploads\/2015\/12\/flexiteek-p.jpg 300w, https:\/\/www.primusr.com\/wp-content\/uploads\/2015\/12\/flexiteek-p-150x150.jpg 150w\" sizes=\"(max-width: 300px) 100vw, 300px\" \/>[\/vc_column_text][\/vc_column_inner][\/vc_row_inner][vc_empty_space height=&#8221;60px&#8221;][\/vc_column][\/vc_row][vc_row][vc_column][vc_empty_space height=&#8221;60px&#8221;][vc_row_inner][vc_column_inner el_class=&#8221;center&#8221; width=&#8221;1\/2&#8243;][vc_column_text]<img decoding=\"async\" class=\"alignnone wp-image-753 size-full\" src=\"https:\/\/www.primusr.com\/wp-content\/uploads\/2015\/12\/p-deck-p.jpg\" alt=\"\" width=\"300\" height=\"300\" srcset=\"https:\/\/www.primusr.com\/wp-content\/uploads\/2015\/12\/p-deck-p.jpg 300w, https:\/\/www.primusr.com\/wp-content\/uploads\/2015\/12\/p-deck-p-150x150.jpg 150w\" sizes=\"(max-width: 300px) 100vw, 300px\" \/>[\/vc_column_text][\/vc_column_inner][vc_column_inner width=&#8221;1\/2&#8243;][vc_column_text]<\/p>\n<h2>P\u00a0deck<\/h2>\n<p>[\/vc_column_text][vc_empty_space height=&#8221;20px&#8221;][vc_column_text]P deck izra\u0111en je od sinteti\u010dke gumene pjene, primjeren je za uporabu na otvorenom i u zatvorenim prostorijama. Bez mirisa, te osigurava odli\u010dnu toplinsku i zvu\u010dni izolaciju.[\/vc_column_text][vc_empty_space height=&#8221;20px&#8221;][vc_btn title=&#8221;P deck&#8221; style=&#8221;outline&#8221; color=&#8221;primary&#8221; size=&#8221;sm&#8221; link=&#8221;url:%2Fhr%2Fnautika%2Fumjetne-povrsine-za-hodanje%2Fp-deck%2F||&#8221;][\/vc_column_inner][\/vc_row_inner][vc_empty_space height=&#8221;60px&#8221;][\/vc_column][\/vc_row][vc_row type=&#8221;1&#8243;][vc_column][vc_empty_space height=&#8221;60px&#8221;][vc_row_inner][vc_column_inner width=&#8221;1\/2&#8243;][vc_column_text]<\/p>\n<h2>Corkline<\/h2>\n<p>[\/vc_column_text][vc_empty_space height=&#8221;20px&#8221;][vc_column_text]Corkline donosi potpuno novu dimenziju, namijenjen je za uporabu na otvorenom. Zahvaljuju\u0107i visokoj kvaliteti, u kombinaciji zrnastog pluta, Corkline \u0107e o\u010duvati \u017eivahnosti i toplinu prirodnih materijala s iznimnim tehni\u010dkim svojstvima.[\/vc_column_text][vc_empty_space height=&#8221;20px&#8221;][vc_btn title=&#8221;Corkline&#8221; style=&#8221;outline&#8221; color=&#8221;primary&#8221; size=&#8221;sm&#8221; link=&#8221;url:%2Fhr%2Fnautika%2Fumjetne-povrsine-za-hodanje%2Fcorkline%2F||&#8221;][\/vc_column_inner][vc_column_inner width=&#8221;1\/2&#8243;][vc_column_text]<img decoding=\"async\" class=\"alignnone size-medium wp-image-747\" src=\"https:\/\/www.primusr.com\/wp-content\/uploads\/2015\/12\/corkline-p.jpg\" alt=\"corkline-p\" width=\"300\" height=\"300\" srcset=\"https:\/\/www.primusr.com\/wp-content\/uploads\/2015\/12\/corkline-p.jpg 300w, https:\/\/www.primusr.com\/wp-content\/uploads\/2015\/12\/corkline-p-150x150.jpg 150w\" sizes=\"(max-width: 300px) 100vw, 300px\" \/>[\/vc_column_text][\/vc_column_inner][\/vc_row_inner][vc_empty_space height=&#8221;60px&#8221;][\/vc_column][\/vc_row][vc_row][vc_column][vc_empty_space height=&#8221;60px&#8221;][vc_row_inner][vc_column_inner el_class=&#8221;center&#8221; width=&#8221;1\/2&#8243;][vc_column_text]<img decoding=\"async\" class=\"alignnone size-medium wp-image-755\" src=\"https:\/\/www.primusr.com\/wp-content\/uploads\/2015\/12\/teakovina-p.jpg\" alt=\"teakovina-p\" width=\"300\" height=\"300\" srcset=\"https:\/\/www.primusr.com\/wp-content\/uploads\/2015\/12\/teakovina-p.jpg 300w, https:\/\/www.primusr.com\/wp-content\/uploads\/2015\/12\/teakovina-p-150x150.jpg 150w\" sizes=\"(max-width: 300px) 100vw, 300px\" \/>[\/vc_column_text][\/vc_column_inner][vc_column_inner width=&#8221;1\/2&#8243;][vc_column_text]<\/p>\n<h2>Tikovina<\/h2>\n<p>[\/vc_column_text][vc_empty_space height=&#8221;20px&#8221;][vc_column_text]Tikovina se stolje\u0107ima koristi za izradu paluba, za nju je zna\u010dajna odli\u010dna otpornost od truljenja.[\/vc_column_text][vc_empty_space height=&#8221;20px&#8221;][vc_btn title=&#8221;Tikovina&#8221; style=&#8221;outline&#8221; color=&#8221;primary&#8221; size=&#8221;sm&#8221; link=&#8221;url:%2Fhr%2Fnautika%2Ftikovina%2F||&#8221;][\/vc_column_inner][\/vc_row_inner][vc_empty_space height=&#8221;60px&#8221;][\/vc_column][\/vc_row][vc_row type=&#8221;1&#8243;][vc_column][vc_empty_space height=&#8221;60px&#8221;][vc_row_inner][vc_column_inner width=&#8221;1\/2&#8243;][vc_column_text]<\/p>\n<h2>Tepisi<\/h2>\n<p>[\/vc_column_text][vc_empty_space height=&#8221;20px&#8221;][vc_column_text]Marine Tuft nauti\u010dki tepih je jedinstven, elegantan, udoban i izdr\u017eljiv kako na otvorenom, tako i u unutra\u0161njim prostorijama. Podne obloge su morskog izgleda i primjerene za uporabu u nautici.[\/vc_column_text][vc_empty_space height=&#8221;20px&#8221;][vc_btn title=&#8221;Tepisi&#8221; style=&#8221;outline&#8221; color=&#8221;primary&#8221; size=&#8221;sm&#8221; link=&#8221;url:%2Fhr%2Fnautika%2Ftepisi%2F||&#8221;][\/vc_column_inner][vc_column_inner width=&#8221;1\/2&#8243;][vc_column_text]<img decoding=\"async\" class=\"alignnone size-medium wp-image-750\" src=\"https:\/\/www.primusr.com\/wp-content\/uploads\/2015\/12\/marine-tuft-p.jpg\" alt=\"marine-tuft-p\" width=\"300\" height=\"300\" srcset=\"https:\/\/www.primusr.com\/wp-content\/uploads\/2015\/12\/marine-tuft-p.jpg 300w, https:\/\/www.primusr.com\/wp-content\/uploads\/2015\/12\/marine-tuft-p-150x150.jpg 150w\" sizes=\"(max-width: 300px) 100vw, 300px\" \/>[\/vc_column_text][\/vc_column_inner][\/vc_row_inner][vc_empty_space height=&#8221;60px&#8221;][\/vc_column][\/vc_row][vc_row][vc_column][vc_empty_space height=&#8221;60px&#8221;][vc_row_inner][vc_column_inner el_class=&#8221;center&#8221; width=&#8221;1\/2&#8243;][vc_column_text]<img decoding=\"async\" class=\"alignnone size-medium wp-image-749\" src=\"https:\/\/www.primusr.com\/wp-content\/uploads\/2015\/12\/kopalna-ploscad-p.jpg\" alt=\"kopalna-ploscad-p\" width=\"300\" height=\"300\" srcset=\"https:\/\/www.primusr.com\/wp-content\/uploads\/2015\/12\/kopalna-ploscad-p.jpg 300w, https:\/\/www.primusr.com\/wp-content\/uploads\/2015\/12\/kopalna-ploscad-p-150x150.jpg 150w\" sizes=\"(max-width: 300px) 100vw, 300px\" \/>[\/vc_column_text][\/vc_column_inner][vc_column_inner width=&#8221;1\/2&#8243;][vc_column_text]<\/p>\n<h2><span class=\"paint-accent-color\">Krmne platforme<\/span><\/h2>\n<p>[\/vc_column_text][vc_empty_space height=&#8221;20px&#8221;][vc_column_text]Krmna platforma je va\u017ean dio plovila. Pomo\u0107i krmne platforme dobivamo puno novog prostora, jer znamo, da je na plovilima va\u017ean svaki centimetar.[\/vc_column_text][vc_empty_space height=&#8221;20px&#8221;][vc_btn title=&#8221;Krmne platforme&#8221; style=&#8221;outline&#8221; color=&#8221;primary&#8221; size=&#8221;sm&#8221; link=&#8221;url:%2Fhr%2Fnautika%2Fkrmne-platforme%2F||&#8221;][\/vc_column_inner][\/vc_row_inner][vc_empty_space height=&#8221;60px&#8221;][\/vc_column][\/vc_row][vc_row type=&#8221;1&#8243;][vc_column][vc_empty_space height=&#8221;60px&#8221;][vc_row_inner][vc_column_inner width=&#8221;1\/2&#8243;][vc_column_text]<\/p>\n<h2>Namje\u0161taj<\/h2>\n<p>[\/vc_column_text][vc_empty_space height=&#8221;20px&#8221;][vc_column_text]Po \u017eelji stranke izdelamo in montiramo pohi\u0161tvo iz tikovine, ali pa vam\u00a0pohi\u0161tvo\u00a0obnovimo ter ga polakiramo.\u00a0Na va\u0161o \u017eeljo Vam lahko pohi\u0161tvo in lesene dele plovila tudi peskamo z lastno peskalno napravo.[\/vc_column_text][vc_empty_space height=&#8221;20px&#8221;][vc_btn title=&#8221;Namje\u0161taj&#8221; style=&#8221;outline&#8221; color=&#8221;primary&#8221; size=&#8221;sm&#8221; link=&#8221;url:%2Fhr%2Fproizvodi-od-tikovine%2Fnamjestaj%2F||&#8221;][\/vc_column_inner][vc_column_inner width=&#8221;1\/2&#8243;][vc_column_text]<img decoding=\"async\" class=\"alignnone size-medium wp-image-754\" src=\"https:\/\/www.primusr.com\/wp-content\/uploads\/2015\/12\/pohistvo-p.jpg\" alt=\"pohistvo-p\" width=\"300\" height=\"300\" srcset=\"https:\/\/www.primusr.com\/wp-content\/uploads\/2015\/12\/pohistvo-p.jpg 300w, https:\/\/www.primusr.com\/wp-content\/uploads\/2015\/12\/pohistvo-p-150x150.jpg 150w\" sizes=\"(max-width: 300px) 100vw, 300px\" \/>[\/vc_column_text][\/vc_column_inner][\/vc_row_inner][vc_empty_space height=&#8221;60px&#8221;][\/vc_column][\/vc_row][vc_row][vc_column][vc_empty_space height=&#8221;60px&#8221;][vc_row_inner][vc_column_inner el_class=&#8221;center&#8221; width=&#8221;1\/2&#8243;][vc_column_text]<img decoding=\"async\" class=\"alignnone size-medium wp-image-772\" src=\"https:\/\/www.primusr.com\/wp-content\/uploads\/2016\/02\/pasarela-p.jpg\" alt=\"pasarela-p\" width=\"300\" height=\"300\" srcset=\"https:\/\/www.primusr.com\/wp-content\/uploads\/2016\/02\/pasarela-p.jpg 300w, https:\/\/www.primusr.com\/wp-content\/uploads\/2016\/02\/pasarela-p-150x150.jpg 150w\" sizes=\"(max-width: 300px) 100vw, 300px\" \/>[\/vc_column_text][\/vc_column_inner][vc_column_inner width=&#8221;1\/2&#8243;][vc_column_text]<\/p>\n<h2>Pasarele<\/h2>\n<p>[\/vc_column_text][vc_empty_space height=&#8221;20px&#8221;][vc_column_text]Mosti\u0107 za plovilo (pasarela) je neophodni dio svakog plovila jer predstavlja jedinu vezu izme\u0111u kopna i plovila.[\/vc_column_text][vc_empty_space height=&#8221;20px&#8221;][vc_btn title=&#8221;Pasarele&#8221; style=&#8221;outline&#8221; color=&#8221;primary&#8221; size=&#8221;sm&#8221; link=&#8221;url:%2Fhr%2Fnautika%2Fpasarele%2F||&#8221;][\/vc_column_inner][\/vc_row_inner][vc_empty_space height=&#8221;60px&#8221;][\/vc_column][\/vc_row]<\/p>\n<\/div>","protected":false},"excerpt":{"rendered":"<p>[vc_row el_class=&#8221;glavne-panoge&#8221;][vc_column width=&#8221;1\/3&#8243;][vc_column_text el_class=&#8221;center&#8221;] Umjetni materijali [\/vc_column_text][vc_empty_space height=&#8221;20px&#8221;][vc_row_inner][vc_column_inner width=&#8221;1\/2&#8243;][vc_column_text] [\/vc_column_text][\/vc_column_inner][vc_column_inner width=&#8221;1\/2&#8243;][vc_column_text] [\/vc_column_text][\/vc_column_inner][\/vc_row_inner][\/vc_column][vc_column width=&#8221;1\/3&#8243;][vc_column_text el_class=&#8221;center&#8221;] Naravni tik [\/vc_column_text][vc_empty_space height=&#8221;20px&#8221;][vc_row_inner el_class=&#8221;srednja-panoga&#8221;][vc_column_inner width=&#8221;1\/2&#8243;][vc_column_text] [\/vc_column_text][\/vc_column_inner][vc_column_inner width=&#8221;1\/2&#8243;][vc_column_text] [\/vc_column_text][\/vc_column_inner][\/vc_row_inner][\/vc_column][vc_column width=&#8221;1\/3&#8243;][vc_column_text el_class=&#8221;center&#8221;] Ostalo [\/vc_column_text][vc_empty_space height=&#8221;20px&#8221;][vc_row_inner][vc_column_inner width=&#8221;1\/2&#8243;][vc_column_text] [\/vc_column_text][\/vc_column_inner][vc_column_inner width=&#8221;1\/2&#8243;][vc_column_text] [\/vc_column_text][\/vc_column_inner][\/vc_row_inner][\/vc_column][\/vc_row][vc_row][vc_column][vc_empty_space height=&#8221;80px&#8221;][\/vc_column][\/vc_row][vc_row type=&#8221;1&#8243;][vc_column][vc_empty_space height=&#8221;60px&#8221;][vc_row_inner][vc_column_inner width=&#8221;1\/2&#8243;][vc_column_text] Flexiteek [\/vc_column_text][vc_empty_space height=&#8221;20px&#8221;][vc_column_text]Flexiteek je izvanredno izdr\u017eljiva prohodna povr\u0161ina, koja prkosi svim vremenskim neprilikama, ne\u0107e posivjeti, ne kli\u017ee i va\u0161em&hellip;<\/p>\n","protected":false},"author":1,"featured_media":0,"parent":0,"menu_order":0,"comment_status":"closed","ping_status":"closed","template":"","meta":{"footnotes":""},"class_list":["post-1017","page","type-page","status-publish","hentry","description-off"],"yoast_head":"<!-- This site is optimized with the Yoast SEO plugin v27.4 - https:\/\/yoast.com\/product\/yoast-seo-wordpress\/ -->\n<title>Nautika - Primus R d.o.o.<\/title>\n<meta name=\"description\" content=\"Sve \u0161to obuhva\u0107a pojam nautika na jednom mjestu. Prohodne povr\u0161ine, tepisi, sun\u010dali\u0161ta... Sve za va\u0161e plovilo!\" \/>\n<meta name=\"robots\" content=\"index, follow, max-snippet:-1, max-image-preview:large, max-video-preview:-1\" \/>\n<link rel=\"canonical\" href=\"https:\/\/www.primusr.com\/hr\/nautika\/\" \/>\n<meta property=\"og:locale\" content=\"hr_HR\" \/>\n<meta property=\"og:type\" content=\"article\" \/>\n<meta property=\"og:title\" content=\"Nautika - Primus R d.o.o.\" \/>\n<meta property=\"og:description\" content=\"Sve \u0161to obuhva\u0107a pojam nautika na jednom mjestu. Prohodne povr\u0161ine, tepisi, sun\u010dali\u0161ta... Sve za va\u0161e plovilo!\" \/>\n<meta property=\"og:url\" content=\"https:\/\/www.primusr.com\/hr\/nautika\/\" \/>\n<meta property=\"og:site_name\" content=\"Primus R d.o.o.\" \/>\n<meta property=\"article:publisher\" content=\"https:\/\/www.facebook.com\/primusrdoo\" \/>\n<meta property=\"article:modified_time\" content=\"2016-03-29T17:44:24+00:00\" \/>\n<meta property=\"og:image\" content=\"https:\/\/www.primusr.com\/wp-content\/uploads\/2015\/12\/flexiteek-p.jpg\" \/>\n<meta name=\"twitter:card\" content=\"summary_large_image\" \/>\n<meta name=\"twitter:label1\" content=\"Procijenjeno vrijeme \u010ditanja\" \/>\n\t<meta name=\"twitter:data1\" content=\"6 minuta\" \/>\n<script type=\"application\/ld+json\" class=\"yoast-schema-graph\">{\"@context\":\"https:\\\/\\\/schema.org\",\"@graph\":[{\"@type\":\"WebPage\",\"@id\":\"https:\\\/\\\/www.primusr.com\\\/hr\\\/nautika\\\/\",\"url\":\"https:\\\/\\\/www.primusr.com\\\/hr\\\/nautika\\\/\",\"name\":\"Nautika - Primus R d.o.o.\",\"isPartOf\":{\"@id\":\"https:\\\/\\\/www.primusr.com\\\/#website\"},\"primaryImageOfPage\":{\"@id\":\"https:\\\/\\\/www.primusr.com\\\/hr\\\/nautika\\\/#primaryimage\"},\"image\":{\"@id\":\"https:\\\/\\\/www.primusr.com\\\/hr\\\/nautika\\\/#primaryimage\"},\"thumbnailUrl\":\"https:\\\/\\\/www.primusr.com\\\/wp-content\\\/uploads\\\/2015\\\/12\\\/flexiteek-p.jpg\",\"datePublished\":\"2016-03-17T18:31:15+00:00\",\"dateModified\":\"2016-03-29T17:44:24+00:00\",\"description\":\"Sve \u0161to obuhva\u0107a pojam nautika na jednom mjestu. Prohodne povr\u0161ine, tepisi, sun\u010dali\u0161ta... Sve za va\u0161e plovilo!\",\"breadcrumb\":{\"@id\":\"https:\\\/\\\/www.primusr.com\\\/hr\\\/nautika\\\/#breadcrumb\"},\"inLanguage\":\"hr\",\"potentialAction\":[{\"@type\":\"ReadAction\",\"target\":[\"https:\\\/\\\/www.primusr.com\\\/hr\\\/nautika\\\/\"]}]},{\"@type\":\"ImageObject\",\"inLanguage\":\"hr\",\"@id\":\"https:\\\/\\\/www.primusr.com\\\/hr\\\/nautika\\\/#primaryimage\",\"url\":\"https:\\\/\\\/www.primusr.com\\\/wp-content\\\/uploads\\\/2015\\\/12\\\/flexiteek-p.jpg\",\"contentUrl\":\"https:\\\/\\\/www.primusr.com\\\/wp-content\\\/uploads\\\/2015\\\/12\\\/flexiteek-p.jpg\"},{\"@type\":\"BreadcrumbList\",\"@id\":\"https:\\\/\\\/www.primusr.com\\\/hr\\\/nautika\\\/#breadcrumb\",\"itemListElement\":[{\"@type\":\"ListItem\",\"position\":1,\"name\":\"Home\",\"item\":\"https:\\\/\\\/www.primusr.com\\\/hr\\\/\"},{\"@type\":\"ListItem\",\"position\":2,\"name\":\"Nautika\"}]},{\"@type\":\"WebSite\",\"@id\":\"https:\\\/\\\/www.primusr.com\\\/#website\",\"url\":\"https:\\\/\\\/www.primusr.com\\\/\",\"name\":\"Primus R d.o.o.\",\"description\":\"Nautical Flooring\",\"potentialAction\":[{\"@type\":\"SearchAction\",\"target\":{\"@type\":\"EntryPoint\",\"urlTemplate\":\"https:\\\/\\\/www.primusr.com\\\/?s={search_term_string}\"},\"query-input\":{\"@type\":\"PropertyValueSpecification\",\"valueRequired\":true,\"valueName\":\"search_term_string\"}}],\"inLanguage\":\"hr\"}]}<\/script>\n<!-- \/ Yoast SEO plugin. -->","yoast_head_json":{"title":"Nautika - Primus R d.o.o.","description":"Sve \u0161to obuhva\u0107a pojam nautika na jednom mjestu. Prohodne povr\u0161ine, tepisi, sun\u010dali\u0161ta... Sve za va\u0161e plovilo!","robots":{"index":"index","follow":"follow","max-snippet":"max-snippet:-1","max-image-preview":"max-image-preview:large","max-video-preview":"max-video-preview:-1"},"canonical":"https:\/\/www.primusr.com\/hr\/nautika\/","og_locale":"hr_HR","og_type":"article","og_title":"Nautika - Primus R d.o.o.","og_description":"Sve \u0161to obuhva\u0107a pojam nautika na jednom mjestu. Prohodne povr\u0161ine, tepisi, sun\u010dali\u0161ta... Sve za va\u0161e plovilo!","og_url":"https:\/\/www.primusr.com\/hr\/nautika\/","og_site_name":"Primus R d.o.o.","article_publisher":"https:\/\/www.facebook.com\/primusrdoo","article_modified_time":"2016-03-29T17:44:24+00:00","og_image":[{"url":"https:\/\/www.primusr.com\/wp-content\/uploads\/2015\/12\/flexiteek-p.jpg","type":"","width":"","height":""}],"twitter_card":"summary_large_image","twitter_misc":{"Procijenjeno vrijeme \u010ditanja":"6 minuta"},"schema":{"@context":"https:\/\/schema.org","@graph":[{"@type":"WebPage","@id":"https:\/\/www.primusr.com\/hr\/nautika\/","url":"https:\/\/www.primusr.com\/hr\/nautika\/","name":"Nautika - Primus R d.o.o.","isPartOf":{"@id":"https:\/\/www.primusr.com\/#website"},"primaryImageOfPage":{"@id":"https:\/\/www.primusr.com\/hr\/nautika\/#primaryimage"},"image":{"@id":"https:\/\/www.primusr.com\/hr\/nautika\/#primaryimage"},"thumbnailUrl":"https:\/\/www.primusr.com\/wp-content\/uploads\/2015\/12\/flexiteek-p.jpg","datePublished":"2016-03-17T18:31:15+00:00","dateModified":"2016-03-29T17:44:24+00:00","description":"Sve \u0161to obuhva\u0107a pojam nautika na jednom mjestu. Prohodne povr\u0161ine, tepisi, sun\u010dali\u0161ta... Sve za va\u0161e plovilo!","breadcrumb":{"@id":"https:\/\/www.primusr.com\/hr\/nautika\/#breadcrumb"},"inLanguage":"hr","potentialAction":[{"@type":"ReadAction","target":["https:\/\/www.primusr.com\/hr\/nautika\/"]}]},{"@type":"ImageObject","inLanguage":"hr","@id":"https:\/\/www.primusr.com\/hr\/nautika\/#primaryimage","url":"https:\/\/www.primusr.com\/wp-content\/uploads\/2015\/12\/flexiteek-p.jpg","contentUrl":"https:\/\/www.primusr.com\/wp-content\/uploads\/2015\/12\/flexiteek-p.jpg"},{"@type":"BreadcrumbList","@id":"https:\/\/www.primusr.com\/hr\/nautika\/#breadcrumb","itemListElement":[{"@type":"ListItem","position":1,"name":"Home","item":"https:\/\/www.primusr.com\/hr\/"},{"@type":"ListItem","position":2,"name":"Nautika"}]},{"@type":"WebSite","@id":"https:\/\/www.primusr.com\/#website","url":"https:\/\/www.primusr.com\/","name":"Primus R d.o.o.","description":"Nautical Flooring","potentialAction":[{"@type":"SearchAction","target":{"@type":"EntryPoint","urlTemplate":"https:\/\/www.primusr.com\/?s={search_term_string}"},"query-input":{"@type":"PropertyValueSpecification","valueRequired":true,"valueName":"search_term_string"}}],"inLanguage":"hr"}]}},"_links":{"self":[{"href":"https:\/\/www.primusr.com\/hr\/wp-json\/wp\/v2\/pages\/1017","targetHints":{"allow":["GET"]}}],"collection":[{"href":"https:\/\/www.primusr.com\/hr\/wp-json\/wp\/v2\/pages"}],"about":[{"href":"https:\/\/www.primusr.com\/hr\/wp-json\/wp\/v2\/types\/page"}],"author":[{"embeddable":true,"href":"https:\/\/www.primusr.com\/hr\/wp-json\/wp\/v2\/users\/1"}],"replies":[{"embeddable":true,"href":"https:\/\/www.primusr.com\/hr\/wp-json\/wp\/v2\/comments?post=1017"}],"version-history":[{"count":0,"href":"https:\/\/www.primusr.com\/hr\/wp-json\/wp\/v2\/pages\/1017\/revisions"}],"wp:attachment":[{"href":"https:\/\/www.primusr.com\/hr\/wp-json\/wp\/v2\/media?parent=1017"}],"curies":[{"name":"wp","href":"https:\/\/api.w.org\/{rel}","templated":true}]}}