{"id":1056,"date":"2016-02-08T23:55:29","date_gmt":"2016-02-08T22:55:29","guid":{"rendered":"https:\/\/www.primusr.com\/en\/izdelki-iz-tikovine\/"},"modified":"2016-03-29T22:50:02","modified_gmt":"2016-03-29T20:50:02","slug":"teak-products","status":"publish","type":"page","link":"https:\/\/www.primusr.com\/en\/teak-products\/","title":{"rendered":"Teak products"},"content":{"rendered":"<div class=\"wpb-content-wrapper\"><p>[vc_row][vc_column][vc_column_text el_class=&#8221;center&#8221;]<\/p>\n<h2>Teak<\/h2>\n<p>[\/vc_column_text][vc_empty_space height=&#8221;20px&#8221;][vc_row_inner el_class=&#8221;glavne-panoge&#8221;][vc_column_inner width=&#8221;1\/4&#8243;][vc_column_text]<\/p>\n<div class=\"panoga-div\">\n<ul class=\"image-arrow bullet-top\"><\/p>\n<div><a href=\"\/en\/teak-products\/terraces-and-pools\/\"><li><div class=\"wf-table\">\n<div><img decoding=\"async\" src=\"\/wp-content\/uploads\/2016\/02\/bazen-circle.png\" class=\"list-img\" alt=\"List item image\" \/><\/div>\n<div>Teak terraces and pools<\/div>\n<\/div>\n<\/li><\/a><\/div>\n<p><\/ul>\n<\/div>\n<p>[\/vc_column_text][\/vc_column_inner][vc_column_inner width=&#8221;1\/4&#8243;][vc_column_text]<\/p>\n<div class=\"panoga-div\">\n<ul class=\"image-arrow bullet-top\"><\/p>\n<div><a href=\"\/en\/boating\/teak\/\"><li><div class=\"wf-table\">\n<div><img decoding=\"async\" src=\"\/wp-content\/uploads\/2016\/02\/tikovina-circle.png\" class=\"list-img\" alt=\"List item image\" \/><\/div>\n<div>Teak walking surfaces<\/div>\n<\/div>\n<\/li><\/a><\/div>\n<p><\/ul>\n<\/div>\n<p>[\/vc_column_text][\/vc_column_inner][vc_column_inner width=&#8221;1\/4&#8243;][vc_column_text]<\/p>\n<div class=\"panoga-div\">\n<ul class=\"image-arrow bullet-top\"><\/p>\n<div><a href=\"\/en\/teak-products\/furniture\/\"><li><div class=\"wf-table\">\n<div><img decoding=\"async\" src=\"\/wp-content\/uploads\/2016\/02\/pohistvo-circle.png\" class=\"list-img\" alt=\"List item image\" \/><\/div>\n<div>Furniture<\/div>\n<\/div>\n<\/li><\/a><\/div>\n<p><\/ul>\n<\/div>\n<p>[\/vc_column_text][\/vc_column_inner][vc_column_inner width=&#8221;1\/4&#8243;][vc_column_text]<\/p>\n<div class=\"panoga-div\">\n<ul class=\"image-arrow bullet-top\"><\/p>\n<div><a href=\"\/en\/boating\/deck-bridges\/\"><li><div class=\"wf-table\">\n<div><img decoding=\"async\" src=\"\/wp-content\/uploads\/2016\/02\/pasarela-circle.png\" class=\"list-img\" alt=\"List item image\" \/><\/div>\n<div>Deck bridges<\/div>\n<\/div>\n<\/li><\/a><\/div>\n<p><\/ul>\n<\/div>\n<p>[\/vc_column_text][\/vc_column_inner][\/vc_row_inner][vc_empty_space height=&#8221;30px&#8221;][\/vc_column][\/vc_row][vc_row type=&#8221;2&#8243; margin_top=&#8221;0&#8243; margin_bottom=&#8221;0&#8243; padding_top=&#8221;0&#8243; padding_bottom=&#8221;0&#8243;][vc_column][vc_empty_space height=&#8221;40px&#8221;][vc_column_text]We make various accessories from teak, such as cabin kitchens, grates for docking bridges etc. and we restore and change grouting on teak decks.\u00a0 We also make teak walking surfaces.\u00a0 Additionally, we also provide surrounding surfaces for swimming pools, terraces and other surfaces based on your wishes.[\/vc_column_text][vc_empty_space height=&#8221;40px&#8221;][\/vc_column][\/vc_row][vc_row type=&#8221;1&#8243; margin_top=&#8221;0&#8243; margin_bottom=&#8221;0&#8243; padding_top=&#8221;0&#8243; padding_bottom=&#8221;0&#8243;][vc_column][vc_empty_space height=&#8221;60px&#8221;][vc_row_inner][vc_column_inner width=&#8221;1\/2&#8243;][vc_column_text]<\/p>\n<h2>Tikove pohodne povr\u0161ine<\/h2>\n<p>[\/vc_column_text][vc_empty_space height=&#8221;20px&#8221;][vc_column_text]Tikovino \u017ee stoletja uporabljamo za izdelovanje ladijskih palub, za njo je zna\u010dilna odli\u010dna odpornost proti trohnenju.[\/vc_column_text][vc_empty_space height=&#8221;20px&#8221;][vc_btn title=&#8221;Tikove pohodne povr\u0161ine&#8221; style=&#8221;outline&#8221; color=&#8221;primary&#8221; size=&#8221;sm&#8221; link=&#8221;url:%2Fnavtika%2Ftikovina%2F||&#8221;][\/vc_column_inner][vc_column_inner width=&#8221;1\/2&#8243;][vc_column_text]<img decoding=\"async\" class=\"alignnone size-medium wp-image-755\" src=\"https:\/\/www.primusr.com\/wp-content\/uploads\/2015\/12\/teakovina-p.jpg\" alt=\"teakovina-p\" width=\"300\" height=\"300\" srcset=\"https:\/\/www.primusr.com\/wp-content\/uploads\/2015\/12\/teakovina-p.jpg 300w, https:\/\/www.primusr.com\/wp-content\/uploads\/2015\/12\/teakovina-p-150x150.jpg 150w\" sizes=\"(max-width: 300px) 100vw, 300px\" \/>[\/vc_column_text][\/vc_column_inner][\/vc_row_inner][vc_empty_space height=&#8221;60px&#8221;][\/vc_column][\/vc_row][vc_row][vc_column][vc_empty_space height=&#8221;60px&#8221;][vc_row_inner][vc_column_inner el_class=&#8221;center&#8221; width=&#8221;1\/2&#8243;][vc_column_text]<img decoding=\"async\" class=\"alignnone size-medium wp-image-756\" src=\"https:\/\/www.primusr.com\/wp-content\/uploads\/2015\/12\/terase-bazeni-p.jpg\" alt=\"terase-bazeni-p\" width=\"300\" height=\"300\" srcset=\"https:\/\/www.primusr.com\/wp-content\/uploads\/2015\/12\/terase-bazeni-p.jpg 300w, https:\/\/www.primusr.com\/wp-content\/uploads\/2015\/12\/terase-bazeni-p-150x150.jpg 150w\" sizes=\"(max-width: 300px) 100vw, 300px\" \/>[\/vc_column_text][\/vc_column_inner][vc_column_inner width=&#8221;1\/2&#8243;][vc_column_text]<\/p>\n<h2>Teak terraces and pools<\/h2>\n<p>[\/vc_column_text][vc_empty_space height=&#8221;20px&#8221;][vc_column_text]Teak is an ideal material for outdoor terraces and achieving the right stability. It is also the perfect choice for swimming pools.[\/vc_column_text][vc_empty_space height=&#8221;20px&#8221;][vc_btn title=&#8221;Teak terraces and pools&#8221; style=&#8221;outline&#8221; color=&#8221;primary&#8221; size=&#8221;sm&#8221; link=&#8221;url:%2Fen%2Fteak-products%2Fterraces-and-pools%2F||&#8221;][\/vc_column_inner][\/vc_row_inner][vc_empty_space height=&#8221;60px&#8221;][\/vc_column][\/vc_row][vc_row type=&#8221;1&#8243; margin_top=&#8221;0&#8243; margin_bottom=&#8221;0&#8243; padding_top=&#8221;0&#8243; padding_bottom=&#8221;0&#8243;][vc_column][vc_empty_space height=&#8221;60px&#8221;][vc_row_inner][vc_column_inner width=&#8221;1\/2&#8243;][vc_column_text]<\/p>\n<h2>Furniture<\/h2>\n<p>[\/vc_column_text][vc_empty_space height=&#8221;20px&#8221;][vc_column_text]We make and install teak furniture on request and restore and coat your furniture. On demand, we also offer sandblasting of your furniture with our own sandblasting machine.[\/vc_column_text][vc_empty_space height=&#8221;20px&#8221;][vc_btn title=&#8221;Furniture&#8221; style=&#8221;outline&#8221; color=&#8221;primary&#8221; size=&#8221;sm&#8221; link=&#8221;url:%2Fen%2Fteak-products%2Ffurniture%2F||&#8221;][\/vc_column_inner][vc_column_inner width=&#8221;1\/2&#8243;][vc_column_text]<img decoding=\"async\" class=\"alignnone size-medium wp-image-754\" src=\"https:\/\/www.primusr.com\/wp-content\/uploads\/2015\/12\/pohistvo-p.jpg\" alt=\"pohistvo-p\" width=\"300\" height=\"300\" srcset=\"https:\/\/www.primusr.com\/wp-content\/uploads\/2015\/12\/pohistvo-p.jpg 300w, https:\/\/www.primusr.com\/wp-content\/uploads\/2015\/12\/pohistvo-p-150x150.jpg 150w\" sizes=\"(max-width: 300px) 100vw, 300px\" \/>[\/vc_column_text][\/vc_column_inner][\/vc_row_inner][vc_empty_space height=&#8221;60px&#8221;][\/vc_column][\/vc_row][vc_row][vc_column][vc_empty_space height=&#8221;60px&#8221;][vc_row_inner][vc_column_inner el_class=&#8221;center&#8221; width=&#8221;1\/2&#8243;][vc_column_text]<img decoding=\"async\" class=\"alignnone size-medium wp-image-772\" src=\"https:\/\/www.primusr.com\/wp-content\/uploads\/2016\/02\/pasarela-p.jpg\" alt=\"pasarela-p\" width=\"300\" height=\"300\" srcset=\"https:\/\/www.primusr.com\/wp-content\/uploads\/2016\/02\/pasarela-p.jpg 300w, https:\/\/www.primusr.com\/wp-content\/uploads\/2016\/02\/pasarela-p-150x150.jpg 150w\" sizes=\"(max-width: 300px) 100vw, 300px\" \/>[\/vc_column_text][\/vc_column_inner][vc_column_inner width=&#8221;1\/2&#8243;][vc_column_text]<\/p>\n<h2>Deck bridges<\/h2>\n<p>[\/vc_column_text][vc_empty_space height=&#8221;20px&#8221;][vc_column_text]A dock bridge is an indispensable part of any boat, as it represents a link between the land and the boat.[\/vc_column_text][vc_empty_space height=&#8221;20px&#8221;][vc_btn title=&#8221;Deck bridges&#8221; style=&#8221;outline&#8221; color=&#8221;primary&#8221; size=&#8221;sm&#8221; link=&#8221;url:%2Fen%2Fboating%2Fdeck-bridges%2F||&#8221;][\/vc_column_inner][\/vc_row_inner][vc_empty_space height=&#8221;60px&#8221;][\/vc_column][\/vc_row]<\/p>\n<\/div>","protected":false},"excerpt":{"rendered":"<p>[vc_row][vc_column][vc_column_text el_class=&#8221;center&#8221;] Teak [\/vc_column_text][vc_empty_space height=&#8221;20px&#8221;][vc_row_inner el_class=&#8221;glavne-panoge&#8221;][vc_column_inner width=&#8221;1\/4&#8243;][vc_column_text] [\/vc_column_text][\/vc_column_inner][vc_column_inner width=&#8221;1\/4&#8243;][vc_column_text] [\/vc_column_text][\/vc_column_inner][vc_column_inner width=&#8221;1\/4&#8243;][vc_column_text] [\/vc_column_text][\/vc_column_inner][vc_column_inner width=&#8221;1\/4&#8243;][vc_column_text] [\/vc_column_text][\/vc_column_inner][\/vc_row_inner][vc_empty_space height=&#8221;30px&#8221;][\/vc_column][\/vc_row][vc_row type=&#8221;2&#8243; margin_top=&#8221;0&#8243; margin_bottom=&#8221;0&#8243; padding_top=&#8221;0&#8243; padding_bottom=&#8221;0&#8243;][vc_column][vc_empty_space height=&#8221;40px&#8221;][vc_column_text]We make various accessories from teak, such as cabin kitchens, grates for docking bridges etc. and we restore and change grouting on teak decks.\u00a0 We also make teak walking surfaces.\u00a0 Additionally, we also provide surrounding&hellip;<\/p>\n","protected":false},"author":2,"featured_media":0,"parent":0,"menu_order":0,"comment_status":"closed","ping_status":"closed","template":"","meta":{"footnotes":""},"class_list":["post-1056","page","type-page","status-publish","hentry","description-off"],"yoast_head":"<!-- This site is optimized with the Yoast SEO plugin v27.5 - https:\/\/yoast.com\/product\/yoast-seo-wordpress\/ -->\n<title>Teak products - Primus R d.o.o.<\/title>\n<meta name=\"description\" content=\"Iz tikovega lesa izdelujemo razne dodatke kot so kuhinje v kokpitu, izdelujemo re\u0161etke pasarel, obnavljamo in menjamo fuge na tikovih palubah.\" \/>\n<meta name=\"robots\" content=\"index, follow, max-snippet:-1, max-image-preview:large, max-video-preview:-1\" \/>\n<link rel=\"canonical\" href=\"https:\/\/www.primusr.com\/en\/teak-products\/\" \/>\n<meta property=\"og:locale\" content=\"en_US\" \/>\n<meta property=\"og:type\" content=\"article\" \/>\n<meta property=\"og:title\" content=\"Teak products - Primus R d.o.o.\" \/>\n<meta property=\"og:description\" content=\"Iz tikovega lesa izdelujemo razne dodatke kot so kuhinje v kokpitu, izdelujemo re\u0161etke pasarel, obnavljamo in menjamo fuge na tikovih palubah.\" \/>\n<meta property=\"og:url\" content=\"https:\/\/www.primusr.com\/en\/teak-products\/\" \/>\n<meta property=\"og:site_name\" content=\"Primus R d.o.o.\" \/>\n<meta property=\"article:publisher\" content=\"https:\/\/www.facebook.com\/primusrdoo\" \/>\n<meta property=\"article:modified_time\" content=\"2016-03-29T20:50:02+00:00\" \/>\n<meta property=\"og:image\" content=\"https:\/\/www.primusr.com\/wp-content\/uploads\/2015\/12\/teakovina-p.jpg\" \/>\n<meta name=\"twitter:card\" content=\"summary_large_image\" \/>\n<meta name=\"twitter:label1\" content=\"Est. reading time\" \/>\n\t<meta name=\"twitter:data1\" content=\"4 minutes\" \/>\n<script type=\"application\/ld+json\" class=\"yoast-schema-graph\">{\"@context\":\"https:\\\/\\\/schema.org\",\"@graph\":[{\"@type\":\"WebPage\",\"@id\":\"https:\\\/\\\/www.primusr.com\\\/en\\\/teak-products\\\/\",\"url\":\"https:\\\/\\\/www.primusr.com\\\/en\\\/teak-products\\\/\",\"name\":\"Teak products - Primus R d.o.o.\",\"isPartOf\":{\"@id\":\"https:\\\/\\\/www.primusr.com\\\/#website\"},\"primaryImageOfPage\":{\"@id\":\"https:\\\/\\\/www.primusr.com\\\/en\\\/teak-products\\\/#primaryimage\"},\"image\":{\"@id\":\"https:\\\/\\\/www.primusr.com\\\/en\\\/teak-products\\\/#primaryimage\"},\"thumbnailUrl\":\"https:\\\/\\\/www.primusr.com\\\/wp-content\\\/uploads\\\/2015\\\/12\\\/teakovina-p.jpg\",\"datePublished\":\"2016-02-08T22:55:29+00:00\",\"dateModified\":\"2016-03-29T20:50:02+00:00\",\"description\":\"Iz tikovega lesa izdelujemo razne dodatke kot so kuhinje v kokpitu, izdelujemo re\u0161etke pasarel, obnavljamo in menjamo fuge na tikovih palubah.\",\"breadcrumb\":{\"@id\":\"https:\\\/\\\/www.primusr.com\\\/en\\\/teak-products\\\/#breadcrumb\"},\"inLanguage\":\"en-US\",\"potentialAction\":[{\"@type\":\"ReadAction\",\"target\":[\"https:\\\/\\\/www.primusr.com\\\/en\\\/teak-products\\\/\"]}]},{\"@type\":\"ImageObject\",\"inLanguage\":\"en-US\",\"@id\":\"https:\\\/\\\/www.primusr.com\\\/en\\\/teak-products\\\/#primaryimage\",\"url\":\"https:\\\/\\\/www.primusr.com\\\/wp-content\\\/uploads\\\/2015\\\/12\\\/teakovina-p.jpg\",\"contentUrl\":\"https:\\\/\\\/www.primusr.com\\\/wp-content\\\/uploads\\\/2015\\\/12\\\/teakovina-p.jpg\"},{\"@type\":\"BreadcrumbList\",\"@id\":\"https:\\\/\\\/www.primusr.com\\\/en\\\/teak-products\\\/#breadcrumb\",\"itemListElement\":[{\"@type\":\"ListItem\",\"position\":1,\"name\":\"Home\",\"item\":\"https:\\\/\\\/www.primusr.com\\\/en\\\/\"},{\"@type\":\"ListItem\",\"position\":2,\"name\":\"Teak products\"}]},{\"@type\":\"WebSite\",\"@id\":\"https:\\\/\\\/www.primusr.com\\\/#website\",\"url\":\"https:\\\/\\\/www.primusr.com\\\/\",\"name\":\"Primus R d.o.o.\",\"description\":\"Nautical Flooring\",\"potentialAction\":[{\"@type\":\"SearchAction\",\"target\":{\"@type\":\"EntryPoint\",\"urlTemplate\":\"https:\\\/\\\/www.primusr.com\\\/?s={search_term_string}\"},\"query-input\":{\"@type\":\"PropertyValueSpecification\",\"valueRequired\":true,\"valueName\":\"search_term_string\"}}],\"inLanguage\":\"en-US\"}]}<\/script>\n<!-- \/ Yoast SEO plugin. -->","yoast_head_json":{"title":"Teak products - Primus R d.o.o.","description":"Iz tikovega lesa izdelujemo razne dodatke kot so kuhinje v kokpitu, izdelujemo re\u0161etke pasarel, obnavljamo in menjamo fuge na tikovih palubah.","robots":{"index":"index","follow":"follow","max-snippet":"max-snippet:-1","max-image-preview":"max-image-preview:large","max-video-preview":"max-video-preview:-1"},"canonical":"https:\/\/www.primusr.com\/en\/teak-products\/","og_locale":"en_US","og_type":"article","og_title":"Teak products - Primus R d.o.o.","og_description":"Iz tikovega lesa izdelujemo razne dodatke kot so kuhinje v kokpitu, izdelujemo re\u0161etke pasarel, obnavljamo in menjamo fuge na tikovih palubah.","og_url":"https:\/\/www.primusr.com\/en\/teak-products\/","og_site_name":"Primus R d.o.o.","article_publisher":"https:\/\/www.facebook.com\/primusrdoo","article_modified_time":"2016-03-29T20:50:02+00:00","og_image":[{"url":"https:\/\/www.primusr.com\/wp-content\/uploads\/2015\/12\/teakovina-p.jpg","type":"","width":"","height":""}],"twitter_card":"summary_large_image","twitter_misc":{"Est. reading time":"4 minutes"},"schema":{"@context":"https:\/\/schema.org","@graph":[{"@type":"WebPage","@id":"https:\/\/www.primusr.com\/en\/teak-products\/","url":"https:\/\/www.primusr.com\/en\/teak-products\/","name":"Teak products - Primus R d.o.o.","isPartOf":{"@id":"https:\/\/www.primusr.com\/#website"},"primaryImageOfPage":{"@id":"https:\/\/www.primusr.com\/en\/teak-products\/#primaryimage"},"image":{"@id":"https:\/\/www.primusr.com\/en\/teak-products\/#primaryimage"},"thumbnailUrl":"https:\/\/www.primusr.com\/wp-content\/uploads\/2015\/12\/teakovina-p.jpg","datePublished":"2016-02-08T22:55:29+00:00","dateModified":"2016-03-29T20:50:02+00:00","description":"Iz tikovega lesa izdelujemo razne dodatke kot so kuhinje v kokpitu, izdelujemo re\u0161etke pasarel, obnavljamo in menjamo fuge na tikovih palubah.","breadcrumb":{"@id":"https:\/\/www.primusr.com\/en\/teak-products\/#breadcrumb"},"inLanguage":"en-US","potentialAction":[{"@type":"ReadAction","target":["https:\/\/www.primusr.com\/en\/teak-products\/"]}]},{"@type":"ImageObject","inLanguage":"en-US","@id":"https:\/\/www.primusr.com\/en\/teak-products\/#primaryimage","url":"https:\/\/www.primusr.com\/wp-content\/uploads\/2015\/12\/teakovina-p.jpg","contentUrl":"https:\/\/www.primusr.com\/wp-content\/uploads\/2015\/12\/teakovina-p.jpg"},{"@type":"BreadcrumbList","@id":"https:\/\/www.primusr.com\/en\/teak-products\/#breadcrumb","itemListElement":[{"@type":"ListItem","position":1,"name":"Home","item":"https:\/\/www.primusr.com\/en\/"},{"@type":"ListItem","position":2,"name":"Teak products"}]},{"@type":"WebSite","@id":"https:\/\/www.primusr.com\/#website","url":"https:\/\/www.primusr.com\/","name":"Primus R d.o.o.","description":"Nautical Flooring","potentialAction":[{"@type":"SearchAction","target":{"@type":"EntryPoint","urlTemplate":"https:\/\/www.primusr.com\/?s={search_term_string}"},"query-input":{"@type":"PropertyValueSpecification","valueRequired":true,"valueName":"search_term_string"}}],"inLanguage":"en-US"}]}},"_links":{"self":[{"href":"https:\/\/www.primusr.com\/en\/wp-json\/wp\/v2\/pages\/1056","targetHints":{"allow":["GET"]}}],"collection":[{"href":"https:\/\/www.primusr.com\/en\/wp-json\/wp\/v2\/pages"}],"about":[{"href":"https:\/\/www.primusr.com\/en\/wp-json\/wp\/v2\/types\/page"}],"author":[{"embeddable":true,"href":"https:\/\/www.primusr.com\/en\/wp-json\/wp\/v2\/users\/2"}],"replies":[{"embeddable":true,"href":"https:\/\/www.primusr.com\/en\/wp-json\/wp\/v2\/comments?post=1056"}],"version-history":[{"count":0,"href":"https:\/\/www.primusr.com\/en\/wp-json\/wp\/v2\/pages\/1056\/revisions"}],"wp:attachment":[{"href":"https:\/\/www.primusr.com\/en\/wp-json\/wp\/v2\/media?parent=1056"}],"curies":[{"name":"wp","href":"https:\/\/api.w.org\/{rel}","templated":true}]}}