{"id":858,"date":"2016-02-08T13:17:06","date_gmt":"2016-02-08T12:17:06","guid":{"rendered":"https:\/\/www.primusr.com\/de\/pogoji-poslovanja\/"},"modified":"2016-03-16T17:18:34","modified_gmt":"2016-03-16T16:18:34","slug":"geschaeftsbedingungen","status":"publish","type":"page","link":"https:\/\/www.primusr.com\/de\/geschaeftsbedingungen\/","title":{"rendered":"Gesch\u00e4ftsbedingungen"},"content":{"rendered":"<p>Wir bitten Sie, untere Informationen genau zu lesen, weil die Unkenntnis des Angebots und der allgemeinen Gesch\u00e4ftsbedingungen kein Gegenstand der Reklamation sein kann! Bei eventueller Unklarheit rufen Sie uns bitte an und wir werden Ihnen gerne weiter helfen!<\/p>\n<p>Es wird davon ausgegangen, dass der Kunde \u00fcber diese allgemeinen Gesch\u00e4ftsbedingungen mit der Ver\u00f6ffentlichung dieser auf der \u00f6ffentlichen Website des Verk\u00e4ufers informiert ist.<\/p>\n<h2>Allgemeines<\/h2>\n<ul>\n<li>Alle Vereinbarungen, Angebote und Best\u00e4tigungen zwischen dem Kunden und dem Unternehmen Primus R d.o.o. bed\u00fcrfen der Schriftform. Zus\u00e4tzliche m\u00fcndliche Bedingungen sind ung\u00fcltig.<\/li>\n<li>Wir machen Sie darauf aufmerksam, dass aufgrund der Art der von uns verkauften Produkte unsere Verkaufs- und Lieferbedingungen spezifisch sind. Wir sprechen die Bedingungen der Kunden ab, wenn diese von unseren Bedingungen abweichen, au\u00dfer wenn diese besonders vereinbart und geschrieben sind.<\/li>\n<\/ul>\n<h2>Messungen, Angebote und Auftragsbest\u00e4tigung<\/h2>\n<ol>\n<li>Primus R d.o.o. tr\u00e4gt die Verantwortung f\u00fcr die Richtigkeit der Dimensionen von Flexiteek, Teppichen, Teakholz, Heckdecks,\u2026 nach Kundenbestellung, aufgrund der Messung unseres Unternehmens. Wenn der Kunde f\u00fcr den Auftrag eigene Dimensionen vermittelt, tr\u00e4gt er selbst die Verantwortung f\u00fcr die Richtigkeit.<\/li>\n<li>Der Kunde ist bei der Vermessung verpflichtet, alle Daten (H\u00f6he, L\u00e4nge, Breite, Fugenrichtung, Art des Materials, Farbe,\u2026) zu vermitteln und den Assistenten im Verkauf\/Messtechniker auf etwaige Hindernisse (versteckte Installation, Wasserleitung, Stromleitung,\u2026) aufmerksam zu machen. Im Gegenfall muss der Kunde den Folgeschaden wegen Besch\u00e4digungen selber decken. Der Kunde \u00fcbernimmt in diesem Fall auch die Kosten der Montageunterbrechung.<\/li>\n<li>Das Angebot gilt nur f\u00fcr angegebene Positionen, Mengen und Beschreibungen. Vor der Auftragsbest\u00e4tigung muss der Kunde alle Beschreibungen, Mengen und Werte \u00fcberpr\u00fcfen. Sp\u00e4tere Unklarheiten nach der Lieferung werden nicht anerkannt und k\u00f6nnen kein Gegenstand der Reklamation sein.<\/li>\n<li>Die G\u00fcltigkeit des Angebots ist so viele Tage, wie im Angebot angef\u00fchrt. Mit der Ausgabe eines neuen Angebots wird das vorige Angebot vollst\u00e4ndig aufgek\u00fcndigt.<\/li>\n<li>F\u00fcr alle Skizzen gilt die Sicht von innen, wenn nicht anders angef\u00fchrt ist.<\/li>\n<li>Die Unterleiste z\u00e4hlt nicht zum Ma\u00df, ist aber ein Bestandteil des Elementes.<\/li>\n<li>Die schriftliche Best\u00e4tigung des Angebots und die Bezahlung des Geldvorschusses oder des Voranschlagwertes bedeuten, dass der Kunde die Richtigkeit und Eignung des Auftrags best\u00e4tigt, mit allen Angebotselementen \u00fcbereinstimmt, die Zahlungsbedingungen annimmt und erkl\u00e4rt, dass er \u00fcber den ganzen Inhalt der allgemeinen Gesch\u00e4ftsbedingungen informiert ist. Die Unkenntnis des Angebots und seines Inhalts und etwaige Unklarheiten k\u00f6nnen keine Ursache f\u00fcr die Reklamation sein.<\/li>\n<li>Alle Ver\u00e4nderungen sind mindestens einen (1) Tag nach der schriftlichen Best\u00e4tigung des Auftrags, der Bezahlung des Geldvorschusses, ausschlie\u00dflich in schriftlicher Form m\u00f6glich. Alle sp\u00e4teren Ver\u00e4nderungen werden nicht anerkannt und das Unternehmen Primus R d.o.o. hat das Recht, daf\u00fcr eine zus\u00e4tzliche Rechnung auszustellen, welche der Kunden sp\u00e4testens in acht (8) Tagen bezahlen muss.<\/li>\n<li>Wir behalten uns das Recht auf Ver\u00e4nderungen in der Produktion wegen der konstruktionsbedingten technischen Details oder der technischen Vorschriften vor.<\/li>\n<li>Wenn nicht anders angef\u00fchrt, haftet f\u00fcr angef\u00fchrte Daten der Kunde, f\u00fcr die Ma\u00dfen aber das Unternehmen Primus R d.o.o.<\/li>\n<li>Wenn der Kunde die Bestellung per Telefon, Anfrageformular oder E-Mail abgibt, ist er selber f\u00fcr etwaige Fehler verantwortlich. Die Kosten, die als Folge dieser Fehler entstehen, tr\u00e4gt ausschlie\u00dflich der Kunde.<\/li>\n<li>Die Kosten f\u00fcr die Vermessung des Objektes vor Ort betragen 50 \u20ac und m\u00fcssen vom Kunden nach Rechnung bezahlt werden. Im Falle eines Auftrags wird dieser Wert zum Kaufgeld dazugez\u00e4hlt.<\/li>\n<li>Wenn der Kunde innerhalb 15 Tagen nach dem Erhalt des letzten Voranschlags keine Bezahlung ausf\u00fchrt, wird davon ausgegangen, dass er von Auftrag zur\u00fccktritt.<\/li>\n<\/ol>\n<h2>Preise und Bezahlung<\/h2>\n<ol>\n<li>Primus R d.o.o. beh\u00e4lt sich das Recht auf Preisver\u00e4nderung vor, wenn Mengen, Farben, Dimensionen oder andere Tatsachen ver\u00e4ndert werden, welche als Basis f\u00fcr die Preisberechnung gelten.<\/li>\n<li>Rabatte werden nicht addiert. Aktionen sind aus Rabatten ausgeschlossen.<\/li>\n<li>Wenn nicht anders angef\u00fchrt oder bestimmt ist, gelten die Preise in EUR.<\/li>\n<li>Der Auftraggeber kann den Rechnungswert auf das Bankkonto Primus R d.o.o. \u00fcberweisen.<\/li>\n<li>Vertreter, Mittler, Messtechniker und Monteure sind nicht f\u00fcr Geldannahme bevollm\u00e4chtigt.<\/li>\n<li>Unsere Rechnungen sind gem\u00e4\u00df der Rechnung bezahlbar beziehungsweise sp\u00e4testens in acht (8) Tagen nach Ausstellung der Rechnung, wenn nicht anders vereinbart und unsererseits best\u00e4tigt wird.<\/li>\n<li>Wenn der Kunde in Zahlungsverzug ger\u00e4t und diesen nicht mit einer h\u00f6heren Gewalt rechtfertigen kann, k\u00f6nnen wir Verzugszinsen gem\u00e4\u00df dem Gesetz fordern.<\/li>\n<li>Wechsel oder Bestellscheine sind keine Grundlage f\u00fcr die Bestellung oder Zahlungsversicherung.<\/li>\n<\/ol>\n<h2>MwSt.<\/h2>\n<ol>\n<li>Der allgemeine Mehrwertsteuersatz betr\u00e4gt 22 %.<\/li>\n<li>F\u00fcr die Montage (Wohnung bis 120 m<sup>2<\/sup> und Wohnh\u00e4user bis 250 m<sup>2<\/sup>) betr\u00e4gt dieser 9,5 %.<\/li>\n<li>Wenn Sie steuerpflichtig sind, m\u00fcssen Sie uns genaue Daten mit Umsatzsteueridentifikationsnummer schon bei der Bestellung \u00fcbermitteln. Im Gegenfall wird eine sp\u00e4tere Zur\u00fcckweisung der Rechnung wegen nachtr\u00e4glicher Ver\u00e4nderung der Angaben nicht akzeptiert.<\/li>\n<\/ol>\n<h2>Zahlungsbedingungen<\/h2>\n<h3>Einzelverkauf<\/h3>\n<p>Zahlungsbedingungenen werden f\u00fcr jeden Kunden gesondert definiert.<\/p>\n<p>Einige Varianten von Zahlungsbedingungen:<\/p>\n<ol>\n<li>Die Bezahlung nach abgeschlossenen Arbeiten in acht (8) Tagen. Die Zahlungsversicherung mit einer unwiderruflichen Bankgarantie.<\/li>\n<li>80 % Geldvorschusses bei der Bestellung, 20 % nach der abgeschlossener Montage oder Abfertigung. Der Kunde ist verpflichtet, den Rest sp\u00e4testens in acht (8) Tagen nach abgeschlossenen Arbeiten zu bezahlen. Bei eventuellem Zahlungsverzug muss der Kunde gesetzliche Verzugszinsen bezahlen.<\/li>\n<li>100 % Vorschuss, wobei zus\u00e4tzlich 5 % Rabatt anerkannt wird.<\/li>\n<\/ol>\n<h3>Gro\u00dfverkauf:<\/h3>\n<p>Zahlungsbedingungenen werden gem\u00e4\u00df dem Kooperationsvertrag definiert, ansonsten gilt 100 % Geldvorschuss.<\/p>\n<h2>Lieferung und Liefertermine<\/h2>\n<ol>\n<li>Der ungef\u00e4hre Liefertermin f\u00fcr standardm\u00e4\u00dfige Produkte betr\u00e4gt 4 \u2013 7 Wochen.<\/li>\n<li>Liefertermine werden in Hinblick auf das Angebot bestimmt. Der Kunde wird \u00fcber die Montage schriftlich oder m\u00fcndlich sp\u00e4testens zwei Tage vor dem Anfang der Arbeit informiert.<\/li>\n<li>Der von uns bestimmte Liefertermin beginnt erst nach tats\u00e4chlichen Vermessungen und Erkl\u00e4rungen von allen technischen Fragen und nach der Unterzeichnung des Vertrags und der Bezahlung gem\u00e4\u00df Zahlungsbedingungen zu laufen.<\/li>\n<li>Wenn bei der Montage Unstimmigkeiten des Elements festgestellt werden, wird der Liefertermin verl\u00e4ngert. In diesem Fall behebt Primus R d.o.o. die Unstimmigkeit so schnell wie m\u00f6glich.<\/li>\n<li>Die Lieferung der Ware kann in bestimmten F\u00e4llen auch teilweise erfolgen, doch der Kunde muss dar\u00fcber mindesten einen Tag vor dem urspr\u00fcnglich bestimmten Termin informiert sein.<\/li>\n<li>Der Kunde ist verpflichtet, bei der Annahme der Ware etwaige Fehler festzustellen und diese sofort in den Versandauftrag zu notieren.<\/li>\n<li>Materialsch\u00e4den (Br\u00fcche, Risse,\u2026) werden bei der Annahme und \u00dcbergabe nur dann ber\u00fccksichtigt, wenn der Kunde sofort eine schriftliche Erkl\u00e4rung abgibt. Sp\u00e4tere Br\u00fcche und Sch\u00e4den, die keine Folge des Transports oder der Montage unsererseits sind und werden durch eine dritte Person verursacht oder die Ursache unbekannt ist, k\u00f6nnen kein Gegenstand der Reklamation sein.<\/li>\n<li>Der Kunde best\u00e4tigt, dass die Ware gem\u00e4\u00df dem Angebot geliefert und die Montage hochwertig durchgef\u00fchrt wurde. Dies erledigt er mit seiner Unterschrift bei der Annahme (Lieferschein) und mit der Unterschrift des Montageprotokolls. Somit best\u00e4tigt der Kunde, dass Primus R d.o.o. ganz das Angebot\/den Vertrag realisierte und somit alle Rechte aus diesem Verh\u00e4ltnis erwirbt.<\/li>\n<\/ol>\n<h2>Lieferung der Ware und Risiko\u00fcbertragung<\/h2>\n<ol>\n<li>F\u00fcr die Lieferung vorbereitete Produkte muss der Kunde\/K\u00e4ufer in 8 Tagen nach der schriftlichen Informierung des Verk\u00e4ufers \u00fcber die Bereitstellung der Artikel im Lager zur Annahme annehmen. Zu einer schriftlichen Mitteilung z\u00e4hlen E-Mail, Fax oder gew\u00f6hnliche Postbriefe.<\/li>\n<li>Wenn der Kunde\/K\u00e4ufer bestellte Artikel nicht im angef\u00fchrten Termin annimmt oder die Montage nicht zul\u00e4sst, stellt ihm der Verk\u00e4ufer die Lagerungskosten in Rechnung, die 0,1 % des Wertes von bestellten Artikeln pro Tag betragen. Genauso tr\u00e4gt die Verantwortung f\u00fcr die Ware der Kunde\/K\u00e4ufer.<\/li>\n<li>Der Kunde ist verpflichtet, angenommene Artikel auf gew\u00f6hnliche Weise zu kontrollieren oder diese kontrollieren zu lassen und den Verk\u00e4ufer \u00fcber augenscheinliche Fehler schriftlich innerhalb 8 Tagen nach der Annahme zu informieren. Der Verk\u00e4ufer muss festgestellte Fehler beheben, wenn diese berechtigt sind.<\/li>\n<\/ol>\n<h2>Eigentumsvorbehalt<\/h2>\n<p>Bei einer Handlung des Kunden im Gegensatz zu Vertragsbestimmungen, vor allem bei Zahlungsverzug, haben wir das Recht, die Ware zur\u00fcck zu nehmen (gilt f\u00fcr alle noch nicht montierte Elemente) ohne dabei die Vertragspflichten zu verletzen. Bei der Beschlagnahme der Ware unsererseits kann es auch zur unwiderruflichen K\u00fcndigung des Vertrags kommen. Nach der Beschlagnahme der Ware sind wir bevollm\u00e4chtigt ihren Wert einzul\u00f6sen und den Unterschied zum vollen Wert der Ware mit etwaigen Verkaufskosten dem Kunden in die Rechnung zu stellen.<\/p>\n<h2>Gew\u00e4hrleistung und Haftung f\u00fcr die M\u00e4ngelbeseitigung<\/h2>\n<ol>\n<li>Die R\u00fcckgabe der Artikel wegen der Fehler des Kunden ist nicht m\u00f6glich.<\/li>\n<li>Wenn der Kunden einen falschen Artikel bestellt oder die Pflichten nicht erf\u00fcllt, sind wir zur R\u00fcckerstattung von allen zus\u00e4tzlichen Kosten berechtigt.<\/li>\n<li>Den Garantieschein bekommt der Kunde nach abgeschlossener Arbeit zusammen mit der Rechnung.<\/li>\n<li>Unsere Produkte sind gem\u00e4\u00df den Vorschriften und Standards der nationalen und EU-Gesetzgebung. Auf Kundenforderung kann auch die CE-Konformit\u00e4tserkl\u00e4rung ausgestellt werden, welche die Konformit\u00e4t mit EU-Normen best\u00e4tigt.<\/li>\n<li>Jede unsachgem\u00e4\u00dfe Montage und unbefugte Reparatur des Artikels seitens des Kunden oder einer dritten Person in der Garantiezeit verursacht einen unwiderruflichen Garantieverlust.<\/li>\n<li>Nach Ablauf der Garantie stellen wir die Wartung und Ersatzteile gem\u00e4\u00df der g\u00fcltigen Gesetzgebung sicher.<\/li>\n<li>Die Reinigung und Wartung des Materials ist nur mit entsprechenden und vom Hersteller genehmigten Mitteln beziehungsweise Reinigungsmitteln erlaubt. Wegen der Benutzung von nicht best\u00e4tigten Reinigungsmitteln wird die Garantie nicht anerkannt.<\/li>\n<li>Die Bedingung f\u00fcr die Geltendmachung der Garantie ist, dass der Kunde seine Pflichten gegen\u00fcber Verk\u00e4ufer erf\u00fcllt, die Artikel sofort nach der Annahme \u00fcberpr\u00fcft und den Reklamationsantrag rechtzeitig und richtig stellt.<\/li>\n<li>Wenn die Ware einen Fehler aufweist, wof\u00fcr wir verantwortlich sind, sind wir verpflichtet, diesen Fehler oder Mangel so schnell wie m\u00f6glich zu beheben. Wenn wir das nicht in bestimmter Frist erledigen, sind wir verpflichtet, gem\u00e4\u00df den Vorschriften der g\u00fcltigen Gesetzgebung zu handeln.<\/li>\n<li>Weitere Einspr\u00fcche des Kunden sind ausgeschlossen, au\u00dfer wenn das nicht vorab bestimmt ist. So sind wir nicht f\u00fcr die Warenm\u00e4ngel, die von selbst entstanden, f\u00fcr entgangenen Gewinn oder andere finanzielle Verluste durch Kundenschulden verantwortlich.<\/li>\n<li>Wir haften f\u00fcr alle von uns absichtlich verursachte Fehler oder andere gro\u00dfe Schludrigkeiten. Der Kunde kann auch eine Berufung wegen Nichterf\u00fcllung des Vertrags einlegen, im Sinne einer mangelhaften Garantie der Artikeleigenschaften.<\/li>\n<\/ol>\n<ul>\n<li>Die Garantie schlie\u00dft die Verbraucherrechte nicht aus, welche aus der Verantwortung des Verk\u00e4ufers f\u00fcr die Warenm\u00e4ngel ausgeht.<\/li>\n<li>Die Garantie gilt in Slowenien.<\/li>\n<\/ul>\n<h2>Reklamation (Geltendmachung der Garantie)<\/h2>\n<ol>\n<li>Der K\u00e4ufer\/Kunde muss \u00fcber die Fehler f\u00fcr die Geltendmachung der Reklamation (Garantie) den Verk\u00e4ufer schriftlich mindestens in 8 Tagen nach der Entdeckung des Fehlers informieren.<\/li>\n<li>Der K\u00e4ufer ist auf die Forderung des Verk\u00e4ufers verpflichtet, dem Vertreter des Verk\u00e4ufers die \u00dcberpr\u00fcfung der reklamierten Artikel zu erm\u00f6glichen.<\/li>\n<li>Der Gegenstand der Reklamation k\u00f6nnen keine kleineren Oberfl\u00e4chenfehler sein, wenn diese die Funktionalit\u00e4t des Artikels nicht beeinflussen und vom Abstand mehr als 1 m nicht sichtbar sind.<\/li>\n<li>Wenn sich der Verk\u00e4ufer \u00fcberzeugt, dass die Reklamation berechtigt ist, gibt er dem Kunden einen Vorschlag f\u00fcr die L\u00f6sung der Reklamation. Die L\u00f6sungen der Reklamation sind die M\u00e4ngelbeseitigung, der Ersatz des Artikels oder die Preissenkung, die von der Art und Stufe des Fehlers beziehungsweise der Vereinbarung mit dem K\u00e4ufer\/Kunden abh\u00e4ngig sind.<\/li>\n<li>Wegen seinen Haftungsanspr\u00fcchen hat der K\u00e4ufer\/Kunde kein Recht, irgendwelche Schuldbetr\u00e4ge einzubehalten.<\/li>\n<li>Der Verk\u00e4ufer wird keine Reklamation wegen Fehler ber\u00fccksichtigen, die wegen eines falschen Gebrauchs oder der Wartung der Artikel oder einer unbefugten oder unsachgem\u00e4\u00dfen Montage entstanden. Der Verk\u00e4ufer kann f\u00fcr einzelne Art der Artikel zus\u00e4tzliche Bedingungen und Forderungen geben, welche der K\u00e4ufer\/Kunde erf\u00fcllen muss, damit er zur Geltendmachung der Reklamation berechtigt ist. Damit informiert der Verk\u00e4ufer den Kunden sp\u00e4testens bei der Lieferung der Ware.<\/li>\n<li>Der K\u00e4ufer\/Kunde muss vor der Montage das Material und den Artikel genau \u00fcberpr\u00fcfen und den Verk\u00e4ufer sofort auf Unstimmigkeit des Artikels und des Materials aufmerksam machen. Wenn das Material und die Artikel montiert werden, wird die Reklamation nicht ber\u00fccksichtigt.<\/li>\n<li>Wenn die Reklamation berechtigt ist, verpflichtet sich der Verk\u00e4ufer so schnell wie m\u00f6glich die M\u00e4ngel zu beseitigen, das bedeutet in k\u00fcrzester m\u00f6glicher Zeit.<\/li>\n<\/ol>\n<ul>\n<li>geeignete Daten f\u00fcr die Identifizierung gelieferter Artikel, mit einer genauen Beschreibung der Fehler und einem Bild der reklamierten Artikel,<\/li>\n<li>der Reklamation m\u00fcssen die Rechnung und der Zahlungsbeleg der reklamierten Artikel beigelegt sein,<\/li>\n<li>bei durchgef\u00fchrter Montage seitens des Verk\u00e4ufers oder seines autorisierten Monteurs, die Kopie des \u00dcbergabeprotokolls \u00fcber die durchgef\u00fchrte Montage.<\/li>\n<li>Der K\u00e4ufer muss auf die Forderung des Verk\u00e4ufers reklamierte Artikel oder einzelne Artikel sofort zur\u00fcckgeben, wegen der Ermittlung der Reklamationsberechtigung. Im Gegenfall verliert der K\u00e4ufer das Recht auf Reklamation.<\/li>\n<\/ul>\n<h2>Montageanleitung und Bedingungen f\u00fcr die Durchf\u00fchrung der Dienstleistungen<\/h2>\n<ol>\n<li>Zus\u00e4tzliche Arbeiten, die nicht ein Teil des Angebots sind, aber f\u00fcr die Beendigung der Arbeiten notwendig sind (Abschlag der Wand, Mauerarbeiten, Montage der Leisten, Silikonauftrag, Anstrich, Auskleidung, Ger\u00fcstbau, Entsorgung, Profilschutz, Keilentfernung usw. \u2026) gehen zu Lasten von Kunden und werden zus\u00e4tzlich in Rechnung gestellt.<\/li>\n<li>Bei gr\u00f6\u00dferen und schwereren Elementen ist die Hilfe des Kunden bei der \u00dcbertragung erw\u00fcnscht, kann aber kein Gegenstand der Bezahlung sein.<\/li>\n<li>Der Kunde muss vor dem Anfang der Montage die Monteure \u00fcber den Plan und die Arbeitsweise informieren, weil nach dem Einbau der Elemente eine falsche Montage kein Gegenstand der Reklamation sein kann. Solche Kosten gehen zu Lasten des Kunden.<\/li>\n<li>Der Kunde muss vor dem Anfang der Montage alle Hindernisse entfernen, welche einen ungest\u00f6rten Verlauf der Montage beeintr\u00e4chtigen k\u00f6nnten. Er muss einen freien Zugang der Elemente zum Objekt, durchg\u00e4ngige Treppen und andere Zug\u00e4nge und einen Stromanschluss (220 V) sicherstellen. Er muss f\u00fcr den Schutz von Personen, Materialien und des Arbeitsumfelds sorgen. Bei l\u00e4nger andauernder Montage auch einen Platz mit Absperrm\u00f6glichkeit f\u00fcr die Aufbewahrung des Werkzeugs<\/li>\n<li>Der Kunde muss am dem Objekt vor und nach der Montage anwesend sein.<\/li>\n<li>Nach abgeschlossener Arbeit muss der Kunde Elemente \u00fcbernehmen, im Gegenfall wird davon ausgegangen, dass er die Ware ohne Fehler und Bemerkungen annahm.<\/li>\n<li>Wir f\u00fchren keine Stromleitungen und Anschl\u00fcsse durch. Daf\u00fcr muss der Kunde sorgen.<\/li>\n<\/ol>\n<h2>Datenschutz<\/h2>\n<p>Der Verk\u00e4ufer verpflichtet sich, die personenbezogenen Daten des Kunden\/K\u00e4ufers zu sch\u00fctzen. Der Verk\u00e4ufer wird diese Daten ausschlie\u00dflich f\u00fcr die Erf\u00fcllung des Auftrags benutzen.<\/p>\n<h2>Weitere wichtige Bestimmungen<\/h2>\n<p>Ein Bestandteil der allgemeinen Bedingungen sind auch die Anweisung des Verk\u00e4ufers f\u00fcr eine richtige Montage, Benutzung und Wartung und die Reinigung der Artikel.<\/p>\n<h2>Beilegung von Streitigkeiten<\/h2>\n<p>Wenn in der Vereinbarung beziehungsweise Best\u00e4tigung nicht anders bestimmt ist, ist f\u00fcr die Beilegung von Streitigkeiten das Gericht in Ljubljana zust\u00e4ndig.<\/p>\n<p>&nbsp;<\/p>\n<p>&nbsp;<\/p>\n<p>Allgemeine Gesch\u00e4ftsbedingungen gelten seit 26.11.2014 und sind \u00f6ffentlich auf der Website <a href=\"http:\/\/www.primusr.com\">www.primusr.com<\/a> zug\u00e4nglich.<\/p>\n","protected":false},"excerpt":{"rendered":"<p>Wir bitten Sie, untere Informationen genau zu lesen, weil die Unkenntnis des Angebots und der allgemeinen Gesch\u00e4ftsbedingungen kein Gegenstand der Reklamation sein kann! Bei eventueller Unklarheit rufen Sie uns bitte an und wir werden Ihnen gerne weiter helfen! Es wird davon ausgegangen, dass der Kunde \u00fcber diese allgemeinen Gesch\u00e4ftsbedingungen mit der Ver\u00f6ffentlichung dieser auf der&hellip;<\/p>\n","protected":false},"author":2,"featured_media":0,"parent":0,"menu_order":0,"comment_status":"closed","ping_status":"closed","template":"","meta":{"footnotes":""},"class_list":["post-858","page","type-page","status-publish","hentry","description-off"],"yoast_head":"<!-- This site is optimized with the Yoast SEO plugin v27.5 - https:\/\/yoast.com\/product\/yoast-seo-wordpress\/ -->\n<title>Gesch\u00e4ftsbedingungen - Primus R d.o.o.<\/title>\n<meta name=\"description\" content=\"Gesch\u00e4ftsbedingungen aus www.primusr.com.\" \/>\n<meta name=\"robots\" content=\"index, follow, max-snippet:-1, max-image-preview:large, max-video-preview:-1\" \/>\n<link rel=\"canonical\" href=\"https:\/\/www.primusr.com\/de\/geschaeftsbedingungen\/\" \/>\n<meta property=\"og:locale\" content=\"de_DE\" \/>\n<meta property=\"og:type\" content=\"article\" \/>\n<meta property=\"og:title\" content=\"Gesch\u00e4ftsbedingungen - Primus R d.o.o.\" \/>\n<meta property=\"og:description\" content=\"Gesch\u00e4ftsbedingungen aus www.primusr.com.\" \/>\n<meta property=\"og:url\" content=\"https:\/\/www.primusr.com\/de\/geschaeftsbedingungen\/\" \/>\n<meta property=\"og:site_name\" content=\"Primus R d.o.o.\" \/>\n<meta property=\"article:publisher\" content=\"https:\/\/www.facebook.com\/primusrdoo\" \/>\n<meta property=\"article:modified_time\" content=\"2016-03-16T16:18:34+00:00\" \/>\n<meta name=\"twitter:card\" content=\"summary_large_image\" \/>\n<meta name=\"twitter:label1\" content=\"Gesch\u00e4tzte Lesezeit\" \/>\n\t<meta name=\"twitter:data1\" content=\"12\u00a0Minuten\" \/>\n<script type=\"application\/ld+json\" class=\"yoast-schema-graph\">{\"@context\":\"https:\\\/\\\/schema.org\",\"@graph\":[{\"@type\":\"WebPage\",\"@id\":\"https:\\\/\\\/www.primusr.com\\\/de\\\/geschaeftsbedingungen\\\/\",\"url\":\"https:\\\/\\\/www.primusr.com\\\/de\\\/geschaeftsbedingungen\\\/\",\"name\":\"Gesch\u00e4ftsbedingungen - Primus R d.o.o.\",\"isPartOf\":{\"@id\":\"https:\\\/\\\/www.primusr.com\\\/#website\"},\"datePublished\":\"2016-02-08T12:17:06+00:00\",\"dateModified\":\"2016-03-16T16:18:34+00:00\",\"description\":\"Gesch\u00e4ftsbedingungen aus www.primusr.com.\",\"breadcrumb\":{\"@id\":\"https:\\\/\\\/www.primusr.com\\\/de\\\/geschaeftsbedingungen\\\/#breadcrumb\"},\"inLanguage\":\"de\",\"potentialAction\":[{\"@type\":\"ReadAction\",\"target\":[\"https:\\\/\\\/www.primusr.com\\\/de\\\/geschaeftsbedingungen\\\/\"]}]},{\"@type\":\"BreadcrumbList\",\"@id\":\"https:\\\/\\\/www.primusr.com\\\/de\\\/geschaeftsbedingungen\\\/#breadcrumb\",\"itemListElement\":[{\"@type\":\"ListItem\",\"position\":1,\"name\":\"Home\",\"item\":\"https:\\\/\\\/www.primusr.com\\\/de\\\/\"},{\"@type\":\"ListItem\",\"position\":2,\"name\":\"Gesch\u00e4ftsbedingungen\"}]},{\"@type\":\"WebSite\",\"@id\":\"https:\\\/\\\/www.primusr.com\\\/#website\",\"url\":\"https:\\\/\\\/www.primusr.com\\\/\",\"name\":\"Primus R d.o.o.\",\"description\":\"Nautical Flooring\",\"potentialAction\":[{\"@type\":\"SearchAction\",\"target\":{\"@type\":\"EntryPoint\",\"urlTemplate\":\"https:\\\/\\\/www.primusr.com\\\/?s={search_term_string}\"},\"query-input\":{\"@type\":\"PropertyValueSpecification\",\"valueRequired\":true,\"valueName\":\"search_term_string\"}}],\"inLanguage\":\"de\"}]}<\/script>\n<!-- \/ Yoast SEO plugin. -->","yoast_head_json":{"title":"Gesch\u00e4ftsbedingungen - Primus R d.o.o.","description":"Gesch\u00e4ftsbedingungen aus www.primusr.com.","robots":{"index":"index","follow":"follow","max-snippet":"max-snippet:-1","max-image-preview":"max-image-preview:large","max-video-preview":"max-video-preview:-1"},"canonical":"https:\/\/www.primusr.com\/de\/geschaeftsbedingungen\/","og_locale":"de_DE","og_type":"article","og_title":"Gesch\u00e4ftsbedingungen - Primus R d.o.o.","og_description":"Gesch\u00e4ftsbedingungen aus www.primusr.com.","og_url":"https:\/\/www.primusr.com\/de\/geschaeftsbedingungen\/","og_site_name":"Primus R d.o.o.","article_publisher":"https:\/\/www.facebook.com\/primusrdoo","article_modified_time":"2016-03-16T16:18:34+00:00","twitter_card":"summary_large_image","twitter_misc":{"Gesch\u00e4tzte Lesezeit":"12\u00a0Minuten"},"schema":{"@context":"https:\/\/schema.org","@graph":[{"@type":"WebPage","@id":"https:\/\/www.primusr.com\/de\/geschaeftsbedingungen\/","url":"https:\/\/www.primusr.com\/de\/geschaeftsbedingungen\/","name":"Gesch\u00e4ftsbedingungen - Primus R d.o.o.","isPartOf":{"@id":"https:\/\/www.primusr.com\/#website"},"datePublished":"2016-02-08T12:17:06+00:00","dateModified":"2016-03-16T16:18:34+00:00","description":"Gesch\u00e4ftsbedingungen aus www.primusr.com.","breadcrumb":{"@id":"https:\/\/www.primusr.com\/de\/geschaeftsbedingungen\/#breadcrumb"},"inLanguage":"de","potentialAction":[{"@type":"ReadAction","target":["https:\/\/www.primusr.com\/de\/geschaeftsbedingungen\/"]}]},{"@type":"BreadcrumbList","@id":"https:\/\/www.primusr.com\/de\/geschaeftsbedingungen\/#breadcrumb","itemListElement":[{"@type":"ListItem","position":1,"name":"Home","item":"https:\/\/www.primusr.com\/de\/"},{"@type":"ListItem","position":2,"name":"Gesch\u00e4ftsbedingungen"}]},{"@type":"WebSite","@id":"https:\/\/www.primusr.com\/#website","url":"https:\/\/www.primusr.com\/","name":"Primus R d.o.o.","description":"Nautical Flooring","potentialAction":[{"@type":"SearchAction","target":{"@type":"EntryPoint","urlTemplate":"https:\/\/www.primusr.com\/?s={search_term_string}"},"query-input":{"@type":"PropertyValueSpecification","valueRequired":true,"valueName":"search_term_string"}}],"inLanguage":"de"}]}},"_links":{"self":[{"href":"https:\/\/www.primusr.com\/de\/wp-json\/wp\/v2\/pages\/858","targetHints":{"allow":["GET"]}}],"collection":[{"href":"https:\/\/www.primusr.com\/de\/wp-json\/wp\/v2\/pages"}],"about":[{"href":"https:\/\/www.primusr.com\/de\/wp-json\/wp\/v2\/types\/page"}],"author":[{"embeddable":true,"href":"https:\/\/www.primusr.com\/de\/wp-json\/wp\/v2\/users\/2"}],"replies":[{"embeddable":true,"href":"https:\/\/www.primusr.com\/de\/wp-json\/wp\/v2\/comments?post=858"}],"version-history":[{"count":0,"href":"https:\/\/www.primusr.com\/de\/wp-json\/wp\/v2\/pages\/858\/revisions"}],"wp:attachment":[{"href":"https:\/\/www.primusr.com\/de\/wp-json\/wp\/v2\/media?parent=858"}],"curies":[{"name":"wp","href":"https:\/\/api.w.org\/{rel}","templated":true}]}}