{"id":818,"date":"2015-12-29T20:50:26","date_gmt":"2015-12-29T19:50:26","guid":{"rendered":"https:\/\/www.primusr.com\/de\/domov\/"},"modified":"2017-06-02T18:01:30","modified_gmt":"2017-06-02T16:01:30","slug":"domov","status":"publish","type":"page","link":"https:\/\/www.primusr.com\/de\/","title":{"rendered":"Heim"},"content":{"rendered":"<div class=\"wpb-content-wrapper\"><p>[vc_row type=&#8220;3&#8243; margin_top=&#8220;-49px&#8220; padding_top=&#8220;0&#8243; padding_bottom=&#8220;0&#8243; bg_repeat=&#8220;repeat&#8220; bg_cover=&#8220;true&#8220; bg_attachment=&#8220;true&#8220; el_class=&#8220;center&#8220; css=&#8220;.vc_custom_1456440029847{margin-bottom: 0px !important;}&#8220;][vc_column][vc_empty_space height=&#8220;90px&#8220;][vc_column_text]<\/p>\n<h1>Willkommen auf der Website von Primus R!<\/h1>\n<p>[\/vc_column_text][vc_empty_space height=&#8220;30px&#8220;][vc_column_text el_class=&#8220;text-vecji&#8220;]Wir besch\u00e4ftigen uns mit allem rund um die \u2018Nautik\u2019. Wir sind Spezialisten f\u00fcr alle Arten von Gangfl\u00e4chen, nat\u00fcrlich oder k\u00fcnstlich einschlie\u00dflich Teppichen. Au\u00dferdem stellen wir Gangfl\u00e4chen auch f\u00fcr Terrassen und Schwimmbadumrandungen her und passen uns an spezielle Auftr\u00e4ge an.<br \/>\nUnser Verkaufsprogramm umfasst die meiste Ausstattung f\u00fcr die Arbeit in der Nautik, wir verkaufen aber auch CNC-Maschinen.[\/vc_column_text][vc_empty_space height=&#8220;90px&#8220;][\/vc_column][\/vc_row][vc_row el_class=&#8220;glavne-panoge&#8220;][vc_column width=&#8220;1\/3&#8243;][vc_empty_space height=&#8220;70px&#8220;][vc_column_text el_class=&#8220;panoga-button center&#8220;]<style type=\"text\/css\">#dt-btn-1 {color: #3b8ced;border-color: #3b8ced;}#dt-btn-1 > .text-wrap * {color: #3b8ced;}#dt-btn-1:hover {color: #fff;background: #3b8ced;border-color: #3b8ced;}#dt-btn-1:hover > .text-wrap * {color: #fff;}<\/style><a href=\"\/de\/nautik\/\" class=\"btn-shortcode dt-btn outline-bg-btn custom-btn-color custom-btn-hover-color fadeIn animate-element animation-builder\" id=\"dt-btn-1\"><span><h2>Nautik<\/h2><\/span><\/a>[\/vc_column_text][vc_empty_space height=&#8220;20px&#8220;][vc_row_inner][vc_column_inner width=&#8220;1\/2&#8243;][vc_column_text]<\/p>\n<div class=\"panoga-div\">\n<ul class=\"image-arrow bullet-top\"><\/p>\n<div><a href=\"\/de\/nautik\/kunstliche-gangflachen\/flexiteek\/\"><li><div class=\"wf-table\">\n<div><img decoding=\"async\" src=\"\/wp-content\/uploads\/2016\/02\/flexiteek-circle.png\" class=\"list-img\" alt=\"List item image\" \/><\/div>\n<div>Flexiteek<\/div>\n<\/div>\n<\/li><\/a><\/div>\n<div><a href=\"\/de\/nautik\/kunstliche-gangflachen\/p-deck\/\"><li><div class=\"wf-table\">\n<div><img decoding=\"async\" src=\"\/wp-content\/uploads\/2016\/02\/p-deck-circle.png\" class=\"list-img\" alt=\"List item image\" \/><\/div>\n<div>P deck<\/div>\n<\/div>\n<\/li><\/a><\/div>\n<div><a href=\"\/de\/nautik\/teakholz\/\"><li><div class=\"wf-table\">\n<div><img decoding=\"async\" src=\"\/wp-content\/uploads\/2016\/02\/tikovina-circle.png\" class=\"list-img\" alt=\"List item image\" \/><\/div>\n<div>Teakholz<\/div>\n<\/div>\n<\/li><\/a><\/div>\n<div><a href=\"\/de\/nautik\/passerellen\/\"><li><div class=\"wf-table\">\n<div><img decoding=\"async\" src=\"\/wp-content\/uploads\/2016\/02\/pasarela-circle.png\" class=\"list-img\" alt=\"List item image\" \/><\/div>\n<div>Passerellen<\/div>\n<\/div>\n<\/li><\/a><\/div>\n<p><\/ul>\n<\/div>\n<p>[\/vc_column_text][\/vc_column_inner][vc_column_inner width=&#8220;1\/2&#8243;][vc_column_text]<\/p>\n<div class=\"panoga-div\">\n<ul class=\"image-arrow bullet-top\"><\/p>\n<div><a href=\"\/de\/nautik\/kunstliche-gangflachen\/corkline\/\"><li><div class=\"wf-table\">\n<div><img decoding=\"async\" src=\"\/wp-content\/uploads\/2016\/02\/cork-line-circle.png\" class=\"list-img\" alt=\"List item image\" \/><\/div>\n<div>Corkline<\/div>\n<\/div>\n<\/li><\/a><\/div>\n<div><a href=\"\/de\/nautik\/teppiche\/\"><li><div class=\"wf-table\">\n<div><img decoding=\"async\" src=\"\/wp-content\/uploads\/2016\/02\/marine-tuft-circle.png\" class=\"list-img\" alt=\"List item image\" \/><\/div>\n<div>Teppiche<\/div>\n<\/div>\n<\/li><\/a><\/div>\n<div><a href=\"\/de\/nautik\/badeplattform\/\"><li><div class=\"wf-table\">\n<div><img decoding=\"async\" src=\"\/wp-content\/uploads\/2016\/02\/kopalna-ploscad-circle.png\" class=\"list-img\" alt=\"List item image\" \/><\/div>\n<div>Badeplattform<\/div>\n<\/div>\n<\/li><\/a><\/div>\n<p><\/ul>\n<\/div>\n<p>[\/vc_column_text][\/vc_column_inner][\/vc_row_inner][\/vc_column][vc_column width=&#8220;1\/3&#8243; css=&#8220;.vc_custom_1455632102149{margin-right: 5px !important;margin-left: 5px !important;}&#8220;][vc_empty_space height=&#8220;70px&#8220;][vc_column_text el_class=&#8220;panoga-button center&#8220;]<style type=\"text\/css\">#dt-btn-2 {color: #3b8ced;border-color: #3b8ced;}#dt-btn-2 > .text-wrap * {color: #3b8ced;}#dt-btn-2:hover {color: #fff;background: #3b8ced;border-color: #3b8ced;}#dt-btn-2:hover > .text-wrap * {color: #fff;}<\/style><a href=\"\/de\/teakholz-produkte\/\" class=\"btn-shortcode dt-btn outline-bg-btn custom-btn-color custom-btn-hover-color fadeIn animate-element animation-builder\" id=\"dt-btn-2\"><span><h2>Teakholz Produkte<\/h2><\/span><\/a>[\/vc_column_text][vc_empty_space height=&#8220;20px&#8220;][vc_row_inner el_class=&#8220;srednja-panoga&#8220;][vc_column_inner width=&#8220;1\/2&#8243;][vc_column_text]<\/p>\n<div class=\"panoga-div\">\n<ul class=\"image-arrow bullet-top\"><\/p>\n<div><a href=\"\/de\/teakholz-produkte\/terrassen-und-schwimmbad\/\"><li><div class=\"wf-table\">\n<div><img decoding=\"async\" src=\"\/wp-content\/uploads\/2016\/02\/bazen-circle.png\" class=\"list-img\" alt=\"List item image\" \/><\/div>\n<div>Terrassen und Schwimmbadumrandungen<\/div>\n<\/div>\n<\/li><\/a><\/div>\n<p><\/ul>\n<\/div>\n<p>[\/vc_column_text][\/vc_column_inner][vc_column_inner width=&#8220;1\/2&#8243;][vc_column_text]<\/p>\n<div class=\"panoga-div\">\n<ul class=\"image-arrow bullet-top\"><\/p>\n<div><a href=\"\/de\/teakholz-produkte\/mobel\/\"><li><div class=\"wf-table\">\n<div><img decoding=\"async\" src=\"\/wp-content\/uploads\/2016\/02\/pohistvo-circle.png\" class=\"list-img\" alt=\"List item image\" \/><\/div>\n<div>M\u00f6bel<\/div>\n<\/div>\n<\/li><\/a><\/div>\n<p><\/ul>\n<\/div>\n<p>[\/vc_column_text][\/vc_column_inner][\/vc_row_inner][\/vc_column][vc_column width=&#8220;1\/3&#8243;][vc_empty_space height=&#8220;70px&#8220;][vc_column_text el_class=&#8220;panoga-button center&#8220;]<style type=\"text\/css\">#dt-btn-3 {color: #3b8ced;border-color: #3b8ced;}#dt-btn-3 > .text-wrap * {color: #3b8ced;}#dt-btn-3:hover {color: #fff;background: #3b8ced;border-color: #3b8ced;}#dt-btn-3:hover > .text-wrap * {color: #fff;}<\/style><a href=\"#\" class=\"btn-shortcode dt-btn outline-bg-btn custom-btn-color custom-btn-hover-color fadeIn animate-element animation-builder\" id=\"dt-btn-3\"><span><h2>Sonstiges<\/h2><\/span><\/a>[\/vc_column_text][vc_empty_space height=&#8220;20px&#8220;][vc_row_inner][vc_column_inner width=&#8220;1\/2&#8243;][vc_column_text]<\/p>\n<div class=\"panoga-div\">\n<ul class=\"image-arrow bullet-top\"><\/p>\n<div><a href=\"\/navtika\/protizdrsni-premazi\/\" target=\"_blank\" rel=\"noopener noreferrer\"><li><div class=\"wf-table\">\n<div><img decoding=\"async\" src=\"\/wp-content\/uploads\/2015\/12\/gripelast-circle.png\" class=\"list-img\" alt=\"List item image\" \/><\/div>\n<div>Protizdrsni premazi<\/div>\n<\/div>\n<\/li><\/a><\/div>\n<div><a href=\"\/navtika\/mantus-sidra\/\" target=\"_blank\" rel=\"noopener noreferrer\"><li><div class=\"wf-table\">\n<div><img decoding=\"async\" src=\"\/wp-content\/uploads\/2017\/06\/anchor-circle.png\" class=\"list-img\" alt=\"List item image\" \/><\/div>\n<div>Sidra<\/div>\n<\/div>\n<\/li><\/a><\/div>\n<p><\/ul>\n<\/div>\n<p>[\/vc_column_text][\/vc_column_inner][vc_column_inner width=&#8220;1\/2&#8243;][vc_column_text]<\/p>\n<div class=\"panoga-div\">\n<ul class=\"image-arrow bullet-top\"><\/p>\n<div><a href=\"\/navtika\/nastavljivi-sedezi-lezalniki\/\" target=\"_blank\" rel=\"noopener noreferrer\"><li><div class=\"wf-table\">\n<div><img decoding=\"async\" src=\"\/wp-content\/uploads\/2015\/12\/sedezi-circle.png\" class=\"list-img\" alt=\"List item image\" \/><\/div>\n<div>Sede\u017ei in le\u017ealniki<\/div>\n<\/div>\n<\/li><\/a><\/div>\n<p><\/ul>\n<\/div>\n<p>[\/vc_column_text][\/vc_column_inner][\/vc_row_inner][\/vc_column][\/vc_row][vc_row][vc_column][vc_empty_space height=&#8220;70px&#8220;][\/vc_column][\/vc_row][vc_row type=&#8220;2&#8243; margin_top=&#8220;0&#8243; padding_top=&#8220;0&#8243; padding_bottom=&#8220;0&#8243; css=&#8220;.vc_custom_1456621556507{margin-bottom: -50px !important;}&#8220; el_class=&#8220;novice-row&#8220;][vc_column][vc_empty_space height=&#8220;80px&#8220;][vc_column_text el_class=&#8220;center&#8220;]<\/p>\n<h2>Neuigkeiten<\/h2>\n<p>[\/vc_column_text][vc_empty_space height=&#8220;30px&#8220;]<section class=\"items-grid wf-container round-images\"><div class=\"wf-cell wf-1-3\"><article class=\"post-format-standard\"><div class=\"mini-post-img\"><a class=\"alignleft post-rollover no-avatar\" href=\"https:\/\/www.primusr.com\/de\/sejmi\/\"  style=\"width:60px; height: 60px;\" aria-label=\"Post image\"><\/a><\/div><div class=\"post-content\"><a href=\"https:\/\/www.primusr.com\/de\/sejmi\/\">Sejmi<\/a><br \/><time class=\"text-secondary\" datetime=\"2018-02-25T16:23:22+01:00\">25. Februar 2018<\/time><\/div><\/article><\/div><div class=\"wf-cell wf-1-3\"><article class=\"post-format-standard\"><div class=\"mini-post-img\"><a class=\"alignleft post-rollover layzr-bg\" href=\"https:\/\/www.primusr.com\/de\/boat-show-tulln-2016\/\" aria-label=\"Post image\"><img decoding=\"async\" class=\"preload-me lazy-load aspect\" src=\"data:image\/svg+xml,%3Csvg%20xmlns%3D&#39;http%3A%2F%2Fwww.w3.org%2F2000%2Fsvg&#39;%20viewBox%3D&#39;0%200%2060%2060&#39;%2F%3E\" data-src=\"https:\/\/www.primusr.com\/wp-content\/uploads\/2016\/02\/boat-show-tulln-2016-60x60.jpg\" data-srcset=\"https:\/\/www.primusr.com\/wp-content\/uploads\/2016\/02\/boat-show-tulln-2016-60x60.jpg 60w, https:\/\/www.primusr.com\/wp-content\/uploads\/2016\/02\/boat-show-tulln-2016-120x120.jpg 120w\" loading=\"eager\" style=\"--ratio: 60 \/ 60\" sizes=\"(max-width: 60px) 100vw, 60px\" width=\"60\" height=\"60\"  alt=\"\" \/><\/a><\/div><div class=\"post-content\"><a href=\"https:\/\/www.primusr.com\/de\/boat-show-tulln-2016\/\">Boat Show Tulln 2016 &#8211; 3.3 \u2013 6.3<\/a><br \/><time class=\"text-secondary\" datetime=\"2016-02-27T21:43:13+01:00\">27. Februar 2016<\/time><\/div><\/article><\/div><div class=\"wf-cell wf-1-3\"><article class=\"post-format-standard\"><div class=\"mini-post-img\"><a class=\"alignleft post-rollover layzr-bg\" href=\"https:\/\/www.primusr.com\/de\/zagreb-boat-show-2016\/\" aria-label=\"Post image\"><img decoding=\"async\" class=\"preload-me lazy-load aspect\" src=\"data:image\/svg+xml,%3Csvg%20xmlns%3D&#39;http%3A%2F%2Fwww.w3.org%2F2000%2Fsvg&#39;%20viewBox%3D&#39;0%200%2060%2060&#39;%2F%3E\" data-src=\"https:\/\/www.primusr.com\/wp-content\/uploads\/2016\/02\/boat-show-zagreb-2016-60x60.jpg\" data-srcset=\"https:\/\/www.primusr.com\/wp-content\/uploads\/2016\/02\/boat-show-zagreb-2016-60x60.jpg 60w, https:\/\/www.primusr.com\/wp-content\/uploads\/2016\/02\/boat-show-zagreb-2016-120x120.jpg 120w\" loading=\"eager\" style=\"--ratio: 60 \/ 60\" sizes=\"(max-width: 60px) 100vw, 60px\" width=\"60\" height=\"60\"  alt=\"\" \/><\/a><\/div><div class=\"post-content\"><a href=\"https:\/\/www.primusr.com\/de\/zagreb-boat-show-2016\/\">Zagreb Boat Show 2016 &#8211; 17.2 \u2013 21.2<\/a><br \/><time class=\"text-secondary\" datetime=\"2016-02-17T13:33:51+01:00\">17. Februar 2016<\/time><\/div><\/article><\/div><\/section>[vc_empty_space height=&#8220;80px&#8220;][\/vc_column][\/vc_row][vc_row type=&#8220;1&#8243; margin_top=&#8220;0&#8243; margin_bottom=&#8220;0&#8243; padding_top=&#8220;0&#8243; padding_bottom=&#8220;0&#8243;][vc_column][vc_empty_space height=&#8220;60px&#8220;][vc_row_inner][vc_column_inner width=&#8220;1\/2&#8243;][vc_column_text]<\/p>\n<h2>Nautik<\/h2>\n<p>[\/vc_column_text][vc_empty_space height=&#8220;20px&#8220;][vc_column_text]Alles rund um die <strong>Nautik<\/strong> an einem Ort. Gangfl\u00e4chen, Teppiche, Hinterdecks\u2026. Alles f\u00fcr Ihr Wasserfahrzeug![\/vc_column_text][vc_empty_space height=&#8220;20px&#8220;][vc_btn title=&#8220;Nautik&#8220; style=&#8220;outline&#8220; color=&#8220;primary&#8220; size=&#8220;sm&#8220; link=&#8220;url:%2Fde%2Fnautik%2F||&#8220;][\/vc_column_inner][vc_column_inner width=&#8220;1\/2&#8243;][vc_column_text]<img decoding=\"async\" class=\"alignnone size-medium wp-image-752\" src=\"https:\/\/www.primusr.com\/wp-content\/uploads\/2015\/12\/navtika-p.jpg\" alt=\"navtika-p\" width=\"300\" height=\"300\" srcset=\"https:\/\/www.primusr.com\/wp-content\/uploads\/2015\/12\/navtika-p.jpg 300w, https:\/\/www.primusr.com\/wp-content\/uploads\/2015\/12\/navtika-p-150x150.jpg 150w\" sizes=\"(max-width: 300px) 100vw, 300px\" \/>[\/vc_column_text][\/vc_column_inner][\/vc_row_inner][vc_empty_space height=&#8220;60px&#8220;][\/vc_column][\/vc_row][vc_row][vc_column][vc_empty_space height=&#8220;60px&#8220;][vc_row_inner][vc_column_inner el_class=&#8220;center&#8220; width=&#8220;1\/2&#8243;][vc_column_text]<img decoding=\"async\" class=\"alignnone size-medium wp-image-756\" src=\"https:\/\/www.primusr.com\/wp-content\/uploads\/2015\/12\/terase-bazeni-p.jpg\" alt=\"terase-bazeni-p\" width=\"300\" height=\"300\" srcset=\"https:\/\/www.primusr.com\/wp-content\/uploads\/2015\/12\/terase-bazeni-p.jpg 300w, https:\/\/www.primusr.com\/wp-content\/uploads\/2015\/12\/terase-bazeni-p-150x150.jpg 150w\" sizes=\"(max-width: 300px) 100vw, 300px\" \/>[\/vc_column_text][\/vc_column_inner][vc_column_inner width=&#8220;1\/2&#8243;][vc_column_text]Teakholz-Produkte[\/vc_column_text][vc_empty_space height=&#8220;20px&#8220;][vc_column_text]Aus <strong>Teakholz<\/strong> stellen wir Zubeh\u00f6r und M\u00f6bel wie zum Beispiel K\u00fcchen im Cockpit, Gr\u00e4tings f\u00fcr Passerellen her und erneuern und ersetzen Teakdecksfugen. Aus Teakholz verfertigen wir auch Gangfl\u00e4chen.[\/vc_column_text][vc_empty_space height=&#8220;20px&#8220;][vc_btn title=&#8220;Teakholz-Produkte&#8220; style=&#8220;outline&#8220; color=&#8220;primary&#8220; size=&#8220;sm&#8220; link=&#8220;url:%2Fde%2Fteakholz-produkte%2F||&#8220;][\/vc_column_inner][\/vc_row_inner][vc_empty_space height=&#8220;60px&#8220;][\/vc_column][\/vc_row]<\/p>\n<\/div>","protected":false},"excerpt":{"rendered":"<p>[vc_row type=&#8220;3&#8243; margin_top=&#8220;-49px&#8220; padding_top=&#8220;0&#8243; padding_bottom=&#8220;0&#8243; bg_repeat=&#8220;repeat&#8220; bg_cover=&#8220;true&#8220; bg_attachment=&#8220;true&#8220; el_class=&#8220;center&#8220; css=&#8220;.vc_custom_1456440029847{margin-bottom: 0px !important;}&#8220;][vc_column][vc_empty_space height=&#8220;90px&#8220;][vc_column_text] Willkommen auf der Website von Primus R! [\/vc_column_text][vc_empty_space height=&#8220;30px&#8220;][vc_column_text el_class=&#8220;text-vecji&#8220;]Wir besch\u00e4ftigen uns mit allem rund um die \u2018Nautik\u2019. Wir sind Spezialisten f\u00fcr alle Arten von Gangfl\u00e4chen, nat\u00fcrlich oder k\u00fcnstlich einschlie\u00dflich Teppichen. Au\u00dferdem stellen wir Gangfl\u00e4chen auch f\u00fcr Terrassen und Schwimmbadumrandungen her und&hellip;<\/p>\n","protected":false},"author":2,"featured_media":1536,"parent":0,"menu_order":0,"comment_status":"closed","ping_status":"closed","template":"","meta":{"footnotes":""},"class_list":["post-818","page","type-page","status-publish","has-post-thumbnail","hentry","description-off"],"yoast_head":"<!-- This site is optimized with the Yoast SEO plugin v27.4 - https:\/\/yoast.com\/product\/yoast-seo-wordpress\/ -->\n<title>Primus R d.o.o.<\/title>\n<meta name=\"description\" content=\"Wir besch\u00e4ftigen uns mit allem rund um die \u2018Nautik\u2019. Wir sind Spezialisten f\u00fcr alle Arten von Gangfl\u00e4chen, nat\u00fcrlich oder k\u00fcnstlich einschlie\u00dflich Teppichen\" \/>\n<meta name=\"robots\" content=\"index, follow, max-snippet:-1, max-image-preview:large, max-video-preview:-1\" \/>\n<link rel=\"canonical\" href=\"https:\/\/www.primusr.com\/de\/\" \/>\n<meta property=\"og:locale\" content=\"de_DE\" \/>\n<meta property=\"og:type\" content=\"article\" \/>\n<meta property=\"og:title\" content=\"Primus R d.o.o.\" \/>\n<meta property=\"og:description\" content=\"Wir besch\u00e4ftigen uns mit allem rund um die \u2018Nautik\u2019. Wir sind Spezialisten f\u00fcr alle Arten von Gangfl\u00e4chen, nat\u00fcrlich oder k\u00fcnstlich einschlie\u00dflich Teppichen\" \/>\n<meta property=\"og:url\" content=\"https:\/\/www.primusr.com\/de\/\" \/>\n<meta property=\"og:site_name\" content=\"Primus R d.o.o.\" \/>\n<meta property=\"article:publisher\" content=\"https:\/\/www.facebook.com\/primusrdoo\" \/>\n<meta property=\"article:modified_time\" content=\"2017-06-02T16:01:30+00:00\" \/>\n<meta property=\"og:image\" content=\"https:\/\/www.primusr.com\/wp-content\/uploads\/2016\/01\/primusr-marine-logo.png\" \/>\n\t<meta property=\"og:image:width\" content=\"273\" \/>\n\t<meta property=\"og:image:height\" content=\"133\" \/>\n\t<meta property=\"og:image:type\" content=\"image\/png\" \/>\n<meta name=\"twitter:card\" content=\"summary_large_image\" \/>\n<meta name=\"twitter:label1\" content=\"Gesch\u00e4tzte Lesezeit\" \/>\n\t<meta name=\"twitter:data1\" content=\"5\u00a0Minuten\" \/>\n<script type=\"application\/ld+json\" class=\"yoast-schema-graph\">{\"@context\":\"https:\\\/\\\/schema.org\",\"@graph\":[{\"@type\":\"WebPage\",\"@id\":\"https:\\\/\\\/www.primusr.com\\\/de\\\/\",\"url\":\"https:\\\/\\\/www.primusr.com\\\/de\\\/\",\"name\":\"Primus R d.o.o.\",\"isPartOf\":{\"@id\":\"https:\\\/\\\/www.primusr.com\\\/#website\"},\"primaryImageOfPage\":{\"@id\":\"https:\\\/\\\/www.primusr.com\\\/de\\\/#primaryimage\"},\"image\":{\"@id\":\"https:\\\/\\\/www.primusr.com\\\/de\\\/#primaryimage\"},\"thumbnailUrl\":\"https:\\\/\\\/www.primusr.com\\\/wp-content\\\/uploads\\\/2016\\\/01\\\/primusr-marine-logo.png\",\"datePublished\":\"2015-12-29T19:50:26+00:00\",\"dateModified\":\"2017-06-02T16:01:30+00:00\",\"description\":\"Wir besch\u00e4ftigen uns mit allem rund um die \u2018Nautik\u2019. Wir sind Spezialisten f\u00fcr alle Arten von Gangfl\u00e4chen, nat\u00fcrlich oder k\u00fcnstlich einschlie\u00dflich Teppichen\",\"breadcrumb\":{\"@id\":\"https:\\\/\\\/www.primusr.com\\\/de\\\/#breadcrumb\"},\"inLanguage\":\"de\",\"potentialAction\":[{\"@type\":\"ReadAction\",\"target\":[\"https:\\\/\\\/www.primusr.com\\\/de\\\/\"]}]},{\"@type\":\"ImageObject\",\"inLanguage\":\"de\",\"@id\":\"https:\\\/\\\/www.primusr.com\\\/de\\\/#primaryimage\",\"url\":\"https:\\\/\\\/www.primusr.com\\\/wp-content\\\/uploads\\\/2016\\\/01\\\/primusr-marine-logo.png\",\"contentUrl\":\"https:\\\/\\\/www.primusr.com\\\/wp-content\\\/uploads\\\/2016\\\/01\\\/primusr-marine-logo.png\",\"width\":273,\"height\":133},{\"@type\":\"BreadcrumbList\",\"@id\":\"https:\\\/\\\/www.primusr.com\\\/de\\\/#breadcrumb\",\"itemListElement\":[{\"@type\":\"ListItem\",\"position\":1,\"name\":\"Home\",\"item\":\"https:\\\/\\\/www.primusr.com\\\/de\\\/\"},{\"@type\":\"ListItem\",\"position\":2,\"name\":\"Heim\"}]},{\"@type\":\"WebSite\",\"@id\":\"https:\\\/\\\/www.primusr.com\\\/#website\",\"url\":\"https:\\\/\\\/www.primusr.com\\\/\",\"name\":\"Primus R d.o.o.\",\"description\":\"Nautical Flooring\",\"potentialAction\":[{\"@type\":\"SearchAction\",\"target\":{\"@type\":\"EntryPoint\",\"urlTemplate\":\"https:\\\/\\\/www.primusr.com\\\/?s={search_term_string}\"},\"query-input\":{\"@type\":\"PropertyValueSpecification\",\"valueRequired\":true,\"valueName\":\"search_term_string\"}}],\"inLanguage\":\"de\"}]}<\/script>\n<!-- \/ Yoast SEO plugin. -->","yoast_head_json":{"title":"Primus R d.o.o.","description":"Wir besch\u00e4ftigen uns mit allem rund um die \u2018Nautik\u2019. Wir sind Spezialisten f\u00fcr alle Arten von Gangfl\u00e4chen, nat\u00fcrlich oder k\u00fcnstlich einschlie\u00dflich Teppichen","robots":{"index":"index","follow":"follow","max-snippet":"max-snippet:-1","max-image-preview":"max-image-preview:large","max-video-preview":"max-video-preview:-1"},"canonical":"https:\/\/www.primusr.com\/de\/","og_locale":"de_DE","og_type":"article","og_title":"Primus R d.o.o.","og_description":"Wir besch\u00e4ftigen uns mit allem rund um die \u2018Nautik\u2019. Wir sind Spezialisten f\u00fcr alle Arten von Gangfl\u00e4chen, nat\u00fcrlich oder k\u00fcnstlich einschlie\u00dflich Teppichen","og_url":"https:\/\/www.primusr.com\/de\/","og_site_name":"Primus R d.o.o.","article_publisher":"https:\/\/www.facebook.com\/primusrdoo","article_modified_time":"2017-06-02T16:01:30+00:00","og_image":[{"width":273,"height":133,"url":"https:\/\/www.primusr.com\/wp-content\/uploads\/2016\/01\/primusr-marine-logo.png","type":"image\/png"}],"twitter_card":"summary_large_image","twitter_misc":{"Gesch\u00e4tzte Lesezeit":"5\u00a0Minuten"},"schema":{"@context":"https:\/\/schema.org","@graph":[{"@type":"WebPage","@id":"https:\/\/www.primusr.com\/de\/","url":"https:\/\/www.primusr.com\/de\/","name":"Primus R d.o.o.","isPartOf":{"@id":"https:\/\/www.primusr.com\/#website"},"primaryImageOfPage":{"@id":"https:\/\/www.primusr.com\/de\/#primaryimage"},"image":{"@id":"https:\/\/www.primusr.com\/de\/#primaryimage"},"thumbnailUrl":"https:\/\/www.primusr.com\/wp-content\/uploads\/2016\/01\/primusr-marine-logo.png","datePublished":"2015-12-29T19:50:26+00:00","dateModified":"2017-06-02T16:01:30+00:00","description":"Wir besch\u00e4ftigen uns mit allem rund um die \u2018Nautik\u2019. Wir sind Spezialisten f\u00fcr alle Arten von Gangfl\u00e4chen, nat\u00fcrlich oder k\u00fcnstlich einschlie\u00dflich Teppichen","breadcrumb":{"@id":"https:\/\/www.primusr.com\/de\/#breadcrumb"},"inLanguage":"de","potentialAction":[{"@type":"ReadAction","target":["https:\/\/www.primusr.com\/de\/"]}]},{"@type":"ImageObject","inLanguage":"de","@id":"https:\/\/www.primusr.com\/de\/#primaryimage","url":"https:\/\/www.primusr.com\/wp-content\/uploads\/2016\/01\/primusr-marine-logo.png","contentUrl":"https:\/\/www.primusr.com\/wp-content\/uploads\/2016\/01\/primusr-marine-logo.png","width":273,"height":133},{"@type":"BreadcrumbList","@id":"https:\/\/www.primusr.com\/de\/#breadcrumb","itemListElement":[{"@type":"ListItem","position":1,"name":"Home","item":"https:\/\/www.primusr.com\/de\/"},{"@type":"ListItem","position":2,"name":"Heim"}]},{"@type":"WebSite","@id":"https:\/\/www.primusr.com\/#website","url":"https:\/\/www.primusr.com\/","name":"Primus R d.o.o.","description":"Nautical Flooring","potentialAction":[{"@type":"SearchAction","target":{"@type":"EntryPoint","urlTemplate":"https:\/\/www.primusr.com\/?s={search_term_string}"},"query-input":{"@type":"PropertyValueSpecification","valueRequired":true,"valueName":"search_term_string"}}],"inLanguage":"de"}]}},"_links":{"self":[{"href":"https:\/\/www.primusr.com\/de\/wp-json\/wp\/v2\/pages\/818","targetHints":{"allow":["GET"]}}],"collection":[{"href":"https:\/\/www.primusr.com\/de\/wp-json\/wp\/v2\/pages"}],"about":[{"href":"https:\/\/www.primusr.com\/de\/wp-json\/wp\/v2\/types\/page"}],"author":[{"embeddable":true,"href":"https:\/\/www.primusr.com\/de\/wp-json\/wp\/v2\/users\/2"}],"replies":[{"embeddable":true,"href":"https:\/\/www.primusr.com\/de\/wp-json\/wp\/v2\/comments?post=818"}],"version-history":[{"count":0,"href":"https:\/\/www.primusr.com\/de\/wp-json\/wp\/v2\/pages\/818\/revisions"}],"wp:featuredmedia":[{"embeddable":true,"href":"https:\/\/www.primusr.com\/de\/wp-json\/wp\/v2\/media\/1536"}],"wp:attachment":[{"href":"https:\/\/www.primusr.com\/de\/wp-json\/wp\/v2\/media?parent=818"}],"curies":[{"name":"wp","href":"https:\/\/api.w.org\/{rel}","templated":true}]}}