{"id":1199,"date":"2016-01-31T14:44:34","date_gmt":"2016-01-31T13:44:34","guid":{"rendered":"https:\/\/www.primusr.com\/de\/nautik\/kunstliche-gangflachen\/corkline\/"},"modified":"2016-03-29T20:19:43","modified_gmt":"2016-03-29T18:19:43","slug":"corkline","status":"publish","type":"page","link":"https:\/\/www.primusr.com\/de\/nautik\/kunstliche-gangflachen\/corkline\/","title":{"rendered":"Corkline"},"content":{"rendered":"<div class=\"wpb-content-wrapper\"><p>[vc_row][vc_column][vc_column_text el_class=&#8220;center&#8220;]<\/p>\n<h2>Corkline \u2013 modernes Material auf nat\u00fcrlicher Basis mit Vorteilen technologischer Innovationen<\/h2>\n<p>[\/vc_column_text][vc_empty_space height=&#8220;40px&#8220;][vc_row_inner][vc_column_inner width=&#8220;1\/2&#8243;][vc_column_text]Corkline bringt eine v\u00f6llig neue Dimension und ist f\u00fcr die Benutzung im Au\u00dfenbereich bestimmt. Dank hoher Qualit\u00e4t in der Kombination mit Korkgranulat beh\u00e4lt Corkline die Erfrischung und die W\u00e4rme von nat\u00fcrlichen Materialien neben au\u00dferordentlichen technischen Eigenschaften.<\/p>\n<p>Widerstandsf\u00e4higkeit gegen:<\/p>\n<ul>\n<li>Wettereinfl\u00fcssen<\/li>\n<li>Fett<\/li>\n<li>Abrutschen<\/li>\n<li>St\u00f6\u00dfen<\/li>\n<li>Druck<\/li>\n<li>Kratzer<\/li>\n<li>Abreiben<\/li>\n<li>Flecken<\/li>\n<\/ul>\n<p>Corkline ist besonders f\u00fcr Au\u00dfen- und Innenfl\u00e4chen auf allen Wasserfahrzeugen geeignet. Genauso ist es auch f\u00fcr andere Oberfl\u00e4chen tauglich, welche Wettereinfl\u00fcssen (zum Beispiel Au\u00dfenterrassen usw.) ausgesetzt sind. Es stellt eine ausgezeichnete, preisg\u00fcnstige Alternative zu Teak dar.<\/p>\n<p>Bitte ber\u00fccksichtigen, dass nat\u00fcrliche Materialien bei Sonneneinwirkung die Farbintensit\u00e4t und die Farbenbest\u00e4ndigkeit (Farbton) verlieren. Diesen Effekt kann durch Anstrich der Oberfl\u00e4che mit Teakholz\u00f6l vermieden oder wesentlich verringert werden. Dieses Verfahren sichert langfristig frisches und nat\u00fcrliches Aussehen des Bodenbelags Corkline.[\/vc_column_text][\/vc_column_inner][vc_column_inner width=&#8220;1\/2&#8243;]<div class=\"wf-container dt-gallery-container dt-photos-shortcode loading-effect-none iso-container\" data-padding=\"2px\" data-cur-page=\"1\" data-width=\"150px\" data-columns=\"3\" data-pretty-share=\"facebook,twitter,pinterest,linkedin\"><div class=\"wf-cell iso-item\" data-post-id=\"1809\" data-date=\"2016-02-15T13:21:11+01:00\" data-name=\"corkline-9\">\n<article class=\"post post-1809 attachment type-attachment status-inherit hentry no-img description-off\">\n\n\t<figure class=\"rollover-project links-hovers-disabled\">\n\t<a href=\"https:\/\/www.primusr.com\/wp-content\/uploads\/2016\/02\/corkline-9.jpg\" class=\"rollover rollover-zoom dt-pswp-item layzr-bg\" title=\"corkline-9\" data-dt-img-description=\"\"  data-large_image_width=\"578\" data-large_image_height = \"600\"  data-dt-location=\"https:\/\/www.primusr.com\/de\/album\/corkline\/corkline-9-2\/\" ><img fetchpriority=\"high\" decoding=\"async\" class=\"preload-me iso-lazy-load aspect\" src=\"data:image\/svg+xml,%3Csvg%20xmlns%3D&#39;http%3A%2F%2Fwww.w3.org%2F2000%2Fsvg&#39;%20viewBox%3D&#39;0%200%20225%20234&#39;%2F%3E\" data-src=\"https:\/\/www.primusr.com\/wp-content\/uploads\/2016\/02\/corkline-9-225x234.jpg\" data-srcset=\"https:\/\/www.primusr.com\/wp-content\/uploads\/2016\/02\/corkline-9-225x234.jpg 225w, https:\/\/www.primusr.com\/wp-content\/uploads\/2016\/02\/corkline-9-450x468.jpg 450w\" loading=\"eager\" style=\"--ratio: 225 \/ 234\" sizes=\"(max-width: 225px) 100vw, 225px\" alt=\"\" width=\"225\" height=\"234\"  \/><\/a>\t<\/figure>\n<\/article>\n\n<\/div><div class=\"wf-cell iso-item\" data-post-id=\"1812\" data-date=\"2016-02-15T13:21:15+01:00\" data-name=\"corkline-1\">\n<article class=\"post post-1812 attachment type-attachment status-inherit hentry no-img description-off\">\n\n\t<figure class=\"rollover-project links-hovers-disabled\">\n\t<a href=\"https:\/\/www.primusr.com\/wp-content\/uploads\/2016\/02\/corkline-1.jpg\" class=\"rollover rollover-zoom dt-pswp-item layzr-bg\" title=\"corkline-1\" data-dt-img-description=\"\"  data-large_image_width=\"800\" data-large_image_height = \"600\"  data-dt-location=\"https:\/\/www.primusr.com\/de\/album\/corkline\/corkline-1-2\/\" ><img decoding=\"async\" class=\"preload-me iso-lazy-load aspect\" src=\"data:image\/svg+xml,%3Csvg%20xmlns%3D&#39;http%3A%2F%2Fwww.w3.org%2F2000%2Fsvg&#39;%20viewBox%3D&#39;0%200%20225%20169&#39;%2F%3E\" data-src=\"https:\/\/www.primusr.com\/wp-content\/uploads\/2016\/02\/corkline-1-225x169.jpg\" data-srcset=\"https:\/\/www.primusr.com\/wp-content\/uploads\/2016\/02\/corkline-1-225x169.jpg 225w, https:\/\/www.primusr.com\/wp-content\/uploads\/2016\/02\/corkline-1-450x338.jpg 450w\" loading=\"eager\" style=\"--ratio: 225 \/ 169\" sizes=\"(max-width: 225px) 100vw, 225px\" alt=\"\" width=\"225\" height=\"169\"  \/><\/a>\t<\/figure>\n<\/article>\n\n<\/div><div class=\"wf-cell iso-item\" data-post-id=\"1815\" data-date=\"2016-02-15T13:21:19+01:00\" data-name=\"corkline-2\">\n<article class=\"post post-1815 attachment type-attachment status-inherit hentry no-img description-off\">\n\n\t<figure class=\"rollover-project links-hovers-disabled\">\n\t<a href=\"https:\/\/www.primusr.com\/wp-content\/uploads\/2016\/02\/corkline-2.jpg\" class=\"rollover rollover-zoom dt-pswp-item layzr-bg\" title=\"corkline-2\" data-dt-img-description=\"\"  data-large_image_width=\"800\" data-large_image_height = \"600\"  data-dt-location=\"https:\/\/www.primusr.com\/de\/album\/corkline\/corkline-2-2\/\" ><img decoding=\"async\" class=\"preload-me iso-lazy-load aspect\" src=\"data:image\/svg+xml,%3Csvg%20xmlns%3D&#39;http%3A%2F%2Fwww.w3.org%2F2000%2Fsvg&#39;%20viewBox%3D&#39;0%200%20225%20169&#39;%2F%3E\" data-src=\"https:\/\/www.primusr.com\/wp-content\/uploads\/2016\/02\/corkline-2-225x169.jpg\" data-srcset=\"https:\/\/www.primusr.com\/wp-content\/uploads\/2016\/02\/corkline-2-225x169.jpg 225w, https:\/\/www.primusr.com\/wp-content\/uploads\/2016\/02\/corkline-2-450x338.jpg 450w\" loading=\"eager\" style=\"--ratio: 225 \/ 169\" sizes=\"(max-width: 225px) 100vw, 225px\" alt=\"\" width=\"225\" height=\"169\"  \/><\/a>\t<\/figure>\n<\/article>\n\n<\/div><div class=\"wf-cell iso-item\" data-post-id=\"1818\" data-date=\"2016-02-15T13:21:22+01:00\" data-name=\"corkline-3\">\n<article class=\"post post-1818 attachment type-attachment status-inherit hentry no-img description-off\">\n\n\t<figure class=\"rollover-project links-hovers-disabled\">\n\t<a href=\"https:\/\/www.primusr.com\/wp-content\/uploads\/2016\/02\/corkline-3.jpg\" class=\"rollover rollover-zoom dt-pswp-item layzr-bg\" title=\"corkline-3\" data-dt-img-description=\"\"  data-large_image_width=\"800\" data-large_image_height = \"600\"  data-dt-location=\"https:\/\/www.primusr.com\/de\/album\/corkline\/corkline-3-2\/\" ><img decoding=\"async\" class=\"preload-me iso-lazy-load aspect\" src=\"data:image\/svg+xml,%3Csvg%20xmlns%3D&#39;http%3A%2F%2Fwww.w3.org%2F2000%2Fsvg&#39;%20viewBox%3D&#39;0%200%20225%20169&#39;%2F%3E\" data-src=\"https:\/\/www.primusr.com\/wp-content\/uploads\/2016\/02\/corkline-3-225x169.jpg\" data-srcset=\"https:\/\/www.primusr.com\/wp-content\/uploads\/2016\/02\/corkline-3-225x169.jpg 225w, https:\/\/www.primusr.com\/wp-content\/uploads\/2016\/02\/corkline-3-450x338.jpg 450w\" loading=\"eager\" style=\"--ratio: 225 \/ 169\" sizes=\"(max-width: 225px) 100vw, 225px\" alt=\"\" width=\"225\" height=\"169\"  \/><\/a>\t<\/figure>\n<\/article>\n\n<\/div><div class=\"wf-cell iso-item\" data-post-id=\"1821\" data-date=\"2016-02-15T13:21:26+01:00\" data-name=\"corkline-4\">\n<article class=\"post post-1821 attachment type-attachment status-inherit hentry no-img description-off\">\n\n\t<figure class=\"rollover-project links-hovers-disabled\">\n\t<a href=\"https:\/\/www.primusr.com\/wp-content\/uploads\/2016\/02\/corkline-4.jpg\" class=\"rollover rollover-zoom dt-pswp-item layzr-bg\" title=\"corkline-4\" data-dt-img-description=\"\"  data-large_image_width=\"800\" data-large_image_height = \"600\"  data-dt-location=\"https:\/\/www.primusr.com\/de\/album\/corkline\/corkline-4-2\/\" ><img decoding=\"async\" class=\"preload-me iso-lazy-load aspect\" src=\"data:image\/svg+xml,%3Csvg%20xmlns%3D&#39;http%3A%2F%2Fwww.w3.org%2F2000%2Fsvg&#39;%20viewBox%3D&#39;0%200%20225%20169&#39;%2F%3E\" data-src=\"https:\/\/www.primusr.com\/wp-content\/uploads\/2016\/02\/corkline-4-225x169.jpg\" data-srcset=\"https:\/\/www.primusr.com\/wp-content\/uploads\/2016\/02\/corkline-4-225x169.jpg 225w, https:\/\/www.primusr.com\/wp-content\/uploads\/2016\/02\/corkline-4-450x338.jpg 450w\" loading=\"eager\" style=\"--ratio: 225 \/ 169\" sizes=\"(max-width: 225px) 100vw, 225px\" alt=\"\" width=\"225\" height=\"169\"  \/><\/a>\t<\/figure>\n<\/article>\n\n<\/div><div class=\"wf-cell iso-item\" data-post-id=\"1824\" data-date=\"2016-02-15T13:21:30+01:00\" data-name=\"corkline-5\">\n<article class=\"post post-1824 attachment type-attachment status-inherit hentry no-img description-off\">\n\n\t<figure class=\"rollover-project links-hovers-disabled\">\n\t<a href=\"https:\/\/www.primusr.com\/wp-content\/uploads\/2016\/02\/corkline-5.jpg\" class=\"rollover rollover-zoom dt-pswp-item layzr-bg\" title=\"corkline-5\" data-dt-img-description=\"\"  data-large_image_width=\"800\" data-large_image_height = \"600\"  data-dt-location=\"https:\/\/www.primusr.com\/de\/album\/corkline\/corkline-5-2\/\" ><img decoding=\"async\" class=\"preload-me iso-lazy-load aspect\" src=\"data:image\/svg+xml,%3Csvg%20xmlns%3D&#39;http%3A%2F%2Fwww.w3.org%2F2000%2Fsvg&#39;%20viewBox%3D&#39;0%200%20225%20169&#39;%2F%3E\" data-src=\"https:\/\/www.primusr.com\/wp-content\/uploads\/2016\/02\/corkline-5-225x169.jpg\" data-srcset=\"https:\/\/www.primusr.com\/wp-content\/uploads\/2016\/02\/corkline-5-225x169.jpg 225w, https:\/\/www.primusr.com\/wp-content\/uploads\/2016\/02\/corkline-5-450x338.jpg 450w\" loading=\"eager\" style=\"--ratio: 225 \/ 169\" sizes=\"(max-width: 225px) 100vw, 225px\" alt=\"\" width=\"225\" height=\"169\"  \/><\/a>\t<\/figure>\n<\/article>\n\n<\/div><div class=\"wf-cell iso-item\" data-post-id=\"1827\" data-date=\"2016-02-15T13:21:33+01:00\" data-name=\"corkline-6\">\n<article class=\"post post-1827 attachment type-attachment status-inherit hentry no-img description-off\">\n\n\t<figure class=\"rollover-project links-hovers-disabled\">\n\t<a href=\"https:\/\/www.primusr.com\/wp-content\/uploads\/2016\/02\/corkline-6.jpg\" class=\"rollover rollover-zoom dt-pswp-item layzr-bg\" title=\"corkline-6\" data-dt-img-description=\"\"  data-large_image_width=\"800\" data-large_image_height = \"600\"  data-dt-location=\"https:\/\/www.primusr.com\/de\/album\/corkline\/corkline-6-2\/\" ><img decoding=\"async\" class=\"preload-me iso-lazy-load aspect\" src=\"data:image\/svg+xml,%3Csvg%20xmlns%3D&#39;http%3A%2F%2Fwww.w3.org%2F2000%2Fsvg&#39;%20viewBox%3D&#39;0%200%20225%20169&#39;%2F%3E\" data-src=\"https:\/\/www.primusr.com\/wp-content\/uploads\/2016\/02\/corkline-6-225x169.jpg\" data-srcset=\"https:\/\/www.primusr.com\/wp-content\/uploads\/2016\/02\/corkline-6-225x169.jpg 225w, https:\/\/www.primusr.com\/wp-content\/uploads\/2016\/02\/corkline-6-450x338.jpg 450w\" loading=\"eager\" style=\"--ratio: 225 \/ 169\" sizes=\"(max-width: 225px) 100vw, 225px\" alt=\"\" width=\"225\" height=\"169\"  \/><\/a>\t<\/figure>\n<\/article>\n\n<\/div><div class=\"wf-cell iso-item\" data-post-id=\"1830\" data-date=\"2016-02-15T13:21:37+01:00\" data-name=\"corkline-7\">\n<article class=\"post post-1830 attachment type-attachment status-inherit hentry no-img description-off\">\n\n\t<figure class=\"rollover-project links-hovers-disabled\">\n\t<a href=\"https:\/\/www.primusr.com\/wp-content\/uploads\/2016\/02\/corkline-7.jpg\" class=\"rollover rollover-zoom dt-pswp-item layzr-bg\" title=\"corkline-7\" data-dt-img-description=\"\"  data-large_image_width=\"800\" data-large_image_height = \"600\"  data-dt-location=\"https:\/\/www.primusr.com\/de\/album\/corkline\/corkline-7-2\/\" ><img decoding=\"async\" class=\"preload-me iso-lazy-load aspect\" src=\"data:image\/svg+xml,%3Csvg%20xmlns%3D&#39;http%3A%2F%2Fwww.w3.org%2F2000%2Fsvg&#39;%20viewBox%3D&#39;0%200%20225%20169&#39;%2F%3E\" data-src=\"https:\/\/www.primusr.com\/wp-content\/uploads\/2016\/02\/corkline-7-225x169.jpg\" data-srcset=\"https:\/\/www.primusr.com\/wp-content\/uploads\/2016\/02\/corkline-7-225x169.jpg 225w, https:\/\/www.primusr.com\/wp-content\/uploads\/2016\/02\/corkline-7-450x338.jpg 450w\" loading=\"eager\" style=\"--ratio: 225 \/ 169\" sizes=\"(max-width: 225px) 100vw, 225px\" alt=\"\" width=\"225\" height=\"169\"  \/><\/a>\t<\/figure>\n<\/article>\n\n<\/div><div class=\"wf-cell iso-item\" data-post-id=\"1833\" data-date=\"2016-02-15T13:21:41+01:00\" data-name=\"corkline-8\">\n<article class=\"post post-1833 attachment type-attachment status-inherit hentry no-img description-off\">\n\n\t<figure class=\"rollover-project links-hovers-disabled\">\n\t<a href=\"https:\/\/www.primusr.com\/wp-content\/uploads\/2016\/02\/corkline-8.jpg\" class=\"rollover rollover-zoom dt-pswp-item layzr-bg\" title=\"corkline-8\" data-dt-img-description=\"\"  data-large_image_width=\"800\" data-large_image_height = \"600\"  data-dt-location=\"https:\/\/www.primusr.com\/de\/album\/corkline\/corkline-8-2\/\" ><img decoding=\"async\" class=\"preload-me iso-lazy-load aspect\" src=\"data:image\/svg+xml,%3Csvg%20xmlns%3D&#39;http%3A%2F%2Fwww.w3.org%2F2000%2Fsvg&#39;%20viewBox%3D&#39;0%200%20225%20169&#39;%2F%3E\" data-src=\"https:\/\/www.primusr.com\/wp-content\/uploads\/2016\/02\/corkline-8-225x169.jpg\" data-srcset=\"https:\/\/www.primusr.com\/wp-content\/uploads\/2016\/02\/corkline-8-225x169.jpg 225w, https:\/\/www.primusr.com\/wp-content\/uploads\/2016\/02\/corkline-8-450x338.jpg 450w\" loading=\"eager\" style=\"--ratio: 225 \/ 169\" sizes=\"(max-width: 225px) 100vw, 225px\" alt=\"\" width=\"225\" height=\"169\"  \/><\/a>\t<\/figure>\n<\/article>\n\n<\/div><\/div>[\/vc_column_inner][\/vc_row_inner][\/vc_column][\/vc_row][vc_row][vc_column][vc_empty_space height=&#8220;80px&#8220;][vc_column_text el_class=&#8220;center&#8220;]<\/p>\n<h2>Haben Sie eine Frage?<\/h2>\n<p>F\u00fcr irgendwelche Fragen k\u00f6nnen Sie uns jederzeit kontaktieren. Daf\u00fcr k\u00f6nnen Sie das untere Formular benutzen.[\/vc_column_text][vc_empty_space height=&#8220;40px&#8220;]\n<div class=\"wpcf7 no-js\" id=\"wpcf7-f928-o1\" lang=\"sl-SI\" dir=\"ltr\" data-wpcf7-id=\"928\">\n<div class=\"screen-reader-response\"><p role=\"status\" aria-live=\"polite\" aria-atomic=\"true\"><\/p> <ul><\/ul><\/div>\n<form action=\"\/de\/wp-json\/wp\/v2\/pages\/1199#wpcf7-f928-o1\" method=\"post\" class=\"wpcf7-form init\" aria-label=\"Contact form\" novalidate=\"novalidate\" data-status=\"init\">\n<fieldset class=\"hidden-fields-container\"><input type=\"hidden\" name=\"_wpcf7\" value=\"928\" \/><input type=\"hidden\" name=\"_wpcf7_version\" value=\"6.1.6\" \/><input type=\"hidden\" name=\"_wpcf7_locale\" value=\"sl_SI\" \/><input type=\"hidden\" name=\"_wpcf7_unit_tag\" value=\"wpcf7-f928-o1\" \/><input type=\"hidden\" name=\"_wpcf7_container_post\" value=\"0\" \/><input type=\"hidden\" name=\"_wpcf7_posted_data_hash\" value=\"\" \/><input type=\"hidden\" name=\"_wpcf7_recaptcha_response\" value=\"\" \/>\n<\/fieldset>\n<p>Ihr Name *<br \/>\n<span class=\"wpcf7-form-control-wrap\" data-name=\"your-name\"><input size=\"40\" maxlength=\"400\" class=\"wpcf7-form-control wpcf7-text wpcf7-validates-as-required\" aria-required=\"true\" aria-invalid=\"false\" value=\"\" type=\"text\" name=\"your-name\" \/><\/span>\n<\/p>\n<p>Ihre E-Mail-Adresse * (obvezno)<br \/>\n<span class=\"wpcf7-form-control-wrap\" data-name=\"your-email\"><input size=\"40\" maxlength=\"400\" class=\"wpcf7-form-control wpcf7-email wpcf7-validates-as-required wpcf7-text wpcf7-validates-as-email\" aria-required=\"true\" aria-invalid=\"false\" value=\"\" type=\"email\" name=\"your-email\" \/><\/span>\n<\/p>\n<p>Betreff *<br \/>\n<span class=\"wpcf7-form-control-wrap\" data-name=\"your-subject\"><input size=\"40\" maxlength=\"400\" class=\"wpcf7-form-control wpcf7-text wpcf7-validates-as-required\" aria-required=\"true\" aria-invalid=\"false\" value=\"\" type=\"text\" name=\"your-subject\" \/><\/span>\n<\/p>\n<p>Ihre Nachricht *<br \/>\n<span class=\"wpcf7-form-control-wrap\" data-name=\"your-message\"><textarea cols=\"40\" rows=\"10\" maxlength=\"2000\" class=\"wpcf7-form-control wpcf7-textarea wpcf7-validates-as-required\" aria-required=\"true\" aria-invalid=\"false\" name=\"your-message\"><\/textarea><\/span>\n<\/p>\n<p><input class=\"wpcf7-form-control wpcf7-submit has-spinner\" type=\"submit\" value=\"Senden\" \/>\n<\/p><div class=\"wpcf7-response-output\" aria-hidden=\"true\"><\/div>\n<\/form>\n<\/div>\n[\/vc_column][\/vc_row]<\/p>\n<\/div>","protected":false},"excerpt":{"rendered":"<p>[vc_row][vc_column][vc_column_text el_class=&#8220;center&#8220;] Corkline \u2013 modernes Material auf nat\u00fcrlicher Basis mit Vorteilen technologischer Innovationen [\/vc_column_text][vc_empty_space height=&#8220;40px&#8220;][vc_row_inner][vc_column_inner width=&#8220;1\/2&#8243;][vc_column_text]Corkline bringt eine v\u00f6llig neue Dimension und ist f\u00fcr die Benutzung im Au\u00dfenbereich bestimmt. Dank hoher Qualit\u00e4t in der Kombination mit Korkgranulat beh\u00e4lt Corkline die Erfrischung und die W\u00e4rme von nat\u00fcrlichen Materialien neben au\u00dferordentlichen technischen Eigenschaften. Widerstandsf\u00e4higkeit gegen: Wettereinfl\u00fcssen Fett&hellip;<\/p>\n","protected":false},"author":2,"featured_media":0,"parent":1156,"menu_order":0,"comment_status":"closed","ping_status":"closed","template":"","meta":{"footnotes":""},"class_list":["post-1199","page","type-page","status-publish","hentry","description-off"],"yoast_head":"<!-- This site is optimized with the Yoast SEO plugin v27.6 - https:\/\/yoast.com\/product\/yoast-seo-wordpress\/ -->\n<title>Corkline \u2013 modernes Material auf nat\u00fcrlicher Basis<\/title>\n<meta name=\"description\" content=\"Corkline ist eine k\u00fcnstliche Gangfl\u00e4che auf der Korkbasis f\u00fcr alle Oberfl\u00e4chen auf Wasserfahrzeugen und auch f\u00fcr andere Oberfl\u00e4chen\" \/>\n<meta name=\"robots\" content=\"index, follow, max-snippet:-1, max-image-preview:large, max-video-preview:-1\" \/>\n<link rel=\"canonical\" href=\"https:\/\/www.primusr.com\/de\/nautik\/kunstliche-gangflachen\/corkline\/\" \/>\n<meta property=\"og:locale\" content=\"de_DE\" \/>\n<meta property=\"og:type\" content=\"article\" \/>\n<meta property=\"og:title\" content=\"Corkline \u2013 modernes Material auf nat\u00fcrlicher Basis\" \/>\n<meta property=\"og:description\" content=\"Corkline ist eine k\u00fcnstliche Gangfl\u00e4che auf der Korkbasis f\u00fcr alle Oberfl\u00e4chen auf Wasserfahrzeugen und auch f\u00fcr andere Oberfl\u00e4chen\" \/>\n<meta property=\"og:url\" content=\"https:\/\/www.primusr.com\/de\/nautik\/kunstliche-gangflachen\/corkline\/\" \/>\n<meta property=\"og:site_name\" content=\"Primus R d.o.o.\" \/>\n<meta property=\"article:publisher\" content=\"https:\/\/www.facebook.com\/primusrdoo\" \/>\n<meta property=\"article:modified_time\" content=\"2016-03-29T18:19:43+00:00\" \/>\n<meta name=\"twitter:card\" content=\"summary_large_image\" \/>\n<meta name=\"twitter:label1\" content=\"Gesch\u00e4tzte Lesezeit\" \/>\n\t<meta name=\"twitter:data1\" content=\"1\u00a0Minute\" \/>\n<script type=\"application\/ld+json\" class=\"yoast-schema-graph\">{\"@context\":\"https:\\\/\\\/schema.org\",\"@graph\":[{\"@type\":\"WebPage\",\"@id\":\"https:\\\/\\\/www.primusr.com\\\/de\\\/nautik\\\/kunstliche-gangflachen\\\/corkline\\\/\",\"url\":\"https:\\\/\\\/www.primusr.com\\\/de\\\/nautik\\\/kunstliche-gangflachen\\\/corkline\\\/\",\"name\":\"Corkline \u2013 modernes Material auf nat\u00fcrlicher Basis\",\"isPartOf\":{\"@id\":\"https:\\\/\\\/www.primusr.com\\\/#website\"},\"datePublished\":\"2016-01-31T13:44:34+00:00\",\"dateModified\":\"2016-03-29T18:19:43+00:00\",\"description\":\"Corkline ist eine k\u00fcnstliche Gangfl\u00e4che auf der Korkbasis f\u00fcr alle Oberfl\u00e4chen auf Wasserfahrzeugen und auch f\u00fcr andere Oberfl\u00e4chen\",\"breadcrumb\":{\"@id\":\"https:\\\/\\\/www.primusr.com\\\/de\\\/nautik\\\/kunstliche-gangflachen\\\/corkline\\\/#breadcrumb\"},\"inLanguage\":\"de\",\"potentialAction\":[{\"@type\":\"ReadAction\",\"target\":[\"https:\\\/\\\/www.primusr.com\\\/de\\\/nautik\\\/kunstliche-gangflachen\\\/corkline\\\/\"]}]},{\"@type\":\"BreadcrumbList\",\"@id\":\"https:\\\/\\\/www.primusr.com\\\/de\\\/nautik\\\/kunstliche-gangflachen\\\/corkline\\\/#breadcrumb\",\"itemListElement\":[{\"@type\":\"ListItem\",\"position\":1,\"name\":\"Home\",\"item\":\"https:\\\/\\\/www.primusr.com\\\/de\\\/\"},{\"@type\":\"ListItem\",\"position\":2,\"name\":\"Nautik\",\"item\":\"https:\\\/\\\/www.primusr.com\\\/de\\\/nautik\\\/\"},{\"@type\":\"ListItem\",\"position\":3,\"name\":\"K\u00fcnstliche Gangfl\u00e4chen\",\"item\":\"https:\\\/\\\/www.primusr.com\\\/de\\\/nautik\\\/kunstliche-gangflachen\\\/\"},{\"@type\":\"ListItem\",\"position\":4,\"name\":\"Corkline\"}]},{\"@type\":\"WebSite\",\"@id\":\"https:\\\/\\\/www.primusr.com\\\/#website\",\"url\":\"https:\\\/\\\/www.primusr.com\\\/\",\"name\":\"Primus R d.o.o.\",\"description\":\"Nautical Flooring\",\"potentialAction\":[{\"@type\":\"SearchAction\",\"target\":{\"@type\":\"EntryPoint\",\"urlTemplate\":\"https:\\\/\\\/www.primusr.com\\\/?s={search_term_string}\"},\"query-input\":{\"@type\":\"PropertyValueSpecification\",\"valueRequired\":true,\"valueName\":\"search_term_string\"}}],\"inLanguage\":\"de\"}]}<\/script>\n<!-- \/ Yoast SEO plugin. -->","yoast_head_json":{"title":"Corkline \u2013 modernes Material auf nat\u00fcrlicher Basis","description":"Corkline ist eine k\u00fcnstliche Gangfl\u00e4che auf der Korkbasis f\u00fcr alle Oberfl\u00e4chen auf Wasserfahrzeugen und auch f\u00fcr andere Oberfl\u00e4chen","robots":{"index":"index","follow":"follow","max-snippet":"max-snippet:-1","max-image-preview":"max-image-preview:large","max-video-preview":"max-video-preview:-1"},"canonical":"https:\/\/www.primusr.com\/de\/nautik\/kunstliche-gangflachen\/corkline\/","og_locale":"de_DE","og_type":"article","og_title":"Corkline \u2013 modernes Material auf nat\u00fcrlicher Basis","og_description":"Corkline ist eine k\u00fcnstliche Gangfl\u00e4che auf der Korkbasis f\u00fcr alle Oberfl\u00e4chen auf Wasserfahrzeugen und auch f\u00fcr andere Oberfl\u00e4chen","og_url":"https:\/\/www.primusr.com\/de\/nautik\/kunstliche-gangflachen\/corkline\/","og_site_name":"Primus R d.o.o.","article_publisher":"https:\/\/www.facebook.com\/primusrdoo","article_modified_time":"2016-03-29T18:19:43+00:00","twitter_card":"summary_large_image","twitter_misc":{"Gesch\u00e4tzte Lesezeit":"1\u00a0Minute"},"schema":{"@context":"https:\/\/schema.org","@graph":[{"@type":"WebPage","@id":"https:\/\/www.primusr.com\/de\/nautik\/kunstliche-gangflachen\/corkline\/","url":"https:\/\/www.primusr.com\/de\/nautik\/kunstliche-gangflachen\/corkline\/","name":"Corkline \u2013 modernes Material auf nat\u00fcrlicher Basis","isPartOf":{"@id":"https:\/\/www.primusr.com\/#website"},"datePublished":"2016-01-31T13:44:34+00:00","dateModified":"2016-03-29T18:19:43+00:00","description":"Corkline ist eine k\u00fcnstliche Gangfl\u00e4che auf der Korkbasis f\u00fcr alle Oberfl\u00e4chen auf Wasserfahrzeugen und auch f\u00fcr andere Oberfl\u00e4chen","breadcrumb":{"@id":"https:\/\/www.primusr.com\/de\/nautik\/kunstliche-gangflachen\/corkline\/#breadcrumb"},"inLanguage":"de","potentialAction":[{"@type":"ReadAction","target":["https:\/\/www.primusr.com\/de\/nautik\/kunstliche-gangflachen\/corkline\/"]}]},{"@type":"BreadcrumbList","@id":"https:\/\/www.primusr.com\/de\/nautik\/kunstliche-gangflachen\/corkline\/#breadcrumb","itemListElement":[{"@type":"ListItem","position":1,"name":"Home","item":"https:\/\/www.primusr.com\/de\/"},{"@type":"ListItem","position":2,"name":"Nautik","item":"https:\/\/www.primusr.com\/de\/nautik\/"},{"@type":"ListItem","position":3,"name":"K\u00fcnstliche Gangfl\u00e4chen","item":"https:\/\/www.primusr.com\/de\/nautik\/kunstliche-gangflachen\/"},{"@type":"ListItem","position":4,"name":"Corkline"}]},{"@type":"WebSite","@id":"https:\/\/www.primusr.com\/#website","url":"https:\/\/www.primusr.com\/","name":"Primus R d.o.o.","description":"Nautical Flooring","potentialAction":[{"@type":"SearchAction","target":{"@type":"EntryPoint","urlTemplate":"https:\/\/www.primusr.com\/?s={search_term_string}"},"query-input":{"@type":"PropertyValueSpecification","valueRequired":true,"valueName":"search_term_string"}}],"inLanguage":"de"}]}},"_links":{"self":[{"href":"https:\/\/www.primusr.com\/de\/wp-json\/wp\/v2\/pages\/1199","targetHints":{"allow":["GET"]}}],"collection":[{"href":"https:\/\/www.primusr.com\/de\/wp-json\/wp\/v2\/pages"}],"about":[{"href":"https:\/\/www.primusr.com\/de\/wp-json\/wp\/v2\/types\/page"}],"author":[{"embeddable":true,"href":"https:\/\/www.primusr.com\/de\/wp-json\/wp\/v2\/users\/2"}],"replies":[{"embeddable":true,"href":"https:\/\/www.primusr.com\/de\/wp-json\/wp\/v2\/comments?post=1199"}],"version-history":[{"count":0,"href":"https:\/\/www.primusr.com\/de\/wp-json\/wp\/v2\/pages\/1199\/revisions"}],"up":[{"embeddable":true,"href":"https:\/\/www.primusr.com\/de\/wp-json\/wp\/v2\/pages\/1156"}],"wp:attachment":[{"href":"https:\/\/www.primusr.com\/de\/wp-json\/wp\/v2\/media?parent=1199"}],"curies":[{"name":"wp","href":"https:\/\/api.w.org\/{rel}","templated":true}]}}