{"id":1156,"date":"2016-02-09T22:02:56","date_gmt":"2016-02-09T21:02:56","guid":{"rendered":"https:\/\/www.primusr.com\/de\/nautik\/umetne-pohodne-povrsine\/"},"modified":"2016-03-29T19:39:22","modified_gmt":"2016-03-29T17:39:22","slug":"kunstliche-gangflachen","status":"publish","type":"page","link":"https:\/\/www.primusr.com\/de\/nautik\/kunstliche-gangflachen\/","title":{"rendered":"K\u00fcnstliche Gangfl\u00e4chen"},"content":{"rendered":"<div class=\"wpb-content-wrapper\"><p>[vc_row][vc_column][vc_column_text el_class=&#8220;center&#8220;]<\/p>\n<h2>K\u00fcnstliche Gangfl\u00e4chen<\/h2>\n<p>[\/vc_column_text][vc_empty_space height=&#8220;20px&#8220;][vc_row_inner el_class=&#8220;glavne-panoge&#8220;][vc_column_inner width=&#8220;1\/3&#8243;][vc_column_text]<\/p>\n<div class=\"panoga-div\">\n<ul class=\"image-arrow bullet-top\"><\/p>\n<div><a href=\"\/de\/nautik\/kunstliche-gangflachen\/flexiteek\/\"><li><div class=\"wf-table\">\n<div><img decoding=\"async\" src=\"\/wp-content\/uploads\/2016\/02\/flexiteek-circle.png\" class=\"list-img\" alt=\"List item image\" \/><\/div>\n<div>Flexiteek<\/div>\n<\/div>\n<\/li><\/a><\/div>\n<p><\/ul>\n<\/div>\n<p>[\/vc_column_text][\/vc_column_inner][vc_column_inner width=&#8220;1\/3&#8243;][vc_column_text]<\/p>\n<div class=\"panoga-div\">\n<ul class=\"image-arrow bullet-top\"><\/p>\n<div><a href=\"\/de\/nautik\/kunstliche-gangflachen\/p-deck\/\"><li><div class=\"wf-table\">\n<div><img decoding=\"async\" src=\"\/wp-content\/uploads\/2016\/02\/p-deck-circle.png\" class=\"list-img\" alt=\"List item image\" \/><\/div>\n<div>P deck<\/div>\n<\/div>\n<\/li><\/a><\/div>\n<p><\/ul>\n<\/div>\n<p>[\/vc_column_text][\/vc_column_inner][vc_column_inner width=&#8220;1\/3&#8243;][vc_column_text]<\/p>\n<div class=\"panoga-div\">\n<ul class=\"image-arrow bullet-top\"><\/p>\n<div><a href=\"\/de\/nautik\/kunstliche-gangflachen\/corkline\/\"><li><div class=\"wf-table\">\n<div><img decoding=\"async\" src=\"\/wp-content\/uploads\/2016\/02\/cork-line-circle.png\" class=\"list-img\" alt=\"List item image\" \/><\/div>\n<div>Corkline<\/div>\n<\/div>\n<\/li><\/a><\/div>\n<p><\/ul>\n<\/div>\n<p>[\/vc_column_text][\/vc_column_inner][\/vc_row_inner][vc_empty_space height=&#8220;80px&#8220;][\/vc_column][\/vc_row][vc_row type=&#8220;1&#8243;][vc_column][vc_empty_space height=&#8220;60px&#8220;][vc_row_inner][vc_column_inner width=&#8220;1\/2&#8243;][vc_column_text]<\/p>\n<h2>Flexiteek<\/h2>\n<p>[\/vc_column_text][vc_empty_space height=&#8220;20px&#8220;][vc_column_text]Flexiteek ist eine sehr strapazierf\u00e4hige und wetterbest\u00e4ndige Gangfl\u00e4che, die nicht vergraut und rutscht und verleiht Ihrem Wasserfahrzeug ein \u00e4sthetisches Aussehen.<\/p>\n<p>F\u00fcr ein vollkommenes Aussehen Ihres Wasserfahrzeugs k\u00f6nnen Sie mit dem Flexiteak-Zubeh\u00f6r alles erreichen. Leisten, Randabschl\u00fcsse, U-Profile, T-St\u00fccke und noch vieles mehr\u2026[\/vc_column_text][vc_empty_space height=&#8220;20px&#8220;][vc_btn title=&#8220;Flexiteek&#8220; style=&#8220;outline&#8220; color=&#8220;primary&#8220; size=&#8220;sm&#8220; link=&#8220;url:%2Fde%2Fnautik%2Fkunstliche-gangflachen%2Fflexiteek%2F||&#8220;][\/vc_column_inner][vc_column_inner width=&#8220;1\/2&#8243;][vc_column_text]<img decoding=\"async\" class=\"alignnone size-medium wp-image-748\" src=\"https:\/\/www.primusr.com\/wp-content\/uploads\/2015\/12\/flexiteek-p.jpg\" alt=\"flexiteek-p\" width=\"300\" height=\"300\" srcset=\"https:\/\/www.primusr.com\/wp-content\/uploads\/2015\/12\/flexiteek-p.jpg 300w, https:\/\/www.primusr.com\/wp-content\/uploads\/2015\/12\/flexiteek-p-150x150.jpg 150w\" sizes=\"(max-width: 300px) 100vw, 300px\" \/>[\/vc_column_text][\/vc_column_inner][\/vc_row_inner][vc_empty_space height=&#8220;60px&#8220;][\/vc_column][\/vc_row][vc_row][vc_column][vc_empty_space height=&#8220;60px&#8220;][vc_row_inner][vc_column_inner width=&#8220;1\/2&#8243;][vc_column_text]<img decoding=\"async\" class=\"alignnone size-medium wp-image-753\" src=\"https:\/\/www.primusr.com\/wp-content\/uploads\/2015\/12\/p-deck-p.jpg\" alt=\"\" width=\"300\" height=\"300\" srcset=\"https:\/\/www.primusr.com\/wp-content\/uploads\/2015\/12\/p-deck-p.jpg 300w, https:\/\/www.primusr.com\/wp-content\/uploads\/2015\/12\/p-deck-p-150x150.jpg 150w\" sizes=\"(max-width: 300px) 100vw, 300px\" \/>[\/vc_column_text][\/vc_column_inner][vc_column_inner width=&#8220;1\/2&#8243;][vc_column_text]<\/p>\n<h2>P deck<\/h2>\n<p>[\/vc_column_text][vc_empty_space height=&#8220;20px&#8220;][vc_column_text]P Deck ist aus synthetischem Gummischaum gefertigt und f\u00fcr die Benutzung im Innen- und Au\u00dfenbereich geeignet. Es ist geruchslos und gew\u00e4hrleistet eine ausgezeichnete W\u00e4rme- und Schalld\u00e4mmung.[\/vc_column_text][vc_empty_space height=&#8220;20px&#8220;][vc_btn title=&#8220;P deck&#8220; style=&#8220;outline&#8220; color=&#8220;primary&#8220; size=&#8220;sm&#8220; link=&#8220;url:%2Fde%2Fnautik%2Fkunstliche-gangflachen%2Fp-deck%2F||&#8220;][\/vc_column_inner][\/vc_row_inner][vc_empty_space height=&#8220;60px&#8220;][\/vc_column][\/vc_row][vc_row type=&#8220;1&#8243; margin_bottom=&#8220;-49&#8243;][vc_column][vc_empty_space height=&#8220;60px&#8220;][vc_row_inner][vc_column_inner width=&#8220;1\/2&#8243;][vc_column_text]<\/p>\n<h2>Corkline<\/h2>\n<p>[\/vc_column_text][vc_empty_space height=&#8220;20px&#8220;][vc_column_text]Corkline bringt eine v\u00f6llig neue Dimension und ist f\u00fcr die Benutzung im Au\u00dfenbereich bestimmt. Dank hoher Qualit\u00e4t in der Kombination mit Korkgranulat beh\u00e4lt Corkline die Erfrischung und die W\u00e4rme von nat\u00fcrlichen Materialien neben au\u00dferordentlichen technischen Eigenschaften.[\/vc_column_text][vc_empty_space height=&#8220;20px&#8220;][vc_btn title=&#8220;Corkline&#8220; style=&#8220;outline&#8220; color=&#8220;primary&#8220; size=&#8220;sm&#8220; link=&#8220;url:%2Fde%2Fnautik%2Fkunstliche-gangflachen%2Fcorkline%2F||&#8220;][\/vc_column_inner][vc_column_inner el_class=&#8220;center&#8220; width=&#8220;1\/2&#8243;][vc_column_text]<img decoding=\"async\" class=\"alignnone size-medium wp-image-747\" src=\"https:\/\/www.primusr.com\/wp-content\/uploads\/2015\/12\/corkline-p.jpg\" alt=\"corkline-p\" width=\"300\" height=\"300\" srcset=\"https:\/\/www.primusr.com\/wp-content\/uploads\/2015\/12\/corkline-p.jpg 300w, https:\/\/www.primusr.com\/wp-content\/uploads\/2015\/12\/corkline-p-150x150.jpg 150w\" sizes=\"(max-width: 300px) 100vw, 300px\" \/>[\/vc_column_text][\/vc_column_inner][\/vc_row_inner][vc_empty_space height=&#8220;60px&#8220;][\/vc_column][\/vc_row]<\/p>\n<\/div>","protected":false},"excerpt":{"rendered":"<p>[vc_row][vc_column][vc_column_text el_class=&#8220;center&#8220;] K\u00fcnstliche Gangfl\u00e4chen [\/vc_column_text][vc_empty_space height=&#8220;20px&#8220;][vc_row_inner el_class=&#8220;glavne-panoge&#8220;][vc_column_inner width=&#8220;1\/3&#8243;][vc_column_text] [\/vc_column_text][\/vc_column_inner][vc_column_inner width=&#8220;1\/3&#8243;][vc_column_text] [\/vc_column_text][\/vc_column_inner][vc_column_inner width=&#8220;1\/3&#8243;][vc_column_text] [\/vc_column_text][\/vc_column_inner][\/vc_row_inner][vc_empty_space height=&#8220;80px&#8220;][\/vc_column][\/vc_row][vc_row type=&#8220;1&#8243;][vc_column][vc_empty_space height=&#8220;60px&#8220;][vc_row_inner][vc_column_inner width=&#8220;1\/2&#8243;][vc_column_text] Flexiteek [\/vc_column_text][vc_empty_space height=&#8220;20px&#8220;][vc_column_text]Flexiteek ist eine sehr strapazierf\u00e4hige und wetterbest\u00e4ndige Gangfl\u00e4che, die nicht vergraut und rutscht und verleiht Ihrem Wasserfahrzeug ein \u00e4sthetisches Aussehen. F\u00fcr ein vollkommenes Aussehen Ihres Wasserfahrzeugs k\u00f6nnen Sie mit dem Flexiteak-Zubeh\u00f6r alles erreichen. Leisten, Randabschl\u00fcsse, U-Profile,&hellip;<\/p>\n","protected":false},"author":2,"featured_media":0,"parent":1012,"menu_order":0,"comment_status":"closed","ping_status":"closed","template":"","meta":{"footnotes":""},"class_list":["post-1156","page","type-page","status-publish","hentry","description-off"],"yoast_head":"<!-- This site is optimized with the Yoast SEO plugin v27.5 - https:\/\/yoast.com\/product\/yoast-seo-wordpress\/ -->\n<title>K\u00fcnstliche Gangfl\u00e4chen - Primus R d.o.o.<\/title>\n<meta name=\"description\" content=\"K\u00fcnstliche Gangfl\u00e4chen - Flexiteek, P deck, Corkline\" \/>\n<meta name=\"robots\" content=\"index, follow, max-snippet:-1, max-image-preview:large, max-video-preview:-1\" \/>\n<link rel=\"canonical\" href=\"https:\/\/www.primusr.com\/de\/nautik\/kunstliche-gangflachen\/\" \/>\n<meta property=\"og:locale\" content=\"de_DE\" \/>\n<meta property=\"og:type\" content=\"article\" \/>\n<meta property=\"og:title\" content=\"K\u00fcnstliche Gangfl\u00e4chen - Primus R d.o.o.\" \/>\n<meta property=\"og:description\" content=\"K\u00fcnstliche Gangfl\u00e4chen - Flexiteek, P deck, Corkline\" \/>\n<meta property=\"og:url\" content=\"https:\/\/www.primusr.com\/de\/nautik\/kunstliche-gangflachen\/\" \/>\n<meta property=\"og:site_name\" content=\"Primus R d.o.o.\" \/>\n<meta property=\"article:publisher\" content=\"https:\/\/www.facebook.com\/primusrdoo\" \/>\n<meta property=\"article:modified_time\" content=\"2016-03-29T17:39:22+00:00\" \/>\n<meta property=\"og:image\" content=\"https:\/\/www.primusr.com\/wp-content\/uploads\/2015\/12\/flexiteek-p.jpg\" \/>\n<meta name=\"twitter:card\" content=\"summary_large_image\" \/>\n<meta name=\"twitter:label1\" content=\"Gesch\u00e4tzte Lesezeit\" \/>\n\t<meta name=\"twitter:data1\" content=\"3\u00a0Minuten\" \/>\n<script type=\"application\/ld+json\" class=\"yoast-schema-graph\">{\"@context\":\"https:\\\/\\\/schema.org\",\"@graph\":[{\"@type\":\"WebPage\",\"@id\":\"https:\\\/\\\/www.primusr.com\\\/de\\\/nautik\\\/kunstliche-gangflachen\\\/\",\"url\":\"https:\\\/\\\/www.primusr.com\\\/de\\\/nautik\\\/kunstliche-gangflachen\\\/\",\"name\":\"K\u00fcnstliche Gangfl\u00e4chen - Primus R d.o.o.\",\"isPartOf\":{\"@id\":\"https:\\\/\\\/www.primusr.com\\\/#website\"},\"primaryImageOfPage\":{\"@id\":\"https:\\\/\\\/www.primusr.com\\\/de\\\/nautik\\\/kunstliche-gangflachen\\\/#primaryimage\"},\"image\":{\"@id\":\"https:\\\/\\\/www.primusr.com\\\/de\\\/nautik\\\/kunstliche-gangflachen\\\/#primaryimage\"},\"thumbnailUrl\":\"https:\\\/\\\/www.primusr.com\\\/wp-content\\\/uploads\\\/2015\\\/12\\\/flexiteek-p.jpg\",\"datePublished\":\"2016-02-09T21:02:56+00:00\",\"dateModified\":\"2016-03-29T17:39:22+00:00\",\"description\":\"K\u00fcnstliche Gangfl\u00e4chen - Flexiteek, P deck, Corkline\",\"breadcrumb\":{\"@id\":\"https:\\\/\\\/www.primusr.com\\\/de\\\/nautik\\\/kunstliche-gangflachen\\\/#breadcrumb\"},\"inLanguage\":\"de\",\"potentialAction\":[{\"@type\":\"ReadAction\",\"target\":[\"https:\\\/\\\/www.primusr.com\\\/de\\\/nautik\\\/kunstliche-gangflachen\\\/\"]}]},{\"@type\":\"ImageObject\",\"inLanguage\":\"de\",\"@id\":\"https:\\\/\\\/www.primusr.com\\\/de\\\/nautik\\\/kunstliche-gangflachen\\\/#primaryimage\",\"url\":\"https:\\\/\\\/www.primusr.com\\\/wp-content\\\/uploads\\\/2015\\\/12\\\/flexiteek-p.jpg\",\"contentUrl\":\"https:\\\/\\\/www.primusr.com\\\/wp-content\\\/uploads\\\/2015\\\/12\\\/flexiteek-p.jpg\"},{\"@type\":\"BreadcrumbList\",\"@id\":\"https:\\\/\\\/www.primusr.com\\\/de\\\/nautik\\\/kunstliche-gangflachen\\\/#breadcrumb\",\"itemListElement\":[{\"@type\":\"ListItem\",\"position\":1,\"name\":\"Home\",\"item\":\"https:\\\/\\\/www.primusr.com\\\/de\\\/\"},{\"@type\":\"ListItem\",\"position\":2,\"name\":\"Nautik\",\"item\":\"https:\\\/\\\/www.primusr.com\\\/de\\\/nautik\\\/\"},{\"@type\":\"ListItem\",\"position\":3,\"name\":\"K\u00fcnstliche Gangfl\u00e4chen\"}]},{\"@type\":\"WebSite\",\"@id\":\"https:\\\/\\\/www.primusr.com\\\/#website\",\"url\":\"https:\\\/\\\/www.primusr.com\\\/\",\"name\":\"Primus R d.o.o.\",\"description\":\"Nautical Flooring\",\"potentialAction\":[{\"@type\":\"SearchAction\",\"target\":{\"@type\":\"EntryPoint\",\"urlTemplate\":\"https:\\\/\\\/www.primusr.com\\\/?s={search_term_string}\"},\"query-input\":{\"@type\":\"PropertyValueSpecification\",\"valueRequired\":true,\"valueName\":\"search_term_string\"}}],\"inLanguage\":\"de\"}]}<\/script>\n<!-- \/ Yoast SEO plugin. -->","yoast_head_json":{"title":"K\u00fcnstliche Gangfl\u00e4chen - Primus R d.o.o.","description":"K\u00fcnstliche Gangfl\u00e4chen - Flexiteek, P deck, Corkline","robots":{"index":"index","follow":"follow","max-snippet":"max-snippet:-1","max-image-preview":"max-image-preview:large","max-video-preview":"max-video-preview:-1"},"canonical":"https:\/\/www.primusr.com\/de\/nautik\/kunstliche-gangflachen\/","og_locale":"de_DE","og_type":"article","og_title":"K\u00fcnstliche Gangfl\u00e4chen - Primus R d.o.o.","og_description":"K\u00fcnstliche Gangfl\u00e4chen - Flexiteek, P deck, Corkline","og_url":"https:\/\/www.primusr.com\/de\/nautik\/kunstliche-gangflachen\/","og_site_name":"Primus R d.o.o.","article_publisher":"https:\/\/www.facebook.com\/primusrdoo","article_modified_time":"2016-03-29T17:39:22+00:00","og_image":[{"url":"https:\/\/www.primusr.com\/wp-content\/uploads\/2015\/12\/flexiteek-p.jpg","type":"","width":"","height":""}],"twitter_card":"summary_large_image","twitter_misc":{"Gesch\u00e4tzte Lesezeit":"3\u00a0Minuten"},"schema":{"@context":"https:\/\/schema.org","@graph":[{"@type":"WebPage","@id":"https:\/\/www.primusr.com\/de\/nautik\/kunstliche-gangflachen\/","url":"https:\/\/www.primusr.com\/de\/nautik\/kunstliche-gangflachen\/","name":"K\u00fcnstliche Gangfl\u00e4chen - Primus R d.o.o.","isPartOf":{"@id":"https:\/\/www.primusr.com\/#website"},"primaryImageOfPage":{"@id":"https:\/\/www.primusr.com\/de\/nautik\/kunstliche-gangflachen\/#primaryimage"},"image":{"@id":"https:\/\/www.primusr.com\/de\/nautik\/kunstliche-gangflachen\/#primaryimage"},"thumbnailUrl":"https:\/\/www.primusr.com\/wp-content\/uploads\/2015\/12\/flexiteek-p.jpg","datePublished":"2016-02-09T21:02:56+00:00","dateModified":"2016-03-29T17:39:22+00:00","description":"K\u00fcnstliche Gangfl\u00e4chen - Flexiteek, P deck, Corkline","breadcrumb":{"@id":"https:\/\/www.primusr.com\/de\/nautik\/kunstliche-gangflachen\/#breadcrumb"},"inLanguage":"de","potentialAction":[{"@type":"ReadAction","target":["https:\/\/www.primusr.com\/de\/nautik\/kunstliche-gangflachen\/"]}]},{"@type":"ImageObject","inLanguage":"de","@id":"https:\/\/www.primusr.com\/de\/nautik\/kunstliche-gangflachen\/#primaryimage","url":"https:\/\/www.primusr.com\/wp-content\/uploads\/2015\/12\/flexiteek-p.jpg","contentUrl":"https:\/\/www.primusr.com\/wp-content\/uploads\/2015\/12\/flexiteek-p.jpg"},{"@type":"BreadcrumbList","@id":"https:\/\/www.primusr.com\/de\/nautik\/kunstliche-gangflachen\/#breadcrumb","itemListElement":[{"@type":"ListItem","position":1,"name":"Home","item":"https:\/\/www.primusr.com\/de\/"},{"@type":"ListItem","position":2,"name":"Nautik","item":"https:\/\/www.primusr.com\/de\/nautik\/"},{"@type":"ListItem","position":3,"name":"K\u00fcnstliche Gangfl\u00e4chen"}]},{"@type":"WebSite","@id":"https:\/\/www.primusr.com\/#website","url":"https:\/\/www.primusr.com\/","name":"Primus R d.o.o.","description":"Nautical Flooring","potentialAction":[{"@type":"SearchAction","target":{"@type":"EntryPoint","urlTemplate":"https:\/\/www.primusr.com\/?s={search_term_string}"},"query-input":{"@type":"PropertyValueSpecification","valueRequired":true,"valueName":"search_term_string"}}],"inLanguage":"de"}]}},"_links":{"self":[{"href":"https:\/\/www.primusr.com\/de\/wp-json\/wp\/v2\/pages\/1156","targetHints":{"allow":["GET"]}}],"collection":[{"href":"https:\/\/www.primusr.com\/de\/wp-json\/wp\/v2\/pages"}],"about":[{"href":"https:\/\/www.primusr.com\/de\/wp-json\/wp\/v2\/types\/page"}],"author":[{"embeddable":true,"href":"https:\/\/www.primusr.com\/de\/wp-json\/wp\/v2\/users\/2"}],"replies":[{"embeddable":true,"href":"https:\/\/www.primusr.com\/de\/wp-json\/wp\/v2\/comments?post=1156"}],"version-history":[{"count":0,"href":"https:\/\/www.primusr.com\/de\/wp-json\/wp\/v2\/pages\/1156\/revisions"}],"up":[{"embeddable":true,"href":"https:\/\/www.primusr.com\/de\/wp-json\/wp\/v2\/pages\/1012"}],"wp:attachment":[{"href":"https:\/\/www.primusr.com\/de\/wp-json\/wp\/v2\/media?parent=1156"}],"curies":[{"name":"wp","href":"https:\/\/api.w.org\/{rel}","templated":true}]}}