{"id":1057,"date":"2016-02-08T23:55:29","date_gmt":"2016-02-08T22:55:29","guid":{"rendered":"https:\/\/www.primusr.com\/de\/izdelki-iz-tikovine\/"},"modified":"2016-03-29T22:48:49","modified_gmt":"2016-03-29T20:48:49","slug":"teakholz-produkte","status":"publish","type":"page","link":"https:\/\/www.primusr.com\/de\/teakholz-produkte\/","title":{"rendered":"Teakholz Produkte"},"content":{"rendered":"<div class=\"wpb-content-wrapper\"><p>[vc_row][vc_column][vc_column_text el_class=&#8220;center&#8220;]<\/p>\n<h2>Teakholz<\/h2>\n<p>[\/vc_column_text][vc_empty_space height=&#8220;20px&#8220;][vc_row_inner el_class=&#8220;glavne-panoge&#8220;][vc_column_inner width=&#8220;1\/4&#8243;][vc_column_text]<\/p>\n<div class=\"panoga-div\">\n<ul class=\"image-arrow bullet-top\"><\/p>\n<div><a href=\"\/de\/teakholz-produkte\/terrassen-und-schwimmbad\/\"><li><div class=\"wf-table\">\n<div><img decoding=\"async\" src=\"\/wp-content\/uploads\/2016\/02\/bazen-circle.png\" class=\"list-img\" alt=\"List item image\" \/><\/div>\n<div>Terrassen und Schwimmbad<\/div>\n<\/div>\n<\/li><\/a><\/div>\n<p><\/ul>\n<\/div>\n<p>[\/vc_column_text][\/vc_column_inner][vc_column_inner width=&#8220;1\/4&#8243;][vc_column_text]<\/p>\n<div class=\"panoga-div\">\n<ul class=\"image-arrow bullet-top\"><\/p>\n<div><a href=\"\/de\/nautik\/teakholz\/\"><li><div class=\"wf-table\">\n<div><img decoding=\"async\" src=\"\/wp-content\/uploads\/2016\/02\/tikovina-circle.png\" class=\"list-img\" alt=\"List item image\" \/><\/div>\n<div>Gangfl\u00e4chen aus Teakholz<\/div>\n<\/div>\n<\/li><\/a><\/div>\n<p><\/ul>\n<\/div>\n<p>[\/vc_column_text][\/vc_column_inner][vc_column_inner width=&#8220;1\/4&#8243;][vc_column_text]<\/p>\n<div class=\"panoga-div\">\n<ul class=\"image-arrow bullet-top\"><\/p>\n<div><a href=\"\/de\/teakholz-produkte\/mobel\/\"><li><div class=\"wf-table\">\n<div><img decoding=\"async\" src=\"\/wp-content\/uploads\/2016\/02\/pohistvo-circle.png\" class=\"list-img\" alt=\"List item image\" \/><\/div>\n<div>M\u00f6bel<\/div>\n<\/div>\n<\/li><\/a><\/div>\n<p><\/ul>\n<\/div>\n<p>[\/vc_column_text][\/vc_column_inner][vc_column_inner width=&#8220;1\/4&#8243;][vc_column_text]<\/p>\n<div class=\"panoga-div\">\n<ul class=\"image-arrow bullet-top\"><\/p>\n<div><a href=\"\/de\/nautik\/passerellen\/\"><li><div class=\"wf-table\">\n<div><img decoding=\"async\" src=\"\/wp-content\/uploads\/2016\/02\/pasarela-circle.png\" class=\"list-img\" alt=\"List item image\" \/><\/div>\n<div>Passerellen<\/div>\n<\/div>\n<\/li><\/a><\/div>\n<p><\/ul>\n<\/div>\n<p>[\/vc_column_text][\/vc_column_inner][\/vc_row_inner][vc_empty_space height=&#8220;30px&#8220;][\/vc_column][\/vc_row][vc_row type=&#8220;2&#8243; margin_top=&#8220;0&#8243; margin_bottom=&#8220;0&#8243; padding_top=&#8220;0&#8243; padding_bottom=&#8220;0&#8243;][vc_column][vc_empty_space height=&#8220;40px&#8220;][vc_column_text]Aus <strong>Teakholz<\/strong> stellen wir Zubeh\u00f6r und M\u00f6bel wie zum Beispiel K\u00fcchen im Cockpit, Gr\u00e4tings f\u00fcr Passerellen her und erneuern und ersetzen Teakdecksfugen. Aus Teakholz verfertigen wir auch Gangfl\u00e4chen. Nach W\u00fcnschen sorgen wir f\u00fcr die Umrandung Ihres Schwimmbades, Ihre Terrasse und andere Gangfl\u00e4chen.[\/vc_column_text][vc_empty_space height=&#8220;40px&#8220;][\/vc_column][\/vc_row][vc_row type=&#8220;1&#8243; margin_top=&#8220;0&#8243; margin_bottom=&#8220;0&#8243; padding_top=&#8220;0&#8243; padding_bottom=&#8220;0&#8243;][vc_column][vc_empty_space height=&#8220;60px&#8220;][vc_row_inner][vc_column_inner width=&#8220;1\/2&#8243;][vc_column_text]<\/p>\n<h2>Tikove pohodne povr\u0161ine<\/h2>\n<p>[\/vc_column_text][vc_empty_space height=&#8220;20px&#8220;][vc_column_text]Tikovino \u017ee stoletja uporabljamo za izdelovanje ladijskih palub, za njo je zna\u010dilna odli\u010dna odpornost proti trohnenju.[\/vc_column_text][vc_empty_space height=&#8220;20px&#8220;][vc_btn title=&#8220;Tikove pohodne povr\u0161ine&#8220; style=&#8220;outline&#8220; color=&#8220;primary&#8220; size=&#8220;sm&#8220; link=&#8220;url:%2Fnavtika%2Ftikovina%2F||&#8220;][\/vc_column_inner][vc_column_inner width=&#8220;1\/2&#8243;][vc_column_text]<img decoding=\"async\" class=\"alignnone size-medium wp-image-755\" src=\"https:\/\/www.primusr.com\/wp-content\/uploads\/2015\/12\/teakovina-p.jpg\" alt=\"teakovina-p\" width=\"300\" height=\"300\" srcset=\"https:\/\/www.primusr.com\/wp-content\/uploads\/2015\/12\/teakovina-p.jpg 300w, https:\/\/www.primusr.com\/wp-content\/uploads\/2015\/12\/teakovina-p-150x150.jpg 150w\" sizes=\"(max-width: 300px) 100vw, 300px\" \/>[\/vc_column_text][\/vc_column_inner][\/vc_row_inner][vc_empty_space height=&#8220;60px&#8220;][\/vc_column][\/vc_row][vc_row][vc_column][vc_empty_space height=&#8220;60px&#8220;][vc_row_inner][vc_column_inner el_class=&#8220;center&#8220; width=&#8220;1\/2&#8243;][vc_column_text]<img decoding=\"async\" class=\"alignnone size-medium wp-image-756\" src=\"https:\/\/www.primusr.com\/wp-content\/uploads\/2015\/12\/terase-bazeni-p.jpg\" alt=\"terase-bazeni-p\" width=\"300\" height=\"300\" srcset=\"https:\/\/www.primusr.com\/wp-content\/uploads\/2015\/12\/terase-bazeni-p.jpg 300w, https:\/\/www.primusr.com\/wp-content\/uploads\/2015\/12\/terase-bazeni-p-150x150.jpg 150w\" sizes=\"(max-width: 300px) 100vw, 300px\" \/>[\/vc_column_text][\/vc_column_inner][vc_column_inner width=&#8220;1\/2&#8243;][vc_column_text]<\/p>\n<h2>Terrasen und Schwimmbadumrandungen aus Teakholz<\/h2>\n<p>[\/vc_column_text][vc_empty_space height=&#8220;20px&#8220;][vc_column_text]Das Teakholz ist ein ideales Material f\u00fcr die Herstellung einer Au\u00dfenterrasse und ihrer H\u00e4rte. Genauso steht es ausgezeichnet Ihrem Schwimmbad.[\/vc_column_text][vc_empty_space height=&#8220;20px&#8220;][vc_btn title=&#8220;Terrassen und Schwimmbadumrandungen aus Teakholz&#8220; style=&#8220;outline&#8220; color=&#8220;primary&#8220; size=&#8220;sm&#8220; link=&#8220;url:%2Fde%2Fteakholz-produkte%2Fterrassen-und-schwimmbad%2F||&#8220;][\/vc_column_inner][\/vc_row_inner][vc_empty_space height=&#8220;60px&#8220;][\/vc_column][\/vc_row][vc_row type=&#8220;1&#8243; margin_top=&#8220;0&#8243; margin_bottom=&#8220;0&#8243; padding_top=&#8220;0&#8243; padding_bottom=&#8220;0&#8243;][vc_column][vc_empty_space height=&#8220;60px&#8220;][vc_row_inner][vc_column_inner width=&#8220;1\/2&#8243;][vc_column_text]<\/p>\n<h2>M\u00f6bel<\/h2>\n<p>[\/vc_column_text][vc_empty_space height=&#8220;20px&#8220;][vc_column_text]Nach Kundenwunsch verfertigen und montieren wir M\u00f6bel aus Teakholz oder renovieren und lackieren bestehende M\u00f6bel. Nach Bedarf k\u00f6nnen M\u00f6belst\u00fccke und Holzteile des Wasserfahrzeugs auch mit unserer Sandstrahlmaschine abgestrahlt werden.[\/vc_column_text][vc_empty_space height=&#8220;20px&#8220;][vc_btn title=&#8220;M\u00f6bel&#8220; style=&#8220;outline&#8220; color=&#8220;primary&#8220; size=&#8220;sm&#8220; link=&#8220;url:%2Fde%2Fteakholz-produkte%2Fmobel%2F||&#8220;][\/vc_column_inner][vc_column_inner width=&#8220;1\/2&#8243;][vc_column_text]<img decoding=\"async\" class=\"alignnone size-medium wp-image-754\" src=\"https:\/\/www.primusr.com\/wp-content\/uploads\/2015\/12\/pohistvo-p.jpg\" alt=\"pohistvo-p\" width=\"300\" height=\"300\" srcset=\"https:\/\/www.primusr.com\/wp-content\/uploads\/2015\/12\/pohistvo-p.jpg 300w, https:\/\/www.primusr.com\/wp-content\/uploads\/2015\/12\/pohistvo-p-150x150.jpg 150w\" sizes=\"(max-width: 300px) 100vw, 300px\" \/>[\/vc_column_text][\/vc_column_inner][\/vc_row_inner][vc_empty_space height=&#8220;60px&#8220;][\/vc_column][\/vc_row][vc_row][vc_column][vc_empty_space height=&#8220;60px&#8220;][vc_row_inner][vc_column_inner el_class=&#8220;center&#8220; width=&#8220;1\/2&#8243;][vc_column_text]<img decoding=\"async\" class=\"alignnone size-medium wp-image-772\" src=\"https:\/\/www.primusr.com\/wp-content\/uploads\/2016\/02\/pasarela-p.jpg\" alt=\"pasarela-p\" width=\"300\" height=\"300\" srcset=\"https:\/\/www.primusr.com\/wp-content\/uploads\/2016\/02\/pasarela-p.jpg 300w, https:\/\/www.primusr.com\/wp-content\/uploads\/2016\/02\/pasarela-p-150x150.jpg 150w\" sizes=\"(max-width: 300px) 100vw, 300px\" \/>[\/vc_column_text][\/vc_column_inner][vc_column_inner width=&#8220;1\/2&#8243;][vc_column_text]<\/p>\n<h2>Passerellen<\/h2>\n<p>[\/vc_column_text][vc_empty_space height=&#8220;20px&#8220;][vc_column_text]Die Zugangsbr\u00fccke (Passerelle) ist ein unentbehrlicher Teil jedes Wasserfahrzeugs, weil sie die einzige Verbindung zwischen dem Land und dem Wasserfahrzeug darstellt.[\/vc_column_text][vc_empty_space height=&#8220;20px&#8220;][vc_btn title=&#8220;Passerellen&#8220; style=&#8220;outline&#8220; color=&#8220;primary&#8220; size=&#8220;sm&#8220; link=&#8220;url:%2Fde%2Fnautik%2Fpasserellen%2F||&#8220;][\/vc_column_inner][\/vc_row_inner][vc_empty_space height=&#8220;60px&#8220;][\/vc_column][\/vc_row]<\/p>\n<\/div>","protected":false},"excerpt":{"rendered":"<p>[vc_row][vc_column][vc_column_text el_class=&#8220;center&#8220;] Teakholz [\/vc_column_text][vc_empty_space height=&#8220;20px&#8220;][vc_row_inner el_class=&#8220;glavne-panoge&#8220;][vc_column_inner width=&#8220;1\/4&#8243;][vc_column_text] [\/vc_column_text][\/vc_column_inner][vc_column_inner width=&#8220;1\/4&#8243;][vc_column_text] [\/vc_column_text][\/vc_column_inner][vc_column_inner width=&#8220;1\/4&#8243;][vc_column_text] [\/vc_column_text][\/vc_column_inner][vc_column_inner width=&#8220;1\/4&#8243;][vc_column_text] [\/vc_column_text][\/vc_column_inner][\/vc_row_inner][vc_empty_space height=&#8220;30px&#8220;][\/vc_column][\/vc_row][vc_row type=&#8220;2&#8243; margin_top=&#8220;0&#8243; margin_bottom=&#8220;0&#8243; padding_top=&#8220;0&#8243; padding_bottom=&#8220;0&#8243;][vc_column][vc_empty_space height=&#8220;40px&#8220;][vc_column_text]Aus Teakholz stellen wir Zubeh\u00f6r und M\u00f6bel wie zum Beispiel K\u00fcchen im Cockpit, Gr\u00e4tings f\u00fcr Passerellen her und erneuern und ersetzen Teakdecksfugen. Aus Teakholz verfertigen wir auch Gangfl\u00e4chen. Nach W\u00fcnschen sorgen wir f\u00fcr die Umrandung&hellip;<\/p>\n","protected":false},"author":2,"featured_media":0,"parent":0,"menu_order":0,"comment_status":"closed","ping_status":"closed","template":"","meta":{"footnotes":""},"class_list":["post-1057","page","type-page","status-publish","hentry","description-off"],"yoast_head":"<!-- This site is optimized with the Yoast SEO plugin v27.5 - https:\/\/yoast.com\/product\/yoast-seo-wordpress\/ -->\n<title>Teakholz Produkte - Primus R d.o.o.<\/title>\n<meta name=\"description\" content=\"Iz tikovega lesa izdelujemo razne dodatke kot so kuhinje v kokpitu, izdelujemo re\u0161etke pasarel, obnavljamo in menjamo fuge na tikovih palubah.\" \/>\n<meta name=\"robots\" content=\"index, follow, max-snippet:-1, max-image-preview:large, max-video-preview:-1\" \/>\n<link rel=\"canonical\" href=\"https:\/\/www.primusr.com\/de\/teakholz-produkte\/\" \/>\n<meta property=\"og:locale\" content=\"de_DE\" \/>\n<meta property=\"og:type\" content=\"article\" \/>\n<meta property=\"og:title\" content=\"Teakholz Produkte - Primus R d.o.o.\" \/>\n<meta property=\"og:description\" content=\"Iz tikovega lesa izdelujemo razne dodatke kot so kuhinje v kokpitu, izdelujemo re\u0161etke pasarel, obnavljamo in menjamo fuge na tikovih palubah.\" \/>\n<meta property=\"og:url\" content=\"https:\/\/www.primusr.com\/de\/teakholz-produkte\/\" \/>\n<meta property=\"og:site_name\" content=\"Primus R d.o.o.\" \/>\n<meta property=\"article:publisher\" content=\"https:\/\/www.facebook.com\/primusrdoo\" \/>\n<meta property=\"article:modified_time\" content=\"2016-03-29T20:48:49+00:00\" \/>\n<meta property=\"og:image\" content=\"https:\/\/www.primusr.com\/wp-content\/uploads\/2015\/12\/teakovina-p.jpg\" \/>\n<meta name=\"twitter:card\" content=\"summary_large_image\" \/>\n<meta name=\"twitter:label1\" content=\"Gesch\u00e4tzte Lesezeit\" \/>\n\t<meta name=\"twitter:data1\" content=\"4\u00a0Minuten\" \/>\n<script type=\"application\/ld+json\" class=\"yoast-schema-graph\">{\"@context\":\"https:\\\/\\\/schema.org\",\"@graph\":[{\"@type\":\"WebPage\",\"@id\":\"https:\\\/\\\/www.primusr.com\\\/de\\\/teakholz-produkte\\\/\",\"url\":\"https:\\\/\\\/www.primusr.com\\\/de\\\/teakholz-produkte\\\/\",\"name\":\"Teakholz Produkte - Primus R d.o.o.\",\"isPartOf\":{\"@id\":\"https:\\\/\\\/www.primusr.com\\\/#website\"},\"primaryImageOfPage\":{\"@id\":\"https:\\\/\\\/www.primusr.com\\\/de\\\/teakholz-produkte\\\/#primaryimage\"},\"image\":{\"@id\":\"https:\\\/\\\/www.primusr.com\\\/de\\\/teakholz-produkte\\\/#primaryimage\"},\"thumbnailUrl\":\"https:\\\/\\\/www.primusr.com\\\/wp-content\\\/uploads\\\/2015\\\/12\\\/teakovina-p.jpg\",\"datePublished\":\"2016-02-08T22:55:29+00:00\",\"dateModified\":\"2016-03-29T20:48:49+00:00\",\"description\":\"Iz tikovega lesa izdelujemo razne dodatke kot so kuhinje v kokpitu, izdelujemo re\u0161etke pasarel, obnavljamo in menjamo fuge na tikovih palubah.\",\"breadcrumb\":{\"@id\":\"https:\\\/\\\/www.primusr.com\\\/de\\\/teakholz-produkte\\\/#breadcrumb\"},\"inLanguage\":\"de\",\"potentialAction\":[{\"@type\":\"ReadAction\",\"target\":[\"https:\\\/\\\/www.primusr.com\\\/de\\\/teakholz-produkte\\\/\"]}]},{\"@type\":\"ImageObject\",\"inLanguage\":\"de\",\"@id\":\"https:\\\/\\\/www.primusr.com\\\/de\\\/teakholz-produkte\\\/#primaryimage\",\"url\":\"https:\\\/\\\/www.primusr.com\\\/wp-content\\\/uploads\\\/2015\\\/12\\\/teakovina-p.jpg\",\"contentUrl\":\"https:\\\/\\\/www.primusr.com\\\/wp-content\\\/uploads\\\/2015\\\/12\\\/teakovina-p.jpg\"},{\"@type\":\"BreadcrumbList\",\"@id\":\"https:\\\/\\\/www.primusr.com\\\/de\\\/teakholz-produkte\\\/#breadcrumb\",\"itemListElement\":[{\"@type\":\"ListItem\",\"position\":1,\"name\":\"Home\",\"item\":\"https:\\\/\\\/www.primusr.com\\\/de\\\/\"},{\"@type\":\"ListItem\",\"position\":2,\"name\":\"Teakholz Produkte\"}]},{\"@type\":\"WebSite\",\"@id\":\"https:\\\/\\\/www.primusr.com\\\/#website\",\"url\":\"https:\\\/\\\/www.primusr.com\\\/\",\"name\":\"Primus R d.o.o.\",\"description\":\"Nautical Flooring\",\"potentialAction\":[{\"@type\":\"SearchAction\",\"target\":{\"@type\":\"EntryPoint\",\"urlTemplate\":\"https:\\\/\\\/www.primusr.com\\\/?s={search_term_string}\"},\"query-input\":{\"@type\":\"PropertyValueSpecification\",\"valueRequired\":true,\"valueName\":\"search_term_string\"}}],\"inLanguage\":\"de\"}]}<\/script>\n<!-- \/ Yoast SEO plugin. -->","yoast_head_json":{"title":"Teakholz Produkte - Primus R d.o.o.","description":"Iz tikovega lesa izdelujemo razne dodatke kot so kuhinje v kokpitu, izdelujemo re\u0161etke pasarel, obnavljamo in menjamo fuge na tikovih palubah.","robots":{"index":"index","follow":"follow","max-snippet":"max-snippet:-1","max-image-preview":"max-image-preview:large","max-video-preview":"max-video-preview:-1"},"canonical":"https:\/\/www.primusr.com\/de\/teakholz-produkte\/","og_locale":"de_DE","og_type":"article","og_title":"Teakholz Produkte - Primus R d.o.o.","og_description":"Iz tikovega lesa izdelujemo razne dodatke kot so kuhinje v kokpitu, izdelujemo re\u0161etke pasarel, obnavljamo in menjamo fuge na tikovih palubah.","og_url":"https:\/\/www.primusr.com\/de\/teakholz-produkte\/","og_site_name":"Primus R d.o.o.","article_publisher":"https:\/\/www.facebook.com\/primusrdoo","article_modified_time":"2016-03-29T20:48:49+00:00","og_image":[{"url":"https:\/\/www.primusr.com\/wp-content\/uploads\/2015\/12\/teakovina-p.jpg","type":"","width":"","height":""}],"twitter_card":"summary_large_image","twitter_misc":{"Gesch\u00e4tzte Lesezeit":"4\u00a0Minuten"},"schema":{"@context":"https:\/\/schema.org","@graph":[{"@type":"WebPage","@id":"https:\/\/www.primusr.com\/de\/teakholz-produkte\/","url":"https:\/\/www.primusr.com\/de\/teakholz-produkte\/","name":"Teakholz Produkte - Primus R d.o.o.","isPartOf":{"@id":"https:\/\/www.primusr.com\/#website"},"primaryImageOfPage":{"@id":"https:\/\/www.primusr.com\/de\/teakholz-produkte\/#primaryimage"},"image":{"@id":"https:\/\/www.primusr.com\/de\/teakholz-produkte\/#primaryimage"},"thumbnailUrl":"https:\/\/www.primusr.com\/wp-content\/uploads\/2015\/12\/teakovina-p.jpg","datePublished":"2016-02-08T22:55:29+00:00","dateModified":"2016-03-29T20:48:49+00:00","description":"Iz tikovega lesa izdelujemo razne dodatke kot so kuhinje v kokpitu, izdelujemo re\u0161etke pasarel, obnavljamo in menjamo fuge na tikovih palubah.","breadcrumb":{"@id":"https:\/\/www.primusr.com\/de\/teakholz-produkte\/#breadcrumb"},"inLanguage":"de","potentialAction":[{"@type":"ReadAction","target":["https:\/\/www.primusr.com\/de\/teakholz-produkte\/"]}]},{"@type":"ImageObject","inLanguage":"de","@id":"https:\/\/www.primusr.com\/de\/teakholz-produkte\/#primaryimage","url":"https:\/\/www.primusr.com\/wp-content\/uploads\/2015\/12\/teakovina-p.jpg","contentUrl":"https:\/\/www.primusr.com\/wp-content\/uploads\/2015\/12\/teakovina-p.jpg"},{"@type":"BreadcrumbList","@id":"https:\/\/www.primusr.com\/de\/teakholz-produkte\/#breadcrumb","itemListElement":[{"@type":"ListItem","position":1,"name":"Home","item":"https:\/\/www.primusr.com\/de\/"},{"@type":"ListItem","position":2,"name":"Teakholz Produkte"}]},{"@type":"WebSite","@id":"https:\/\/www.primusr.com\/#website","url":"https:\/\/www.primusr.com\/","name":"Primus R d.o.o.","description":"Nautical Flooring","potentialAction":[{"@type":"SearchAction","target":{"@type":"EntryPoint","urlTemplate":"https:\/\/www.primusr.com\/?s={search_term_string}"},"query-input":{"@type":"PropertyValueSpecification","valueRequired":true,"valueName":"search_term_string"}}],"inLanguage":"de"}]}},"_links":{"self":[{"href":"https:\/\/www.primusr.com\/de\/wp-json\/wp\/v2\/pages\/1057","targetHints":{"allow":["GET"]}}],"collection":[{"href":"https:\/\/www.primusr.com\/de\/wp-json\/wp\/v2\/pages"}],"about":[{"href":"https:\/\/www.primusr.com\/de\/wp-json\/wp\/v2\/types\/page"}],"author":[{"embeddable":true,"href":"https:\/\/www.primusr.com\/de\/wp-json\/wp\/v2\/users\/2"}],"replies":[{"embeddable":true,"href":"https:\/\/www.primusr.com\/de\/wp-json\/wp\/v2\/comments?post=1057"}],"version-history":[{"count":0,"href":"https:\/\/www.primusr.com\/de\/wp-json\/wp\/v2\/pages\/1057\/revisions"}],"wp:attachment":[{"href":"https:\/\/www.primusr.com\/de\/wp-json\/wp\/v2\/media?parent=1057"}],"curies":[{"name":"wp","href":"https:\/\/api.w.org\/{rel}","templated":true}]}}