{"id":1048,"date":"2016-02-08T23:55:46","date_gmt":"2016-02-08T22:55:46","guid":{"rendered":"https:\/\/www.primusr.com\/de\/nautik\/tikovina\/"},"modified":"2016-03-17T20:19:54","modified_gmt":"2016-03-17T19:19:54","slug":"teakholz","status":"publish","type":"page","link":"https:\/\/www.primusr.com\/de\/nautik\/teakholz\/","title":{"rendered":"Teakholz"},"content":{"rendered":"<div class=\"wpb-content-wrapper\"><p>[vc_row][vc_column][vc_column_text el_class=&#8220;center&#8220;]<\/p>\n<h2>Teakholz auf Wasserfahrzeugen<\/h2>\n<p>[\/vc_column_text][vc_empty_space height=&#8220;40px&#8220;][vc_row_inner][vc_column_inner width=&#8220;1\/2&#8243;][vc_column_text]Das Teakholz wird schon Jahrhunderte f\u00fcr die Herstellung der Schiffsdecks verwendet, weil es sehr widerstandsf\u00e4hig gegen Vermodern ist. Das Teakholz ist ein sch\u00f6nes Material, obgleich unbearbeitet, jedoch schutzbed\u00fcrftig. Ein geeigneter Schutz hat nicht nur eine \u00e4sthetische Rolle; er verhindert n\u00e4mlich die Wasserdurchl\u00e4ssigkeit, die einen gro\u00dfen Schaden\u00a0 verursachen und unansehnliche Spuren am Rumpf hinterlassen kann und verhindert das Vermodern des Holzes und das Rosten von Metallbestandteilen.<\/p>\n<p>F\u00fcr den Schutz werden wasserundurchl\u00e4ssige Dichtungsanstriche ben\u00f6tigt. Der Teakbeleg verst\u00e4rkt strukturell die Unterschicht des Decks und gew\u00e4hrleistet eine zus\u00e4tzliche Isolierung im hei\u00dfen und kalten Klima.<\/p>\n<p>Die Eigenschaften des Teakholzes wie \u00d6l-, Fett-, Talk- und Harzgehalt oder Porosit\u00e4t sind von seiner Herkunft und seinem Alter abh\u00e4ngig.<\/p>\n<p>Frisches Teakholz ist gr\u00fcnlichgelb, nach der Trocknung wird es gelb- bis dunkelbraun. Es sind von 2 bis 8 mm breite dunkelbraune oder schwarze Linien sichtbar.<\/p>\n<p>Burmesisches und thail\u00e4ndisches Teakholz ist immer dunkler, indonesisches aber heller.<\/p>\n<p>Teakdecks werden nach Schablonentechnik hergestellt, was bedeutet, dass die Schablone genau nach gew\u00fcnschten Oberfl\u00e4chen auf Wasserfahrzeugen gefertigt wird.<\/p>\n<p>Es wird nur zertifiziertes Teakholz mit FSC und FEQ Qualit\u00e4t benutzt, das bedeutet, dass das Holz gem\u00e4\u00df g\u00fcltigen Vorschriften gef\u00e4llt und ges\u00e4gt wird.[\/vc_column_text][\/vc_column_inner][vc_column_inner width=&#8220;1\/2&#8243;]<div class=\"wf-container dt-gallery-container dt-photos-shortcode loading-effect-none iso-container\" data-padding=\"2px\" data-cur-page=\"1\" data-width=\"150px\" data-columns=\"3\" data-pretty-share=\"facebook,twitter,pinterest,linkedin\"><div class=\"wf-cell iso-item\" data-post-id=\"1719\" data-date=\"2016-02-14T23:48:04+01:00\" data-name=\"teak-1\">\n<article class=\"post post-1719 attachment type-attachment status-inherit hentry no-img description-off\">\n\n\t<figure class=\"rollover-project links-hovers-disabled\">\n\t<a href=\"https:\/\/www.primusr.com\/wp-content\/uploads\/2016\/02\/teak-1.jpg\" class=\"rollover rollover-zoom dt-pswp-item layzr-bg\" title=\"teak-1\" data-dt-img-description=\"\"  data-large_image_width=\"1900\" data-large_image_height = \"1208\"  data-dt-location=\"https:\/\/www.primusr.com\/de\/album\/teakholz\/teak-1-2\/\" ><img decoding=\"async\" class=\"preload-me iso-lazy-load aspect\" src=\"data:image\/svg+xml,%3Csvg%20xmlns%3D&#39;http%3A%2F%2Fwww.w3.org%2F2000%2Fsvg&#39;%20viewBox%3D&#39;0%200%20225%20143&#39;%2F%3E\" data-src=\"https:\/\/www.primusr.com\/wp-content\/uploads\/2016\/02\/teak-1-225x143.jpg\" data-srcset=\"https:\/\/www.primusr.com\/wp-content\/uploads\/2016\/02\/teak-1-225x143.jpg 225w, https:\/\/www.primusr.com\/wp-content\/uploads\/2016\/02\/teak-1-450x286.jpg 450w\" loading=\"eager\" style=\"--ratio: 225 \/ 143\" sizes=\"(max-width: 225px) 100vw, 225px\" alt=\"\" width=\"225\" height=\"143\"  \/><\/a>\t<\/figure>\n<\/article>\n\n<\/div><div class=\"wf-cell iso-item\" data-post-id=\"1722\" data-date=\"2016-02-14T23:48:08+01:00\" data-name=\"teak-2\">\n<article class=\"post post-1722 attachment type-attachment status-inherit hentry no-img description-off\">\n\n\t<figure class=\"rollover-project links-hovers-disabled\">\n\t<a href=\"https:\/\/www.primusr.com\/wp-content\/uploads\/2016\/02\/teak-2.jpg\" class=\"rollover rollover-zoom dt-pswp-item layzr-bg\" title=\"teak-2\" data-dt-img-description=\"\"  data-large_image_width=\"1700\" data-large_image_height = \"1536\"  data-dt-location=\"https:\/\/www.primusr.com\/de\/album\/teakholz\/teak-2-2\/\" ><img decoding=\"async\" class=\"preload-me iso-lazy-load aspect\" src=\"data:image\/svg+xml,%3Csvg%20xmlns%3D&#39;http%3A%2F%2Fwww.w3.org%2F2000%2Fsvg&#39;%20viewBox%3D&#39;0%200%20225%20203&#39;%2F%3E\" data-src=\"https:\/\/www.primusr.com\/wp-content\/uploads\/2016\/02\/teak-2-225x203.jpg\" data-srcset=\"https:\/\/www.primusr.com\/wp-content\/uploads\/2016\/02\/teak-2-225x203.jpg 225w, https:\/\/www.primusr.com\/wp-content\/uploads\/2016\/02\/teak-2-450x406.jpg 450w\" loading=\"eager\" style=\"--ratio: 225 \/ 203\" sizes=\"(max-width: 225px) 100vw, 225px\" alt=\"\" width=\"225\" height=\"203\"  \/><\/a>\t<\/figure>\n<\/article>\n\n<\/div><div class=\"wf-cell iso-item\" data-post-id=\"1725\" data-date=\"2016-02-14T23:48:12+01:00\" data-name=\"teak-3\">\n<article class=\"post post-1725 attachment type-attachment status-inherit hentry no-img description-off\">\n\n\t<figure class=\"rollover-project links-hovers-disabled\">\n\t<a href=\"https:\/\/www.primusr.com\/wp-content\/uploads\/2016\/02\/teak-3.jpg\" class=\"rollover rollover-zoom dt-pswp-item layzr-bg\" title=\"teak-3\" data-dt-img-description=\"\"  data-large_image_width=\"1900\" data-large_image_height = \"1456\"  data-dt-location=\"https:\/\/www.primusr.com\/de\/album\/teakholz\/teak-3-2\/\" ><img decoding=\"async\" class=\"preload-me iso-lazy-load aspect\" src=\"data:image\/svg+xml,%3Csvg%20xmlns%3D&#39;http%3A%2F%2Fwww.w3.org%2F2000%2Fsvg&#39;%20viewBox%3D&#39;0%200%20225%20172&#39;%2F%3E\" data-src=\"https:\/\/www.primusr.com\/wp-content\/uploads\/2016\/02\/teak-3-225x172.jpg\" data-srcset=\"https:\/\/www.primusr.com\/wp-content\/uploads\/2016\/02\/teak-3-225x172.jpg 225w, https:\/\/www.primusr.com\/wp-content\/uploads\/2016\/02\/teak-3-450x344.jpg 450w\" loading=\"eager\" style=\"--ratio: 225 \/ 172\" sizes=\"(max-width: 225px) 100vw, 225px\" alt=\"\" width=\"225\" height=\"172\"  \/><\/a>\t<\/figure>\n<\/article>\n\n<\/div><div class=\"wf-cell iso-item\" data-post-id=\"1728\" data-date=\"2016-02-14T23:48:16+01:00\" data-name=\"teak-4\">\n<article class=\"post post-1728 attachment type-attachment status-inherit hentry no-img description-off\">\n\n\t<figure class=\"rollover-project links-hovers-disabled\">\n\t<a href=\"https:\/\/www.primusr.com\/wp-content\/uploads\/2016\/02\/teak-4.jpg\" class=\"rollover rollover-zoom dt-pswp-item layzr-bg\" title=\"teak-4\" data-dt-img-description=\"\"  data-large_image_width=\"1900\" data-large_image_height = \"1425\"  data-dt-location=\"https:\/\/www.primusr.com\/de\/album\/teakholz\/teak-4-2\/\" ><img decoding=\"async\" class=\"preload-me iso-lazy-load aspect\" src=\"data:image\/svg+xml,%3Csvg%20xmlns%3D&#39;http%3A%2F%2Fwww.w3.org%2F2000%2Fsvg&#39;%20viewBox%3D&#39;0%200%20225%20169&#39;%2F%3E\" data-src=\"https:\/\/www.primusr.com\/wp-content\/uploads\/2016\/02\/teak-4-225x169.jpg\" data-srcset=\"https:\/\/www.primusr.com\/wp-content\/uploads\/2016\/02\/teak-4-225x169.jpg 225w, https:\/\/www.primusr.com\/wp-content\/uploads\/2016\/02\/teak-4-450x338.jpg 450w\" loading=\"eager\" style=\"--ratio: 225 \/ 169\" sizes=\"(max-width: 225px) 100vw, 225px\" alt=\"\" width=\"225\" height=\"169\"  \/><\/a>\t<\/figure>\n<\/article>\n\n<\/div><div class=\"wf-cell iso-item\" data-post-id=\"1731\" data-date=\"2016-02-14T23:48:20+01:00\" data-name=\"teak-5\">\n<article class=\"post post-1731 attachment type-attachment status-inherit hentry no-img description-off\">\n\n\t<figure class=\"rollover-project links-hovers-disabled\">\n\t<a href=\"https:\/\/www.primusr.com\/wp-content\/uploads\/2016\/02\/teak-5.jpg\" class=\"rollover rollover-zoom dt-pswp-item layzr-bg\" title=\"teak-5\" data-dt-img-description=\"\"  data-large_image_width=\"749\" data-large_image_height = \"411\"  data-dt-location=\"https:\/\/www.primusr.com\/de\/album\/teakholz\/teak-5-2\/\" ><img decoding=\"async\" class=\"preload-me iso-lazy-load aspect\" src=\"data:image\/svg+xml,%3Csvg%20xmlns%3D&#39;http%3A%2F%2Fwww.w3.org%2F2000%2Fsvg&#39;%20viewBox%3D&#39;0%200%20225%20123&#39;%2F%3E\" data-src=\"https:\/\/www.primusr.com\/wp-content\/uploads\/2016\/02\/teak-5-225x123.jpg\" data-srcset=\"https:\/\/www.primusr.com\/wp-content\/uploads\/2016\/02\/teak-5-225x123.jpg 225w, https:\/\/www.primusr.com\/wp-content\/uploads\/2016\/02\/teak-5-450x246.jpg 450w\" loading=\"eager\" style=\"--ratio: 225 \/ 123\" sizes=\"(max-width: 225px) 100vw, 225px\" alt=\"\" width=\"225\" height=\"123\"  \/><\/a>\t<\/figure>\n<\/article>\n\n<\/div><div class=\"wf-cell iso-item\" data-post-id=\"1734\" data-date=\"2016-02-14T23:48:23+01:00\" data-name=\"teak-6\">\n<article class=\"post post-1734 attachment type-attachment status-inherit hentry no-img description-off\">\n\n\t<figure class=\"rollover-project links-hovers-disabled\">\n\t<a href=\"https:\/\/www.primusr.com\/wp-content\/uploads\/2016\/02\/teak-6.jpg\" class=\"rollover rollover-zoom dt-pswp-item layzr-bg\" title=\"teak-6\" data-dt-img-description=\"\"  data-large_image_width=\"1632\" data-large_image_height = \"771\"  data-dt-location=\"https:\/\/www.primusr.com\/de\/album\/teakholz\/teak-6-2\/\" ><img decoding=\"async\" class=\"preload-me iso-lazy-load aspect\" src=\"data:image\/svg+xml,%3Csvg%20xmlns%3D&#39;http%3A%2F%2Fwww.w3.org%2F2000%2Fsvg&#39;%20viewBox%3D&#39;0%200%20225%20106&#39;%2F%3E\" data-src=\"https:\/\/www.primusr.com\/wp-content\/uploads\/2016\/02\/teak-6-225x106.jpg\" data-srcset=\"https:\/\/www.primusr.com\/wp-content\/uploads\/2016\/02\/teak-6-225x106.jpg 225w, https:\/\/www.primusr.com\/wp-content\/uploads\/2016\/02\/teak-6-450x212.jpg 450w\" loading=\"eager\" style=\"--ratio: 225 \/ 106\" sizes=\"(max-width: 225px) 100vw, 225px\" alt=\"\" width=\"225\" height=\"106\"  \/><\/a>\t<\/figure>\n<\/article>\n\n<\/div><div class=\"wf-cell iso-item\" data-post-id=\"1737\" data-date=\"2016-02-14T23:48:26+01:00\" data-name=\"teak-7\">\n<article class=\"post post-1737 attachment type-attachment status-inherit hentry no-img description-off\">\n\n\t<figure class=\"rollover-project links-hovers-disabled\">\n\t<a href=\"https:\/\/www.primusr.com\/wp-content\/uploads\/2016\/02\/teak-7.jpg\" class=\"rollover rollover-zoom dt-pswp-item layzr-bg\" title=\"teak-7\" data-dt-img-description=\"\"  data-large_image_width=\"749\" data-large_image_height = \"263\"  data-dt-location=\"https:\/\/www.primusr.com\/de\/album\/teakholz\/teak-7-2\/\" ><img decoding=\"async\" class=\"preload-me iso-lazy-load aspect\" src=\"data:image\/svg+xml,%3Csvg%20xmlns%3D&#39;http%3A%2F%2Fwww.w3.org%2F2000%2Fsvg&#39;%20viewBox%3D&#39;0%200%20225%2079&#39;%2F%3E\" data-src=\"https:\/\/www.primusr.com\/wp-content\/uploads\/2016\/02\/teak-7-225x79.jpg\" data-srcset=\"https:\/\/www.primusr.com\/wp-content\/uploads\/2016\/02\/teak-7-225x79.jpg 225w, https:\/\/www.primusr.com\/wp-content\/uploads\/2016\/02\/teak-7-450x158.jpg 450w\" loading=\"eager\" style=\"--ratio: 225 \/ 79\" sizes=\"(max-width: 225px) 100vw, 225px\" alt=\"\" width=\"225\" height=\"79\"  \/><\/a>\t<\/figure>\n<\/article>\n\n<\/div><div class=\"wf-cell iso-item\" data-post-id=\"1854\" data-date=\"2016-02-21T16:52:01+01:00\" data-name=\"teak-9\">\n<article class=\"post post-1854 attachment type-attachment status-inherit hentry no-img description-off\">\n\n\t<figure class=\"rollover-project links-hovers-disabled\">\n\t<a href=\"https:\/\/www.primusr.com\/wp-content\/uploads\/2016\/02\/teak-9.jpg\" class=\"rollover rollover-zoom dt-pswp-item layzr-bg\" title=\"teak-9\" data-dt-img-description=\"\"  data-large_image_width=\"1900\" data-large_image_height = \"1416\"  data-dt-location=\"https:\/\/www.primusr.com\/de\/album\/teakholz\/teak-9-2\/\" ><img decoding=\"async\" class=\"preload-me iso-lazy-load aspect\" src=\"data:image\/svg+xml,%3Csvg%20xmlns%3D&#39;http%3A%2F%2Fwww.w3.org%2F2000%2Fsvg&#39;%20viewBox%3D&#39;0%200%20225%20168&#39;%2F%3E\" data-src=\"https:\/\/www.primusr.com\/wp-content\/uploads\/2016\/02\/teak-9-225x168.jpg\" data-srcset=\"https:\/\/www.primusr.com\/wp-content\/uploads\/2016\/02\/teak-9-225x168.jpg 225w, https:\/\/www.primusr.com\/wp-content\/uploads\/2016\/02\/teak-9-450x336.jpg 450w\" loading=\"eager\" style=\"--ratio: 225 \/ 168\" sizes=\"(max-width: 225px) 100vw, 225px\" alt=\"\" width=\"225\" height=\"168\"  \/><\/a>\t<\/figure>\n<\/article>\n\n<\/div><div class=\"wf-cell iso-item\" data-post-id=\"1857\" data-date=\"2016-02-21T16:52:05+01:00\" data-name=\"teak-10\">\n<article class=\"post post-1857 attachment type-attachment status-inherit hentry no-img description-off\">\n\n\t<figure class=\"rollover-project links-hovers-disabled\">\n\t<a href=\"https:\/\/www.primusr.com\/wp-content\/uploads\/2016\/02\/teak-10.jpg\" class=\"rollover rollover-zoom dt-pswp-item layzr-bg\" title=\"teak-10\" data-dt-img-description=\"\"  data-large_image_width=\"1673\" data-large_image_height = \"1900\"  data-dt-location=\"https:\/\/www.primusr.com\/de\/album\/teakholz\/teak-10-2\/\" ><img fetchpriority=\"high\" decoding=\"async\" class=\"preload-me iso-lazy-load aspect\" src=\"data:image\/svg+xml,%3Csvg%20xmlns%3D&#39;http%3A%2F%2Fwww.w3.org%2F2000%2Fsvg&#39;%20viewBox%3D&#39;0%200%20225%20256&#39;%2F%3E\" data-src=\"https:\/\/www.primusr.com\/wp-content\/uploads\/2016\/02\/teak-10-225x256.jpg\" data-srcset=\"https:\/\/www.primusr.com\/wp-content\/uploads\/2016\/02\/teak-10-225x256.jpg 225w, https:\/\/www.primusr.com\/wp-content\/uploads\/2016\/02\/teak-10-450x512.jpg 450w\" loading=\"eager\" style=\"--ratio: 225 \/ 256\" sizes=\"(max-width: 225px) 100vw, 225px\" alt=\"\" width=\"225\" height=\"256\"  \/><\/a>\t<\/figure>\n<\/article>\n\n<\/div><div class=\"wf-cell iso-item\" data-post-id=\"1740\" data-date=\"2016-02-14T23:48:29+01:00\" data-name=\"teak-8\">\n<article class=\"post post-1740 attachment type-attachment status-inherit hentry no-img description-off\">\n\n\t<figure class=\"rollover-project links-hovers-disabled\">\n\t<a href=\"https:\/\/www.primusr.com\/wp-content\/uploads\/2016\/02\/teak-8.jpg\" class=\"rollover rollover-zoom dt-pswp-item layzr-bg\" title=\"teak-8\" data-dt-img-description=\"\"  data-large_image_width=\"1900\" data-large_image_height = \"1289\"  data-dt-location=\"https:\/\/www.primusr.com\/de\/album\/teakholz\/teak-8-2\/\" ><img decoding=\"async\" class=\"preload-me iso-lazy-load aspect\" src=\"data:image\/svg+xml,%3Csvg%20xmlns%3D&#39;http%3A%2F%2Fwww.w3.org%2F2000%2Fsvg&#39;%20viewBox%3D&#39;0%200%20225%20153&#39;%2F%3E\" data-src=\"https:\/\/www.primusr.com\/wp-content\/uploads\/2016\/02\/teak-8-225x153.jpg\" data-srcset=\"https:\/\/www.primusr.com\/wp-content\/uploads\/2016\/02\/teak-8-225x153.jpg 225w, https:\/\/www.primusr.com\/wp-content\/uploads\/2016\/02\/teak-8-450x306.jpg 450w\" loading=\"eager\" style=\"--ratio: 225 \/ 153\" sizes=\"(max-width: 225px) 100vw, 225px\" alt=\"\" width=\"225\" height=\"153\"  \/><\/a>\t<\/figure>\n<\/article>\n\n<\/div><\/div>[\/vc_column_inner][\/vc_row_inner][\/vc_column][\/vc_row][vc_row][vc_column][vc_empty_space height=&#8220;80px&#8220;][vc_column_text el_class=&#8220;center&#8220;]<\/p>\n<h2>Haben Sie eine Frage?<\/h2>\n<p>F\u00fcr irgendwelche Fragen k\u00f6nnen Sie uns jederzeit kontaktieren. Daf\u00fcr k\u00f6nnen Sie das untere Formular benutzen.[\/vc_column_text][vc_empty_space height=&#8220;40px&#8220;]\n<div class=\"wpcf7 no-js\" id=\"wpcf7-f928-o1\" lang=\"sl-SI\" dir=\"ltr\" data-wpcf7-id=\"928\">\n<div class=\"screen-reader-response\"><p role=\"status\" aria-live=\"polite\" aria-atomic=\"true\"><\/p> <ul><\/ul><\/div>\n<form action=\"\/de\/wp-json\/wp\/v2\/pages\/1048#wpcf7-f928-o1\" method=\"post\" class=\"wpcf7-form init\" aria-label=\"Contact form\" novalidate=\"novalidate\" data-status=\"init\">\n<fieldset class=\"hidden-fields-container\"><input type=\"hidden\" name=\"_wpcf7\" value=\"928\" \/><input type=\"hidden\" name=\"_wpcf7_version\" value=\"6.1.5\" \/><input type=\"hidden\" name=\"_wpcf7_locale\" value=\"sl_SI\" \/><input type=\"hidden\" name=\"_wpcf7_unit_tag\" value=\"wpcf7-f928-o1\" \/><input type=\"hidden\" name=\"_wpcf7_container_post\" value=\"0\" \/><input type=\"hidden\" name=\"_wpcf7_posted_data_hash\" value=\"\" \/><input type=\"hidden\" name=\"_wpcf7_recaptcha_response\" value=\"\" \/>\n<\/fieldset>\n<p>Ihr Name *<br \/>\n<span class=\"wpcf7-form-control-wrap\" data-name=\"your-name\"><input size=\"40\" maxlength=\"400\" class=\"wpcf7-form-control wpcf7-text wpcf7-validates-as-required\" aria-required=\"true\" aria-invalid=\"false\" value=\"\" type=\"text\" name=\"your-name\" \/><\/span>\n<\/p>\n<p>Ihre E-Mail-Adresse * (obvezno)<br \/>\n<span class=\"wpcf7-form-control-wrap\" data-name=\"your-email\"><input size=\"40\" maxlength=\"400\" class=\"wpcf7-form-control wpcf7-email wpcf7-validates-as-required wpcf7-text wpcf7-validates-as-email\" aria-required=\"true\" aria-invalid=\"false\" value=\"\" type=\"email\" name=\"your-email\" \/><\/span>\n<\/p>\n<p>Betreff *<br \/>\n<span class=\"wpcf7-form-control-wrap\" data-name=\"your-subject\"><input size=\"40\" maxlength=\"400\" class=\"wpcf7-form-control wpcf7-text wpcf7-validates-as-required\" aria-required=\"true\" aria-invalid=\"false\" value=\"\" type=\"text\" name=\"your-subject\" \/><\/span>\n<\/p>\n<p>Ihre Nachricht *<br \/>\n<span class=\"wpcf7-form-control-wrap\" data-name=\"your-message\"><textarea cols=\"40\" rows=\"10\" maxlength=\"2000\" class=\"wpcf7-form-control wpcf7-textarea wpcf7-validates-as-required\" aria-required=\"true\" aria-invalid=\"false\" name=\"your-message\"><\/textarea><\/span>\n<\/p>\n<p><input class=\"wpcf7-form-control wpcf7-submit has-spinner\" type=\"submit\" value=\"Senden\" \/>\n<\/p><div class=\"wpcf7-response-output\" aria-hidden=\"true\"><\/div>\n<\/form>\n<\/div>\n[\/vc_column][\/vc_row]<\/p>\n<\/div>","protected":false},"excerpt":{"rendered":"<p>[vc_row][vc_column][vc_column_text el_class=&#8220;center&#8220;] Teakholz auf Wasserfahrzeugen [\/vc_column_text][vc_empty_space height=&#8220;40px&#8220;][vc_row_inner][vc_column_inner width=&#8220;1\/2&#8243;][vc_column_text]Das Teakholz wird schon Jahrhunderte f\u00fcr die Herstellung der Schiffsdecks verwendet, weil es sehr widerstandsf\u00e4hig gegen Vermodern ist. Das Teakholz ist ein sch\u00f6nes Material, obgleich unbearbeitet, jedoch schutzbed\u00fcrftig. Ein geeigneter Schutz hat nicht nur eine \u00e4sthetische Rolle; er verhindert n\u00e4mlich die Wasserdurchl\u00e4ssigkeit, die einen gro\u00dfen Schaden\u00a0 verursachen und&hellip;<\/p>\n","protected":false},"author":2,"featured_media":0,"parent":1012,"menu_order":0,"comment_status":"closed","ping_status":"closed","template":"","meta":{"footnotes":""},"class_list":["post-1048","page","type-page","status-publish","hentry","description-off"],"yoast_head":"<!-- This site is optimized with the Yoast SEO plugin v27.5 - https:\/\/yoast.com\/product\/yoast-seo-wordpress\/ -->\n<title>Teakholz \u2013 die richtige Wahl f\u00fcr Ihr Wasserfahrzeug!<\/title>\n<meta name=\"description\" content=\"Mit Teakholz k\u00f6nnen Sie nicht verfehlen. Es hat ein sch\u00f6nes Aussehen und mit einem richtigen Schutz auch eine lange Lebensdauer.\" \/>\n<meta name=\"robots\" content=\"index, follow, max-snippet:-1, max-image-preview:large, max-video-preview:-1\" \/>\n<link rel=\"canonical\" href=\"https:\/\/www.primusr.com\/de\/nautik\/teakholz\/\" \/>\n<meta property=\"og:locale\" content=\"de_DE\" \/>\n<meta property=\"og:type\" content=\"article\" \/>\n<meta property=\"og:title\" content=\"Teakholz \u2013 die richtige Wahl f\u00fcr Ihr Wasserfahrzeug!\" \/>\n<meta property=\"og:description\" content=\"Mit Teakholz k\u00f6nnen Sie nicht verfehlen. Es hat ein sch\u00f6nes Aussehen und mit einem richtigen Schutz auch eine lange Lebensdauer.\" \/>\n<meta property=\"og:url\" content=\"https:\/\/www.primusr.com\/de\/nautik\/teakholz\/\" \/>\n<meta property=\"og:site_name\" content=\"Primus R d.o.o.\" \/>\n<meta property=\"article:publisher\" content=\"https:\/\/www.facebook.com\/primusrdoo\" \/>\n<meta property=\"article:modified_time\" content=\"2016-03-17T19:19:54+00:00\" \/>\n<meta name=\"twitter:card\" content=\"summary_large_image\" \/>\n<meta name=\"twitter:label1\" content=\"Gesch\u00e4tzte Lesezeit\" \/>\n\t<meta name=\"twitter:data1\" content=\"2\u00a0Minuten\" \/>\n<script type=\"application\/ld+json\" class=\"yoast-schema-graph\">{\"@context\":\"https:\\\/\\\/schema.org\",\"@graph\":[{\"@type\":\"WebPage\",\"@id\":\"https:\\\/\\\/www.primusr.com\\\/de\\\/nautik\\\/teakholz\\\/\",\"url\":\"https:\\\/\\\/www.primusr.com\\\/de\\\/nautik\\\/teakholz\\\/\",\"name\":\"Teakholz \u2013 die richtige Wahl f\u00fcr Ihr Wasserfahrzeug!\",\"isPartOf\":{\"@id\":\"https:\\\/\\\/www.primusr.com\\\/#website\"},\"datePublished\":\"2016-02-08T22:55:46+00:00\",\"dateModified\":\"2016-03-17T19:19:54+00:00\",\"description\":\"Mit Teakholz k\u00f6nnen Sie nicht verfehlen. Es hat ein sch\u00f6nes Aussehen und mit einem richtigen Schutz auch eine lange Lebensdauer.\",\"breadcrumb\":{\"@id\":\"https:\\\/\\\/www.primusr.com\\\/de\\\/nautik\\\/teakholz\\\/#breadcrumb\"},\"inLanguage\":\"de\",\"potentialAction\":[{\"@type\":\"ReadAction\",\"target\":[\"https:\\\/\\\/www.primusr.com\\\/de\\\/nautik\\\/teakholz\\\/\"]}]},{\"@type\":\"BreadcrumbList\",\"@id\":\"https:\\\/\\\/www.primusr.com\\\/de\\\/nautik\\\/teakholz\\\/#breadcrumb\",\"itemListElement\":[{\"@type\":\"ListItem\",\"position\":1,\"name\":\"Home\",\"item\":\"https:\\\/\\\/www.primusr.com\\\/de\\\/\"},{\"@type\":\"ListItem\",\"position\":2,\"name\":\"Nautik\",\"item\":\"https:\\\/\\\/www.primusr.com\\\/de\\\/nautik\\\/\"},{\"@type\":\"ListItem\",\"position\":3,\"name\":\"Teakholz\"}]},{\"@type\":\"WebSite\",\"@id\":\"https:\\\/\\\/www.primusr.com\\\/#website\",\"url\":\"https:\\\/\\\/www.primusr.com\\\/\",\"name\":\"Primus R d.o.o.\",\"description\":\"Nautical Flooring\",\"potentialAction\":[{\"@type\":\"SearchAction\",\"target\":{\"@type\":\"EntryPoint\",\"urlTemplate\":\"https:\\\/\\\/www.primusr.com\\\/?s={search_term_string}\"},\"query-input\":{\"@type\":\"PropertyValueSpecification\",\"valueRequired\":true,\"valueName\":\"search_term_string\"}}],\"inLanguage\":\"de\"}]}<\/script>\n<!-- \/ Yoast SEO plugin. -->","yoast_head_json":{"title":"Teakholz \u2013 die richtige Wahl f\u00fcr Ihr Wasserfahrzeug!","description":"Mit Teakholz k\u00f6nnen Sie nicht verfehlen. Es hat ein sch\u00f6nes Aussehen und mit einem richtigen Schutz auch eine lange Lebensdauer.","robots":{"index":"index","follow":"follow","max-snippet":"max-snippet:-1","max-image-preview":"max-image-preview:large","max-video-preview":"max-video-preview:-1"},"canonical":"https:\/\/www.primusr.com\/de\/nautik\/teakholz\/","og_locale":"de_DE","og_type":"article","og_title":"Teakholz \u2013 die richtige Wahl f\u00fcr Ihr Wasserfahrzeug!","og_description":"Mit Teakholz k\u00f6nnen Sie nicht verfehlen. Es hat ein sch\u00f6nes Aussehen und mit einem richtigen Schutz auch eine lange Lebensdauer.","og_url":"https:\/\/www.primusr.com\/de\/nautik\/teakholz\/","og_site_name":"Primus R d.o.o.","article_publisher":"https:\/\/www.facebook.com\/primusrdoo","article_modified_time":"2016-03-17T19:19:54+00:00","twitter_card":"summary_large_image","twitter_misc":{"Gesch\u00e4tzte Lesezeit":"2\u00a0Minuten"},"schema":{"@context":"https:\/\/schema.org","@graph":[{"@type":"WebPage","@id":"https:\/\/www.primusr.com\/de\/nautik\/teakholz\/","url":"https:\/\/www.primusr.com\/de\/nautik\/teakholz\/","name":"Teakholz \u2013 die richtige Wahl f\u00fcr Ihr Wasserfahrzeug!","isPartOf":{"@id":"https:\/\/www.primusr.com\/#website"},"datePublished":"2016-02-08T22:55:46+00:00","dateModified":"2016-03-17T19:19:54+00:00","description":"Mit Teakholz k\u00f6nnen Sie nicht verfehlen. Es hat ein sch\u00f6nes Aussehen und mit einem richtigen Schutz auch eine lange Lebensdauer.","breadcrumb":{"@id":"https:\/\/www.primusr.com\/de\/nautik\/teakholz\/#breadcrumb"},"inLanguage":"de","potentialAction":[{"@type":"ReadAction","target":["https:\/\/www.primusr.com\/de\/nautik\/teakholz\/"]}]},{"@type":"BreadcrumbList","@id":"https:\/\/www.primusr.com\/de\/nautik\/teakholz\/#breadcrumb","itemListElement":[{"@type":"ListItem","position":1,"name":"Home","item":"https:\/\/www.primusr.com\/de\/"},{"@type":"ListItem","position":2,"name":"Nautik","item":"https:\/\/www.primusr.com\/de\/nautik\/"},{"@type":"ListItem","position":3,"name":"Teakholz"}]},{"@type":"WebSite","@id":"https:\/\/www.primusr.com\/#website","url":"https:\/\/www.primusr.com\/","name":"Primus R d.o.o.","description":"Nautical Flooring","potentialAction":[{"@type":"SearchAction","target":{"@type":"EntryPoint","urlTemplate":"https:\/\/www.primusr.com\/?s={search_term_string}"},"query-input":{"@type":"PropertyValueSpecification","valueRequired":true,"valueName":"search_term_string"}}],"inLanguage":"de"}]}},"_links":{"self":[{"href":"https:\/\/www.primusr.com\/de\/wp-json\/wp\/v2\/pages\/1048","targetHints":{"allow":["GET"]}}],"collection":[{"href":"https:\/\/www.primusr.com\/de\/wp-json\/wp\/v2\/pages"}],"about":[{"href":"https:\/\/www.primusr.com\/de\/wp-json\/wp\/v2\/types\/page"}],"author":[{"embeddable":true,"href":"https:\/\/www.primusr.com\/de\/wp-json\/wp\/v2\/users\/2"}],"replies":[{"embeddable":true,"href":"https:\/\/www.primusr.com\/de\/wp-json\/wp\/v2\/comments?post=1048"}],"version-history":[{"count":0,"href":"https:\/\/www.primusr.com\/de\/wp-json\/wp\/v2\/pages\/1048\/revisions"}],"up":[{"embeddable":true,"href":"https:\/\/www.primusr.com\/de\/wp-json\/wp\/v2\/pages\/1012"}],"wp:attachment":[{"href":"https:\/\/www.primusr.com\/de\/wp-json\/wp\/v2\/media?parent=1048"}],"curies":[{"name":"wp","href":"https:\/\/api.w.org\/{rel}","templated":true}]}}