{"id":1041,"date":"2016-02-09T20:38:01","date_gmt":"2016-02-09T19:38:01","guid":{"rendered":"https:\/\/www.primusr.com\/de\/nautik\/pasarele\/"},"modified":"2016-03-29T22:33:50","modified_gmt":"2016-03-29T20:33:50","slug":"passerellen","status":"publish","type":"page","link":"https:\/\/www.primusr.com\/de\/nautik\/passerellen\/","title":{"rendered":"Herstellung oder Renovierung von Passerellen (Zugangsbr\u00fccken)"},"content":{"rendered":"<div class=\"wpb-content-wrapper\"><p>[vc_row][vc_column][vc_column_text el_class=&#8220;center&#8220;]<\/p>\n<h2>Herstellung oder Renovierung von Passerellen (Zugangsbr\u00fccken)<\/h2>\n<p>[\/vc_column_text][vc_empty_space height=&#8220;40px&#8220;][vc_row_inner][vc_column_inner width=&#8220;1\/2&#8243;][vc_column_text]Die Zugangsbr\u00fccke (Passerelle) ist ein unentbehrlicher Teil jedes Wasserfahrzeugs, weil sie die einzige Verbindung zwischen dem Land und dem Wasserfahrzeug darstellt.<\/p>\n<p>Wir k\u00f6nnen eine Passerelle aus Teakholz herstellen oder einen Teil (Gitterrost) bestehender Zugangsbr\u00fccken Opacmare, Bionix oder Besenzoni ersetzen.[\/vc_column_text][\/vc_column_inner][vc_column_inner width=&#8220;1\/2&#8243;]<div class=\"wf-container dt-gallery-container dt-photos-shortcode loading-effect-none iso-container\" data-padding=\"2px\" data-cur-page=\"1\" data-width=\"150px\" data-columns=\"3\" data-pretty-share=\"facebook,twitter,pinterest,linkedin\"><div class=\"wf-cell iso-item\" data-post-id=\"1893\" data-date=\"2016-02-29T14:34:51+01:00\" data-name=\"pasarela-1\">\n<article class=\"post post-1893 attachment type-attachment status-inherit hentry no-img description-off\">\n\n\t<figure class=\"rollover-project links-hovers-disabled\">\n\t<a href=\"https:\/\/www.primusr.com\/wp-content\/uploads\/2016\/02\/pasarela-1.jpg\" class=\"rollover rollover-zoom dt-pswp-item layzr-bg\" title=\"pasarela-1\" data-dt-img-description=\"\"  data-large_image_width=\"384\" data-large_image_height = \"960\"  data-dt-location=\"https:\/\/www.primusr.com\/de\/pasarela-1-2\/\" ><img fetchpriority=\"high\" decoding=\"async\" class=\"preload-me iso-lazy-load aspect\" src=\"data:image\/svg+xml,%3Csvg%20xmlns%3D&#39;http%3A%2F%2Fwww.w3.org%2F2000%2Fsvg&#39;%20viewBox%3D&#39;0%200%20225%20563&#39;%2F%3E\" data-src=\"https:\/\/www.primusr.com\/wp-content\/uploads\/2016\/02\/pasarela-1-225x563.jpg\" data-srcset=\"https:\/\/www.primusr.com\/wp-content\/uploads\/2016\/02\/pasarela-1-225x563.jpg 225w, https:\/\/www.primusr.com\/wp-content\/uploads\/2016\/02\/pasarela-1.jpg 383w\" loading=\"eager\" style=\"--ratio: 225 \/ 563\" sizes=\"(max-width: 225px) 100vw, 225px\" alt=\"\" width=\"225\" height=\"563\"  \/><\/a>\t<\/figure>\n<\/article>\n\n<\/div><\/div>[\/vc_column_inner][\/vc_row_inner][\/vc_column][\/vc_row][vc_row][vc_column][vc_empty_space height=&#8220;80px&#8220;][vc_column_text]<\/p>\n<h2>Haben Sie eine Frage?<\/h2>\n<p>F\u00fcr irgendwelche Fragen k\u00f6nnen Sie uns jederzeit kontaktieren. Daf\u00fcr k\u00f6nnen Sie das untere Formular benutzen.[\/vc_column_text][vc_empty_space height=&#8220;40px&#8220;]\n<div class=\"wpcf7 no-js\" id=\"wpcf7-f928-o1\" lang=\"sl-SI\" dir=\"ltr\" data-wpcf7-id=\"928\">\n<div class=\"screen-reader-response\"><p role=\"status\" aria-live=\"polite\" aria-atomic=\"true\"><\/p> <ul><\/ul><\/div>\n<form action=\"\/de\/wp-json\/wp\/v2\/pages\/1041#wpcf7-f928-o1\" method=\"post\" class=\"wpcf7-form init\" aria-label=\"Contact form\" novalidate=\"novalidate\" data-status=\"init\">\n<fieldset class=\"hidden-fields-container\"><input type=\"hidden\" name=\"_wpcf7\" value=\"928\" \/><input type=\"hidden\" name=\"_wpcf7_version\" value=\"6.1.5\" \/><input type=\"hidden\" name=\"_wpcf7_locale\" value=\"sl_SI\" \/><input type=\"hidden\" name=\"_wpcf7_unit_tag\" value=\"wpcf7-f928-o1\" \/><input type=\"hidden\" name=\"_wpcf7_container_post\" value=\"0\" \/><input type=\"hidden\" name=\"_wpcf7_posted_data_hash\" value=\"\" \/><input type=\"hidden\" name=\"_wpcf7_recaptcha_response\" value=\"\" \/>\n<\/fieldset>\n<p>Ihr Name *<br \/>\n<span class=\"wpcf7-form-control-wrap\" data-name=\"your-name\"><input size=\"40\" maxlength=\"400\" class=\"wpcf7-form-control wpcf7-text wpcf7-validates-as-required\" aria-required=\"true\" aria-invalid=\"false\" value=\"\" type=\"text\" name=\"your-name\" \/><\/span>\n<\/p>\n<p>Ihre E-Mail-Adresse * (obvezno)<br \/>\n<span class=\"wpcf7-form-control-wrap\" data-name=\"your-email\"><input size=\"40\" maxlength=\"400\" class=\"wpcf7-form-control wpcf7-email wpcf7-validates-as-required wpcf7-text wpcf7-validates-as-email\" aria-required=\"true\" aria-invalid=\"false\" value=\"\" type=\"email\" name=\"your-email\" \/><\/span>\n<\/p>\n<p>Betreff *<br \/>\n<span class=\"wpcf7-form-control-wrap\" data-name=\"your-subject\"><input size=\"40\" maxlength=\"400\" class=\"wpcf7-form-control wpcf7-text wpcf7-validates-as-required\" aria-required=\"true\" aria-invalid=\"false\" value=\"\" type=\"text\" name=\"your-subject\" \/><\/span>\n<\/p>\n<p>Ihre Nachricht *<br \/>\n<span class=\"wpcf7-form-control-wrap\" data-name=\"your-message\"><textarea cols=\"40\" rows=\"10\" maxlength=\"2000\" class=\"wpcf7-form-control wpcf7-textarea wpcf7-validates-as-required\" aria-required=\"true\" aria-invalid=\"false\" name=\"your-message\"><\/textarea><\/span>\n<\/p>\n<p><input class=\"wpcf7-form-control wpcf7-submit has-spinner\" type=\"submit\" value=\"Senden\" \/>\n<\/p><div class=\"wpcf7-response-output\" aria-hidden=\"true\"><\/div>\n<\/form>\n<\/div>\n[\/vc_column][\/vc_row]<\/p>\n<\/div>","protected":false},"excerpt":{"rendered":"<p>[vc_row][vc_column][vc_column_text el_class=&#8220;center&#8220;] Herstellung oder Renovierung von Passerellen (Zugangsbr\u00fccken) [\/vc_column_text][vc_empty_space height=&#8220;40px&#8220;][vc_row_inner][vc_column_inner width=&#8220;1\/2&#8243;][vc_column_text]Die Zugangsbr\u00fccke (Passerelle) ist ein unentbehrlicher Teil jedes Wasserfahrzeugs, weil sie die einzige Verbindung zwischen dem Land und dem Wasserfahrzeug darstellt. Wir k\u00f6nnen eine Passerelle aus Teakholz herstellen oder einen Teil (Gitterrost) bestehender Zugangsbr\u00fccken Opacmare, Bionix oder Besenzoni ersetzen.[\/vc_column_text][\/vc_column_inner][vc_column_inner width=&#8220;1\/2&#8243;][\/vc_column_inner][\/vc_row_inner][\/vc_column][\/vc_row][vc_row][vc_column][vc_empty_space height=&#8220;80px&#8220;][vc_column_text] Haben Sie eine Frage?&hellip;<\/p>\n","protected":false},"author":2,"featured_media":0,"parent":1012,"menu_order":0,"comment_status":"closed","ping_status":"closed","template":"","meta":{"footnotes":""},"class_list":["post-1041","page","type-page","status-publish","hentry","description-off"],"yoast_head":"<!-- This site is optimized with the Yoast SEO plugin v27.5 - https:\/\/yoast.com\/product\/yoast-seo-wordpress\/ -->\n<title>Passerelle \/ Zugangsbr\u00fccke \u2013 steigen Sie an den Bord mit Stil!<\/title>\n<meta name=\"description\" content=\"Die Zugangsbr\u00fccke ist ein unentbehrlicher Teil jedes Wasserfahrzeugs, weil sie die einzige Verbindung zwischen dem Land und dem Wasserfahrzeug darstellt.\" \/>\n<meta name=\"robots\" content=\"index, follow, max-snippet:-1, max-image-preview:large, max-video-preview:-1\" \/>\n<link rel=\"canonical\" href=\"https:\/\/www.primusr.com\/de\/nautik\/passerellen\/\" \/>\n<meta property=\"og:locale\" content=\"de_DE\" \/>\n<meta property=\"og:type\" content=\"article\" \/>\n<meta property=\"og:title\" content=\"Passerelle \/ Zugangsbr\u00fccke \u2013 steigen Sie an den Bord mit Stil!\" \/>\n<meta property=\"og:description\" content=\"Die Zugangsbr\u00fccke ist ein unentbehrlicher Teil jedes Wasserfahrzeugs, weil sie die einzige Verbindung zwischen dem Land und dem Wasserfahrzeug darstellt.\" \/>\n<meta property=\"og:url\" content=\"https:\/\/www.primusr.com\/de\/nautik\/passerellen\/\" \/>\n<meta property=\"og:site_name\" content=\"Primus R d.o.o.\" \/>\n<meta property=\"article:publisher\" content=\"https:\/\/www.facebook.com\/primusrdoo\" \/>\n<meta property=\"article:modified_time\" content=\"2016-03-29T20:33:50+00:00\" \/>\n<meta name=\"twitter:card\" content=\"summary_large_image\" \/>\n<meta name=\"twitter:label1\" content=\"Gesch\u00e4tzte Lesezeit\" \/>\n\t<meta name=\"twitter:data1\" content=\"1\u00a0Minute\" \/>\n<script type=\"application\/ld+json\" class=\"yoast-schema-graph\">{\"@context\":\"https:\\\/\\\/schema.org\",\"@graph\":[{\"@type\":\"WebPage\",\"@id\":\"https:\\\/\\\/www.primusr.com\\\/de\\\/nautik\\\/passerellen\\\/\",\"url\":\"https:\\\/\\\/www.primusr.com\\\/de\\\/nautik\\\/passerellen\\\/\",\"name\":\"Passerelle \\\/ Zugangsbr\u00fccke \u2013 steigen Sie an den Bord mit Stil!\",\"isPartOf\":{\"@id\":\"https:\\\/\\\/www.primusr.com\\\/#website\"},\"datePublished\":\"2016-02-09T19:38:01+00:00\",\"dateModified\":\"2016-03-29T20:33:50+00:00\",\"description\":\"Die Zugangsbr\u00fccke ist ein unentbehrlicher Teil jedes Wasserfahrzeugs, weil sie die einzige Verbindung zwischen dem Land und dem Wasserfahrzeug darstellt.\",\"breadcrumb\":{\"@id\":\"https:\\\/\\\/www.primusr.com\\\/de\\\/nautik\\\/passerellen\\\/#breadcrumb\"},\"inLanguage\":\"de\",\"potentialAction\":[{\"@type\":\"ReadAction\",\"target\":[\"https:\\\/\\\/www.primusr.com\\\/de\\\/nautik\\\/passerellen\\\/\"]}]},{\"@type\":\"BreadcrumbList\",\"@id\":\"https:\\\/\\\/www.primusr.com\\\/de\\\/nautik\\\/passerellen\\\/#breadcrumb\",\"itemListElement\":[{\"@type\":\"ListItem\",\"position\":1,\"name\":\"Home\",\"item\":\"https:\\\/\\\/www.primusr.com\\\/de\\\/\"},{\"@type\":\"ListItem\",\"position\":2,\"name\":\"Nautik\",\"item\":\"https:\\\/\\\/www.primusr.com\\\/de\\\/nautik\\\/\"},{\"@type\":\"ListItem\",\"position\":3,\"name\":\"Herstellung oder Renovierung von Passerellen (Zugangsbr\u00fccken)\"}]},{\"@type\":\"WebSite\",\"@id\":\"https:\\\/\\\/www.primusr.com\\\/#website\",\"url\":\"https:\\\/\\\/www.primusr.com\\\/\",\"name\":\"Primus R d.o.o.\",\"description\":\"Nautical Flooring\",\"potentialAction\":[{\"@type\":\"SearchAction\",\"target\":{\"@type\":\"EntryPoint\",\"urlTemplate\":\"https:\\\/\\\/www.primusr.com\\\/?s={search_term_string}\"},\"query-input\":{\"@type\":\"PropertyValueSpecification\",\"valueRequired\":true,\"valueName\":\"search_term_string\"}}],\"inLanguage\":\"de\"}]}<\/script>\n<!-- \/ Yoast SEO plugin. -->","yoast_head_json":{"title":"Passerelle \/ Zugangsbr\u00fccke \u2013 steigen Sie an den Bord mit Stil!","description":"Die Zugangsbr\u00fccke ist ein unentbehrlicher Teil jedes Wasserfahrzeugs, weil sie die einzige Verbindung zwischen dem Land und dem Wasserfahrzeug darstellt.","robots":{"index":"index","follow":"follow","max-snippet":"max-snippet:-1","max-image-preview":"max-image-preview:large","max-video-preview":"max-video-preview:-1"},"canonical":"https:\/\/www.primusr.com\/de\/nautik\/passerellen\/","og_locale":"de_DE","og_type":"article","og_title":"Passerelle \/ Zugangsbr\u00fccke \u2013 steigen Sie an den Bord mit Stil!","og_description":"Die Zugangsbr\u00fccke ist ein unentbehrlicher Teil jedes Wasserfahrzeugs, weil sie die einzige Verbindung zwischen dem Land und dem Wasserfahrzeug darstellt.","og_url":"https:\/\/www.primusr.com\/de\/nautik\/passerellen\/","og_site_name":"Primus R d.o.o.","article_publisher":"https:\/\/www.facebook.com\/primusrdoo","article_modified_time":"2016-03-29T20:33:50+00:00","twitter_card":"summary_large_image","twitter_misc":{"Gesch\u00e4tzte Lesezeit":"1\u00a0Minute"},"schema":{"@context":"https:\/\/schema.org","@graph":[{"@type":"WebPage","@id":"https:\/\/www.primusr.com\/de\/nautik\/passerellen\/","url":"https:\/\/www.primusr.com\/de\/nautik\/passerellen\/","name":"Passerelle \/ Zugangsbr\u00fccke \u2013 steigen Sie an den Bord mit Stil!","isPartOf":{"@id":"https:\/\/www.primusr.com\/#website"},"datePublished":"2016-02-09T19:38:01+00:00","dateModified":"2016-03-29T20:33:50+00:00","description":"Die Zugangsbr\u00fccke ist ein unentbehrlicher Teil jedes Wasserfahrzeugs, weil sie die einzige Verbindung zwischen dem Land und dem Wasserfahrzeug darstellt.","breadcrumb":{"@id":"https:\/\/www.primusr.com\/de\/nautik\/passerellen\/#breadcrumb"},"inLanguage":"de","potentialAction":[{"@type":"ReadAction","target":["https:\/\/www.primusr.com\/de\/nautik\/passerellen\/"]}]},{"@type":"BreadcrumbList","@id":"https:\/\/www.primusr.com\/de\/nautik\/passerellen\/#breadcrumb","itemListElement":[{"@type":"ListItem","position":1,"name":"Home","item":"https:\/\/www.primusr.com\/de\/"},{"@type":"ListItem","position":2,"name":"Nautik","item":"https:\/\/www.primusr.com\/de\/nautik\/"},{"@type":"ListItem","position":3,"name":"Herstellung oder Renovierung von Passerellen (Zugangsbr\u00fccken)"}]},{"@type":"WebSite","@id":"https:\/\/www.primusr.com\/#website","url":"https:\/\/www.primusr.com\/","name":"Primus R d.o.o.","description":"Nautical Flooring","potentialAction":[{"@type":"SearchAction","target":{"@type":"EntryPoint","urlTemplate":"https:\/\/www.primusr.com\/?s={search_term_string}"},"query-input":{"@type":"PropertyValueSpecification","valueRequired":true,"valueName":"search_term_string"}}],"inLanguage":"de"}]}},"_links":{"self":[{"href":"https:\/\/www.primusr.com\/de\/wp-json\/wp\/v2\/pages\/1041","targetHints":{"allow":["GET"]}}],"collection":[{"href":"https:\/\/www.primusr.com\/de\/wp-json\/wp\/v2\/pages"}],"about":[{"href":"https:\/\/www.primusr.com\/de\/wp-json\/wp\/v2\/types\/page"}],"author":[{"embeddable":true,"href":"https:\/\/www.primusr.com\/de\/wp-json\/wp\/v2\/users\/2"}],"replies":[{"embeddable":true,"href":"https:\/\/www.primusr.com\/de\/wp-json\/wp\/v2\/comments?post=1041"}],"version-history":[{"count":0,"href":"https:\/\/www.primusr.com\/de\/wp-json\/wp\/v2\/pages\/1041\/revisions"}],"up":[{"embeddable":true,"href":"https:\/\/www.primusr.com\/de\/wp-json\/wp\/v2\/pages\/1012"}],"wp:attachment":[{"href":"https:\/\/www.primusr.com\/de\/wp-json\/wp\/v2\/media?parent=1041"}],"curies":[{"name":"wp","href":"https:\/\/api.w.org\/{rel}","templated":true}]}}