{"id":1012,"date":"2016-03-17T19:19:57","date_gmt":"2016-03-17T18:19:57","guid":{"rendered":"https:\/\/www.primusr.com\/de\/?page_id=1012"},"modified":"2016-03-30T08:03:21","modified_gmt":"2016-03-30T06:03:21","slug":"nautik","status":"publish","type":"page","link":"https:\/\/www.primusr.com\/de\/nautik\/","title":{"rendered":"Nautik"},"content":{"rendered":"<div class=\"wpb-content-wrapper\"><p>[vc_row el_class=&#8220;glavne-panoge&#8220;][vc_column width=&#8220;1\/3&#8243;][vc_column_text el_class=&#8220;center&#8220;]<\/p>\n<h2>Kunststoffe<\/h2>\n<p>[\/vc_column_text][vc_empty_space height=&#8220;20px&#8220;][vc_row_inner][vc_column_inner width=&#8220;1\/2&#8243;][vc_column_text]<\/p>\n<div class=\"panoga-div\">\n<ul class=\"image-arrow bullet-top\"><\/p>\n<div><a href=\"\/de\/nautik\/kunstliche-gangflachen\/flexiteek\/\"><li><div class=\"wf-table\">\n<div><img decoding=\"async\" src=\"\/wp-content\/uploads\/2016\/02\/flexiteek-circle.png\" class=\"list-img\" alt=\"List item image\" \/><\/div>\n<div>Flexiteek<\/div>\n<\/div>\n<\/li><\/a><\/div>\n<div><a href=\"\/de\/nautik\/kunstliche-gangflachen\/corkline\/\"><li><div class=\"wf-table\">\n<div><img decoding=\"async\" src=\"\/wp-content\/uploads\/2016\/02\/cork-line-circle.png\" class=\"list-img\" alt=\"List item image\" \/><\/div>\n<div>Corkline<\/div>\n<\/div>\n<\/li><\/a><\/div>\n<p><\/ul>\n<\/div>\n<p>[\/vc_column_text][\/vc_column_inner][vc_column_inner width=&#8220;1\/2&#8243;][vc_column_text]<\/p>\n<div class=\"panoga-div\">\n<ul class=\"image-arrow bullet-top\"><\/p>\n<div><a href=\"\/de\/nautik\/kunstliche-gangflachen\/p-deck\/\"><li><div class=\"wf-table\">\n<div><img decoding=\"async\" src=\"\/wp-content\/uploads\/2016\/02\/p-deck-circle.png\" class=\"list-img\" alt=\"List item image\" \/><\/div>\n<div>P deck<\/div>\n<\/div>\n<\/li><\/a><\/div>\n<p><\/ul>\n<\/div>\n<p>[\/vc_column_text][\/vc_column_inner][\/vc_row_inner][\/vc_column][vc_column width=&#8220;1\/3&#8243;][vc_column_text el_class=&#8220;center&#8220;]<\/p>\n<h2>Teakholz<\/h2>\n<p>[\/vc_column_text][vc_empty_space height=&#8220;20px&#8220;][vc_row_inner el_class=&#8220;srednja-panoga&#8220;][vc_column_inner width=&#8220;1\/2&#8243;][vc_column_text]<\/p>\n<div class=\"panoga-div\">\n<ul class=\"image-arrow bullet-top\"><\/p>\n<div><a href=\"\/de\/nautik\/teakholz\/\"><li><div class=\"wf-table\">\n<div><img decoding=\"async\" src=\"\/wp-content\/uploads\/2016\/02\/tikovina-circle.png\" class=\"list-img\" alt=\"List item image\" \/><\/div>\n<div>Teakholz<\/div>\n<\/div>\n<\/li><\/a><\/div>\n<div><a href=\"\/de\/nautik\/passerellen\/\"><li><div class=\"wf-table\">\n<div><img decoding=\"async\" src=\"\/wp-content\/uploads\/2016\/02\/pasarela-circle.png\" class=\"list-img\" alt=\"List item image\" \/><\/div>\n<div>Passerellen<\/div>\n<\/div>\n<\/li><\/a><\/div>\n<p><\/ul>\n<\/div>\n<p>[\/vc_column_text][\/vc_column_inner][vc_column_inner width=&#8220;1\/2&#8243;][vc_column_text]<\/p>\n<div class=\"panoga-div\">\n<ul class=\"image-arrow bullet-top\"><\/p>\n<div><a href=\"\/de\/teakholz-produkte\/mobel\/\"><li><div class=\"wf-table\">\n<div><img decoding=\"async\" src=\"\/wp-content\/uploads\/2016\/02\/pohistvo-circle.png\" class=\"list-img\" alt=\"List item image\" \/><\/div>\n<div>M\u00f6bel<\/div>\n<\/div>\n<\/li><\/a><\/div>\n<p><\/ul>\n<\/div>\n<p>[\/vc_column_text][\/vc_column_inner][\/vc_row_inner][\/vc_column][vc_column width=&#8220;1\/3&#8243;][vc_column_text el_class=&#8220;center&#8220;]<\/p>\n<h2>Sonstiges<\/h2>\n<p>[\/vc_column_text][vc_empty_space height=&#8220;20px&#8220;][vc_row_inner][vc_column_inner width=&#8220;1\/2&#8243;][vc_column_text]<\/p>\n<div class=\"panoga-div\">\n<ul class=\"image-arrow bullet-top\"><\/p>\n<div><a href=\"\/de\/nautik\/teppiche\/\"><li><div class=\"wf-table\">\n<div><img decoding=\"async\" src=\"\/wp-content\/uploads\/2016\/02\/marine-tuft-circle.png\" class=\"list-img\" alt=\"List item image\" \/><\/div>\n<div>Teppiche<\/div>\n<\/div>\n<\/li><\/a><\/div>\n<p><\/ul>\n<\/div>\n<p>[\/vc_column_text][\/vc_column_inner][vc_column_inner width=&#8220;1\/2&#8243;][vc_column_text]<\/p>\n<div class=\"panoga-div\">\n<ul class=\"image-arrow bullet-top\"><\/p>\n<div><a href=\"\/de\/nautik\/badeplattform\/\"><li><div class=\"wf-table\">\n<div><img decoding=\"async\" src=\"\/wp-content\/uploads\/2016\/02\/kopalna-ploscad-circle.png\" class=\"list-img\" alt=\"List item image\" \/><\/div>\n<div>Badeplattform<\/div>\n<\/div>\n<\/li><\/a><\/div>\n<p><\/ul>\n<\/div>\n<p>[\/vc_column_text][\/vc_column_inner][\/vc_row_inner][\/vc_column][\/vc_row][vc_row][vc_column][vc_empty_space height=&#8220;80px&#8220;][\/vc_column][\/vc_row][vc_row type=&#8220;1&#8243;][vc_column][vc_empty_space height=&#8220;60px&#8220;][vc_row_inner][vc_column_inner width=&#8220;1\/2&#8243;][vc_column_text]<\/p>\n<h2>Flexiteek<\/h2>\n<p>[\/vc_column_text][vc_empty_space height=&#8220;20px&#8220;][vc_column_text]Flexiteek ist eine sehr strapazierf\u00e4hige und wetterbest\u00e4ndige Gangfl\u00e4che, die nicht vergraut und rutscht und verleiht Ihrem Wasserfahrzeug ein \u00e4sthetisches Aussehen.<\/p>\n<p>F\u00fcr ein vollkommenes Aussehen Ihres Wasserfahrzeugs k\u00f6nnen Sie mit dem Flexiteak-Zubeh\u00f6r alles erreichen. Leisten, Randabschl\u00fcsse, U-Profile, T-St\u00fccke und noch vieles mehr\u2026[\/vc_column_text][vc_empty_space height=&#8220;20px&#8220;][vc_btn title=&#8220;Flexiteek&#8220; style=&#8220;outline&#8220; color=&#8220;primary&#8220; size=&#8220;sm&#8220; link=&#8220;url:%2Fde%2Fnautik%2Fkunstliche-gangflachen%2Fflexiteek%2F||&#8220;][\/vc_column_inner][vc_column_inner width=&#8220;1\/2&#8243;][vc_column_text]<img decoding=\"async\" class=\"alignnone size-medium wp-image-748\" src=\"https:\/\/www.primusr.com\/wp-content\/uploads\/2015\/12\/flexiteek-p.jpg\" alt=\"flexiteek-p\" width=\"300\" height=\"300\" srcset=\"https:\/\/www.primusr.com\/wp-content\/uploads\/2015\/12\/flexiteek-p.jpg 300w, https:\/\/www.primusr.com\/wp-content\/uploads\/2015\/12\/flexiteek-p-150x150.jpg 150w\" sizes=\"(max-width: 300px) 100vw, 300px\" \/>[\/vc_column_text][\/vc_column_inner][\/vc_row_inner][vc_empty_space height=&#8220;60px&#8220;][\/vc_column][\/vc_row][vc_row][vc_column][vc_empty_space height=&#8220;60px&#8220;][vc_row_inner][vc_column_inner el_class=&#8220;center&#8220; width=&#8220;1\/2&#8243;][vc_column_text]<img decoding=\"async\" class=\"alignnone wp-image-753 size-full\" src=\"https:\/\/www.primusr.com\/wp-content\/uploads\/2015\/12\/p-deck-p.jpg\" alt=\"\" width=\"300\" height=\"300\" srcset=\"https:\/\/www.primusr.com\/wp-content\/uploads\/2015\/12\/p-deck-p.jpg 300w, https:\/\/www.primusr.com\/wp-content\/uploads\/2015\/12\/p-deck-p-150x150.jpg 150w\" sizes=\"(max-width: 300px) 100vw, 300px\" \/>[\/vc_column_text][\/vc_column_inner][vc_column_inner width=&#8220;1\/2&#8243;][vc_column_text]<\/p>\n<h2>P\u00a0deck<\/h2>\n<p>[\/vc_column_text][vc_empty_space height=&#8220;20px&#8220;][vc_column_text]P Deck ist aus synthetischem Gummischaum gefertigt und f\u00fcr die Benutzung im Innen- und Au\u00dfenbereich geeignet. Es ist geruchslos und gew\u00e4hrleistet eine ausgezeichnete W\u00e4rme- und Schalld\u00e4mmung.[\/vc_column_text][vc_empty_space height=&#8220;20px&#8220;][vc_btn title=&#8220;P deck&#8220; style=&#8220;outline&#8220; color=&#8220;primary&#8220; size=&#8220;sm&#8220; link=&#8220;url:%2Fde%2Fnautik%2Fkunstliche-gangflachen%2Fp-deck%2F||&#8220;][\/vc_column_inner][\/vc_row_inner][vc_empty_space height=&#8220;60px&#8220;][\/vc_column][\/vc_row][vc_row type=&#8220;1&#8243;][vc_column][vc_empty_space height=&#8220;60px&#8220;][vc_row_inner][vc_column_inner width=&#8220;1\/2&#8243;][vc_column_text]<\/p>\n<h2>Corkline<\/h2>\n<p>[\/vc_column_text][vc_empty_space height=&#8220;20px&#8220;][vc_column_text]Corkline bringt eine v\u00f6llig neue Dimension und ist f\u00fcr die Benutzung im Au\u00dfenbereich bestimmt. Dank hoher Qualit\u00e4t in der Kombination mit Korkgranulat beh\u00e4lt Corkline die Erfrischung und die W\u00e4rme von nat\u00fcrlichen Materialien neben au\u00dferordentlichen technischen Eigenschaften.[\/vc_column_text][vc_empty_space height=&#8220;20px&#8220;][vc_btn title=&#8220;Corkline&#8220; style=&#8220;outline&#8220; color=&#8220;primary&#8220; size=&#8220;sm&#8220; link=&#8220;url:%2Fde%2Fnautik%2Fkunstliche-gangflachen%2Fcorkline%2F||&#8220;][\/vc_column_inner][vc_column_inner width=&#8220;1\/2&#8243;][vc_column_text]<img decoding=\"async\" class=\"alignnone size-medium wp-image-747\" src=\"https:\/\/www.primusr.com\/wp-content\/uploads\/2015\/12\/corkline-p.jpg\" alt=\"corkline-p\" width=\"300\" height=\"300\" srcset=\"https:\/\/www.primusr.com\/wp-content\/uploads\/2015\/12\/corkline-p.jpg 300w, https:\/\/www.primusr.com\/wp-content\/uploads\/2015\/12\/corkline-p-150x150.jpg 150w\" sizes=\"(max-width: 300px) 100vw, 300px\" \/>[\/vc_column_text][\/vc_column_inner][\/vc_row_inner][vc_empty_space height=&#8220;60px&#8220;][\/vc_column][\/vc_row][vc_row][vc_column][vc_empty_space height=&#8220;60px&#8220;][vc_row_inner][vc_column_inner el_class=&#8220;center&#8220; width=&#8220;1\/2&#8243;][vc_column_text]<img decoding=\"async\" class=\"alignnone size-medium wp-image-755\" src=\"https:\/\/www.primusr.com\/wp-content\/uploads\/2015\/12\/teakovina-p.jpg\" alt=\"teakovina-p\" width=\"300\" height=\"300\" srcset=\"https:\/\/www.primusr.com\/wp-content\/uploads\/2015\/12\/teakovina-p.jpg 300w, https:\/\/www.primusr.com\/wp-content\/uploads\/2015\/12\/teakovina-p-150x150.jpg 150w\" sizes=\"(max-width: 300px) 100vw, 300px\" \/>[\/vc_column_text][\/vc_column_inner][vc_column_inner width=&#8220;1\/2&#8243;][vc_column_text]<\/p>\n<h2>Teakholz<\/h2>\n<p>[\/vc_column_text][vc_empty_space height=&#8220;20px&#8220;][vc_column_text]Das Teakholz wird schon Jahrhunderte f\u00fcr die Herstellung der Schiffsdecks verwendet, weil es sehr widerstandsf\u00e4hig gegen Vermodern ist.[\/vc_column_text][vc_empty_space height=&#8220;20px&#8220;][vc_btn title=&#8220;Teakholz&#8220; style=&#8220;outline&#8220; color=&#8220;primary&#8220; size=&#8220;sm&#8220; link=&#8220;url:%2Fde%2Fnautik%2Fteakholz%2F||&#8220;][\/vc_column_inner][\/vc_row_inner][vc_empty_space height=&#8220;60px&#8220;][\/vc_column][\/vc_row][vc_row type=&#8220;1&#8243;][vc_column][vc_empty_space height=&#8220;60px&#8220;][vc_row_inner][vc_column_inner width=&#8220;1\/2&#8243;][vc_column_text]<\/p>\n<h2>Teppiche<\/h2>\n<p>[\/vc_column_text][vc_empty_space height=&#8220;20px&#8220;][vc_column_text]Marine Tuft ist ein einzigartiger, eleganter, bequemer und strapazierf\u00e4higer Teppich sowohl f\u00fcr Innen- als auch f\u00fcr Au\u00dfenbereiche. Die Bodenbel\u00e4ge haben einen Marine-Look und sind f\u00fcr die Benutzung in der Nautik geeignet.[\/vc_column_text][vc_empty_space height=&#8220;20px&#8220;][vc_btn title=&#8220;Teppiche&#8220; style=&#8220;outline&#8220; color=&#8220;primary&#8220; size=&#8220;sm&#8220; link=&#8220;url:%2Fde%2Fnautik%2Fteppiche%2F||&#8220;][\/vc_column_inner][vc_column_inner width=&#8220;1\/2&#8243;][vc_column_text]<img decoding=\"async\" class=\"alignnone size-medium wp-image-750\" src=\"https:\/\/www.primusr.com\/wp-content\/uploads\/2015\/12\/marine-tuft-p.jpg\" alt=\"marine-tuft-p\" width=\"300\" height=\"300\" srcset=\"https:\/\/www.primusr.com\/wp-content\/uploads\/2015\/12\/marine-tuft-p.jpg 300w, https:\/\/www.primusr.com\/wp-content\/uploads\/2015\/12\/marine-tuft-p-150x150.jpg 150w\" sizes=\"(max-width: 300px) 100vw, 300px\" \/>[\/vc_column_text][\/vc_column_inner][\/vc_row_inner][vc_empty_space height=&#8220;60px&#8220;][\/vc_column][\/vc_row][vc_row][vc_column][vc_empty_space height=&#8220;60px&#8220;][vc_row_inner][vc_column_inner el_class=&#8220;center&#8220; width=&#8220;1\/2&#8243;][vc_column_text]<img decoding=\"async\" class=\"alignnone size-medium wp-image-749\" src=\"https:\/\/www.primusr.com\/wp-content\/uploads\/2015\/12\/kopalna-ploscad-p.jpg\" alt=\"kopalna-ploscad-p\" width=\"300\" height=\"300\" srcset=\"https:\/\/www.primusr.com\/wp-content\/uploads\/2015\/12\/kopalna-ploscad-p.jpg 300w, https:\/\/www.primusr.com\/wp-content\/uploads\/2015\/12\/kopalna-ploscad-p-150x150.jpg 150w\" sizes=\"(max-width: 300px) 100vw, 300px\" \/>[\/vc_column_text][\/vc_column_inner][vc_column_inner width=&#8220;1\/2&#8243;][vc_column_text]<\/p>\n<h2><span class=\"paint-accent-color\">Badeplattform<\/span><\/h2>\n<p>[\/vc_column_text][vc_empty_space height=&#8220;20px&#8220;][vc_column_text]<span lang=\"DE\">Das Badeplattform ist ein wichtiger Teil von\u00a0 Boot . Mit Hilfe eines <\/span><span lang=\"DE\"><span lang=\"DE\">Badeplattform<\/span> wird viel Platz gewonnen, weil auf Boot\u00a0 jeder Zentimeter z\u00e4hlt.<\/span>[\/vc_column_text][vc_empty_space height=&#8220;20px&#8220;][vc_btn title=&#8220;Badeplattform&#8220; style=&#8220;outline&#8220; color=&#8220;primary&#8220; size=&#8220;sm&#8220; link=&#8220;url:%2Fde%2Fnautik%2Fbadeplattform%2F||&#8220;][\/vc_column_inner][\/vc_row_inner][vc_empty_space height=&#8220;60px&#8220;][\/vc_column][\/vc_row][vc_row type=&#8220;1&#8243;][vc_column][vc_empty_space height=&#8220;60px&#8220;][vc_row_inner][vc_column_inner width=&#8220;1\/2&#8243;][vc_column_text]<\/p>\n<h2>M\u00f6bel<\/h2>\n<p>[\/vc_column_text][vc_empty_space height=&#8220;20px&#8220;][vc_column_text]Nach Kundenwunsch verfertigen und montieren wir M\u00f6bel aus Teakholz oder renovieren und lackieren bestehende M\u00f6bel. Nach Bedarf k\u00f6nnen M\u00f6belst\u00fccke und Holzteile des Wasserfahrzeugs auch mit unserer Sandstrahlmaschine abgestrahlt werden.[\/vc_column_text][vc_empty_space height=&#8220;20px&#8220;][vc_btn title=&#8220;M\u00f6bel&#8220; style=&#8220;outline&#8220; color=&#8220;primary&#8220; size=&#8220;sm&#8220; link=&#8220;url:%2Fde%2Fteakholz-produkte%2Fmobel%2F||&#8220;][\/vc_column_inner][vc_column_inner width=&#8220;1\/2&#8243;][vc_column_text]<img decoding=\"async\" class=\"alignnone size-medium wp-image-754\" src=\"https:\/\/www.primusr.com\/wp-content\/uploads\/2015\/12\/pohistvo-p.jpg\" alt=\"pohistvo-p\" width=\"300\" height=\"300\" srcset=\"https:\/\/www.primusr.com\/wp-content\/uploads\/2015\/12\/pohistvo-p.jpg 300w, https:\/\/www.primusr.com\/wp-content\/uploads\/2015\/12\/pohistvo-p-150x150.jpg 150w\" sizes=\"(max-width: 300px) 100vw, 300px\" \/>[\/vc_column_text][\/vc_column_inner][\/vc_row_inner][vc_empty_space height=&#8220;60px&#8220;][\/vc_column][\/vc_row][vc_row][vc_column][vc_empty_space height=&#8220;60px&#8220;][vc_row_inner][vc_column_inner el_class=&#8220;center&#8220; width=&#8220;1\/2&#8243;][vc_column_text]<img decoding=\"async\" class=\"alignnone size-medium wp-image-772\" src=\"https:\/\/www.primusr.com\/wp-content\/uploads\/2016\/02\/pasarela-p.jpg\" alt=\"pasarela-p\" width=\"300\" height=\"300\" srcset=\"https:\/\/www.primusr.com\/wp-content\/uploads\/2016\/02\/pasarela-p.jpg 300w, https:\/\/www.primusr.com\/wp-content\/uploads\/2016\/02\/pasarela-p-150x150.jpg 150w\" sizes=\"(max-width: 300px) 100vw, 300px\" \/>[\/vc_column_text][\/vc_column_inner][vc_column_inner width=&#8220;1\/2&#8243;][vc_column_text]<\/p>\n<h2>Passarellen<\/h2>\n<p>[\/vc_column_text][vc_empty_space height=&#8220;20px&#8220;][vc_column_text]Die Zugangsbr\u00fccke (Passerelle) ist ein unentbehrlicher Teil jedes Wasserfahrzeugs, weil sie die einzige Verbindung zwischen dem Land und dem Wasserfahrzeug darstellt.[\/vc_column_text][vc_empty_space height=&#8220;20px&#8220;][vc_btn title=&#8220;Passarellen&#8220; style=&#8220;outline&#8220; color=&#8220;primary&#8220; size=&#8220;sm&#8220; link=&#8220;url:%2Fde%2Fnautik%2Fpasserellen%2F||&#8220;][\/vc_column_inner][\/vc_row_inner][vc_empty_space height=&#8220;60px&#8220;][\/vc_column][\/vc_row]<\/p>\n<\/div>","protected":false},"excerpt":{"rendered":"<p>[vc_row el_class=&#8220;glavne-panoge&#8220;][vc_column width=&#8220;1\/3&#8243;][vc_column_text el_class=&#8220;center&#8220;] Kunststoffe [\/vc_column_text][vc_empty_space height=&#8220;20px&#8220;][vc_row_inner][vc_column_inner width=&#8220;1\/2&#8243;][vc_column_text] [\/vc_column_text][\/vc_column_inner][vc_column_inner width=&#8220;1\/2&#8243;][vc_column_text] [\/vc_column_text][\/vc_column_inner][\/vc_row_inner][\/vc_column][vc_column width=&#8220;1\/3&#8243;][vc_column_text el_class=&#8220;center&#8220;] Teakholz [\/vc_column_text][vc_empty_space height=&#8220;20px&#8220;][vc_row_inner el_class=&#8220;srednja-panoga&#8220;][vc_column_inner width=&#8220;1\/2&#8243;][vc_column_text] [\/vc_column_text][\/vc_column_inner][vc_column_inner width=&#8220;1\/2&#8243;][vc_column_text] [\/vc_column_text][\/vc_column_inner][\/vc_row_inner][\/vc_column][vc_column width=&#8220;1\/3&#8243;][vc_column_text el_class=&#8220;center&#8220;] Sonstiges [\/vc_column_text][vc_empty_space height=&#8220;20px&#8220;][vc_row_inner][vc_column_inner width=&#8220;1\/2&#8243;][vc_column_text] [\/vc_column_text][\/vc_column_inner][vc_column_inner width=&#8220;1\/2&#8243;][vc_column_text] [\/vc_column_text][\/vc_column_inner][\/vc_row_inner][\/vc_column][\/vc_row][vc_row][vc_column][vc_empty_space height=&#8220;80px&#8220;][\/vc_column][\/vc_row][vc_row type=&#8220;1&#8243;][vc_column][vc_empty_space height=&#8220;60px&#8220;][vc_row_inner][vc_column_inner width=&#8220;1\/2&#8243;][vc_column_text] Flexiteek [\/vc_column_text][vc_empty_space height=&#8220;20px&#8220;][vc_column_text]Flexiteek ist eine sehr strapazierf\u00e4hige und wetterbest\u00e4ndige Gangfl\u00e4che, die nicht vergraut und rutscht und verleiht Ihrem Wasserfahrzeug ein \u00e4sthetisches&hellip;<\/p>\n","protected":false},"author":1,"featured_media":0,"parent":0,"menu_order":0,"comment_status":"closed","ping_status":"closed","template":"","meta":{"footnotes":""},"class_list":["post-1012","page","type-page","status-publish","hentry","description-off"],"yoast_head":"<!-- This site is optimized with the Yoast SEO plugin v27.5 - https:\/\/yoast.com\/product\/yoast-seo-wordpress\/ -->\n<title>Nautik - Primus R d.o.o.<\/title>\n<meta name=\"description\" content=\"Alles rund um die Nautik an einem Ort. Gangfl\u00e4chen, Teppiche, Hinterdecks\u2026. Alles f\u00fcr Ihr Wasserfahrzeug!\" \/>\n<meta name=\"robots\" content=\"index, follow, max-snippet:-1, max-image-preview:large, max-video-preview:-1\" \/>\n<link rel=\"canonical\" href=\"https:\/\/www.primusr.com\/de\/nautik\/\" \/>\n<meta property=\"og:locale\" content=\"de_DE\" \/>\n<meta property=\"og:type\" content=\"article\" \/>\n<meta property=\"og:title\" content=\"Nautik - Primus R d.o.o.\" \/>\n<meta property=\"og:description\" content=\"Alles rund um die Nautik an einem Ort. Gangfl\u00e4chen, Teppiche, Hinterdecks\u2026. Alles f\u00fcr Ihr Wasserfahrzeug!\" \/>\n<meta property=\"og:url\" content=\"https:\/\/www.primusr.com\/de\/nautik\/\" \/>\n<meta property=\"og:site_name\" content=\"Primus R d.o.o.\" \/>\n<meta property=\"article:publisher\" content=\"https:\/\/www.facebook.com\/primusrdoo\" \/>\n<meta property=\"article:modified_time\" content=\"2016-03-30T06:03:21+00:00\" \/>\n<meta property=\"og:image\" content=\"https:\/\/www.primusr.com\/wp-content\/uploads\/2015\/12\/flexiteek-p.jpg\" \/>\n<meta name=\"twitter:card\" content=\"summary_large_image\" \/>\n<meta name=\"twitter:label1\" content=\"Gesch\u00e4tzte Lesezeit\" \/>\n\t<meta name=\"twitter:data1\" content=\"6\u00a0Minuten\" \/>\n<script type=\"application\/ld+json\" class=\"yoast-schema-graph\">{\"@context\":\"https:\\\/\\\/schema.org\",\"@graph\":[{\"@type\":\"WebPage\",\"@id\":\"https:\\\/\\\/www.primusr.com\\\/de\\\/nautik\\\/\",\"url\":\"https:\\\/\\\/www.primusr.com\\\/de\\\/nautik\\\/\",\"name\":\"Nautik - Primus R d.o.o.\",\"isPartOf\":{\"@id\":\"https:\\\/\\\/www.primusr.com\\\/#website\"},\"primaryImageOfPage\":{\"@id\":\"https:\\\/\\\/www.primusr.com\\\/de\\\/nautik\\\/#primaryimage\"},\"image\":{\"@id\":\"https:\\\/\\\/www.primusr.com\\\/de\\\/nautik\\\/#primaryimage\"},\"thumbnailUrl\":\"https:\\\/\\\/www.primusr.com\\\/wp-content\\\/uploads\\\/2015\\\/12\\\/flexiteek-p.jpg\",\"datePublished\":\"2016-03-17T18:19:57+00:00\",\"dateModified\":\"2016-03-30T06:03:21+00:00\",\"description\":\"Alles rund um die Nautik an einem Ort. Gangfl\u00e4chen, Teppiche, Hinterdecks\u2026. Alles f\u00fcr Ihr Wasserfahrzeug!\",\"breadcrumb\":{\"@id\":\"https:\\\/\\\/www.primusr.com\\\/de\\\/nautik\\\/#breadcrumb\"},\"inLanguage\":\"de\",\"potentialAction\":[{\"@type\":\"ReadAction\",\"target\":[\"https:\\\/\\\/www.primusr.com\\\/de\\\/nautik\\\/\"]}]},{\"@type\":\"ImageObject\",\"inLanguage\":\"de\",\"@id\":\"https:\\\/\\\/www.primusr.com\\\/de\\\/nautik\\\/#primaryimage\",\"url\":\"https:\\\/\\\/www.primusr.com\\\/wp-content\\\/uploads\\\/2015\\\/12\\\/flexiteek-p.jpg\",\"contentUrl\":\"https:\\\/\\\/www.primusr.com\\\/wp-content\\\/uploads\\\/2015\\\/12\\\/flexiteek-p.jpg\"},{\"@type\":\"BreadcrumbList\",\"@id\":\"https:\\\/\\\/www.primusr.com\\\/de\\\/nautik\\\/#breadcrumb\",\"itemListElement\":[{\"@type\":\"ListItem\",\"position\":1,\"name\":\"Home\",\"item\":\"https:\\\/\\\/www.primusr.com\\\/de\\\/\"},{\"@type\":\"ListItem\",\"position\":2,\"name\":\"Nautik\"}]},{\"@type\":\"WebSite\",\"@id\":\"https:\\\/\\\/www.primusr.com\\\/#website\",\"url\":\"https:\\\/\\\/www.primusr.com\\\/\",\"name\":\"Primus R d.o.o.\",\"description\":\"Nautical Flooring\",\"potentialAction\":[{\"@type\":\"SearchAction\",\"target\":{\"@type\":\"EntryPoint\",\"urlTemplate\":\"https:\\\/\\\/www.primusr.com\\\/?s={search_term_string}\"},\"query-input\":{\"@type\":\"PropertyValueSpecification\",\"valueRequired\":true,\"valueName\":\"search_term_string\"}}],\"inLanguage\":\"de\"}]}<\/script>\n<!-- \/ Yoast SEO plugin. -->","yoast_head_json":{"title":"Nautik - Primus R d.o.o.","description":"Alles rund um die Nautik an einem Ort. Gangfl\u00e4chen, Teppiche, Hinterdecks\u2026. Alles f\u00fcr Ihr Wasserfahrzeug!","robots":{"index":"index","follow":"follow","max-snippet":"max-snippet:-1","max-image-preview":"max-image-preview:large","max-video-preview":"max-video-preview:-1"},"canonical":"https:\/\/www.primusr.com\/de\/nautik\/","og_locale":"de_DE","og_type":"article","og_title":"Nautik - Primus R d.o.o.","og_description":"Alles rund um die Nautik an einem Ort. Gangfl\u00e4chen, Teppiche, Hinterdecks\u2026. Alles f\u00fcr Ihr Wasserfahrzeug!","og_url":"https:\/\/www.primusr.com\/de\/nautik\/","og_site_name":"Primus R d.o.o.","article_publisher":"https:\/\/www.facebook.com\/primusrdoo","article_modified_time":"2016-03-30T06:03:21+00:00","og_image":[{"url":"https:\/\/www.primusr.com\/wp-content\/uploads\/2015\/12\/flexiteek-p.jpg","type":"","width":"","height":""}],"twitter_card":"summary_large_image","twitter_misc":{"Gesch\u00e4tzte Lesezeit":"6\u00a0Minuten"},"schema":{"@context":"https:\/\/schema.org","@graph":[{"@type":"WebPage","@id":"https:\/\/www.primusr.com\/de\/nautik\/","url":"https:\/\/www.primusr.com\/de\/nautik\/","name":"Nautik - Primus R d.o.o.","isPartOf":{"@id":"https:\/\/www.primusr.com\/#website"},"primaryImageOfPage":{"@id":"https:\/\/www.primusr.com\/de\/nautik\/#primaryimage"},"image":{"@id":"https:\/\/www.primusr.com\/de\/nautik\/#primaryimage"},"thumbnailUrl":"https:\/\/www.primusr.com\/wp-content\/uploads\/2015\/12\/flexiteek-p.jpg","datePublished":"2016-03-17T18:19:57+00:00","dateModified":"2016-03-30T06:03:21+00:00","description":"Alles rund um die Nautik an einem Ort. Gangfl\u00e4chen, Teppiche, Hinterdecks\u2026. Alles f\u00fcr Ihr Wasserfahrzeug!","breadcrumb":{"@id":"https:\/\/www.primusr.com\/de\/nautik\/#breadcrumb"},"inLanguage":"de","potentialAction":[{"@type":"ReadAction","target":["https:\/\/www.primusr.com\/de\/nautik\/"]}]},{"@type":"ImageObject","inLanguage":"de","@id":"https:\/\/www.primusr.com\/de\/nautik\/#primaryimage","url":"https:\/\/www.primusr.com\/wp-content\/uploads\/2015\/12\/flexiteek-p.jpg","contentUrl":"https:\/\/www.primusr.com\/wp-content\/uploads\/2015\/12\/flexiteek-p.jpg"},{"@type":"BreadcrumbList","@id":"https:\/\/www.primusr.com\/de\/nautik\/#breadcrumb","itemListElement":[{"@type":"ListItem","position":1,"name":"Home","item":"https:\/\/www.primusr.com\/de\/"},{"@type":"ListItem","position":2,"name":"Nautik"}]},{"@type":"WebSite","@id":"https:\/\/www.primusr.com\/#website","url":"https:\/\/www.primusr.com\/","name":"Primus R d.o.o.","description":"Nautical Flooring","potentialAction":[{"@type":"SearchAction","target":{"@type":"EntryPoint","urlTemplate":"https:\/\/www.primusr.com\/?s={search_term_string}"},"query-input":{"@type":"PropertyValueSpecification","valueRequired":true,"valueName":"search_term_string"}}],"inLanguage":"de"}]}},"_links":{"self":[{"href":"https:\/\/www.primusr.com\/de\/wp-json\/wp\/v2\/pages\/1012","targetHints":{"allow":["GET"]}}],"collection":[{"href":"https:\/\/www.primusr.com\/de\/wp-json\/wp\/v2\/pages"}],"about":[{"href":"https:\/\/www.primusr.com\/de\/wp-json\/wp\/v2\/types\/page"}],"author":[{"embeddable":true,"href":"https:\/\/www.primusr.com\/de\/wp-json\/wp\/v2\/users\/1"}],"replies":[{"embeddable":true,"href":"https:\/\/www.primusr.com\/de\/wp-json\/wp\/v2\/comments?post=1012"}],"version-history":[{"count":0,"href":"https:\/\/www.primusr.com\/de\/wp-json\/wp\/v2\/pages\/1012\/revisions"}],"wp:attachment":[{"href":"https:\/\/www.primusr.com\/de\/wp-json\/wp\/v2\/media?parent=1012"}],"curies":[{"name":"wp","href":"https:\/\/api.w.org\/{rel}","templated":true}]}}